{"id":2494,"date":"2026-02-28T01:01:54","date_gmt":"2026-02-28T04:01:54","guid":{"rendered":"https:\/\/bibliotecajuridicavirtual.cl\/?post_type=product&#038;p=2494"},"modified":"2026-02-28T01:02:17","modified_gmt":"2026-02-28T04:02:17","slug":"derecho-administrativo-sancionador-jurisprudencia-sistematizada-de-la-corte-suprema-ano-2018-2025-tomo-ii","status":"publish","type":"product","link":"https:\/\/bibliotecajuridicavirtual.cl\/index.php\/product\/derecho-administrativo-sancionador-jurisprudencia-sistematizada-de-la-corte-suprema-ano-2018-2025-tomo-ii\/","title":{"rendered":"Derecho Administrativo Sancionador. Jurisprudencia Sistematizada de la Corte Suprema a\u00f1o 2018 * 2025 &#8211; Tomo II"},"content":{"rendered":"<p style=\"font-weight: 400;\"><b><strong>DERECHO ADMINISTRATIVO SANCIONADOR. JURISPRUDENCIA SISTEMATIZADA DE LA CORTE SUPREMA (2018-2025) &#8211; TOMO II &#8211; PROCEDIMIENTO ADMINISTRATIVO SANCIONADOR, CONTROL ADMINISTRATIVO Y JUDICIAL<\/strong><\/b><\/p>\n<p style=\"font-weight: 400;\">El Tomo II de esta obra esta\u0301 estructurado en tres grandes temas: el primero es el procedimiento administrativo sancionador. Asi\u0301, se revisa en detalle, el concepto y las consideraciones generales del proceso sancionatorio; el inicio del procedimiento por oficio o denuncia; la fiscalizacio\u0301n o inspeccio\u0301n administrativa; el acto de formulacio\u0301n de cargos y sus requisitos; las medidas provisionales; los mecanismos de defensa, descargos o prueba que asisten al inculpado; la separacio\u0301n de funciones entre la autoridad instructora y la autoridad que resuelve el procedimiento; las notificaciones; y la resolucio\u0301n de te\u0301rmino, el deber de motivacio\u0301n del acto terminal y la forma de determinar la cuanti\u0301a de la sancio\u0301n.<\/p>\n<p style=\"font-weight: 400;\">El segundo tema es el control administrativo de la sancio\u0301n. Se profundiza en los recursos de reposicio\u0301n y jera\u0301rquico; la revocacio\u0301n administrativa y el recurso extraordinario de revisio\u0301n; la potestad de invalidacio\u0301n y sus li\u0301mites; asi\u0301 como el control que realiza la Contralori\u0301a General de la Repu\u0301blica a trave\u0301s de diferentes mecanismos, como la toma de razo\u0301n, las solicitudes de dictamen, y los reclamos de funcionarios pu\u0301blicos del Estatuto Administrativo y del Estatuto Administrativo para Funcionarios Municipales.<\/p>\n<p style=\"font-weight: 400;\">El tercer tema es el control judicial de la sancio\u0301n administrativa, que incluye consideraciones generales \u2013tales como el objeto de la revisio\u0301n, la legitimacio\u0301n activa y las formas de computar los plazos\u2013; recurso de proteccio\u0301n y los casos en que procede; los reclamos de ilegalidad, recursos de apelacio\u0301n y consultas; el recurso de casacio\u0301n en la forma y en el fondo; el papel del recurso de queja; y los requerimientos ante el Tribunal Constitucional.<\/p>\n<p style=\"font-weight: 400;\">En conjunto, este volumen ofrece una herramienta rigurosa, pra\u0301ctica y actualizada para comprender y enfrentar los procedimientos sancionadores, asi\u0301 como para disen\u0303ar estrategias de defensa juri\u0301dica eficaces frente al poder sancionador del Estado.<\/p>\n<p style=\"font-weight: 400;\"><b><strong>TOMO II<\/strong><\/b><\/p>\n<p style=\"font-weight: 400;\"><b><strong>CAP\u00cdTULO III<\/strong><\/b><br \/>\n<b><strong>PROCEDIMIENTO ADMINISTRATIVO SANCIONADOR<\/strong><\/b><\/p>\n<ol>\n<li style=\"font-weight: 400;\">Consideraciones generales sobre el procedimiento sancionador<br \/>\n1.1. Concepto<br \/>\n1.2. Fuente normativa<br \/>\n1.3. Resumen de los principales criterios<br \/>\n1.4. Jurisprudencia<\/li>\n<li style=\"font-weight: 400;\">Inicio del procedimiento de oficio o por denuncia<br \/>\n2.1. Concepto<br \/>\n2.2. Fuente normativa<br \/>\n2.3. Resumen de los principales criterios<br \/>\n2.4. Jurisprudencia<\/li>\n<li style=\"font-weight: 400;\">La fiscalizaci\u00f3n administrativa<br \/>\n3.1. Concepto<br \/>\n3.2. Fuente normativa<br \/>\n3.3. Resumen de los principales criterios<br \/>\n3.4. Jurisprudencia<\/li>\n<li style=\"font-weight: 400;\">Formulaci\u00f3n de cargos<br \/>\n4.1. Concepto<br \/>\n4.2. Fuente normativa<br \/>\n4.3. Resumen de los principales criterios<br \/>\n4.4. Jurisprudencia<\/li>\n<li style=\"font-weight: 400;\">Medidas provisionales<br \/>\n5.1. Concepto<br \/>\n5.2. Fuente normativa<br \/>\n5.3. Resumen de los principales criterios<br \/>\n5.4. Jurisprudencia<\/li>\n<li style=\"font-weight: 400;\">Mecanismos de defensa, descargos y prueba del inculpado<br \/>\n6.1. Concepto<br \/>\n6.2. Fuente normativa<br \/>\n6.3. Resumen de los principales criterios<br \/>\n6.4. Jurisprudencia<br \/>\nA) Derecho a conocer los cargos y a formular descargos<br \/>\nB) Derecho a rendir prueba, carga de la prueba y su valoraci\u00f3n<br \/>\nC) Facultades del \u00f3rgano instructor y sus l\u00edmites<br \/>\nD) Causales de exculpaci\u00f3n o exclusi\u00f3n de responsabilidad<br \/>\nE) Otras materias relacionadas con la defensa<\/li>\n<li style=\"font-weight: 400;\">Separaci\u00f3n de funciones<br \/>\n7.1. Concepto<br \/>\n7.2. Fuente normativa<br \/>\n7.3. Resumen de los principales criterios<br \/>\n7.4. Jurisprudencia<\/li>\n<li style=\"font-weight: 400;\">Notificaciones<br \/>\n8.1. Concepto<br \/>\n8.2. Fuentes normativas<br \/>\n8.3. Resumen de los principales criterios<br \/>\n8.4. Jurisprudencia<\/li>\n<li style=\"font-weight: 400;\">Resoluci\u00f3n de t\u00e9rmino, motivaci\u00f3n y determinaci\u00f3n de la sanci\u00f3n administrativa<br \/>\n9.1. Concepto<br \/>\n9.2. Fuente normativa<br \/>\n9.3. Resumen de los principales criterios<br \/>\n9.4. Jurisprudencia<br \/>\nA) Requisitos formales de la resoluci\u00f3n de t\u00e9rmino<br \/>\nB) Deber de motivaci\u00f3n del acto final<br \/>\nC) Par\u00e1metros para cuantificar la sanci\u00f3n<br \/>\nD) Principio de razonabilidad en la imposici\u00f3n de la sanci\u00f3n<br \/>\nE) Vicios de legalidad en la resoluci\u00f3n final<\/li>\n<\/ol>\n<p style=\"font-weight: 400;\"><b><strong>CAP\u00cdTULO IV<\/strong><\/b><br \/>\n<b><strong>CONTROL ADMINISTRATIVO DE LA SANCI\u00d3N<\/strong><\/b><\/p>\n<ol>\n<li style=\"font-weight: 400;\">Consideraciones generales sobre el control administrativo de la sanci\u00f3n<\/li>\n<\/ol>\n<p style=\"font-weight: 400;\">1.1. Concepto<br \/>\n1.2. Fuente normativa<br \/>\n1.3. Resumen de los principales criterios<br \/>\n1.4. Jurisprudencia<\/p>\n<ol start=\"2\">\n<li style=\"font-weight: 400;\">Recursos de reposici\u00f3n administrativo y jer\u00e1rquico<br \/>\n2.1. Concepto<br \/>\n2.2. Fuente normativa<br \/>\n2.3. Resumen de los principales criterios<br \/>\n2.4. Jurisprudencia<\/li>\n<li style=\"font-weight: 400;\">Revocaci\u00f3n administrativa y revisi\u00f3n extraordinaria<br \/>\n3.1. Concepto<br \/>\n3.2. Fuente normativa<br \/>\n3.3. Resumen de los principales criterios<br \/>\n3.4. Jurisprudencia<\/li>\n<li style=\"font-weight: 400;\">Potestad de invalidaci\u00f3n administrativa<br \/>\n4.1. Concepto<br \/>\n4.2. Fuente normativa<br \/>\n4.3. Resumen de los principales criterios<br \/>\n4.4. Jurisprudencia<\/li>\n<li style=\"font-weight: 400;\">Control por la Contralor\u00eda General de la Rep\u00fablica<br \/>\n5.1. Concepto<br \/>\n5.2. Fuente normativa<br \/>\n5.3. Resumen de los principales criterios<br \/>\n5.4. Jurisprudencia<\/li>\n<\/ol>\n<p style=\"font-weight: 400;\"><b><strong>CAP\u00cdTULO V<\/strong><\/b><br \/>\n<b><strong>CONTROL JUDICIAL DE LA SANCI\u00d3N ADMINISTRATIVA<\/strong><\/b><\/p>\n<ol>\n<li style=\"font-weight: 400;\">Consideraciones generales sobre el control judicial de las sanciones administrativas<br \/>\n1.1. Concepto<br \/>\n1.2. Fuente normativa<br \/>\n1.3. Resumen de los principales criterios<br \/>\n1.4. Jurisprudencia<br \/>\nA) Consideraciones generales sobre el control judicial de la sanci\u00f3n administrativa<\/li>\n<li style=\"font-weight: 400;\">\nB) Legitimaci\u00f3n en la revisi\u00f3n judicial<br \/>\nC) C\u00f3mputo de los plazos en el control judicial<\/li>\n<li style=\"font-weight: 400;\">Recurso de protecci\u00f3n<br \/>\n2.1. Concepto<br \/>\n2.2. Fuente normativa<br \/>\n2.3. Resumen de los principales criterios<br \/>\n2.4. Jurisprudencia<br \/>\nA) Naturaleza y generalidades sobre el recurso de protecci\u00f3n<br \/>\nB) Procedencia del recurso de protecci\u00f3n frente a sanciones administrativas<br \/>\nC) Debido proceso y protecci\u00f3n<br \/>\nD) Inexistencia de otras v\u00edas id\u00f3neas y subsidiariedad del recurso<\/li>\n<li style=\"font-weight: 400;\">Reclamo de ilegalidad, recurso de apelaci\u00f3n y consulta<br \/>\n3.1. Concepto<br \/>\n3.2. Fuente normativa<br \/>\n3.3. Resumen de los principales criterios<br \/>\n3.4. Jurisprudencia<\/li>\n<li style=\"font-weight: 400;\">Recursos de casaci\u00f3n en la forma y en el fondo<br \/>\n4.1. Concepto<br \/>\n4.2. Fuente normativa<br \/>\n4.3. Resumen de los principales criterios<br \/>\n4.4. Jurisprudencia<\/li>\n<li style=\"font-weight: 400;\">Recurso de queja<br \/>\n5.1. Concepto<br \/>\n5.2. Fuente normativa<br \/>\n5.3. Resumen de los principales criterios<br \/>\n5.4. Jurisprudencia<\/li>\n<li style=\"font-weight: 400;\">Inaplicabilidad e inconstitucionalidad de la ley.<br \/>\n6.1. Concepto<br \/>\n6.2. Fuente normativa<br \/>\n6.3. Resumen de los principales criterios<br \/>\n6.4. Jurisprudencia<\/li>\n<\/ol>\n","protected":false},"excerpt":{"rendered":"<p>Crist\u00f3bal Osorio Vargas * Camilo Jara Villalobos * Agosto a\u00f1o 2025 &#8211; 1.172 P\u00e1ginas<br \/>\nBuscas un libro Jur\u00eddico.? Lo puedes encontrar en nuestra tienda virtual.<br \/>\nContamos con prestigiosos autores y muchas alternativas en sus diferentes materias al igual que grandes descuentos.! Vis\u00edtanos en <a class=\"uxvNeZlUzUerxhncQCbPGgMBxUNKqUMfQTIcuo \" tabindex=\"0\" href=\"https:\/\/lnkd.in\/eiAG7jdZ\" target=\"_blank\" rel=\"noopener\" data-test-app-aware-link=\"\">https:\/\/lnkd.in\/eiAG7jdZ<\/a><br \/>\nEscr\u00edbenos al +56930565235 \/ <a class=\"uxvNeZlUzUerxhncQCbPGgMBxUNKqUMfQTIcuo \" tabindex=\"0\" href=\"mailto:ventaslegallexglobal@gmail.com\" target=\"_self\" data-test-app-aware-link=\"\">ventaslegallexglobal@gmail.com<\/a><br \/>\nHacemos env\u00edos a todo Chile \u2013 Starken o Correos Chile \/ Te esperamos.<\/p>\n","protected":false},"featured_media":2552,"comment_status":"open","ping_status":"closed","template":"","meta":{"inline_featured_image":false,"_joinchat":[]},"product_brand":[],"product_cat":[45,26],"product_tag":[],"class_list":{"0":"post-2494","1":"product","2":"type-product","3":"status-publish","4":"has-post-thumbnail","6":"product_cat-administrativo","7":"product_cat-derecho","9":"first","10":"instock","11":"shipping-taxable","12":"purchasable","13":"product-type-simple"},"_links":{"self":[{"href":"https:\/\/bibliotecajuridicavirtual.cl\/index.php\/wp-json\/wp\/v2\/product\/2494","targetHints":{"allow":["GET"]}}],"collection":[{"href":"https:\/\/bibliotecajuridicavirtual.cl\/index.php\/wp-json\/wp\/v2\/product"}],"about":[{"href":"https:\/\/bibliotecajuridicavirtual.cl\/index.php\/wp-json\/wp\/v2\/types\/product"}],"replies":[{"embeddable":true,"href":"https:\/\/bibliotecajuridicavirtual.cl\/index.php\/wp-json\/wp\/v2\/comments?post=2494"}],"wp:featuredmedia":[{"embeddable":true,"href":"https:\/\/bibliotecajuridicavirtual.cl\/index.php\/wp-json\/wp\/v2\/media\/2552"}],"wp:attachment":[{"href":"https:\/\/bibliotecajuridicavirtual.cl\/index.php\/wp-json\/wp\/v2\/media?parent=2494"}],"wp:term":[{"taxonomy":"product_brand","embeddable":true,"href":"https:\/\/bibliotecajuridicavirtual.cl\/index.php\/wp-json\/wp\/v2\/product_brand?post=2494"},{"taxonomy":"product_cat","embeddable":true,"href":"https:\/\/bibliotecajuridicavirtual.cl\/index.php\/wp-json\/wp\/v2\/product_cat?post=2494"},{"taxonomy":"product_tag","embeddable":true,"href":"https:\/\/bibliotecajuridicavirtual.cl\/index.php\/wp-json\/wp\/v2\/product_tag?post=2494"}],"curies":[{"name":"wp","href":"https:\/\/api.w.org\/{rel}","templated":true}]}}