{"id":2524,"date":"2026-02-28T01:02:15","date_gmt":"2026-02-28T04:02:15","guid":{"rendered":"https:\/\/bibliotecajuridicavirtual.cl\/?post_type=product&#038;p=2524"},"modified":"2026-02-28T01:02:18","modified_gmt":"2026-02-28T04:02:18","slug":"la-pericia-caligrafica-y-su-importancia-como-medio-de-prueba-judicial-patricio-r-roldan-1edicion-ano-2025-539-pag","status":"publish","type":"product","link":"https:\/\/bibliotecajuridicavirtual.cl\/index.php\/product\/la-pericia-caligrafica-y-su-importancia-como-medio-de-prueba-judicial-patricio-r-roldan-1edicion-ano-2025-539-pag\/","title":{"rendered":"La Pericia Caligr\u00e1fica y su Importancia como Medio de Prueba Judicial * Patricio R. Rold\u00e1n &#8211; 1\u00b0edici\u00f3n a\u00f1o 2025 * 539 P\u00e1g."},"content":{"rendered":"<p>Esta obra ha sido escrita para asesorar a los abogados, magistrados, funcionarios del Ministerio P\u00fablico Fiscal y a los cal\u00edgrafos p\u00fablicos, sobre el papel funcionarios del Ministerio P\u00fablico Fiscal y a los cal\u00edgrafos p\u00fablicos, sobre el papel fundamental que juega la pericia caligr\u00e1fica como medio de prueba judicial. En la misma se analizan temas como Impugnaciones que atacan al perito y a la pericia, dados los excesos que se cometen al impugnar, observar o pedir la nulidad de una pericia caligr\u00e1fica, cap\u00edtulo central de este libro, y las sanciones que se est\u00e1n aplicando ante este tipo de pr\u00e1cticas de lenguaje antijuridico.<\/p>\n<p>Se aborda, asimismo, el derecho comparado en Latinoam\u00e9rica y Espa\u00f1a, debido a la gran significaci\u00f3n de la prueba pericial en los c\u00f3digos procesales civiles y penales de cada pa\u00eds.<\/p>\n<p>Por otra parte, se ahonda en la falsificaci\u00f3n de documentos y en la trascendencia del cal\u00edgrafo p\u00fablico en las pericias caligr\u00e1ficas.<\/p>\n<p>De sumo valor son tambi\u00e9n los c\u00f3digos deontol\u00f3gicos sobre los peritos cal\u00edgrafos. Clases de peritos; diferencia entre peritos y testigos; la independencia, objetividad, honestidad e imparcialidad de los peritos; dict\u00e1menes periciales contradictorios; errores de buena fe y mala fe al realizar un informe; c\u00f3mo contestar una impugnaci\u00f3n; anexo ilustrativo digital, son cap\u00edtulos presentes, que todav\u00eda siguen en boga en los estrados judiciales.<\/p>\n<p>Se muestra, igualmente, abundante jurisprudencia, as\u00ed como un cap\u00edtulo sobre la seriedad de la ciencia pericial caligr\u00e1fica, y conclusiones finales, que son el corolario de esta obra, donde el autor escribe sobre la eficacia probatoria de la pericia caligr\u00e1fica en un litigio judicial, adem\u00e1s del respeto que debe profesarse a la ciencia caligr\u00e1fica y sobre los profesionales que d\u00eda a d\u00eda se comprometen a desenmara\u00f1ar las falsificaciones sobre documentos, capacit\u00e1ndose y estudiando todos los d\u00edas sobre nuevas t\u00e9cnicas en la alteraci\u00f3n de instrumentos documentales.<\/p>\n","protected":false},"excerpt":{"rendered":"<p>Buscas un libro Jur\u00eddico.? Lo puedes encontrar en nuestra tienda virtual.<br \/>\nContamos con prestigiosos autores y muchas alternativas en sus diferentes materias al igual que grandes descuentos.! Vis\u00edtanos en <a class=\"BzGyKfzIdKRBsaPuapkhISzznaagwPhtiBFw \" tabindex=\"0\" href=\"https:\/\/lnkd.in\/eiAG7jdZ\" target=\"_blank\" rel=\"noopener\" data-test-app-aware-link=\"\">https:\/\/lnkd.in\/eiAG7jdZ<\/a><br \/>\nEscr\u00edbenos al +56930565235 \/ <a class=\"BzGyKfzIdKRBsaPuapkhISzznaagwPhtiBFw \" tabindex=\"0\" href=\"mailto:ventaslegallexglobal@gmail.com\" target=\"_self\" data-test-app-aware-link=\"\">ventaslegallexglobal@gmail.com<\/a><br \/>\nHacemos env\u00edos a todo Chile \u2013 Starken o Correos Chile \/ Te esperamos.<\/p>\n","protected":false},"featured_media":2554,"comment_status":"open","ping_status":"closed","template":"","meta":{"inline_featured_image":false,"_joinchat":[]},"product_brand":[],"product_cat":[26,39],"product_tag":[],"class_list":{"0":"post-2524","1":"product","2":"type-product","3":"status-publish","4":"has-post-thumbnail","6":"product_cat-derecho","7":"product_cat-procesal-civil","9":"first","10":"instock","11":"shipping-taxable","12":"purchasable","13":"product-type-simple"},"_links":{"self":[{"href":"https:\/\/bibliotecajuridicavirtual.cl\/index.php\/wp-json\/wp\/v2\/product\/2524","targetHints":{"allow":["GET"]}}],"collection":[{"href":"https:\/\/bibliotecajuridicavirtual.cl\/index.php\/wp-json\/wp\/v2\/product"}],"about":[{"href":"https:\/\/bibliotecajuridicavirtual.cl\/index.php\/wp-json\/wp\/v2\/types\/product"}],"replies":[{"embeddable":true,"href":"https:\/\/bibliotecajuridicavirtual.cl\/index.php\/wp-json\/wp\/v2\/comments?post=2524"}],"wp:featuredmedia":[{"embeddable":true,"href":"https:\/\/bibliotecajuridicavirtual.cl\/index.php\/wp-json\/wp\/v2\/media\/2554"}],"wp:attachment":[{"href":"https:\/\/bibliotecajuridicavirtual.cl\/index.php\/wp-json\/wp\/v2\/media?parent=2524"}],"wp:term":[{"taxonomy":"product_brand","embeddable":true,"href":"https:\/\/bibliotecajuridicavirtual.cl\/index.php\/wp-json\/wp\/v2\/product_brand?post=2524"},{"taxonomy":"product_cat","embeddable":true,"href":"https:\/\/bibliotecajuridicavirtual.cl\/index.php\/wp-json\/wp\/v2\/product_cat?post=2524"},{"taxonomy":"product_tag","embeddable":true,"href":"https:\/\/bibliotecajuridicavirtual.cl\/index.php\/wp-json\/wp\/v2\/product_tag?post=2524"}],"curies":[{"name":"wp","href":"https:\/\/api.w.org\/{rel}","templated":true}]}}