{"id":2525,"date":"2026-02-28T01:02:15","date_gmt":"2026-02-28T04:02:15","guid":{"rendered":"https:\/\/bibliotecajuridicavirtual.cl\/?post_type=product&#038;p=2525"},"modified":"2026-02-28T01:02:19","modified_gmt":"2026-02-28T04:02:19","slug":"ciberseguridad-y-derecho-datos-personales-y-delitos-renato-jijena-leiva-1a-edicion-octubre-ano-2025-357-pag","status":"publish","type":"product","link":"https:\/\/bibliotecajuridicavirtual.cl\/index.php\/product\/ciberseguridad-y-derecho-datos-personales-y-delitos-renato-jijena-leiva-1a-edicion-octubre-ano-2025-357-pag\/","title":{"rendered":"Ciberseguridad y Derecho * Datos Personales y Delitos. Renato Jijena Leiva &#8211;  1\u00aa edici\u00f3n * octubre a\u00f1o 2025 \u2013 357 P\u00e1g."},"content":{"rendered":"<p data-start=\"0\" data-end=\"453\"><strong data-start=\"0\" data-end=\"31\">\ud83d\udcd8 Ciberseguridad y Derecho<\/strong>\u00a0aborda uno de los desaf\u00edos m\u00e1s urgentes y complejos de nuestro tiempo: la protecci\u00f3n de los activos de informaci\u00f3n y de los datos personales en un entorno crecientemente digital, interconectado y vulnerable. En una sociedad donde la informaci\u00f3n es poder y los riesgos tecnol\u00f3gicos se transforman d\u00eda a d\u00eda, esta obra ofrece una gu\u00eda esencial para comprender el nuevo ecosistema jur\u00eddico que regula la seguridad digital.<\/p>\n<p data-start=\"455\" data-end=\"930\">Con un enfoque claro, sistem\u00e1tico y profundamente actual, el texto realiza un an\u00e1lisis integral del marco normativo chileno en materia de ciberseguridad \u2014desde la reciente\u00a0<strong data-start=\"627\" data-end=\"668\">Ley Marco de Ciberseguridad N\u00b0 21.663<\/strong>, la\u00a0<strong data-start=\"673\" data-end=\"723\">Ley N\u00b0 19.628 de Protecci\u00f3n de la Vida Privada<\/strong>, hasta la\u00a0<strong data-start=\"734\" data-end=\"778\">Ley N\u00b0 21.459 sobre Delitos Inform\u00e1ticos<\/strong>\u2014, integrando a su vez los principales\u00a0<strong data-start=\"817\" data-end=\"847\">est\u00e1ndares internacionales<\/strong>\u00a0(como la familia ISO 27000) y experiencias comparadas relevantes a nivel global.<\/p>\n<h3 data-start=\"932\" data-end=\"960\">\ud83d\udd0d Contenidos destacados<\/h3>\n<p data-start=\"961\" data-end=\"1053\">A trav\u00e9s de cinco cap\u00edtulos estructurados, el autor examina de manera rigurosa y pedag\u00f3gica:<\/p>\n<ul data-start=\"1054\" data-end=\"1659\">\n<li data-start=\"1054\" data-end=\"1153\">\n<p data-start=\"1056\" data-end=\"1153\"><strong data-start=\"1056\" data-end=\"1087\">Los conceptos fundamentales<\/strong>\u00a0de ciberseguridad, activos de informaci\u00f3n y gesti\u00f3n de riesgos.<\/p>\n<\/li>\n<li data-start=\"1154\" data-end=\"1270\">\n<p data-start=\"1156\" data-end=\"1270\"><strong data-start=\"1156\" data-end=\"1197\">El marco jur\u00eddico general y sectorial<\/strong>\u00a0aplicable en Chile, junto con el rol de los organismos fiscalizadores.<\/p>\n<\/li>\n<li data-start=\"1271\" data-end=\"1381\">\n<p data-start=\"1273\" data-end=\"1381\"><strong data-start=\"1273\" data-end=\"1340\">El alcance y las proyecciones de la Ley Marco de Ciberseguridad<\/strong>, en un contexto de gobernanza digital.<\/p>\n<\/li>\n<li data-start=\"1382\" data-end=\"1485\">\n<p data-start=\"1384\" data-end=\"1485\"><strong data-start=\"1384\" data-end=\"1425\">La protecci\u00f3n de los datos personales<\/strong>\u00a0como activo cr\u00edtico de informaci\u00f3n y derecho fundamental.<\/p>\n<\/li>\n<li data-start=\"1486\" data-end=\"1659\">\n<p data-start=\"1488\" data-end=\"1659\"><strong data-start=\"1488\" data-end=\"1549\">La criminalidad inform\u00e1tica y los ciberdelitos emergentes<\/strong>, como hacking, phishing, ransomware y otros ataques cibern\u00e9ticos, con su correspondiente tratamiento penal.<\/p>\n<\/li>\n<\/ul>\n<p data-start=\"1661\" data-end=\"1979\">M\u00e1s que una simple descripci\u00f3n normativa,\u00a0<strong data-start=\"1703\" data-end=\"1731\">Ciberseguridad y Derecho<\/strong>\u00a0construye un\u00a0<strong data-start=\"1745\" data-end=\"1788\">puente entre el Derecho y la tecnolog\u00eda<\/strong>, ofreciendo a abogados, ingenieros, acad\u00e9micos, estudiantes y profesionales del sector p\u00fablico y privado una herramienta pr\u00e1ctica y anal\u00edtica para enfrentar los desaf\u00edos de la era digital.<\/p>\n<h3 data-start=\"1981\" data-end=\"2011\">\u2696\ufe0f Una obra imprescindible<\/h3>\n<p data-start=\"2012\" data-end=\"2412\">En tiempos de transformaci\u00f3n digital acelerada, esta publicaci\u00f3n se convierte en una\u00a0<strong data-start=\"2097\" data-end=\"2122\">referencia ineludible<\/strong>\u00a0para comprender c\u00f3mo el Derecho responde \u2014y debe responder\u2014 a la velocidad, magnitud y complejidad del avance tecnol\u00f3gico, proponiendo soluciones concretas y una visi\u00f3n estrat\u00e9gica sobre la protecci\u00f3n de la informaci\u00f3n, la responsabilidad jur\u00eddica y la prevenci\u00f3n del delito inform\u00e1tico.<\/p>\n","protected":false},"excerpt":{"rendered":"<p>Buscas un libro Jur\u00eddico.? Lo puedes encontrar en nuestra tienda virtual.<br \/>\nContamos con prestigiosos autores y muchas alternativas en sus diferentes materias al igual que grandes descuentos.! Vis\u00edtanos en <a class=\"fDuvLPVllNXbzPqnpebVlGrVfebORw \" tabindex=\"0\" href=\"https:\/\/lnkd.in\/eiAG7jdZ\" target=\"_blank\" rel=\"noopener\" data-test-app-aware-link=\"\">https:\/\/lnkd.in\/eiAG7jdZ<\/a><br \/>\nEscr\u00edbenos al +56930565235 \/ <a class=\"fDuvLPVllNXbzPqnpebVlGrVfebORw \" tabindex=\"0\" href=\"mailto:ventaslegallexglobal@gmail.com\" target=\"_self\" data-test-app-aware-link=\"\">ventaslegallexglobal@gmail.com<\/a><br \/>\nHacemos env\u00edos a todo Chile \u2013 Starken o Correos Chile \/ Te esperamos.<\/p>\n","protected":false},"featured_media":2555,"comment_status":"open","ping_status":"closed","template":"","meta":{"inline_featured_image":false,"_joinchat":[]},"product_brand":[],"product_cat":[26,30],"product_tag":[],"class_list":{"0":"post-2525","1":"product","2":"type-product","3":"status-publish","4":"has-post-thumbnail","6":"product_cat-derecho","7":"product_cat-penal","9":"first","10":"instock","11":"shipping-taxable","12":"purchasable","13":"product-type-simple"},"_links":{"self":[{"href":"https:\/\/bibliotecajuridicavirtual.cl\/index.php\/wp-json\/wp\/v2\/product\/2525","targetHints":{"allow":["GET"]}}],"collection":[{"href":"https:\/\/bibliotecajuridicavirtual.cl\/index.php\/wp-json\/wp\/v2\/product"}],"about":[{"href":"https:\/\/bibliotecajuridicavirtual.cl\/index.php\/wp-json\/wp\/v2\/types\/product"}],"replies":[{"embeddable":true,"href":"https:\/\/bibliotecajuridicavirtual.cl\/index.php\/wp-json\/wp\/v2\/comments?post=2525"}],"wp:featuredmedia":[{"embeddable":true,"href":"https:\/\/bibliotecajuridicavirtual.cl\/index.php\/wp-json\/wp\/v2\/media\/2555"}],"wp:attachment":[{"href":"https:\/\/bibliotecajuridicavirtual.cl\/index.php\/wp-json\/wp\/v2\/media?parent=2525"}],"wp:term":[{"taxonomy":"product_brand","embeddable":true,"href":"https:\/\/bibliotecajuridicavirtual.cl\/index.php\/wp-json\/wp\/v2\/product_brand?post=2525"},{"taxonomy":"product_cat","embeddable":true,"href":"https:\/\/bibliotecajuridicavirtual.cl\/index.php\/wp-json\/wp\/v2\/product_cat?post=2525"},{"taxonomy":"product_tag","embeddable":true,"href":"https:\/\/bibliotecajuridicavirtual.cl\/index.php\/wp-json\/wp\/v2\/product_tag?post=2525"}],"curies":[{"name":"wp","href":"https:\/\/api.w.org\/{rel}","templated":true}]}}