{"id":2526,"date":"2026-02-28T01:02:15","date_gmt":"2026-02-28T04:02:15","guid":{"rendered":"https:\/\/bibliotecajuridicavirtual.cl\/?post_type=product&#038;p=2526"},"modified":"2026-02-28T01:02:20","modified_gmt":"2026-02-28T04:02:20","slug":"responsabilidad-contractual-pablo-rodriguez-grez-2-edicion-actualizada-ano-2025-334-pag","status":"publish","type":"product","link":"https:\/\/bibliotecajuridicavirtual.cl\/index.php\/product\/responsabilidad-contractual-pablo-rodriguez-grez-2-edicion-actualizada-ano-2025-334-pag\/","title":{"rendered":"Responsabilidad Contractual * Pablo Rodr\u00edguez Grez &#8211; 2\u00b0 edici\u00f3n actualizada a\u00f1o 2025 * 334 P\u00e1g."},"content":{"rendered":"<p>La responsabilidad civil, como obligaci\u00f3n de cumplimiento alternativo se cataloga como contractual cuando las partes asumen la extensi\u00f3n de sus obligaciones como la de los riesgos que el negocio genera para cada uno de ellos al convertir un contrato, y que es precisamente la materia abordada en este amplio estudio.<\/p>\n<p>En el terreno de las definiciones\u00a0 el autor sostiene que la responsabilidad contractual es \u00abla imposici\u00f3n de una conducta de reemplazo que surge cuando\u00a0 se ha dejado de cumplir o se ha cumplido imperfectamente una obligaci\u00f3n preexistente de car\u00e1cter contractual, y que tiene por objeto restaurar los intereses afectados y reparar los perjuicios que pueden haberse seguido de ello\u00bb.<\/p>\n<p>A trav\u00e9s de sus p\u00e1ginas, puede vislumbrarse el aporte del profesor Rodr\u00edguez al efectuar un detallado an\u00e1lisis del funcionamiento de la instituci\u00f3n y los marcos de referencia sobre la operatividad de esta, lo que significa, una orientaci\u00f3n inestimable para quienes se acercan al estudio de esta materia y para quienes requieren de mejor revisi\u00f3n de las estructuras y herramientas para poder gestionar con el incumplimiento contractual, que es materia prima del an\u00e1lisis judicial cotidiano, por lo que su utilidad resulta evidente para cualquier operador jur\u00eddico en la intervenci\u00f3n judicial y extrajudicial para el supuesto de procedencia de responsabilidad civil, tambi\u00e9n con notable influencia en la asesor\u00eda de negocios entre particulares.<\/p>\n<p>Abocadas en esa direcci\u00f3n se encuentran las acertadas observaciones que\u00a0 podr\u00e1 encontrar en este libro \u2013 en segunda edici\u00f3n actualizada-, donde se examinan el fen\u00f3meno, la funcionalidad y los requisitos que deben concurrir para que surjan este tipo de responsabilidad y los efectos que de ellos se siguen en la configuraci\u00f3n de la responsabilidad, en tanto m\u00e9todo destinado a imponer un cumplimiento por equivalencia, capaz de sustituir el proyecto conductual pendiente, de modo de poder contar con la posibilidad de consultar su versi\u00f3n actualizada, resulta un ejercicio tan necesario como sugerido.<\/p>\n","protected":false},"excerpt":{"rendered":"<p>Buscas un libro Jur\u00eddico.? Lo puedes encontrar en nuestra tienda virtual.<br \/>\nContamos con prestigiosos autores y muchas alternativas en sus diferentes materias al igual que grandes descuentos.! Vis\u00edtanos en <a class=\"fDuvLPVllNXbzPqnpebVlGrVfebORw \" tabindex=\"0\" href=\"https:\/\/lnkd.in\/eiAG7jdZ\" target=\"_blank\" rel=\"noopener\" data-test-app-aware-link=\"\">https:\/\/lnkd.in\/eiAG7jdZ<\/a><br \/>\nEscr\u00edbenos al +56930565235 \/ <a class=\"fDuvLPVllNXbzPqnpebVlGrVfebORw \" tabindex=\"0\" href=\"mailto:ventaslegallexglobal@gmail.com\" target=\"_self\" data-test-app-aware-link=\"\">ventaslegallexglobal@gmail.com<\/a><br \/>\nHacemos env\u00edos a todo Chile \u2013 Starken o Correos Chile \/ Te esperamos.<\/p>\n","protected":false},"featured_media":2556,"comment_status":"open","ping_status":"closed","template":"","meta":{"inline_featured_image":false,"_joinchat":[]},"product_brand":[],"product_cat":[27,26],"product_tag":[],"class_list":{"0":"post-2526","1":"product","2":"type-product","3":"status-publish","4":"has-post-thumbnail","6":"product_cat-civil","7":"product_cat-derecho","9":"first","10":"instock","11":"shipping-taxable","12":"purchasable","13":"product-type-simple"},"_links":{"self":[{"href":"https:\/\/bibliotecajuridicavirtual.cl\/index.php\/wp-json\/wp\/v2\/product\/2526","targetHints":{"allow":["GET"]}}],"collection":[{"href":"https:\/\/bibliotecajuridicavirtual.cl\/index.php\/wp-json\/wp\/v2\/product"}],"about":[{"href":"https:\/\/bibliotecajuridicavirtual.cl\/index.php\/wp-json\/wp\/v2\/types\/product"}],"replies":[{"embeddable":true,"href":"https:\/\/bibliotecajuridicavirtual.cl\/index.php\/wp-json\/wp\/v2\/comments?post=2526"}],"wp:featuredmedia":[{"embeddable":true,"href":"https:\/\/bibliotecajuridicavirtual.cl\/index.php\/wp-json\/wp\/v2\/media\/2556"}],"wp:attachment":[{"href":"https:\/\/bibliotecajuridicavirtual.cl\/index.php\/wp-json\/wp\/v2\/media?parent=2526"}],"wp:term":[{"taxonomy":"product_brand","embeddable":true,"href":"https:\/\/bibliotecajuridicavirtual.cl\/index.php\/wp-json\/wp\/v2\/product_brand?post=2526"},{"taxonomy":"product_cat","embeddable":true,"href":"https:\/\/bibliotecajuridicavirtual.cl\/index.php\/wp-json\/wp\/v2\/product_cat?post=2526"},{"taxonomy":"product_tag","embeddable":true,"href":"https:\/\/bibliotecajuridicavirtual.cl\/index.php\/wp-json\/wp\/v2\/product_tag?post=2526"}],"curies":[{"name":"wp","href":"https:\/\/api.w.org\/{rel}","templated":true}]}}