{"id":2529,"date":"2026-02-28T01:02:15","date_gmt":"2026-02-28T04:02:15","guid":{"rendered":"https:\/\/bibliotecajuridicavirtual.cl\/?post_type=product&#038;p=2529"},"modified":"2026-02-28T01:02:22","modified_gmt":"2026-02-28T04:02:22","slug":"curso-de-procedimiento-laboral-rodrigo-silva-montes-2da-edicion-actualizada-ano-2025-269-pag","status":"publish","type":"product","link":"https:\/\/bibliotecajuridicavirtual.cl\/index.php\/product\/curso-de-procedimiento-laboral-rodrigo-silva-montes-2da-edicion-actualizada-ano-2025-269-pag\/","title":{"rendered":"Curso de Procedimiento Laboral * Rodrigo Silva Montes &#8211; 2da. edici\u00f3n actualizada a\u00f1o 2025 * 269 P\u00e1g."},"content":{"rendered":"<p>Este libro est\u00e1 escrito sobre la base del Manual de Procedimiento Laboral que fue publicado por la Editorial Jur\u00eddica de Chile (8 ediciones y varias reimpresiones). Por eso, y como una manera de significar la evoluci\u00f3n de la legislaci\u00f3n procesal laboral actual, he querido conservar los pr\u00f3logos a esas ediciones.<\/p>\n<p>Hemos debido hacernos cargo de las modificaciones al C\u00f3digo del Trabajo desde la publicaci\u00f3n de la \u00faltima edici\u00f3n indicada.<\/p>\n<p>El 7 de Octubre de 2023 se public\u00f3 en el Diario Oficial el Convenio 190 sobre la Violencia y el Acoso de la Organizaci\u00f3n Internacional del Trabajo, que se inserta al final de este libro, como anexo.<\/p>\n<p>El 29 de Diciembre de 2023 se public\u00f3 la Ley N\u00b0 21.645, que modifica el Titulo II del Libro II del C\u00f3digo del Trabajo \u00abDe la Protecci\u00f3n a la Maternidad, Paternidad, y Vida Familiar\u00bb y regula un r\u00e9gimen de trabajo a distancia y teletrabajo.<\/p>\n<p>El 15 de Enero de 2024 se public\u00f3, tambi\u00e9n en el Diario Oficial, la Ley N\u00b0 21.643, que modifica el C\u00f3digo del Trabajo y otros cuerpos legales en materia de prevenci\u00f3n, investigaci\u00f3n y sanci\u00f3n del acoso laboral, sexual o de violencia de g\u00e9nero.<\/p>\n<p>El 16 de Agosto de 2025 se p\u00fablico en el Diario Oficial la Ley N\u00b0 21.760, sobre Adopci\u00f3n de Menores. Su articulo 74 modifica\u00a0 varios cuerpos legales, incluido el C\u00f3digo del Trabajo.<\/p>\n<p>Nos haremos cargo de lo anterior.<\/p>\n<p>Presentaci\u00f3n a la segunda edici\u00f3n &#8230;&#8230;&#8230;&#8230;&#8230;&#8230;&#8230;&#8230;&#8230;&#8230; 9<br \/>\nPr\u00f3logo a la primera edici\u00f3n &#8230;&#8230;&#8230;&#8230;&#8230;&#8230;&#8230;&#8230;&#8230;&#8230;&#8230; 11<br \/>\nPr\u00f3logo a la octava edici\u00f3n del Manual de Procedimiento Laboral &#8230;. 13<br \/>\nPr\u00f3logo a la s\u00e9ptima edici\u00f3n &#8230;&#8230;&#8230;&#8230;&#8230;&#8230;&#8230;&#8230;&#8230;&#8230;&#8230;. 17<br \/>\nPr\u00f3logo a la sexta edici\u00f3n &#8230;&#8230;&#8230;&#8230;&#8230;&#8230;&#8230;&#8230;&#8230;&#8230;&#8230;&#8230; 19<br \/>\nPr\u00f3logo a la quinta edici\u00f3n &#8230;&#8230;&#8230;&#8230;&#8230;&#8230;&#8230;&#8230;&#8230;&#8230;&#8230;.. 21<br \/>\nPr\u00f3logo a la cuarta edici\u00f3n &#8230;&#8230;&#8230;&#8230;&#8230;&#8230;&#8230;&#8230;&#8230;&#8230;&#8230;.. 23<br \/>\nPr\u00f3logo a la tercera edici\u00f3n&#8230;&#8230;&#8230;&#8230;&#8230;&#8230;&#8230;&#8230;&#8230;&#8230;&#8230;.. 25<br \/>\nPr\u00f3logo a la segunda edici\u00f3n &#8230;&#8230;&#8230;&#8230;&#8230;&#8230;&#8230;&#8230;&#8230;&#8230;&#8230; 27<br \/>\nPr\u00f3logo a la primera edici\u00f3n &#8230;&#8230;&#8230;&#8230;&#8230;&#8230;&#8230;&#8230;&#8230;&#8230;&#8230; 29<br \/>\nIntroducci\u00f3n &#8230;&#8230;&#8230;&#8230;&#8230;&#8230;&#8230;&#8230;&#8230;&#8230;&#8230;&#8230;&#8230;&#8230;&#8230;. 33<br \/>\nI. DE LOS PRINCIPIOS FORMATIVOS<br \/>\nY DEL PROCEDIMIENTO EN JUICIOS<br \/>\nDEL TRABAJO (arts. 425 y ss.) &#8230;&#8230;&#8230;&#8230;. 35<br \/>\n1. De los principios formativos del proceso &#8230;&#8230;&#8230;&#8230;&#8230;&#8230;&#8230; 35<br \/>\n1.1. El principio de la oralidad &#8230;&#8230;&#8230;&#8230;&#8230;&#8230;&#8230;&#8230;&#8230;. 35<br \/>\n1.2. El principio de la publicidad &#8230;&#8230;&#8230;&#8230;&#8230;&#8230;&#8230;&#8230;.. 36<br \/>\n1.3. El principio de la concentraci\u00f3n &#8230;&#8230;&#8230;&#8230;&#8230;&#8230;&#8230;&#8230; 37<br \/>\n1.4. El principio de la inmediaci\u00f3n &#8230;&#8230;&#8230;&#8230;&#8230;&#8230;&#8230;&#8230;. 37<br \/>\n1.5. El principio del impulso oficial &#8230;&#8230;&#8230;&#8230;&#8230;&#8230;&#8230;&#8230; 40<br \/>\n1.6. El principio de celeridad &#8230;&#8230;&#8230;&#8230;&#8230;&#8230;&#8230;&#8230;&#8230;.. 42<br \/>\n1.7. El principio de la buena fe &#8230;&#8230;&#8230;&#8230;&#8230;&#8230;&#8230;&#8230;&#8230;. 43<br \/>\nCurso de Procedimiento Laboral<br \/>\n264<br \/>\n1.8. El principio de la bilateralidad de la audiencia &#8230;&#8230;&#8230;&#8230;. 43<br \/>\n1.9. El principio de la gratuidad &#8230;&#8230;&#8230;&#8230;&#8230;&#8230;&#8230;&#8230;&#8230; 43<br \/>\n2. De las reglas comunes a todo procedimiento laboral (arts. 432 y ss.) .. 44<br \/>\n2.1. Legislaci\u00f3n aplicable &#8230;&#8230;&#8230;&#8230;&#8230;&#8230;&#8230;&#8230;&#8230;&#8230;.. 44<br \/>\n2.2. De las actuaciones procesales &#8230;&#8230;&#8230;&#8230;&#8230;&#8230;&#8230;&#8230;.. 45<br \/>\n2.3. Patrocinio y representaci\u00f3n forzosos &#8230;&#8230;&#8230;&#8230;&#8230;&#8230;.. 46<br \/>\n2.4. De las notificaciones &#8230;&#8230;&#8230;&#8230;&#8230;&#8230;&#8230;&#8230;&#8230;&#8230;.. 47<br \/>\n2.4.1. De la notificaci\u00f3n personal &#8230;&#8230;&#8230;&#8230;&#8230;&#8230;&#8230;. 48<br \/>\n2.4.2. Notificaci\u00f3n \u201cpersonal especial\u201d o \u201cpersonal subsi<br \/>\ndiaria\u201d &#8230;&#8230;&#8230;&#8230;&#8230;&#8230;&#8230;&#8230;&#8230;&#8230;&#8230;&#8230;.. 49<br \/>\n2.4.3. Notificaci\u00f3n \u201cen persona\u201d &#8230;&#8230;&#8230;&#8230;&#8230;&#8230;&#8230;.. 50<br \/>\n2.4.4. Notificaci\u00f3n por avisos &#8230;&#8230;&#8230;&#8230;&#8230;&#8230;&#8230;&#8230;. 51<br \/>\n2.4.5. Notificaci\u00f3n de la demanda \u201cpor cualquier otro medio<br \/>\nid\u00f3neo\u201d &#8230;&#8230;&#8230;&#8230;&#8230;&#8230;&#8230;&#8230;&#8230;&#8230;&#8230;&#8230;. 51<br \/>\n2.4.6. Notificaci\u00f3n por carta certificada &#8230;&#8230;&#8230;&#8230;&#8230;.. 52<br \/>\n2.4.7. Notificaci\u00f3n por el \u201cestado diario\u201d &#8230;&#8230;&#8230;&#8230;&#8230;. 53<br \/>\n2.4.8. Notificaci\u00f3n \u201cen forma electr\u00f3nica\u201d o \u201cpor cualquier otro<br \/>\nmedio\u201d &#8230;&#8230;&#8230;&#8230;&#8230;&#8230;&#8230;&#8230;&#8230;&#8230;&#8230;&#8230;. 53<br \/>\n2.4.9. Notificaci\u00f3n presunta &#8230;&#8230;&#8230;&#8230;&#8230;&#8230;&#8230;&#8230;.. 53<br \/>\n2.5. De los incidentes &#8230;&#8230;&#8230;&#8230;&#8230;&#8230;&#8230;&#8230;&#8230;&#8230;&#8230;.. 54<br \/>\n2.5.1. Del abandono de la acci\u00f3n &#8230;&#8230;&#8230;&#8230;&#8230;&#8230;&#8230;.. 55<br \/>\n2.5.2. De las costas &#8230;&#8230;&#8230;&#8230;&#8230;&#8230;&#8230;&#8230;&#8230;&#8230;&#8230; 55<br \/>\n2.5.3. Del privilegio de pobreza &#8230;&#8230;&#8230;&#8230;&#8230;&#8230;&#8230;&#8230; 55<br \/>\n2.5.4. De la acumulaci\u00f3n de autos &#8230;&#8230;&#8230;&#8230;&#8230;&#8230;&#8230;. 55<br \/>\n2.6. De la funci\u00f3n cautelar del tribunal &#8230;&#8230;&#8230;&#8230;&#8230;&#8230;&#8230;. 57<br \/>\n2.6.1. Clases de medidas cautelares . . . . . . . . . . . . . . . . . . . . . 57<br \/>\n2.6.2. Requisitos de las medidas cautelares &#8230;&#8230;&#8230;&#8230;&#8230; 59<br \/>\n2.6.3. Caracter\u00edsticas de las medidas cautelares &#8230;&#8230;&#8230;&#8230; 59<br \/>\n2.6.4. Caducidad de las medidas cautelares &#8230;&#8230;&#8230;&#8230;&#8230; 61<br \/>\n3. Del procedimiento de aplicaci\u00f3n general (arts. 446 y ss.) &#8230;&#8230;&#8230; 61<br \/>\n3.1. Del inicio del proceso &#8230;&#8230;&#8230;&#8230;&#8230;&#8230;&#8230;&#8230;&#8230;&#8230;.. 61<br \/>\n3.1.1. Por medida prejudicial &#8230;&#8230;&#8230;&#8230;&#8230;&#8230;&#8230;&#8230;.. 62<br \/>\n3.1.2. Por demanda &#8230;&#8230;&#8230;&#8230;&#8230;&#8230;&#8230;&#8230;&#8230;&#8230;&#8230; 62<br \/>\n3.2. De las providencias frente a la demanda &#8230;&#8230;&#8230;&#8230;&#8230;.. 64<br \/>\n3.2.1. Inadmisibilidad &#8230;&#8230;&#8230;&#8230;&#8230;&#8230;&#8230;&#8230;&#8230;&#8230;. 64<br \/>\n3.2.2. Improcedencia &#8230;&#8230;&#8230;&#8230;&#8230;&#8230;&#8230;&#8230;&#8230;&#8230;.. 64<br \/>\n3.2.3. Admisibilidad &#8230;&#8230;&#8230;&#8230;&#8230;&#8230;&#8230;&#8230;&#8230;&#8230;.. 65<br \/>\n3.3. De la defensa del demandado &#8230;&#8230;&#8230;&#8230;&#8230;&#8230;&#8230;&#8230;.. 66<br \/>\n3.3.1. Rebeld\u00eda &#8230;&#8230;&#8230;&#8230;&#8230;&#8230;&#8230;&#8230;&#8230;&#8230;&#8230;&#8230; 66<br \/>\n\u00cdndice<br \/>\n265<br \/>\n3.3.2. Allanamiento &#8230;&#8230;&#8230;&#8230;&#8230;&#8230;&#8230;&#8230;&#8230;&#8230;&#8230; 67<br \/>\n3.3.3. Excepciones dilatorias &#8230;&#8230;&#8230;&#8230;&#8230;&#8230;&#8230;&#8230;.. 68<br \/>\n3.3.4. Excepciones perentorias y defensas &#8230;&#8230;&#8230;&#8230;&#8230;. 68<br \/>\n3.3.5. De la reconvenci\u00f3n &#8230;&#8230;&#8230;&#8230;&#8230;&#8230;&#8230;&#8230;&#8230;. 68<br \/>\n3.3.6. De la contestaci\u00f3n de la demanda &#8230;&#8230;&#8230;&#8230;&#8230;.. 69<br \/>\n3.4. De la audiencia preparatoria &#8230;&#8230;&#8230;&#8230;&#8230;&#8230;&#8230;&#8230;.. 70<br \/>\n3.4.1. Del inicio de la audiencia. Fase de discusi\u00f3n &#8230;&#8230;&#8230; 71<br \/>\n3.4.2. Del llamado obligatorio a conciliaci\u00f3n &#8230;&#8230;&#8230;&#8230;. 72<br \/>\n3.4.3. De los actos relacionados con la prueba &#8230;&#8230;&#8230;&#8230; 72<br \/>\n3.4.3.1. Requisitos de procedencia de la prueba &#8230;&#8230; 72<br \/>\n3.4.3.2. De la sentencia interlocutoria de prueba y de la<br \/>\nreposici\u00f3n que procede en su contra &#8230;&#8230;&#8230; 73<br \/>\n3.4.3.3. Oferta de la prueba &#8230;&#8230;&#8230;&#8230;&#8230;&#8230;&#8230; 73<br \/>\n3.4.3.4. Examen de admisibilidad de la prueba ofrecida . 73<br \/>\n3.4.3.5. Prueba decretada por el tribunal &#8230;&#8230;&#8230;&#8230; 74<br \/>\n3.4.3.6. L\u00edmites a la prueba &#8230;&#8230;&#8230;&#8230;&#8230;&#8230;&#8230;. 74<br \/>\n3.4.3.7. De la preparaci\u00f3n de la prueba &#8230;&#8230;&#8230;&#8230;. 74<br \/>\n3.4.4. Medidas cautelares en la audiencia preparatoria &#8230;&#8230; 78<br \/>\n3.4.5. Fijaci\u00f3n de d\u00eda y hora para la audiencia del juicio &#8230;.. 78<br \/>\n3.4.6. Acta &#8230;&#8230;&#8230;&#8230;&#8230;&#8230;&#8230;&#8230;&#8230;&#8230;&#8230;&#8230;&#8230;. 78<br \/>\n3.4.7. Del final de la audiencia preparatoria &#8230;&#8230;&#8230;&#8230;.. 79<br \/>\n3.5. De la audiencia del juicio (art. 454) &#8230;&#8230;&#8230;&#8230;&#8230;&#8230;&#8230; 79<br \/>\n3.5.1. Objeto de la audiencia &#8230;&#8230;&#8230;&#8230;&#8230;&#8230;&#8230;&#8230;.. 79<br \/>\n3.5.2. Del inicio de la audiencia &#8230;&#8230;&#8230;&#8230;&#8230;&#8230;&#8230;&#8230; 79<br \/>\n3.5.3. De la prueba &#8230;&#8230;&#8230;&#8230;&#8230;&#8230;&#8230;&#8230;&#8230;&#8230;&#8230; 79<br \/>\n3.5.3.1. Del orden en que se debe rendir la prueba &#8230;. 79<br \/>\n3.5.3.2. Del orden de recepci\u00f3n de las pruebas &#8230;&#8230;. 80<br \/>\n3.5.3.3. De la rendici\u00f3n de la prueba &#8230;&#8230;&#8230;&#8230;&#8230; 80<br \/>\na. Prueba documental &#8230;&#8230;&#8230;&#8230;&#8230;&#8230;. 81<br \/>\nb. De la confesi\u00f3n &#8230;&#8230;&#8230;&#8230;&#8230;&#8230;&#8230;. 81<br \/>\nc. Prueba testimonial &#8230;&#8230;&#8230;&#8230;&#8230;&#8230;.. 83<br \/>\nd. De los otros medios de prueba &#8230;&#8230;&#8230;.. 85<br \/>\n3.5.3.4. L\u00edmites a la prueba &#8230;&#8230;&#8230;&#8230;&#8230;&#8230;&#8230;. 85<br \/>\n3.5.3.5. De la valoraci\u00f3n de la prueba rendida &#8230;&#8230;. 86<br \/>\n3.5.4. Alegatos finales &#8230;&#8230;&#8230;&#8230;&#8230;&#8230;&#8230;&#8230;&#8230;&#8230;. 86<br \/>\n3.5.5. Interrogatorio final del juez &#8230;&#8230;&#8230;&#8230;&#8230;&#8230;&#8230;. 86<br \/>\n3.5.6. Acta &#8230;&#8230;&#8230;&#8230;&#8230;&#8230;&#8230;&#8230;&#8230;&#8230;&#8230;&#8230;&#8230;. 86<br \/>\n3.5.7. De la sentencia definitiva &#8230;&#8230;&#8230;&#8230;&#8230;&#8230;&#8230;&#8230; 87<br \/>\n3.5.7.1. Oportunidad para dictarla &#8230;&#8230;&#8230;&#8230;&#8230;. 87<br \/>\nCurso de Procedimiento Laboral<br \/>\n266<br \/>\n3.5.7.2. Requisitos de la sentencia &#8230;&#8230;&#8230;&#8230;&#8230;.. 87<br \/>\na. En relaci\u00f3n a la prueba &#8230;&#8230;&#8230;&#8230;&#8230;. 87<br \/>\nb. Requisitos generales de la sentencia &#8230;&#8230;. 88<br \/>\nc. Requisitos espec\u00edficos de las sentencias defi<br \/>\nnitivas . . . . . . . . . . . . . . . . . . . . . . . . . . . . . 88<br \/>\n3.5.7.3. Notificaci\u00f3n de la sentencia definitiva &#8230;&#8230;. 89<br \/>\n3.5.7.4. De la ejecutoria de la sentencia &#8230;&#8230;&#8230;&#8230;. 89<br \/>\nII. DEL CUMPLIMIENTO DE LA SENTENCIA<br \/>\nY DE LA EJECUCI\u00d3N DE LOS T\u00cdTULOS<br \/>\nEJECUTIVOS LABORALES (arts. 463 y ss.) &#8230;&#8230;.. 91<br \/>\n1. Principios formativos &#8230;&#8230;&#8230;&#8230;&#8230;&#8230;&#8230;&#8230;&#8230;&#8230;&#8230;&#8230; 91<br \/>\n2. T\u00edtulo ejecutivo &#8230;&#8230;&#8230;&#8230;&#8230;&#8230;&#8230;&#8230;&#8230;&#8230;&#8230;&#8230;&#8230;. 91<br \/>\n2.1. Del cumplimiento de las sentencias &#8230;&#8230;&#8230;&#8230;&#8230;&#8230;&#8230; 92<br \/>\n2.1.1. Legislaci\u00f3n aplicable &#8230;&#8230;&#8230;&#8230;&#8230;&#8230;&#8230;&#8230;&#8230; 92<br \/>\n2.1.2. Certificado de ejecutoria de la sentencia &#8230;&#8230;&#8230;&#8230; 93<br \/>\n2.1.3. Liquidaci\u00f3n del cr\u00e9dito &#8230;&#8230;&#8230;&#8230;&#8230;&#8230;&#8230;&#8230;. 93<br \/>\n2.1.4. De la defensa del ejecutado &#8230;&#8230;&#8230;&#8230;&#8230;&#8230;&#8230;. 94<br \/>\n2.1.4.1. Plazo para oponer excepciones &#8230;&#8230;&#8230;&#8230;. 94<br \/>\n2.1.4.2. Requisitos de admisibilidad de las excepciones .. 95<br \/>\n2.1.5. De la admisibilidad y fallo de las excepciones &#8230;&#8230;.. 95<br \/>\n2.1.6. Del procedimiento de apremio &#8230;&#8230;&#8230;&#8230;&#8230;&#8230;.. 96<br \/>\n2.1.6.1. Legislaci\u00f3n aplicable &#8230;&#8230;&#8230;&#8230;&#8230;&#8230;&#8230; 96<br \/>\n2.1.6.2. Retenci\u00f3n de devoluci\u00f3n de impuestos, de<br \/>\noficio &#8230;&#8230;&#8230;&#8230;&#8230;&#8230;&#8230;&#8230;&#8230;&#8230;.. 96<br \/>\n2.1.6.3. Del embargo &#8230;&#8230;&#8230;&#8230;&#8230;&#8230;&#8230;&#8230;&#8230; 97<br \/>\n2.1.6.4. Del remate y pago &#8230;&#8230;&#8230;&#8230;&#8230;&#8230;&#8230;. 97<br \/>\n2.2. De la ejecuci\u00f3n de otros t\u00edtulos ejecutivos (arts. 473 y ss.) &#8230;. 98<br \/>\n2.2.1. Legislaci\u00f3n aplicable &#8230;&#8230;&#8230;&#8230;&#8230;&#8230;&#8230;&#8230;&#8230; 98<br \/>\n2.2.2. Del inicio del juicio ejecutivo &#8230;&#8230;&#8230;&#8230;&#8230;&#8230;&#8230; 98<br \/>\n2.2.3. Del requerimiento de pago &#8230;&#8230;&#8230;&#8230;&#8230;&#8230;&#8230;.. 98<br \/>\n2.2.4. Del resto de la tramitaci\u00f3n &#8230;&#8230;&#8230;&#8230;&#8230;&#8230;&#8230;.. 99<br \/>\n2.2.5. Otras reglas aplicables &#8230;&#8230;&#8230;&#8230;&#8230;&#8230;&#8230;&#8230;.. 99<br \/>\nIII. DE LOS RECURSOS (arts. 474 y ss.) &#8230;&#8230;&#8230; 101<br \/>\n1. Legislaci\u00f3n aplicable &#8230;&#8230;&#8230;&#8230;&#8230;&#8230;&#8230;&#8230;&#8230;&#8230;&#8230;&#8230; 101<br \/>\n2. De la reposici\u00f3n &#8230;&#8230;&#8230;&#8230;&#8230;&#8230;&#8230;&#8230;&#8230;&#8230;&#8230;&#8230;&#8230;. 101<br \/>\n2.1. Resoluciones impugnables mediante reposici\u00f3n &#8230;&#8230;&#8230;&#8230; 101<br \/>\n\u00cdndice<br \/>\n267<br \/>\n2.2. Clases de reposici\u00f3n &#8230;&#8230;&#8230;&#8230;&#8230;&#8230;&#8230;&#8230;&#8230;&#8230;&#8230; 102<br \/>\n2.3. Tramitaci\u00f3n &#8230;&#8230;&#8230;&#8230;&#8230;&#8230;&#8230;&#8230;&#8230;&#8230;&#8230;&#8230;&#8230; 102<br \/>\n3. Aclaraci\u00f3n, rectificaci\u00f3n o enmienda &#8230;&#8230;&#8230;&#8230;&#8230;&#8230;&#8230;&#8230; 102<br \/>\n4. Reglas comunes a los recursos siguientes (art. 484) &#8230;&#8230;&#8230;&#8230;. 103<br \/>\n5. Del recurso de apelaci\u00f3n (art. 476) &#8230;&#8230;&#8230;&#8230;&#8230;&#8230;&#8230;&#8230;. 103<br \/>\n5.1. Resoluciones susceptibles de ser apeladas &#8230;&#8230;&#8230;&#8230;&#8230;.. 103<br \/>\n5.2. Requisitos del recurso de apelaci\u00f3n &#8230;&#8230;&#8230;&#8230;&#8230;&#8230;&#8230; 104<br \/>\n5.3. Efectos del recurso de apelaci\u00f3n &#8230;&#8230;&#8230;&#8230;&#8230;&#8230;&#8230;&#8230; 104<br \/>\n5.4. De la adhesi\u00f3n a la apelaci\u00f3n &#8230;&#8230;&#8230;&#8230;&#8230;&#8230;&#8230;&#8230;.. 104<br \/>\n6. Del recurso de nulidad (arts. 477 y ss.) &#8230;&#8230;&#8230;&#8230;&#8230;&#8230;&#8230;. 104<br \/>\n6.1. Concepto. Finalidad &#8230;&#8230;&#8230;&#8230;&#8230;&#8230;&#8230;&#8230;&#8230;&#8230;&#8230; 104<br \/>\n6.2. Causales que habilitan o permiten su interposici\u00f3n &#8230;&#8230;&#8230; 105<br \/>\n6.3. Caracter\u00edsticas del recurso &#8230;&#8230;&#8230;&#8230;&#8230;&#8230;&#8230;&#8230;&#8230;. 107<br \/>\n6.4. Requisitos del recurso de nulidad &#8230;&#8230;&#8230;&#8230;&#8230;&#8230;&#8230;.. 108<br \/>\n6.5. Tramitaci\u00f3n &#8230;&#8230;&#8230;&#8230;&#8230;&#8230;&#8230;&#8230;&#8230;&#8230;&#8230;&#8230;&#8230; 109<br \/>\n7. Del recurso de unificaci\u00f3n de jurisprudencia (arts. 483 y ss.) &#8230;&#8230; 111<br \/>\n7.1. Caracter\u00edsticas del recurso &#8230;&#8230;&#8230;&#8230;&#8230;&#8230;&#8230;&#8230;&#8230;. 111<br \/>\n7.2. Resoluciones impugnables &#8230;&#8230;&#8230;&#8230;&#8230;&#8230;&#8230;&#8230;&#8230;. 112<br \/>\n7.3. Requisitos &#8230;&#8230;&#8230;&#8230;&#8230;&#8230;&#8230;&#8230;&#8230;&#8230;&#8230;&#8230;&#8230;. 112<br \/>\n7.4. Tramitaci\u00f3n &#8230;&#8230;&#8230;&#8230;&#8230;&#8230;&#8230;&#8230;&#8230;&#8230;&#8230;&#8230;&#8230; 113<br \/>\nIV. DE LOS PROCEDIMIENTOS ESPECIALES &#8230;&#8230;. 117<br \/>\n1. Del procedimiento de tutela laboral (arts. 485 y ss.) &#8230;&#8230;&#8230;&#8230; 117<br \/>\n1.1. \u00c1mbito de aplicaci\u00f3n &#8230;&#8230;&#8230;&#8230;&#8230;&#8230;&#8230;&#8230;&#8230;&#8230;.. 117<br \/>\n1.2. Requisitos de procedencia &#8230;&#8230;&#8230;&#8230;&#8230;&#8230;&#8230;&#8230;&#8230;. 119<br \/>\n1.2.1. En relaci\u00f3n al primer caso &#8230;&#8230;&#8230;&#8230;&#8230;&#8230;&#8230;.. 119<br \/>\n1.2.2. En relaci\u00f3n al segundo caso &#8230;&#8230;&#8230;&#8230;&#8230;&#8230;&#8230;. 121<br \/>\n1.2.3. Requisitos &#8230;&#8230;&#8230;&#8230;&#8230;&#8230;&#8230;&#8230;&#8230;&#8230;&#8230;.. 121<br \/>\n1.3. Caracter\u00edsticas de este procedimiento especial &#8230;&#8230;&#8230;&#8230;. 122<br \/>\n1.3.1. Es incompatible con la \u201cAcci\u00f3n de Protecci\u00f3n Constitu<br \/>\ncional\u201d &#8230;&#8230;&#8230;&#8230;&#8230;&#8230;&#8230;&#8230;&#8230;&#8230;&#8230;&#8230;.. 122<br \/>\n1.3.2. Aplicaci\u00f3n limitada &#8230;&#8230;&#8230;&#8230;&#8230;&#8230;&#8230;&#8230;&#8230;. 122<br \/>\n1.3.3. Preferencia para su conocimiento y fallo &#8230;&#8230;&#8230;&#8230; 122<br \/>\n1.3.4. Amplitud de titular &#8230;&#8230;&#8230;&#8230;&#8230;&#8230;&#8230;&#8230;&#8230;. 123<br \/>\n1.4. Procedimiento &#8230;&#8230;&#8230;&#8230;&#8230;&#8230;&#8230;&#8230;&#8230;&#8230;&#8230;&#8230;. 127<br \/>\nCurso de Procedimiento Laboral<br \/>\n268<br \/>\n1.4.1. Del inicio del proceso &#8230;&#8230;&#8230;&#8230;&#8230;&#8230;&#8230;&#8230;.. 127<br \/>\n1.4.2. Oportunidad para incoar el proceso &#8230;&#8230;&#8230;&#8230;&#8230; 127<br \/>\n1.4.3. Requisitos de la denuncia &#8230;&#8230;&#8230;&#8230;&#8230;&#8230;&#8230;.. 128<br \/>\n1.4.4. Providencia del juez &#8230;&#8230;&#8230;&#8230;&#8230;&#8230;&#8230;&#8230;&#8230;. 129<br \/>\n1.5. Modalidades especiales de la tramitaci\u00f3n &#8230;&#8230;&#8230;&#8230;&#8230;.. 130<br \/>\n1.5.1. Suspensi\u00f3n de los efectos del acto impugnado . . . . . . . . 130<br \/>\n1.5.2. Informe de la Inspecci\u00f3n del Trabajo &#8230;&#8230;&#8230;&#8230;&#8230; 131<br \/>\n1.6. Onus probandi &#8230;&#8230;&#8230;&#8230;&#8230;&#8230;&#8230;&#8230;&#8230;&#8230;&#8230;&#8230; 131<br \/>\n1.7. De la sentencia &#8230;&#8230;&#8230;&#8230;&#8230;&#8230;&#8230;&#8230;&#8230;&#8230;&#8230;&#8230;. 131<br \/>\n1.7.1. Oportunidad para dictarla &#8230;&#8230;&#8230;&#8230;&#8230;&#8230;&#8230;.. 131<br \/>\n1.7.2. Requisitos de la sentencia &#8230;&#8230;&#8230;&#8230;&#8230;&#8230;&#8230;.. 131<br \/>\n1.8. Efectos de la sentencia definitiva &#8230;&#8230;&#8230;&#8230;&#8230;&#8230;&#8230;.. 132<br \/>\n1.8.1. Si la denuncia es rechazada &#8230;&#8230;&#8230;&#8230;&#8230;&#8230;&#8230;. 132<br \/>\n1.8.2. Si \u00e9sta es acogida &#8230;&#8230;&#8230;&#8230;&#8230;&#8230;&#8230;&#8230;&#8230;&#8230; 133<br \/>\n1.9. Recursos &#8230;&#8230;&#8230;&#8230;&#8230;&#8230;&#8230;&#8230;&#8230;&#8230;&#8230;&#8230;&#8230;.. 134<br \/>\n1.10. Dos casos adicionales de aplicaci\u00f3n de este procedimiento es<br \/>\npecial . &#8230;&#8230;&#8230;&#8230;&#8230;&#8230;&#8230;&#8230;&#8230;&#8230;&#8230;&#8230;&#8230;&#8230;. 134<br \/>\n2. Del \u201cprocedimiento monitorio\u201d (arts. 496 y ss.) &#8230;&#8230;&#8230;&#8230;&#8230; 136<br \/>\n2.1. \u00c1mbito de aplicaci\u00f3n &#8230;&#8230;&#8230;&#8230;&#8230;&#8230;&#8230;&#8230;&#8230;&#8230;.. 136<br \/>\n2.2. Del inicio del proceso &#8230;&#8230;&#8230;&#8230;&#8230;&#8230;&#8230;&#8230;&#8230;&#8230;.. 137<br \/>\n2.3. Notificaci\u00f3n &#8230;&#8230;&#8230;&#8230;&#8230;&#8230;&#8230;&#8230;&#8230;&#8230;&#8230;&#8230;&#8230; 138<br \/>\n2.4. Del comparendo de conciliaci\u00f3n &#8230;&#8230;&#8230;&#8230;&#8230;&#8230;&#8230;.. 139<br \/>\n2.5. De la continuaci\u00f3n del proceso en el juzgado del trabajo &#8230;.. 140<br \/>\n2.5.1. Casos de aplicaci\u00f3n &#8230;&#8230;&#8230;&#8230;&#8230;&#8230;&#8230;&#8230;&#8230;. 140<br \/>\n2.5.2. Requisitos de la demanda &#8230;&#8230;&#8230;&#8230;&#8230;&#8230;&#8230;.. 140<br \/>\n2.5.3. Examen de los antecedentes por parte del juez &#8230;&#8230;.. 140<br \/>\n2.5.4. Notificaci\u00f3n &#8230;&#8230;&#8230;&#8230;&#8230;&#8230;&#8230;&#8230;&#8230;&#8230;&#8230;. 141<br \/>\n2.5.5. De la \u201creclamaci\u00f3n\u201d &#8230;&#8230;&#8230;&#8230;&#8230;&#8230;&#8230;&#8230;&#8230; 141<br \/>\n2.5.6. De la audiencia \u201c\u00fanica\u201d de conciliaci\u00f3n y prueba &#8230;.. 142<br \/>\n2.5.7. De la sentencia definitiva &#8230;&#8230;&#8230;&#8230;&#8230;&#8230;&#8230;&#8230; 143<br \/>\n2.5.8. Recursos &#8230;&#8230;&#8230;&#8230;&#8230;&#8230;&#8230;&#8230;&#8230;&#8230;&#8230;&#8230; 143<br \/>\n3. Del procedimiento de reclamaci\u00f3n de multas y dem\u00e1s resoluciones<br \/>\nadministrativas &#8230;&#8230;&#8230;&#8230;&#8230;&#8230;&#8230;&#8230;&#8230;&#8230;&#8230;&#8230;&#8230;.. 143<br \/>\n3.1. Casos de aplicaci\u00f3n &#8230;&#8230;&#8230;&#8230;&#8230;&#8230;&#8230;&#8230;&#8230;&#8230;&#8230; 143<br \/>\n3.2. Requisitos para impetrar el reclamo &#8230;&#8230;&#8230;&#8230;&#8230;&#8230;&#8230; 144<br \/>\n3.3. Examen de admisibilidad por parte del juez &#8230;&#8230;&#8230;&#8230;&#8230; 144<br \/>\n3.4. Del procedimiento &#8230;&#8230;&#8230;&#8230;&#8230;&#8230;&#8230;&#8230;&#8230;&#8230;&#8230;. 144<br \/>\nRecursos &#8230;&#8230;&#8230;&#8230;&#8230;&#8230;&#8230;&#8230;&#8230;&#8230;&#8230;&#8230;&#8230;.. 145<br \/>\n\u00cdndice<br \/>\nANEXOS &#8230;&#8230;&#8230;&#8230;&#8230;&#8230;&#8230;. 147<br \/>\nAnexo N\u00ba 1. Texto de la Ley N\u00ba 20.022, publicada el 30 de mayo de<br \/>\n2005 &#8230;&#8230;&#8230;&#8230;&#8230;&#8230;&#8230;&#8230;&#8230;&#8230;&#8230;&#8230;&#8230;. 149<br \/>\nAnexo N\u00ba 2. Texto de la Ley N\u00ba 20.023, publicada el 31 de mayo de<br \/>\n2005 &#8230;&#8230;&#8230;&#8230;&#8230;&#8230;&#8230;&#8230;&#8230;&#8230;&#8230;&#8230;&#8230;. 181<br \/>\nAnexo N\u00ba 3. Texto de la Ley N\u00ba 20.087, publicada el 3 de enero de<br \/>\n2006 &#8230;&#8230;&#8230;&#8230;&#8230;&#8230;&#8230;&#8230;&#8230;&#8230;&#8230;&#8230;&#8230;. 195<br \/>\nAnexo N\u00ba 4. Auto Acordado sobre ministros de fe y regulaci\u00f3n de costas<br \/>\nde los juzgados de cobranza laboral, dictado por la Corte<br \/>\nSuprema el 27 de junio de 2006, publicado en el Diario<br \/>\nOficial el 30 de junio de 2006 &#8230;&#8230;&#8230;&#8230;&#8230;&#8230;&#8230; 235<br \/>\nAnexo N\u00ba 5. Auto Acordado tramitaci\u00f3n en sistemas inform\u00e1ticos en<br \/>\nlas Cortes de Apelaciones y Corte Suprema, de 11 de julio<br \/>\nde 2006, publicado en el Diario Oficial el 28 de julio de<br \/>\n2006 &#8230;&#8230;&#8230;&#8230;&#8230;&#8230;&#8230;&#8230;&#8230;&#8230;&#8230;&#8230;&#8230;. 239<br \/>\nAnexo N\u00ba 6. Corte de Apelaciones de Santiago \u201cAuto Acordado sobre<br \/>\ndistribuci\u00f3n de causas entre los nuevos Tribunales de Letras<br \/>\ndel Trabajo\u201d (Publicado en el Diario Oficial de 28 de agosto<br \/>\nde 2009) &#8230;&#8230;&#8230;&#8230;&#8230;&#8230;&#8230;&#8230;&#8230;&#8230;&#8230;&#8230;. 247<br \/>\nAnexo N\u00ba 7. \u201cAuto Acordado sobre ingreso y distribuci\u00f3n de causas de<br \/>\nla Reforma Procesal Laboral\u201d &#8230;&#8230;&#8230;&#8230;&#8230;&#8230;&#8230; 249<br \/>\nAnexo N\u00ba 8. Convenio 190, sobre la Violencia y el Acoso de la Organi<br \/>\nzaci\u00f3n Internacional del Trabajo (Diario Oficial del 7 de<br \/>\noctubre de 2023) . . . . . . . . . . . . . . . . . . . . . . . . . . . . . . . 25<\/p>\n","protected":false},"excerpt":{"rendered":"<p>Buscas un libro Jur\u00eddico.? Lo puedes encontrar en nuestra tienda virtual.<br \/>\nContamos con prestigiosos autores y muchas alternativas en sus diferentes materias al igual que grandes descuentos.! Vis\u00edtanos en <a class=\"fDuvLPVllNXbzPqnpebVlGrVfebORw \" tabindex=\"0\" href=\"https:\/\/lnkd.in\/eiAG7jdZ\" target=\"_blank\" rel=\"noopener\" data-test-app-aware-link=\"\">https:\/\/lnkd.in\/eiAG7jdZ<\/a><br \/>\nEscr\u00edbenos al +56930565235 \/ <a class=\"fDuvLPVllNXbzPqnpebVlGrVfebORw \" tabindex=\"0\" href=\"mailto:ventaslegallexglobal@gmail.com\" target=\"_self\" data-test-app-aware-link=\"\">ventaslegallexglobal@gmail.com<\/a><br \/>\nHacemos env\u00edos a todo Chile \u2013 Starken o Correos Chile \/ Te esperamos.<\/p>\n","protected":false},"featured_media":2559,"comment_status":"open","ping_status":"closed","template":"","meta":{"inline_featured_image":false,"_joinchat":[]},"product_brand":[],"product_cat":[27,26,41],"product_tag":[],"class_list":{"0":"post-2529","1":"product","2":"type-product","3":"status-publish","4":"has-post-thumbnail","6":"product_cat-civil","7":"product_cat-derecho","8":"product_cat-laboral","10":"first","11":"instock","12":"shipping-taxable","13":"purchasable","14":"product-type-simple"},"_links":{"self":[{"href":"https:\/\/bibliotecajuridicavirtual.cl\/index.php\/wp-json\/wp\/v2\/product\/2529","targetHints":{"allow":["GET"]}}],"collection":[{"href":"https:\/\/bibliotecajuridicavirtual.cl\/index.php\/wp-json\/wp\/v2\/product"}],"about":[{"href":"https:\/\/bibliotecajuridicavirtual.cl\/index.php\/wp-json\/wp\/v2\/types\/product"}],"replies":[{"embeddable":true,"href":"https:\/\/bibliotecajuridicavirtual.cl\/index.php\/wp-json\/wp\/v2\/comments?post=2529"}],"wp:featuredmedia":[{"embeddable":true,"href":"https:\/\/bibliotecajuridicavirtual.cl\/index.php\/wp-json\/wp\/v2\/media\/2559"}],"wp:attachment":[{"href":"https:\/\/bibliotecajuridicavirtual.cl\/index.php\/wp-json\/wp\/v2\/media?parent=2529"}],"wp:term":[{"taxonomy":"product_brand","embeddable":true,"href":"https:\/\/bibliotecajuridicavirtual.cl\/index.php\/wp-json\/wp\/v2\/product_brand?post=2529"},{"taxonomy":"product_cat","embeddable":true,"href":"https:\/\/bibliotecajuridicavirtual.cl\/index.php\/wp-json\/wp\/v2\/product_cat?post=2529"},{"taxonomy":"product_tag","embeddable":true,"href":"https:\/\/bibliotecajuridicavirtual.cl\/index.php\/wp-json\/wp\/v2\/product_tag?post=2529"}],"curies":[{"name":"wp","href":"https:\/\/api.w.org\/{rel}","templated":true}]}}