{"id":2530,"date":"2026-02-28T01:02:15","date_gmt":"2026-02-28T04:02:15","guid":{"rendered":"https:\/\/bibliotecajuridicavirtual.cl\/?post_type=product&#038;p=2530"},"modified":"2026-02-28T01:02:22","modified_gmt":"2026-02-28T04:02:22","slug":"el-abuso-del-derecho-y-el-abuso-circunstancial-pablo-rodriguez-grez-2-edicion-actualizada-ano-2025-364-pag","status":"publish","type":"product","link":"https:\/\/bibliotecajuridicavirtual.cl\/index.php\/product\/el-abuso-del-derecho-y-el-abuso-circunstancial-pablo-rodriguez-grez-2-edicion-actualizada-ano-2025-364-pag\/","title":{"rendered":"El Abuso del Derecho y el Abuso Circunstancial * Pablo Rodr\u00edguez Grez * 2\u00b0 Edici\u00f3n actualizada a\u00f1o 2025 &#8211; 364 P\u00e1g."},"content":{"rendered":"<p style=\"font-weight: 400;\">Presentamos el texto correspondiente a la segunda edici\u00f3n actualizada de esta obra que desarrolla la instituci\u00f3n del abuso del Derecho como una de las obras nacionales que especialmente abordan esta materia, que superan los desarrollos limitados a cap\u00edtulos de obras de mayor extensi\u00f3n, introduciendo la caracterizaci\u00f3n del concepto de abuso circunstancial.<\/p>\n<p style=\"font-weight: 400;\">En la obra, el autor propone y desarrolla un marco conceptual y f\u00e1ctico sobre el que despliega su teor\u00eda atendiendo los desarrollos y avances tecnol\u00f3gicos y la posibilidad de generar desequilibrios en las relaciones jur\u00eddicas que deja a una de ellas en posici\u00f3n dominante, lo que permite desarrollar una teor\u00eda de aplicaci\u00f3n general, fundada en normativa nacional, para abordar situaciones de notoria injusticia en la ejecuci\u00f3n de un acto abusivo.<\/p>\n<p style=\"font-weight: 400;\">El amplio an\u00e1lisis de nuestro sistema, confiere a este dise\u00f1o una proyecci\u00f3n de importancia pr\u00e1ctica, atendidas las reflexiones y propuestas en el estudio cr\u00edtico de la materia en cuesti\u00f3n, adem\u00e1s de la importancia de esta materia en su proyecci\u00f3n aplicativa como herramienta, en tanto fundamento de la correcta aplicaci\u00f3n de la justicia.<\/p>\n<p style=\"font-weight: 400;\">El abuso del Derecho y el abuso circunstancial, en esta nueva edici\u00f3n actualizada, permitir\u00e1 a muchos la oportunidad de contar con este valioso aporte doctrinario en sus bibliotecas.<\/p>\n<p style=\"font-weight: 400;\"><b><strong>CAP\u00cdTULO PRIMERO<\/strong><\/b><br \/>\nM\u00c1S ALL\u00c1 DE LA LEY<\/p>\n<ol>\n<li style=\"font-weight: 400;\">Evoluci\u00f3n de la interpretaci\u00f3n jur\u00eddica<\/li>\n<li style=\"font-weight: 400;\">Teor\u00eda de la justicia<\/li>\n<li style=\"font-weight: 400;\">Teor\u00edas cognoscitivas<br \/>\n1.1. Naturalismo<br \/>\n1.2. Racionalismo<br \/>\n1.3. Intuicionismo<\/li>\n<li style=\"font-weight: 400;\">Teor\u00edas no cognoscitivas<br \/>\n2.1. Teor\u00edas voluntaristas<br \/>\n2.2. Teor\u00eda emotivista<\/li>\n<li style=\"font-weight: 400;\">Contenido de la justicia<br \/>\n3.1. Justicia Legal<br \/>\n3.2. Justicia Distributiva<br \/>\n3.3. Justicia Conmutativa<br \/>\n3.4. Justicia como ideolog\u00eda<\/li>\n<li style=\"font-weight: 400;\">Instituciones creadas por la doctrina jur\u00eddica que aten\u00faan el mandato del derecho objetivo<\/li>\n<li style=\"font-weight: 400;\">Teor\u00eda del \u201cabuso del derecho\u201d<br \/>\n2. Teor\u00eda del \u201cfraude a la ley\u201d<br \/>\n3. Teor\u00eda de la \u201cimprevisi\u00f3n\u201d<br \/>\n4. Teor\u00eda del \u201cacto propio\u201d<br \/>\n5. Teor\u00eda del \u201cabuso circunstancial\u201d<\/li>\n<li style=\"font-weight: 400;\">El derecho subjetivo<\/li>\n<li style=\"font-weight: 400;\">Teor\u00eda de la voluntad<br \/>\n2. Teor\u00eda del inter\u00e9s<br \/>\n3. Teor\u00eda del derecho subjetivo como voluntad e inter\u00e9s jur\u00eddicamente reconocidos<br \/>\n4. Teor\u00eda del derecho subjetivo como aspecto del derecho objetivo<\/li>\n<li style=\"font-weight: 400;\">Determinaci\u00f3n del inter\u00e9s jur\u00eddicamente protegido<\/li>\n<li style=\"font-weight: 400;\">Sanci\u00f3n del abuso<\/li>\n<\/ol>\n<p style=\"font-weight: 400;\"><b><strong>CAP\u00cdTULO SEGUNDO<\/strong><\/b><br \/>\n<b><strong>EL \u201cACTO ABUSIVO\u201d<\/strong><\/b><\/p>\n<ol>\n<li style=\"font-weight: 400;\">Relaci\u00f3n jur\u00eddica<\/li>\n<li style=\"font-weight: 400;\">Ejercicio del derecho subjetivo<\/li>\n<li style=\"font-weight: 400;\">Ruptura del equilibrio<\/li>\n<li style=\"font-weight: 400;\">Acto abusivo como pretensi\u00f3n de servirse de la alteraci\u00f3n del escenario f\u00e1ctico y la ruptura del equilibrio original<\/li>\n<li style=\"font-weight: 400;\">Elementos del \u201cacto abusivo\u201d<\/li>\n<li style=\"font-weight: 400;\">Existencia de un derecho subjetivo<br \/>\n2. Existencia de una \u201cpretensi\u00f3n\u201d o de una \u201cprestaci\u00f3n\u201d fundada en el ejercicio de un derecho subjetivo<br \/>\n3. La pretensi\u00f3n o prestaci\u00f3n que se reclama no corresponde a la satisfacci\u00f3n del \u201cinter\u00e9s jur\u00eddicamente protegido\u201d o bien lo excede y sobrepasa<br \/>\n4. Que no se trate de aquellos casos en que el \u201cinter\u00e9s protegido\u201d est\u00e1 dimensionado en la norma misma<br \/>\n5. Da\u00f1o patrimonial al obligado o sujeto pasivo<\/li>\n<li style=\"font-weight: 400;\">El \u201cacto abusivo\u201d puede tomar diversas formas<\/li>\n<li style=\"font-weight: 400;\">\u201cAbuso del derecho\u201d<br \/>\n2. \u201cAbuso circunstancial\u201d<br \/>\n3. \u201cAbuso de posici\u00f3n\u201d<br \/>\n4. \u201cAbuso de contrataci\u00f3n\u201d<\/li>\n<li style=\"font-weight: 400;\">El abuso como acto antifuncional<\/li>\n<li style=\"font-weight: 400;\">Descripci\u00f3n de la trama jur\u00eddica<\/li>\n<li style=\"font-weight: 400;\">Conclusiones<\/li>\n<\/ol>\n<p style=\"font-weight: 400;\"><b><strong>CAP\u00cdTULO TERCERO<\/strong><\/b><br \/>\n<b><strong>EL \u201cABUSO DEL DERECHO\u201d<\/strong><\/b><\/p>\n<ol>\n<li style=\"font-weight: 400;\">Antecedentes hist\u00f3ricos<\/li>\n<li style=\"font-weight: 400;\">\u00bfPuede abusarse del derecho?<\/li>\n<li style=\"font-weight: 400;\">Reconocimiento positivo del \u201cabuso del derecho\u201d<\/li>\n<li style=\"font-weight: 400;\">El ocaso del derecho subjetivo<\/li>\n<li style=\"font-weight: 400;\">Derechos subjetivos absolutos (o incausados) y relativos (o causados)<\/li>\n<li style=\"font-weight: 400;\">Naturaleza de los ordenamientos normativos<\/li>\n<li style=\"font-weight: 400;\">Criterios para calificar los casos de \u201cabuso del derecho\u201d<\/li>\n<li style=\"font-weight: 400;\">Criterio subjetivo<br \/>\n2. Criterio objetivo<br \/>\n3. Criterio ecl\u00e9ctico<br \/>\n4. El abuso como exceso o desviaci\u00f3n del inter\u00e9s<\/li>\n<li style=\"font-weight: 400;\">Naturaleza jur\u00eddica del acto abusivo<\/li>\n<li style=\"font-weight: 400;\">Licitud e ilicitud del acto abusivo<br \/>\n2. El perjuicio en el acto abusivo<br \/>\n3. El acto abusivo surge del ejercicio de un derecho subjetivo y lesiona un inter\u00e9s no tutelado<\/li>\n<li style=\"font-weight: 400;\">Abuso por exceso o desviaci\u00f3n del inter\u00e9s jur\u00eddicamente protegido en el derecho subjetivo<\/li>\n<li style=\"font-weight: 400;\">An\u00e1lisis de las normas jur\u00eddicas inspiradas en el concepto del \u201cabuso del derecho\u201d<\/li>\n<li style=\"font-weight: 400;\">An\u00e1lisis de la jurisprudencia<\/li>\n<li style=\"font-weight: 400;\">A modo de conclusiones<\/li>\n<\/ol>\n<p style=\"font-weight: 400;\"><b><strong>CAP\u00cdTULO CUARTO<\/strong><\/b><br \/>\n<b><strong>EL \u201cABUSO CIRCUNSTANCIAL\u201d<\/strong><\/b><\/p>\n<ol>\n<li style=\"font-weight: 400;\">Planteamiento del problema<\/li>\n<li style=\"font-weight: 400;\">Nulidad, resoluci\u00f3n, caducidad, resciliaci\u00f3n, retrocesi\u00f3n y otras causales de extinci\u00f3n o modificaci\u00f3n de una relaci\u00f3n jur\u00eddica<\/li>\n<li style=\"font-weight: 400;\">Relaci\u00f3n jur\u00eddica y \u201csituaci\u00f3n jur\u00eddica intersubjetiva\u201d<\/li>\n<li style=\"font-weight: 400;\">Presupuestos espec\u00edficos del \u201cabuso circunstancial\u201d<\/li>\n<li style=\"font-weight: 400;\">Extinci\u00f3n o modificaci\u00f3n de una \u201csituaci\u00f3n jur\u00eddica intersubjetiva\u201d<br \/>\n2. Existencia de efectos jur\u00eddicos irreversibles que alteran la valorizaci\u00f3n econ\u00f3mica de las cosas que fueron objeto de la relaci\u00f3n jur\u00eddica y que quedaron comprendidas en la \u201csituaci\u00f3n jur\u00eddica intersubjetiva\u201d<br \/>\n3. Principio de responsabilidad en la extinci\u00f3n o modificaci\u00f3n de la \u201csituaci\u00f3n jur\u00eddica intersubjetiva\u201d<br \/>\n4. Vinculaci\u00f3n jur\u00eddica entre el sujeto que sufre el perjuicio y el que procura el beneficio, as\u00ed sea que los efectos irreversibles impliquen a quienes forman parte de la relaci\u00f3n o a terceros integrados a la \u201csituaci\u00f3n jur\u00eddica intersubjetiva\u201d<br \/>\n5. Relaci\u00f3n causal entre el ejercicio del derecho subjetivo por medio del cual se extingue o se modifica una \u201csituaci\u00f3n jur\u00eddica intersubjetiva\u201d y el aprovechamiento de los efectos irreversibles que subsisten luego de la extinci\u00f3n o modificaci\u00f3n de la misma<\/li>\n<li style=\"font-weight: 400;\">Definici\u00f3n<\/li>\n<li style=\"font-weight: 400;\">Principios generales de derecho comprometidos<\/li>\n<li style=\"font-weight: 400;\">Teor\u00eda del \u201cabuso circunstancial\u201d<\/li>\n<\/ol>\n<p style=\"font-weight: 400;\"><b><strong>CAP\u00cdTULO QUINTO<\/strong><\/b><br \/>\n<b><strong>UNA CUESTI\u00d3N DE FONDO<\/strong><\/b><\/p>\n<ol>\n<li style=\"font-weight: 400;\">Soporte dogm\u00e1tico del \u201cabuso circunstancial\u201d<br \/>\n2. Algunas instituciones jur\u00eddicas inspiradas en los planteamientos enunciados<br \/>\n3. Los intereses como fundamento de la \u201csituaci\u00f3n jur\u00eddica intersubjetiva\u201d<\/li>\n<\/ol>\n","protected":false},"excerpt":{"rendered":"<p>Buscas un libro Jur\u00eddico.? Lo puedes encontrar en nuestra tienda virtual.<br \/>\nContamos con prestigiosos autores y muchas alternativas en sus diferentes materias al igual que grandes descuentos.! Vis\u00edtanos en <a class=\"RXGjbzcIFiUDdEDItiylehhPqXbXsZFcQyf \" tabindex=\"0\" href=\"https:\/\/lnkd.in\/eiAG7jdZ\" target=\"_blank\" rel=\"noopener\" data-test-app-aware-link=\"\">https:\/\/lnkd.in\/eiAG7jdZ<\/a><br \/>\nEscr\u00edbenos al +56930565235 \/ <a class=\"RXGjbzcIFiUDdEDItiylehhPqXbXsZFcQyf \" tabindex=\"0\" href=\"mailto:ventaslegallexglobal@gmail.com\" target=\"_self\" data-test-app-aware-link=\"\">ventaslegallexglobal@gmail.com<\/a><br \/>\nHacemos env\u00edos a todo Chile \u2013 Starken o Correos Chile \/ Te esperamos.<\/p>\n","protected":false},"featured_media":2560,"comment_status":"open","ping_status":"closed","template":"","meta":{"inline_featured_image":false,"_joinchat":[]},"product_brand":[],"product_cat":[27,26],"product_tag":[],"class_list":{"0":"post-2530","1":"product","2":"type-product","3":"status-publish","4":"has-post-thumbnail","6":"product_cat-civil","7":"product_cat-derecho","9":"first","10":"instock","11":"shipping-taxable","12":"purchasable","13":"product-type-simple"},"_links":{"self":[{"href":"https:\/\/bibliotecajuridicavirtual.cl\/index.php\/wp-json\/wp\/v2\/product\/2530","targetHints":{"allow":["GET"]}}],"collection":[{"href":"https:\/\/bibliotecajuridicavirtual.cl\/index.php\/wp-json\/wp\/v2\/product"}],"about":[{"href":"https:\/\/bibliotecajuridicavirtual.cl\/index.php\/wp-json\/wp\/v2\/types\/product"}],"replies":[{"embeddable":true,"href":"https:\/\/bibliotecajuridicavirtual.cl\/index.php\/wp-json\/wp\/v2\/comments?post=2530"}],"wp:featuredmedia":[{"embeddable":true,"href":"https:\/\/bibliotecajuridicavirtual.cl\/index.php\/wp-json\/wp\/v2\/media\/2560"}],"wp:attachment":[{"href":"https:\/\/bibliotecajuridicavirtual.cl\/index.php\/wp-json\/wp\/v2\/media?parent=2530"}],"wp:term":[{"taxonomy":"product_brand","embeddable":true,"href":"https:\/\/bibliotecajuridicavirtual.cl\/index.php\/wp-json\/wp\/v2\/product_brand?post=2530"},{"taxonomy":"product_cat","embeddable":true,"href":"https:\/\/bibliotecajuridicavirtual.cl\/index.php\/wp-json\/wp\/v2\/product_cat?post=2530"},{"taxonomy":"product_tag","embeddable":true,"href":"https:\/\/bibliotecajuridicavirtual.cl\/index.php\/wp-json\/wp\/v2\/product_tag?post=2530"}],"curies":[{"name":"wp","href":"https:\/\/api.w.org\/{rel}","templated":true}]}}