{"id":2531,"date":"2026-02-28T01:02:15","date_gmt":"2026-02-28T04:02:15","guid":{"rendered":"https:\/\/bibliotecajuridicavirtual.cl\/?post_type=product&#038;p=2531"},"modified":"2026-02-28T01:02:23","modified_gmt":"2026-02-28T04:02:23","slug":"derecho-internacional-de-los-derechos-humanos-teoria-y-praxis-claudio-nash-rojas-edicion-ano-2025-378-pag","status":"publish","type":"product","link":"https:\/\/bibliotecajuridicavirtual.cl\/index.php\/product\/derecho-internacional-de-los-derechos-humanos-teoria-y-praxis-claudio-nash-rojas-edicion-ano-2025-378-pag\/","title":{"rendered":"Derecho Internacional de los Derechos Humanos &#8211; Teor\u00eda y Praxis * Claudio Nash Rojas * edici\u00f3n a\u00f1o 2025 &#8211; 378 P\u00e1g."},"content":{"rendered":"<p style=\"font-weight: 400;\">Si bien el sistema normativo relativo a la protecci\u00f3n internacional de los derechos humanos es de reciente data, ha tenido un vertiginoso desarrollo hace necesaria su sistematizaci\u00f3n al objeto de ir formulando una teor\u00eda sobre el derecho internacional de los derechos humanos que permita su estudio en profundidad. Este documento pretende ser un aporte en la clarificaci\u00f3n sobre los principales aspectos de lo que hoy se conoce como Derecho Internacional de los Derechos Humanos (DIDH).<\/p>\n<p style=\"font-weight: 400;\">Adem\u00e1s, el estudio del sistema internacional de derechos humanos requiere de un esfuerzo clarificador, toda vez que su impacto en el \u00e1mbito quiere nacional es cada vez mayor. Es una cuesti\u00f3n com\u00fanmente aceptada que los derechos humanos cumplen un rol de validaci\u00f3n de la actividad estatal. Lo interesante del proceso iniciado a mediados del siglo XX es que la fuente de estos derechos se ha ido complejizando y ya no se limita al \u00e1mbito interno, sino que tambi\u00e9n comprende el internacional. De all\u00ed que cada vez se hace m\u00e1s necesario estudiar adecuadamente el alcance de la vertiente internacional de esta protecci\u00f3n, \u00fanica forma de dimensionar el impacto que el desarrollo de este sistema tiene en el campo nacional.<\/p>\n<p style=\"font-weight: 400;\">Los casos usados en secci\u00f3n &#8220;Casos de Estudio&#8221; pueden tener base en hechos o casos reales, pero han sido modificados con fines pedag\u00f3gicos.<\/p>\n<p style=\"font-weight: 400;\">El estudio estar\u00e1 dividido en cinco secciones: la primera (I), introducci\u00f3n a la protecci\u00f3n internacional de derechos humanos. La segunda (II) est\u00e1 dedicada a explicar la teor\u00eda general del DIDH. La tercera parte (III) trata sobre los mecanismos de protecci\u00f3n internacional. La cuarta parte (IV) trata sobre la relaci\u00f3n del DIDH con otros sistemas normativos de car\u00e1cter humanitario. La quinta parte (V) est\u00e1 destinada al estudio de casos desde un enfoque de derechos humanos.<\/p>\n<p style=\"font-weight: 400;\">En definitiva, este Curso da cuenta del estado actual del Derecho Internacional de los Derechos Humanos a la luz de 20 a\u00f1os de dictarse<\/p>\n<p style=\"font-weight: 400;\"><b><strong>CAP\u00cdTULO I<\/strong><\/b><br \/>\n<b><strong>INTRODUCCI\u00d3N A LA PROTECCI\u00d3N INTERNACIONAL DE LOS DERECHOS HUMANOS<\/strong><\/b><\/p>\n<ol>\n<li style=\"font-weight: 400;\">Derecho internacional y protecci\u00f3n de derechos. Antecedentes remotos<\/li>\n<li style=\"font-weight: 400;\">Hitos en la historia de la consagraci\u00f3n internacional de los derechos humanos<br \/>\n2.1. El fracaso de los mecanismos de protecci\u00f3n nacional e internacional de los derechos individuales<br \/>\n2.2. El gran cambio para el derecho internacional: la experiencia de las guerras mundiales<\/li>\n<li style=\"font-weight: 400;\">Prop\u00f3sitos de la protecci\u00f3n internacional<\/li>\n<li style=\"font-weight: 400;\">La especial naturaleza del DIDH y su impacto en las fuentes del derecho internacional<\/li>\n<\/ol>\n<p style=\"font-weight: 400;\"><b><strong>CAP\u00cdTULO II<\/strong><\/b><br \/>\n<b><strong>TEOR\u00cdA GENERAL DEL DERECHO INTERNACIONAL DE LOS DERECHOS HUMANOS<\/strong><\/b><\/p>\n<ol>\n<li style=\"font-weight: 400;\">Concepto y caracter\u00edsticas de los derechos humanos<\/li>\n<li style=\"font-weight: 400;\">Categor\u00edas de derechos<br \/>\n2.1. Las categor\u00edas y su discusi\u00f3n actual<br \/>\n2.2. Derecho a la salud<br \/>\n2.3. Exigibilidad de los derechos econ\u00f3micos, sociales y culturales<br \/>\n2.4. Los derechos colectivos<\/li>\n<li style=\"font-weight: 400;\">Normas Comunes<br \/>\n3.1. El cat\u00e1logo de derechos y su estructura<br \/>\n3.2. Las obligaciones generales<br \/>\n3.3. Los l\u00edmites leg\u00edtimos: restricciones y suspensiones<br \/>\n3.4. La interpretaci\u00f3n<\/li>\n<li style=\"font-weight: 400;\">La responsabilidad internacional del Estado<br \/>\n4.1. Elementos de la responsabilidad internacional del Estado por violaciones de derechos humanos<br \/>\n4.2. Momento en que se configura la responsabilidad internacional y sus efectos<br \/>\n4.3. Excepciones a la responsabilidad<\/li>\n<li style=\"font-weight: 400;\">La obligaci\u00f3n de reparar a la v\u00edctima<br \/>\n5.1. Naturaleza y concepto de la obligaci\u00f3n de reparar<br \/>\n5.2. Modalidades de reparaci\u00f3n<br \/>\n5.3. Violaciones graves y sistem\u00e1ticas y Reparaci\u00f3n Integral<br \/>\n5.4. Criterios de legitimidad de las medidas de reparaci\u00f3n<\/li>\n<\/ol>\n<p style=\"font-weight: 400;\"><b><strong>CAP\u00cdTULO III<\/strong><\/b><br \/>\n<b><strong>MECANISMOS DE PROTECCI\u00d3N INTERNACIONAL DE DD.HH<\/strong><\/b><\/p>\n<ol>\n<li style=\"font-weight: 400;\">Aspectos generales<\/li>\n<li style=\"font-weight: 400;\">El sistema de Naciones Unidas (ONU)<br \/>\n2.1. Sistema basado en la Carta de la ONU<br \/>\n2.2. Sistema basado en los tratados de DD.HH<br \/>\n2.3. Procedimiento de casos individuales (Comit\u00e9 de Derechos Humanos)<\/li>\n<li style=\"font-weight: 400;\">El sistema Interamericano (OEA)<br \/>\n3.1. Sistema basado en la Carta de la OEA<br \/>\n3.2. Sistema basado en la Convenci\u00f3n Americana sobre Derechos Humanos (1969)<br \/>\n3.3. Procedimiento de casos individuales OEA<\/li>\n<li style=\"font-weight: 400;\">Otros sistemas regionales de derechos humanos<br \/>\n4.1. Sistema europeo<br \/>\n4.2. Sistema africano<\/li>\n<\/ol>\n<p style=\"font-weight: 400;\"><b><strong>CAP\u00cdTULO IV<\/strong><\/b><br \/>\n<b><strong>SISTEMAS NORMATIVOS HUMANITARIOS Y DIDH<\/strong><\/b><\/p>\n<ol>\n<li style=\"font-weight: 400;\">Derecho Internacional Humanitario<\/li>\n<li style=\"font-weight: 400;\">Derecho Internacional Refugiados<\/li>\n<li style=\"font-weight: 400;\">Derecho Penal Internacional<br \/>\n3.1. Corte Penal Internacional<br \/>\n3.2. Cr\u00edmenes internacionales<br \/>\n3.3. Las cuestiones de acceso a la justicia internacional y complementariedad<\/li>\n<li style=\"font-weight: 400;\">Derecho medio Ambiental<\/li>\n<\/ol>\n<p style=\"font-weight: 400;\"><b><strong>CAP\u00cdTULO V<\/strong><\/b><br \/>\n<b><strong>ESTUDIO DE CASOS DE DIDH<\/strong><\/b><\/p>\n<ol>\n<li style=\"font-weight: 400;\">Derecho a la vida<br \/>\n1.1. Aspectos generales<br \/>\n1.2. Calidad de vida<br \/>\n1.3. Pena de muerte<br \/>\n1.4. Situaciones de riesgo: ind\u00edgenas, defensores de derechos humanos, privados de libertad, personas trans y uso de la fuerza policial<br \/>\n1.5. La obligaci\u00f3n de garant\u00eda respecto de actos de privados<\/li>\n<li style=\"font-weight: 400;\">Prohibici\u00f3n de la tortura<br \/>\n2.1. Aspectos generales<br \/>\n2.2. Derecho a la Integridad Personal<br \/>\n2.3. La prohibici\u00f3n de tortura y otros tratos crueles inhumanos y degradantes<br \/>\n2.4. Otras formas de afectaci\u00f3n de la integridad personal<br \/>\n2.5. Las obligaciones del Estado respecto del derecho a la integridad personal<\/li>\n<li style=\"font-weight: 400;\">Libertad de expresi\u00f3n<br \/>\n3.1. Aspectos generales<br \/>\n3.2. Dimensiones<br \/>\n3.3. Restricciones<br \/>\n3.4. Discursos de odio<\/li>\n<li style=\"font-weight: 400;\">Libertad Personal<br \/>\n4.1. Aspectos generales<br \/>\n4.2. Legalidad y no arbitrariedad en la privaci\u00f3n de libertad<br \/>\n4.3. Informaci\u00f3n sobre las razones de la privaci\u00f3n de libertad<br \/>\n4.4. Control judicial y prisi\u00f3n preventiva<br \/>\n4.5. La acci\u00f3n de \u201ch\u00e1beas corpus\u201d<\/li>\n<li style=\"font-weight: 400;\">Debido proceso<br \/>\n5.1. Aspectos generales<br \/>\n5.2. Configurando el Derecho a un Debido Proceso<br \/>\n5.3. Algunos desarrollos relevantes en materia de debido proceso<\/li>\n<li style=\"font-weight: 400;\">Protecci\u00f3n judicial\u2013acceso a la justicia<br \/>\n6.1. Aspectos generales<br \/>\n6.2. Jurisprudencia<\/li>\n<li style=\"font-weight: 400;\">Sujetos de especial de protecci\u00f3n<br \/>\n7.1. An\u00e1lisis de casos respecto de sujetos de especial protecci\u00f3n<br \/>\n7.2. Derechos de las mujeres<br \/>\n7.3. Derechos de los ni\u00f1os y ni\u00f1as<br \/>\n7.4. Derechos de los pueblos ind\u00edgenas<br \/>\n7.5. Obligaciones del Estado frente a titulares sujetos de especial protecci\u00f3n<\/li>\n<\/ol>\n","protected":false},"excerpt":{"rendered":"<p>Buscas un libro Jur\u00eddico.? Lo puedes encontrar en nuestra tienda virtual.<br \/>\nContamos con prestigiosos autores y muchas alternativas en sus diferentes materias al igual que grandes descuentos.! Vis\u00edtanos en <a class=\"RXGjbzcIFiUDdEDItiylehhPqXbXsZFcQyf \" tabindex=\"0\" href=\"https:\/\/lnkd.in\/eiAG7jdZ\" target=\"_blank\" rel=\"noopener\" data-test-app-aware-link=\"\">https:\/\/lnkd.in\/eiAG7jdZ<\/a><br \/>\nEscr\u00edbenos al +56930565235 \/ <a class=\"RXGjbzcIFiUDdEDItiylehhPqXbXsZFcQyf \" tabindex=\"0\" href=\"mailto:ventaslegallexglobal@gmail.com\" target=\"_self\" data-test-app-aware-link=\"\">ventaslegallexglobal@gmail.com<\/a><br \/>\nHacemos env\u00edos a todo Chile \u2013 Starken o Correos Chile \/ Te esperamos<\/p>\n","protected":false},"featured_media":2561,"comment_status":"open","ping_status":"closed","template":"","meta":{"inline_featured_image":false,"_joinchat":[]},"product_brand":[],"product_cat":[27,33,26,43],"product_tag":[],"class_list":{"0":"post-2531","1":"product","2":"type-product","3":"status-publish","4":"has-post-thumbnail","6":"product_cat-civil","7":"product_cat-constitucional","8":"product_cat-derecho","9":"product_cat-derecho-internacional","11":"first","12":"instock","13":"shipping-taxable","14":"purchasable","15":"product-type-simple"},"_links":{"self":[{"href":"https:\/\/bibliotecajuridicavirtual.cl\/index.php\/wp-json\/wp\/v2\/product\/2531","targetHints":{"allow":["GET"]}}],"collection":[{"href":"https:\/\/bibliotecajuridicavirtual.cl\/index.php\/wp-json\/wp\/v2\/product"}],"about":[{"href":"https:\/\/bibliotecajuridicavirtual.cl\/index.php\/wp-json\/wp\/v2\/types\/product"}],"replies":[{"embeddable":true,"href":"https:\/\/bibliotecajuridicavirtual.cl\/index.php\/wp-json\/wp\/v2\/comments?post=2531"}],"wp:featuredmedia":[{"embeddable":true,"href":"https:\/\/bibliotecajuridicavirtual.cl\/index.php\/wp-json\/wp\/v2\/media\/2561"}],"wp:attachment":[{"href":"https:\/\/bibliotecajuridicavirtual.cl\/index.php\/wp-json\/wp\/v2\/media?parent=2531"}],"wp:term":[{"taxonomy":"product_brand","embeddable":true,"href":"https:\/\/bibliotecajuridicavirtual.cl\/index.php\/wp-json\/wp\/v2\/product_brand?post=2531"},{"taxonomy":"product_cat","embeddable":true,"href":"https:\/\/bibliotecajuridicavirtual.cl\/index.php\/wp-json\/wp\/v2\/product_cat?post=2531"},{"taxonomy":"product_tag","embeddable":true,"href":"https:\/\/bibliotecajuridicavirtual.cl\/index.php\/wp-json\/wp\/v2\/product_tag?post=2531"}],"curies":[{"name":"wp","href":"https:\/\/api.w.org\/{rel}","templated":true}]}}