{"id":2532,"date":"2026-02-28T01:02:15","date_gmt":"2026-02-28T04:02:15","guid":{"rendered":"https:\/\/bibliotecajuridicavirtual.cl\/?post_type=product&#038;p=2532"},"modified":"2026-02-28T01:02:23","modified_gmt":"2026-02-28T04:02:23","slug":"la-accion-de-amparo-analisis-desde-su-operatividad-jurisprudencial-en-el-proceso-penal-claudio-fierro-morales-agustin-walker-martinez","status":"publish","type":"product","link":"https:\/\/bibliotecajuridicavirtual.cl\/index.php\/product\/la-accion-de-amparo-analisis-desde-su-operatividad-jurisprudencial-en-el-proceso-penal-claudio-fierro-morales-agustin-walker-martinez\/","title":{"rendered":"La Acci\u00f3n de Amparo * An\u00e1lisis desde su Operatividad Jurisprudencial en el Proceso Penal * Claudio Fierro Morales &#8211; Agust\u00edn Walker Mart\u00ednez"},"content":{"rendered":"<p style=\"font-weight: 400;\">El libro es la consecuencia de un extenso trabajo de recopilaci\u00f3n, sistematizaci\u00f3n y an\u00e1lisis de jurisprudencia de la Corte Suprema, al conocer de acciones de amparo presentadas en asuntos penales.<\/p>\n<p style=\"font-weight: 400;\">El objetivo del libro es dar al lector\/a un panorama completo sobre el estado del arte en la materia, de manera esquem\u00e1tica y pedag\u00f3gica, permitiendo comprender los principales debates actuales en materia de amparo en asuntos penales, y con ello, entender la operatividad de instituciones procesales penales de relevancia pr\u00e1ctica y te\u00f3rica. Lo anterior permite reconstruir aspectos esenciales del proceso penal desde los criterios jurisprudenciales sostenidos por los Tribunales superiores. Se busca espec\u00edficamente otorgar herramientas de litigaci\u00f3n a los intervinientes y operadores del sistema penal, y contribuir al debate acad\u00e9mico en la materia.<\/p>\n<p style=\"font-weight: 400;\">El trabajo pretende, adem\u00e1s, construir conceptual y jur\u00eddicamente la acci\u00f3n de amparo constitucional, desde su operatividad jurisprudencial, buscando relevar la amplitud de supuestos que abarca, como mecanismo indispensable de resguardo de la libertad personal y seguridad individual.<\/p>\n<ol>\n<li style=\"font-weight: 400;\"><b><strong> INTRODUCCI\u00d3N<\/strong><\/b><\/li>\n<li style=\"font-weight: 400;\"><b><strong> METODOLOG\u00cdA Y SELECCI\u00d3N DE CASOS<\/strong><\/b><\/li>\n<\/ol>\n<p style=\"font-weight: 400;\"><b><strong>III. LA ACCI\u00d3N CONSTITUCIONAL DE AMPARO: REGULACI\u00d3N Y CARACTER\u00cdSTICAS<\/strong><\/b><\/p>\n<p style=\"font-weight: 400;\">3.1. Aspectos generales de regulaci\u00f3n y tramitaci\u00f3n.<\/p>\n<p style=\"font-weight: 400;\">3.2. El poder judicial como garant\u00eda contramayoritaria y el amparo como mecanismo de \u201ctriple control\u201d<\/p>\n<p style=\"font-weight: 400;\">3.3. Procedencia contra resoluciones judiciales<br \/>\n3.3.1. Procedencia contra resoluciones dictadas por Cortes de Apelaciones<br \/>\nCriterio jurisprudencial<\/p>\n<p style=\"font-weight: 400;\">3.4. Interposici\u00f3n paralela con otros recursos<br \/>\nCriterio jurisprudencial<\/p>\n<p style=\"font-weight: 400;\">3.5. Procedencia de la acci\u00f3n constitucional de amparo una vez interpuesto el amparo ante juez de garant\u00eda del art. 95 CPP<br \/>\nCriterio doctrinal<\/p>\n<p style=\"font-weight: 400;\">3.6. Hip\u00f3tesis de inadmisibilidad<br \/>\nCriterio jurisprudencial<\/p>\n<p style=\"font-weight: 400;\">3.7. Amparo como preparaci\u00f3n del recurso de nulidad<\/p>\n<ol>\n<li style=\"font-weight: 400;\"><b><strong> LA ACCI\u00d3N CONSTITUCIONAL DE AMPARO EN LA JURISPRUDENCIA DE LA CORTE SUPREMA<\/strong><\/b><\/li>\n<\/ol>\n<p style=\"font-weight: 400;\">4.1. Resguardo de garant\u00edas procesales<br \/>\n4.1.1. La integridad judicial y el debido proceso<br \/>\na) Citaciones judiciales, \u00f3rdenes de detenci\u00f3n y amparo<br \/>\nCriterio jurisprudencial<br \/>\nb) Ampliaci\u00f3n plazo de detenci\u00f3n<br \/>\nCriterio jurisprudencial<br \/>\nc) Imparcialidad del Tribunal<br \/>\nCriterio jurisprudencial<br \/>\nd) Amparo y control de la legalidad de los actos del procedimiento<br \/>\nCriterio jurisprudencial<br \/>\ne) Derecho a defensa<br \/>\nCriterio jurisprudencial<br \/>\nf) Derecho a ser juzgado en un plazo razonable<br \/>\nCriterio jurisprudencial<br \/>\ng) Fundamentaci\u00f3n de las resoluciones judiciales<br \/>\nCriterio jurisprudencial<br \/>\nh) Derecho al recurso<br \/>\nCriterio jurisprudencial<br \/>\n4.1.2. Procedimiento de aplicaci\u00f3n de medidas de seguridad<br \/>\nCriterio jurisprudencial<\/p>\n<p style=\"font-weight: 400;\">4.2. Resguardo de garant\u00edas en el marco de la ley de responsabilidad penal adolescente<br \/>\n4.2.1. Medidas Cautelares<br \/>\n4.2.2. Prescripci\u00f3n<br \/>\n4.2.3. Proscripci\u00f3n del ingreso de sentencias de adolescentes al \u201cRegistro de ADN\u201d (Ley N\u00ba 19.970)<br \/>\n4.2.4. Ampliaciones de plazo: afectaciones al art. 38 ley 20.084<br \/>\n4.2.5. Adecuaci\u00f3n de sanciones<br \/>\nCriterio jurisprudencial<\/p>\n<p style=\"font-weight: 400;\">4.3. Prisi\u00f3n preventiva y dem\u00e1s medidas cautelares personales<br \/>\n4.3.1. Breves consideraciones sobre la prisi\u00f3n preventiva en el sistema procesal penal chileno: sus fundamentos, l\u00edmites y alcances<br \/>\n4.3.2. Excepcionalidad e instrumentalidad de la prisi\u00f3n preventiva: su integraci\u00f3n desde el deber de fundamentaci\u00f3n<br \/>\n4.3.3. Proporcionalidad de la prisi\u00f3n preventiva<br \/>\n4.3.4. Prisi\u00f3n preventiva anticipada<br \/>\nCriterio jurisprudencial<\/p>\n<p style=\"font-weight: 400;\">4.4. Acci\u00f3n de amparo y perspectiva de g\u00e9nero<br \/>\nCriterio jurisprudencial<\/p>\n<p style=\"font-weight: 400;\">4.5. Asuntos penitenciarios<br \/>\n4.5.1. Sustituciones de condenas por motivos de salud<br \/>\n4.5.2. Beneficios intrapenitenciarios y reducci\u00f3n de condena<br \/>\n4.5.3. Traslados<br \/>\n4.5.4. Penas sustitutivas<br \/>\n4.5.5. Pena mixta<br \/>\n4.5.6. Vulneraciones de derechos dentro de c\u00e1rceles<br \/>\n4.5.7. Celdas de aislamiento<br \/>\n4.5.8. Uso de grilletes<br \/>\n4.5.9. Sustituci\u00f3n de pena de multa por reclusi\u00f3n<br \/>\nCriterio jurisprudencial<\/p>\n<p style=\"font-weight: 400;\">4.6. Amparo y migraci\u00f3n<br \/>\n4.6.1. Expulsi\u00f3n<br \/>\n4.6.2. Derecho a int\u00e9rprete<br \/>\nCriterio jurisprudencial<\/p>\n<p style=\"font-weight: 400;\">4.7. Otros criterios jurisprudenciales respecto a la acci\u00f3n de amparo<br \/>\n4.7.1. Abonos homog\u00e9neos y heterog\u00e9neos<br \/>\nCriterio jurisprudencial<br \/>\n4.7.2. Prescripci\u00f3n de la pena<br \/>\nCriterio jurisprudencial<br \/>\n4.7.3. Media prescripci\u00f3n o prescripci\u00f3n gradual de la pena<br \/>\nCriterio jurisprudencial<br \/>\n4.7.4. Amparo y control del empleo de fuerza p\u00fablica: los casos del \u201cestallido social\u201d<br \/>\nCriterio jurisprudencial<\/p>\n<p style=\"font-weight: 400;\">4.8. Criterios de la segunda sala en amparos y reactividad legislativa<\/p>\n<ol>\n<li style=\"font-weight: 400;\"><b><strong> REFLEXIONES FINALES<\/strong><\/b><\/li>\n<li style=\"font-weight: 400;\"><b><strong> ANEXOS<\/strong><\/b><\/li>\n<\/ol>\n<p style=\"font-weight: 400;\"><b><strong>VII. REFERENCIAS<\/strong><\/b><\/p>\n","protected":false},"excerpt":{"rendered":"<p>Edici\u00f3n Actualizada Noviembre a\u00f1o 2025 &#8211; 360 P\u00e1ginas &#8211; Tapa Dura<br \/>\nBuscas un libro Jur\u00eddico.? Lo puedes encontrar en nuestra tienda virtual.<br \/>\nContamos con prestigiosos autores y muchas alternativas en sus diferentes materias al igual que grandes descuentos.! Vis\u00edtanos en <a class=\"RXGjbzcIFiUDdEDItiylehhPqXbXsZFcQyf \" tabindex=\"0\" href=\"https:\/\/lnkd.in\/eiAG7jdZ\" target=\"_blank\" rel=\"noopener\" data-test-app-aware-link=\"\">https:\/\/lnkd.in\/eiAG7jdZ<\/a><br \/>\nEscr\u00edbenos al +56930565235 \/ <a class=\"RXGjbzcIFiUDdEDItiylehhPqXbXsZFcQyf \" tabindex=\"0\" href=\"mailto:ventaslegallexglobal@gmail.com\" target=\"_self\" data-test-app-aware-link=\"\">ventaslegallexglobal@gmail.com<\/a><br \/>\nHacemos env\u00edos a todo Chile \u2013 Starken o Correos Chile \/ Te esperamos<\/p>\n","protected":false},"featured_media":2562,"comment_status":"open","ping_status":"closed","template":"","meta":{"inline_featured_image":false,"_joinchat":[]},"product_brand":[],"product_cat":[33,26,30],"product_tag":[],"class_list":{"0":"post-2532","1":"product","2":"type-product","3":"status-publish","4":"has-post-thumbnail","6":"product_cat-constitucional","7":"product_cat-derecho","8":"product_cat-penal","10":"first","11":"instock","12":"shipping-taxable","13":"purchasable","14":"product-type-simple"},"_links":{"self":[{"href":"https:\/\/bibliotecajuridicavirtual.cl\/index.php\/wp-json\/wp\/v2\/product\/2532","targetHints":{"allow":["GET"]}}],"collection":[{"href":"https:\/\/bibliotecajuridicavirtual.cl\/index.php\/wp-json\/wp\/v2\/product"}],"about":[{"href":"https:\/\/bibliotecajuridicavirtual.cl\/index.php\/wp-json\/wp\/v2\/types\/product"}],"replies":[{"embeddable":true,"href":"https:\/\/bibliotecajuridicavirtual.cl\/index.php\/wp-json\/wp\/v2\/comments?post=2532"}],"wp:featuredmedia":[{"embeddable":true,"href":"https:\/\/bibliotecajuridicavirtual.cl\/index.php\/wp-json\/wp\/v2\/media\/2562"}],"wp:attachment":[{"href":"https:\/\/bibliotecajuridicavirtual.cl\/index.php\/wp-json\/wp\/v2\/media?parent=2532"}],"wp:term":[{"taxonomy":"product_brand","embeddable":true,"href":"https:\/\/bibliotecajuridicavirtual.cl\/index.php\/wp-json\/wp\/v2\/product_brand?post=2532"},{"taxonomy":"product_cat","embeddable":true,"href":"https:\/\/bibliotecajuridicavirtual.cl\/index.php\/wp-json\/wp\/v2\/product_cat?post=2532"},{"taxonomy":"product_tag","embeddable":true,"href":"https:\/\/bibliotecajuridicavirtual.cl\/index.php\/wp-json\/wp\/v2\/product_tag?post=2532"}],"curies":[{"name":"wp","href":"https:\/\/api.w.org\/{rel}","templated":true}]}}