{"id":2535,"date":"2026-02-28T01:02:15","date_gmt":"2026-02-28T04:02:15","guid":{"rendered":"https:\/\/bibliotecajuridicavirtual.cl\/?post_type=product&#038;p=2535"},"modified":"2026-02-28T01:02:25","modified_gmt":"2026-02-28T04:02:25","slug":"actas-de-las-x-jornadas-nacionales-de-derecho-procesal-coordinador-fernando-orellana-torres-1-edicion-ano-2025-316-paginas","status":"publish","type":"product","link":"https:\/\/bibliotecajuridicavirtual.cl\/index.php\/product\/actas-de-las-x-jornadas-nacionales-de-derecho-procesal-coordinador-fernando-orellana-torres-1-edicion-ano-2025-316-paginas\/","title":{"rendered":"Actas de las X Jornadas Nacionales de Derecho Procesal * Coordinador: Fernando Orellana Torres &#8211; 1\u00b0 edici\u00f3n a\u00f1o 2025 * 316 P\u00e1ginas"},"content":{"rendered":"<p>El presente libro contiene parte de las ponencias que estudiantes y acad\u00e9micos presentaron en San Pedro de Atacama (en el Desierto de Atacama en Chile), en el mes de octubre del a\u00f1o 2023, como parte de las X Jornadas Nacionales de Derecho Procesal, organizadas por el Consorcio Nacional de Derecho Procesal de la que forman parte la Universidad de Chile, la Pontificia Universidad Cat\u00f3lica de Chile, la Pontificia Universidad Cat\u00f3lica de Valpara\u00edso, la Universidad de Concepci\u00f3n, la Universidad de Talca, la Universidad de los Andes, la Universidad de Valpara\u00edso, la Universidad Austral de Chile, la Universidad Diego Portales, la Universidad del Desarrollo, la Universidad Adolfo Ib\u00e1\u00f1ez, el Instituto Chileno de Derecho Procesal, y la Universidad Cat\u00f3lica del Norte como anfitriones\u00a0 de estas Jornadas Nacionales.<\/p>\n<p style=\"font-weight: 400;\"><b><strong>CAP\u00cdTULO I<\/strong><\/b><br \/>\n<b><strong>LA INDEPENDENCIA E IMPARCIALIDAD DEL JUZGADOR COMO GARANT\u00cdA CONSTITUCIONAL Y PROPUESTA DE CAMBIO AL SISTEMA LEGAL<\/strong><\/b><br \/>\nValentina A. Camus Ram\u00edrez &#8211; Florencia A. P\u00e9rez Natsiopoulos<\/p>\n<ol>\n<li style=\"font-weight: 400;\">Introducci\u00f3n<br \/>\n2. Propuesta para la nueva constituci\u00f3n: reconocimiento expreso<br \/>\n3. Regulaci\u00f3n legal<\/li>\n<\/ol>\n<p style=\"font-weight: 400;\"><b><strong>CAP\u00cdTULO II<\/strong><\/b><br \/>\n<b><strong>PENSI\u00d3N DE ALIMENTOS: POSIBLES MECANISMOS DE SOLUCI\u00d3N PARA LOS CONFLICTOS EXISTENTES EN LA ACTUALIDAD RESPECTO A SU PAGO<\/strong><\/b><br \/>\nJos\u00e9 Pablo Cer\u00f3n Err\u00e1zuriz &#8211; Raimundo Osorio Geisse &#8211; Maximiliano Vald\u00e9s Saavedra<\/p>\n<ol>\n<li style=\"font-weight: 400;\">Introducci\u00f3n<br \/>\n2. La pensi\u00f3n alimenticia en Chile<br \/>\n3. Intentos legislativos para lograr su cumplimiento<br \/>\n4. Posibles mecanismos alternativos para complementar la legislaci\u00f3n<br \/>\n5. El embargo electr\u00f3nico<br \/>\n6. Embargo electr\u00f3nico continuo<br \/>\n7. Conclusi\u00f3n<\/li>\n<\/ol>\n<p style=\"font-weight: 400;\"><b><strong>CAP\u00cdTULO III<\/strong><\/b><br \/>\n<b><strong>INTELIGENCIA ARTIFICIAL Y PROCESO: UNA (BREVE) DEFENSA DEL FACTOR HUMANO<\/strong><\/b><br \/>\nConstanza Le\u00f3n Montero<\/p>\n<ol>\n<li style=\"font-weight: 400;\">Introducci\u00f3n<\/li>\n<li style=\"font-weight: 400;\">Funcionamiento<\/li>\n<li style=\"font-weight: 400;\">Argumentos a favor de la aplicaci\u00f3n de inteligencia artificial en el proceso<br \/>\n3.1 El factor econ\u00f3mico<br \/>\n3.2 Objetividad de las m\u00e1quinas<\/li>\n<\/ol>\n<p style=\"font-weight: 400;\"><b><strong>CAP\u00cdTULO IV<\/strong><\/b><br \/>\n<b><strong>REPENSANDO EL ISN EN EL PROCEDIMIENTO DE FAMILIA CHILENO<\/strong><\/b><br \/>\nYerko Sagredo Srdanovic &#8211; Francisca Valencia Arias<\/p>\n<ol>\n<li style=\"font-weight: 400;\">Introducci\u00f3n<br \/>\n2. Planteamiento del problema<br \/>\n3. ISN como norma de procedimiento: NNA como parte en el proceso<br \/>\n4. ISN como principio interpretativo: un imperativo en la labor jurisdiccional<\/li>\n<\/ol>\n<p style=\"font-weight: 400;\"><b><strong>CAP\u00cdTULO V<\/strong><\/b><br \/>\n<b><strong>TECNOLOG\u00cdA, INTELIGENCIA ARTIFICIAL Y JUEZ<\/strong><\/b><br \/>\nDiego Palomo V\u00e9lez &#8211; Diego Vald\u00e9s Quinteros<\/p>\n<ol>\n<li style=\"font-weight: 400;\">Introducci\u00f3n<br \/>\n2. Sobre la tecnolog\u00eda y la inteligencia artificial en general<br \/>\n3. Sobre la inteligencia artificial en el derecho y el sistema judicial<br \/>\n4. La IA ah\u00ed donde es \u00fatil sin mayores riesgos<br \/>\n5. IA y garant\u00edas procesales, especialmente la motivaci\u00f3n de la sentencia: trasparencia, responsabilidad y factor humano<br \/>\n6. A modo de cierre: la consideraci\u00f3n del factor humano como control o l\u00edmite a la inteligencia artificial<\/li>\n<\/ol>\n<p style=\"font-weight: 400;\"><b><strong>CAP\u00cdTULO VI<\/strong><\/b><br \/>\n<b><strong>TENDENCIAS ACTUALES DE LA CONFIGURACI\u00d3N DEL PROCESO CIVIL<\/strong><\/b><br \/>\nJuan F. Herrero Perezagua<\/p>\n<ol>\n<li style=\"font-weight: 400;\">La soluci\u00f3n extrajudicial<br \/>\n2. La gesti\u00f3n activa del procedimiento<br \/>\n3. Pactos procesales<br \/>\n4. Instrumentos y medidas de especial protecci\u00f3n para los sujetos vulnerables<br \/>\n5. Agilizaci\u00f3n y simplificaci\u00f3n del proceso<br \/>\n6. Externalizaci\u00f3n<br \/>\n7. Reorganizaci\u00f3n<\/li>\n<\/ol>\n<p style=\"font-weight: 400;\"><b><strong>CAP\u00cdTULO VII<\/strong><\/b><br \/>\n<b><strong>JUSTICIA TELEM\u00c1TICA POST COVID-19: UN AN\u00c1LISIS DE CARA A LA NORMALIDAD Y UNA MIRADA A SOLUCIONES COMPARADAS<\/strong><\/b><br \/>\nBenjam\u00edn Ubilla Morales<\/p>\n<ol>\n<li style=\"font-weight: 400;\">Introducci\u00f3n<\/li>\n<li style=\"font-weight: 400;\">Una mirada al derecho comparado<br \/>\n2.1. Alemania<br \/>\n2.2. Costa Rica<br \/>\n2.3. Espa\u00f1a<br \/>\n2.4. Reino Unido<br \/>\n2.5. Uruguay<\/li>\n<li style=\"font-weight: 400;\">Comparecencia remota post Covid-19 en Chile<br \/>\n3.1. Uso a petici\u00f3n de parte y de oficio<br \/>\n3.2. Posibles aplicaciones de la comparecencia remota v\u00eda videoconferencia<\/li>\n<li style=\"font-weight: 400;\">Respecto de la confiabilidad de la informaci\u00f3n: el problema con la tecnolog\u00eda deepfake<br \/>\n4.1. Un desaf\u00edo para el derecho probatorio<br \/>\n4.2. Un desaf\u00edo para la argumentaci\u00f3n jur\u00eddica<\/li>\n<li style=\"font-weight: 400;\">Conclusiones<\/li>\n<\/ol>\n<p style=\"font-weight: 400;\"><b><strong>CAP\u00cdTULO VIII<\/strong><\/b><br \/>\n<b><strong>CR\u00cdTICAS A LA REGULACI\u00d3N DE LA INTERVENCI\u00d3N DE TERCEROS<\/strong><\/b><br \/>\nJaime Carrasco Poblete<\/p>\n<ol>\n<li style=\"font-weight: 400;\">El concepto de parte y de tercero<br \/>\n2. Las diferentes relaciones que pueden existir entre la situaci\u00f3n jur\u00eddica que se debate entre las partes y la situaci\u00f3n jur\u00eddica del tercero<br \/>\n3. La actual regulaci\u00f3n de la intervenci\u00f3n de los terceros es insuficiente porque no permite la protecci\u00f3n de todas las situaciones en que se encuentra un tercero t\u00e9cnico en relaci\u00f3n con la situaci\u00f3n que debaten las partes<br \/>\n4. Breve noci\u00f3n sobre la intervenci\u00f3n adhesiva litisconsorcial y su eventual aplicaci\u00f3n en la legislaci\u00f3n chilena<br \/>\n5. La legitimaci\u00f3n del tercero interviniente (debe estar comprometido un derecho y no una mera expectativa)<br \/>\n6. El proyecto de ley de reforma procesal civil no soluciona el problema de la legitimaci\u00f3n del tercero interviniente ni reconoce la especial intervenci\u00f3n del tercero adhesivo litisconsorcial<\/li>\n<\/ol>\n<p style=\"font-weight: 400;\"><b><strong>CAP\u00cdTULO IX<\/strong><\/b><br \/>\n<b><strong>REVELAR EL SECRETO: LA COOPERACI\u00d3N DEL IMPUTADO COMO ATENUANTE DE RESPONSABILIDAD PENAL EN LOS DELITOS ASOCIADOS AL NARCOTR\u00c1FICO<\/strong><\/b><br \/>\nCarla Galaz Olave<\/p>\n<p style=\"font-weight: 400;\">A MODO DE INTRODUCCI\u00d3N: Los incentivos penales y el tr\u00e1fico de drogas<\/p>\n<ol>\n<li style=\"font-weight: 400;\">Protecci\u00f3n de la salud p\u00fablica como bien jur\u00eddico protegido<\/li>\n<\/ol>\n<p style=\"font-weight: 400;\">1.1. Tr\u00e1fico il\u00edcito de estupefacientes y su protecci\u00f3n penal<br \/>\n1.2. Objeto material de este tipo de delitos<br \/>\n1.3. Tr\u00e1fico il\u00edcito de estupefacientes en relaci\u00f3n con el concepto de crimen organizado y el delito de asociaci\u00f3n il\u00edcita<\/p>\n<ol>\n<li style=\"font-weight: 400;\">Circunstancias modificatorias de responsabilidad penal<\/li>\n<\/ol>\n<p style=\"font-weight: 400;\">2.1. La colaboraci\u00f3n sustancial, del art\u00edculo 11 N\u00ba 9 del C\u00f3digo Penal chileno, como atenuante de responsabilidad penal gen\u00e9rica<br \/>\n2.2. La colaboraci\u00f3n eficaz, como causal espec\u00edfica del art\u00edculo 22\u00ba de la Ley 20.000 de atenuaci\u00f3n de responsabilidad penal<\/p>\n<p style=\"font-weight: 400;\">III. An\u00e1lisis Jurisprudencial<\/p>\n<p style=\"font-weight: 400;\">3.1. Concepto de colaboraci\u00f3n sustancial y cooperaci\u00f3n eficaz. Una mirada desde la jurisprudencia chilena<br \/>\n3.2. Jurisprudencia que admite la concurrencia copulativa de la colaboraci\u00f3n sustancial y cooperaci\u00f3n eficaz<br \/>\n3.3. Jurisprudencia que no admite la concurrencia copulativa de la colaboraci\u00f3n sustancial y cooperaci\u00f3n eficaz<\/p>\n<p style=\"font-weight: 400;\"><b><strong>CAP\u00cdTULO X<\/strong><\/b><br \/>\n<b><strong>DOS APLICACIONES DEL ART\u00cdCULO 3 BIS CPC A PROP\u00d3SITO DE LA CONCILIACI\u00d3N EN LOS JUICIOS DE CONSUMO Y TRIBUTARIO<\/strong><\/b><br \/>\nJorge Larroucau Torres<\/p>\n<ol>\n<li style=\"font-weight: 400;\">Introducci\u00f3n<\/li>\n<li style=\"font-weight: 400;\">De la justicia especial a la justicia ordinaria<br \/>\n2.1. Un libro abierto<\/li>\n<li style=\"font-weight: 400;\">La conciliaci\u00f3n en la litigaci\u00f3n colectiva en consumo 224<br \/>\n3.1. La conciliaci\u00f3n judicial<br \/>\n3.2. Los acuerdos extrajudiciales<br \/>\n3.3. Los l\u00edmites al deber de informar del proveedor<br \/>\n3.4. \u00bfEs el acuerdo una soluci\u00f3n residual?<\/li>\n<li style=\"font-weight: 400;\">La conciliaci\u00f3n en la justicia tributaria<br \/>\n4.1. La conciliaci\u00f3n tributaria despu\u00e9s de las reformas de 2017 y 2020<br \/>\n4.2. El avenimiento extrajudicial<br \/>\n4.3. \u00bfSe puede conciliar en materia de impuestos?<\/li>\n<li style=\"font-weight: 400;\">Conclusiones<\/li>\n<\/ol>\n<p style=\"font-weight: 400;\"><b><strong>CAP\u00cdTULO XI<\/strong><\/b><br \/>\n<b><strong>ALGUNAS IDEAS SOBRE INTELIGENCIA ARTIFICIAL Y SANA CR\u00cdTICA<\/strong><\/b><br \/>\nFernanda Ignacia Aguirre Mussa<\/p>\n<ol>\n<li style=\"font-weight: 400;\">Inteligencia artificial: un sue\u00f1o humano<\/li>\n<li style=\"font-weight: 400;\">Una herramienta id\u00f3nea<\/li>\n<li style=\"font-weight: 400;\">Econom\u00eda procesal.<br \/>\n2. Eficacia de la norma<br \/>\n3. Garant\u00edas procesales<\/li>\n<\/ol>\n<p style=\"font-weight: 400;\">III. Valoraci\u00f3n probatoria y sana cr\u00edtica<\/p>\n<ol>\n<li style=\"font-weight: 400;\">Sana cr\u00edtica<\/li>\n<li style=\"font-weight: 400;\">Los problemas de las m\u00e1ximas de experiencia<\/li>\n<li style=\"font-weight: 400;\">La informaci\u00f3n que usa el sistema de inteligencia artificial<\/li>\n<li style=\"font-weight: 400;\">Conclusiones<\/li>\n<\/ol>\n<p style=\"font-weight: 400;\"><b><strong>CAP\u00cdTULO XII<\/strong><\/b><br \/>\n<b><strong>LA CREACI\u00d3N DE TRIBUNALES CONTENCIOSO-ADMINISTRATIVOS ESPECIALES COMO GARANT\u00cdA DEL PRINCIPIO DE LA UNIDAD DE JURISDICCI\u00d3N<\/strong><\/b><br \/>\nSergio Guti\u00e9rrez Larra\u00edn &#8211; Josefa Quijada Mart\u00ednez<\/p>\n<ol>\n<li style=\"font-weight: 400;\">Introducci\u00f3n<br \/>\n2. La unidad como caracter\u00edstica de la jurisdicci\u00f3n<br \/>\n3. \u00bfQu\u00e9 ocurre con los \u00f3rganos administrativos que ejercen funciones jurisdiccionales?<br \/>\n4. \u00bfPor qu\u00e9 es importante la creaci\u00f3n de tribunales contencioso-administrativos?<br \/>\n5. La falta de regulaci\u00f3n de la justicia administrativa<br \/>\n6. Conclusi\u00f3n<\/li>\n<\/ol>\n<p style=\"font-weight: 400;\"><b><strong>CAP\u00cdTULO XIII<\/strong><\/b><br \/>\n<b><strong>DEBIDO PROCESO EN EL PROCEDIMIENTO ADMINISTRATIVO SANCIONADOR: DESAF\u00cdOS Y LECCIONES DEL PROCESO CIVIL<\/strong><\/b><br \/>\nJaviera Aguirrezabal &#8211; Jos\u00e9 Manuel Mu\u00f1oz<\/p>\n<ol>\n<li style=\"font-weight: 400;\">Introducci\u00f3n<\/li>\n<li style=\"font-weight: 400;\">Procedimiento administrativo sancionador: importancia y potestad punitiva<\/li>\n<\/ol>\n<p style=\"font-weight: 400;\">III. El Papel de la Ley 19.880 en la Salvaguarda del Debido Proceso Administrativo<\/p>\n<ol>\n<li style=\"font-weight: 400;\">El Derecho de Defensa en el Derecho Administrativo Sancionador<br \/>\n2. La prueba en procedimientos administrativos sancionadores<br \/>\n3. Regulaci\u00f3n de la prueba en la ley N\u00b0 19.880 de Bases de los Procedimientos Administrativos<\/li>\n<li style=\"font-weight: 400;\">Propuesta para una eventual<\/li>\n<li style=\"font-weight: 400;\">Propuestas para una eventual modificaci\u00f3n y reforma\u00a0al procedimiento administrativo sancionador<\/li>\n<li style=\"font-weight: 400;\">Conclusiones<\/li>\n<li style=\"font-weight: 400;\">Bibliograf\u00eda<\/li>\n<\/ol>\n","protected":false},"excerpt":{"rendered":"<p>Buscas un libro Jur\u00eddico.? Lo puedes encontrar en nuestra tienda virtual.<br \/>\nContamos con prestigiosos autores y muchas alternativas en sus diferentes materias al igual que grandes descuentos.! Vis\u00edtanos en <a class=\"GmZpCoYbYBzfeoNGPGBbmFtcEUjbEOGvGFEs \" tabindex=\"0\" href=\"https:\/\/lnkd.in\/eiAG7jdZ\" target=\"_blank\" rel=\"noopener\" data-test-app-aware-link=\"\">https:\/\/lnkd.in\/eiAG7jdZ<\/a><br \/>\nEscr\u00edbenos al +56930565235 \/ <a class=\"GmZpCoYbYBzfeoNGPGBbmFtcEUjbEOGvGFEs \" tabindex=\"0\" href=\"mailto:ventaslegallexglobal@gmail.com\" target=\"_self\" data-test-app-aware-link=\"\">ventaslegallexglobal@gmail.com<\/a><br \/>\nHacemos env\u00edos a todo Chile \u2013 Starken o Correos Chile \/ Te esperamos.<\/p>\n","protected":false},"featured_media":2565,"comment_status":"open","ping_status":"closed","template":"","meta":{"inline_featured_image":false,"_joinchat":[]},"product_brand":[],"product_cat":[26,50,39],"product_tag":[],"class_list":{"0":"post-2535","1":"product","2":"type-product","3":"status-publish","4":"has-post-thumbnail","6":"product_cat-derecho","7":"product_cat-procedimientos-civiles","8":"product_cat-procesal-civil","10":"first","11":"instock","12":"shipping-taxable","13":"purchasable","14":"product-type-simple"},"_links":{"self":[{"href":"https:\/\/bibliotecajuridicavirtual.cl\/index.php\/wp-json\/wp\/v2\/product\/2535","targetHints":{"allow":["GET"]}}],"collection":[{"href":"https:\/\/bibliotecajuridicavirtual.cl\/index.php\/wp-json\/wp\/v2\/product"}],"about":[{"href":"https:\/\/bibliotecajuridicavirtual.cl\/index.php\/wp-json\/wp\/v2\/types\/product"}],"replies":[{"embeddable":true,"href":"https:\/\/bibliotecajuridicavirtual.cl\/index.php\/wp-json\/wp\/v2\/comments?post=2535"}],"wp:featuredmedia":[{"embeddable":true,"href":"https:\/\/bibliotecajuridicavirtual.cl\/index.php\/wp-json\/wp\/v2\/media\/2565"}],"wp:attachment":[{"href":"https:\/\/bibliotecajuridicavirtual.cl\/index.php\/wp-json\/wp\/v2\/media?parent=2535"}],"wp:term":[{"taxonomy":"product_brand","embeddable":true,"href":"https:\/\/bibliotecajuridicavirtual.cl\/index.php\/wp-json\/wp\/v2\/product_brand?post=2535"},{"taxonomy":"product_cat","embeddable":true,"href":"https:\/\/bibliotecajuridicavirtual.cl\/index.php\/wp-json\/wp\/v2\/product_cat?post=2535"},{"taxonomy":"product_tag","embeddable":true,"href":"https:\/\/bibliotecajuridicavirtual.cl\/index.php\/wp-json\/wp\/v2\/product_tag?post=2535"}],"curies":[{"name":"wp","href":"https:\/\/api.w.org\/{rel}","templated":true}]}}