{"id":2537,"date":"2026-02-28T01:02:15","date_gmt":"2026-02-28T04:02:15","guid":{"rendered":"https:\/\/bibliotecajuridicavirtual.cl\/?post_type=product&#038;p=2537"},"modified":"2026-02-28T01:02:26","modified_gmt":"2026-02-28T04:02:26","slug":"la-proteccion-financiera-concursal-edicion-actualizada-con-las-leyes-n21-563-n21-641-ano-2023-juan-luis-goldenberg-serrano-2edicion-ano-2025","status":"publish","type":"product","link":"https:\/\/bibliotecajuridicavirtual.cl\/index.php\/product\/la-proteccion-financiera-concursal-edicion-actualizada-con-las-leyes-n21-563-n21-641-ano-2023-juan-luis-goldenberg-serrano-2edicion-ano-2025\/","title":{"rendered":"La Protecci\u00f3n Financiera Concursal * Edici\u00f3n Actualizada con las Leyes N\u00b021.563 * N\u00b021.641 &#8211; A\u00f1o 2023 * Juan Luis Goldenberg Serrano &#8211; 2\u00b0edici\u00f3n a\u00f1o 2025"},"content":{"rendered":"<p style=\"font-weight: 400;\">Este libro es parcialmente resultado de la investigaci\u00f3n desarrollada en el marco del Proyecto Fondecyt Regular N\u00b0 1150182 (&#8220;La subordinaci\u00f3n legal de cr\u00e9ditos en la nueva legislaci\u00f3n concursal&#8221;), en especial, en lo que se refiere a la consagraci\u00f3n de la posposici\u00f3n de los cr\u00e9ditos derivados de la inacci\u00f3n a la Protecci\u00f3n Financiera Concursal (art\u00edculo 57, n\u00fam. 1, letra c], de la Ley N\u00b0 20.720, de 2014) y la situaci\u00f3n de los intereses en los diversos procedimientos concursales. Algunos de sus t\u00f3picos, en consecuencia, han sido abordados en los textos citados en la bibliograf\u00eda de este libro, pero ahora aparecen reorganizados en torno a la tutela de la negociaci\u00f3n y complementados con modificaciones legales y jurisprudencia reciente.<\/p>\n<p style=\"font-weight: 400;\">El objetivo principal de este trabajo consiste en revisar todos los extremos de la Protecci\u00f3n Financiera Concursal, apreciando en ella una de las principales novedades de la Ley N\u00ba 20.720 respecto a las pretensiones de reorganizaci\u00f3n de las empresas viables, complementada por las correcciones, supresiones e innovaciones incorporadas por las Leyes N\u00b0 21.563 y 21.641. Lo anterior, no solo desde una perspectiva meramente descriptiva, sino anunciando y, en la medida de lo posible, resolviendo los diversos nudos interpretativos que presenta su regulaci\u00f3n.<\/p>\n<p>La Protecci\u00f3n Financiera Concursal. Edici\u00f3n actualizada con las Leyes N\u00b0 21.563 y N\u00b0 21.641, de 2023<br \/>\n\u00cdndice<br \/>\nNota introductoria\u00a0\u00a0 \u00a0\u00a0\u00a0 \u00a011<br \/>\nIntroducci\u00f3n\u00a0\u00a0 \u00a0\u00a0\u00a0 \u00a013<br \/>\nCap\u00edtulo I<br \/>\nAntecedentes normativos de la protecci\u00f3n de la negociaci\u00f3n<br \/>\nen el ordenamiento jur\u00eddico chileno<br \/>\nI.\u00a0\u00a0 \u00a0LA TUTELA DE LA NEGOCIACI\u00d3N CONCURSAL EN CLAVE HIST\u00d3RICA\u00a0\u00a0 \u00a0\u00a0\u00a0 \u00a017<br \/>\nII.\u00a0\u00a0 \u00a0LA T\u00c9CNICA DE LA PROTECCI\u00d3N DE LA NEGOCIACI\u00d3N EN HERRAMIENTAS CONCURSALES VIGENTES FUERA DE LA \u00d3RBITA DE LA LC: LA ASESOR\u00cdA ECON\u00d3MICA DE INSOLVENCIA PARA PEQUE\u00d1AS Y MICROEMPRESAS (LEY N\u00ba 20.416)\u00a0\u00a0 \u00a0\u00a0\u00a0 \u00a033<br \/>\nCap\u00edtulo II<br \/>\nLa protecci\u00f3n de la negociaci\u00f3n en la Ley N\u00ba 20.720<br \/>\ny el concepto de protecci\u00f3n financiera concursal<br \/>\nI.\u00a0\u00a0 \u00a0LA NEGOCIACI\u00d3N PROTEGIDA Y LA FINALIDAD DE LOS PROCEDIMIENTOS DE REORGANIZACI\u00d3N EN LA LC\u00a0\u00a0 \u00a0\u00a0\u00a0 \u00a041<br \/>\nII.\u00a0\u00a0 \u00a0EL CONCEPTO DE PROTECCI\u00d3N FINANCIERA CONCURSAL\u00a0\u00a0 \u00a0\u00a0\u00a0 \u00a051<br \/>\n1.\u00a0\u00a0 \u00a0El aspecto temporal\u00a0\u00a0 \u00a0\u00a0\u00a0 \u00a053<br \/>\nA.\u00a0\u00a0 \u00a0La protecci\u00f3n financiera concursal ordinaria\u00a0\u00a0 \u00a0\u00a0\u00a0 \u00a054<br \/>\ni.\u00a0\u00a0 \u00a0En el Procedimiento Concursal de Reorganizaci\u00f3n ordinaria\u00a0\u00a0 \u00a0\u00a0\u00a0 \u00a054<br \/>\nii.\u00a0\u00a0 \u00a0En el Procedimiento Concursal de Reorganizaci\u00f3n simplificada\u00a0\u00a0 \u00a0\u00a0\u00a0 \u00a057<br \/>\nB.\u00a0\u00a0 \u00a0La protecci\u00f3n financiera concursal prorrogada\u00a0\u00a0 \u00a0\u00a0\u00a0 \u00a059<br \/>\ni.\u00a0\u00a0 \u00a0En el Procedimiento Concursal de Reorganizaci\u00f3n ordinaria\u00a0\u00a0 \u00a0\u00a0\u00a0 \u00a059<br \/>\nii.\u00a0\u00a0 \u00a0En el Procedimiento Concursal de Reorganizaci\u00f3n simplificada\u00a0\u00a0 \u00a0\u00a0\u00a0 \u00a064<br \/>\nC.\u00a0\u00a0 \u00a0La protecci\u00f3n financiera concursal extraordinaria\u00a0\u00a0 \u00a0\u00a0\u00a0 \u00a067<br \/>\ni.\u00a0\u00a0 \u00a0En el Procedimiento Concursal de Reorganizaci\u00f3n ordinaria\u00a0\u00a0 \u00a0\u00a0\u00a0 \u00a067<br \/>\nii.\u00a0\u00a0 \u00a0En el Procedimiento Concursal de Reorganizaci\u00f3n simplificada\u00a0\u00a0 \u00a0\u00a0\u00a0 \u00a070<br \/>\n2.\u00a0\u00a0 \u00a0\u00bfUna tutela solo para el deudor?\u00a0\u00a0 \u00a0\u00a0\u00a0 \u00a071<br \/>\nCap\u00edtulo III<br \/>\nLimitaci\u00f3n a los derechos y facultades de los acreedores<br \/>\nI.\u00a0\u00a0 \u00a0INTRODUCCI\u00d3N\u00a0\u00a0 \u00a0\u00a0\u00a0 \u00a075<br \/>\nII.\u00a0\u00a0 \u00a0LA PROTECCI\u00d3N DE LA NEGOCIACI\u00d3N POR MEDIO DE LAS LIMITACIONES A LOS DERECHOS DE EJECUCI\u00d3N DE LOS ACREEDORES\u00a0\u00a0 \u00a0\u00a0\u00a0 \u00a077<br \/>\n1.\u00a0\u00a0 \u00a0La limitaci\u00f3n a la posibilidad de \u201cdeclararse\u201d o dar inicio a un Procedimiento Concursal de Liquidaci\u00f3n (art\u00edculo 57, n\u00fam. 1, letra a], LC)\u00a0\u00a0 \u00a0\u00a0\u00a0 \u00a079<br \/>\n2.\u00a0\u00a0 \u00a0La suspensi\u00f3n de un Procedimiento Concursal de Liquidaci\u00f3n (art\u00edculo 57, n\u00fam. 1, letra b], LC)\u00a0\u00a0 \u00a0\u00a0\u00a0 \u00a083<br \/>\n3.\u00a0\u00a0 \u00a0La limitaci\u00f3n a la posibilidad de iniciar en contra del deudor juicios ejecutivos, ejecuciones de cualquier clase o restituciones en juicios de arrendamiento (art\u00edculo 57, n\u00fam. 1, letra a], LC), y la suspensi\u00f3n de dichos procedimientos en curso (art\u00edculo 57, n\u00fam. 1, letra b], LC)\u00a0\u00a0 \u00a0\u00a0\u00a0 \u00a086<br \/>\n4.\u00a0\u00a0 \u00a0La suspensi\u00f3n del plazo de prescripci\u00f3n extintiva (art\u00edculo 57, n\u00fam. 1, letra b], LC)\u00a0\u00a0 \u00a0\u00a0\u00a0 \u00a093<br \/>\nIII.\u00a0\u00a0 \u00a0LA PROTECCI\u00d3N DE LA NEGOCIACI\u00d3N POR MEDIO DE LA VIGENCIA DE LAS RELACIONES CONTRACTUALES\u00a0\u00a0 \u00a0\u00a0\u00a0 \u00a099<br \/>\n1.\u00a0\u00a0 \u00a0Configuraci\u00f3n de la inmutabilidad contractual\u00a0\u00a0 \u00a0\u00a0\u00a0 \u00a099<br \/>\n2.\u00a0\u00a0 \u00a0R\u00e9gimen sancionatorio\u00a0\u00a0 \u00a0\u00a0\u00a0 \u00a0104<br \/>\nA.\u00a0\u00a0 \u00a0Respecto a las cl\u00e1usulas contractuales\u00a0\u00a0 \u00a0\u00a0\u00a0 \u00a0104<br \/>\nB.\u00a0\u00a0 \u00a0Respecto a los cr\u00e9ditos resultantes de la relaci\u00f3n contractual\u00a0\u00a0 \u00a0\u00a0\u00a0 \u00a0109<br \/>\nC.\u00a0\u00a0 \u00a0Reg\u00edmenes excepcionales\u00a0\u00a0 \u00a0\u00a0\u00a0 \u00a0112<br \/>\ni.\u00a0\u00a0 \u00a0Los contratos de derivados\u00a0\u00a0 \u00a0\u00a0\u00a0 \u00a0112<br \/>\nii.\u00a0\u00a0 \u00a0Las concesiones de uso de v\u00edas y servicios complementarios regidos por la Ley N\u00ba 18.696\u00a0\u00a0 \u00a0\u00a0\u00a0 \u00a0118<br \/>\nIV.\u00a0\u00a0 \u00a0LA PROTECCI\u00d3N DE LA NEGOCIACI\u00d3N POR MEDIO DE LA MANTENCI\u00d3N EN LOS REGISTROS P\u00daBLICOS DE CONTRATISTAS\u00a0\u00a0 \u00a0\u00a0\u00a0 \u00a0120<br \/>\nV.\u00a0\u00a0 \u00a0LA TUTELA AUSENTE: LA SUSPENSI\u00d3N EN EL DEVENGO DE LOS INTERESES\u00a0\u00a0 \u00a0\u00a0\u00a0 \u00a0125<br \/>\nCap\u00edtulo IV<br \/>\nLas limitaciones de la Empresa Deudora<br \/>\ndurante la fase de negociaci\u00f3n<br \/>\nI.\u00a0\u00a0 \u00a0INTRODUCCI\u00d3N\u00a0\u00a0 \u00a0\u00a0\u00a0 \u00a0131<br \/>\nII.\u00a0\u00a0 \u00a0LIMITACIONES REFERIDAS A LA GESTI\u00d3N DE LA EMPRESA PROPIAMENTE TAL\u00a0\u00a0 \u00a0\u00a0\u00a0 \u00a0139<br \/>\nIII.\u00a0\u00a0 \u00a0LIMITACIONES A LOS ACTOS DISPOSITIVOS QUE PUEDE LLEVAR A CABO LA EMPRESA DEUDORA\u00a0\u00a0 \u00a0\u00a0\u00a0 \u00a0141<br \/>\nIV.\u00a0\u00a0 \u00a0LIMITACIONES RESPECTO A CIERTOS ACTOS SOCIETARIOS\u00a0\u00a0 \u00a0\u00a0\u00a0 \u00a0144<br \/>\nCap\u00edtulo V<br \/>\nLa protecci\u00f3n para la obtenci\u00f3n de recursos en el contexto<br \/>\nde la negociaci\u00f3n de un acuerdo de reorganizaci\u00f3n<br \/>\nI.\u00a0\u00a0 \u00a0INTRODUCCI\u00d3N\u00a0\u00a0 \u00a0\u00a0\u00a0 \u00a0147<br \/>\nII.\u00a0\u00a0 \u00a0CONTINUIDAD DE SUMINISTRO (ART\u00cdCULOS 72 Y 286 I DE LA LC)\u00a0\u00a0 \u00a0\u00a0\u00a0 \u00a0150<br \/>\nIII.\u00a0\u00a0 \u00a0LA ENAJENACI\u00d3N DE ACTIVOS (ART\u00cdCULOS 74 y 286 J DE LA LC)\u00a0\u00a0 \u00a0\u00a0\u00a0 \u00a0163<br \/>\nIV.\u00a0\u00a0 \u00a0LA OBTENCI\u00d3N DE FINANCIAMIENTO (ART\u00cdCULOS 74 y 286 J DE LA LC)\u00a0\u00a0 \u00a0\u00a0\u00a0 \u00a0168<br \/>\nCap\u00edtulo VI<br \/>\nOtras t\u00e9cnicas de protecci\u00f3n al interior de la Ley N\u00ba 20.720<br \/>\nI.\u00a0\u00a0 \u00a0INTRODUCCI\u00d3N\u00a0\u00a0 \u00a0\u00a0\u00a0 \u00a0175<br \/>\nII.\u00a0\u00a0 \u00a0LA REORGANIZACI\u00d3N EXTRAJUDICIAL (ART\u00cdCULO 108 LC)\u00a0\u00a0 \u00a0\u00a0\u00a0 \u00a0175<br \/>\nIII.\u00a0\u00a0 \u00a0EL PROCEDIMIENTO CONCURSAL DE RENEGOCIACI\u00d3N (ART\u00cdCULO 264 LC)\u00a0\u00a0 \u00a0\u00a0\u00a0 \u00a0180<br \/>\n1.\u00a0\u00a0 \u00a0Limitaciones procesales\u00a0\u00a0 \u00a0\u00a0\u00a0 \u00a0182<br \/>\n2.\u00a0\u00a0 \u00a0Suspensi\u00f3n de los plazos de prescripci\u00f3n extintiva\u00a0\u00a0 \u00a0\u00a0\u00a0 \u00a0184<br \/>\n3.\u00a0\u00a0 \u00a0Suspensi\u00f3n del devengo de los intereses moratorios\u00a0\u00a0 \u00a0\u00a0\u00a0 \u00a0186<br \/>\n4.\u00a0\u00a0 \u00a0Situaci\u00f3n de los contratos suscritos por la Persona Deudora\u00a0\u00a0 \u00a0\u00a0\u00a0 \u00a0187<br \/>\n5.\u00a0\u00a0 \u00a0Limitaciones a los actos y contratos que pueden ser ejecutados o celebrados por la Persona Deudora\u00a0\u00a0 \u00a0\u00a0\u00a0 \u00a0190<br \/>\nBibliograf\u00eda\u00a0\u00a0 \u00a0\u00a0\u00a0 \u00a0193<\/p>\n","protected":false},"excerpt":{"rendered":"<p>205 P\u00e1ginas \/ edici\u00f3n actualizada a\u00f1o 2025<\/p>\n<p>Buscas un libro Jur\u00eddico.? Lo puedes encontrar en nuestra tienda virtual.<br \/>\nContamos con prestigiosos autores y muchas alternativas en sus diferentes materias al igual que grandes descuentos.! Vis\u00edtanos en <a class=\"NSMFYicDXqFhgBtLiIgLACUsCNPHaifjL \" tabindex=\"0\" href=\"https:\/\/lnkd.in\/eiAG7jdZ\" target=\"_blank\" rel=\"noopener\" data-test-app-aware-link=\"\">https:\/\/lnkd.in\/eiAG7jdZ<\/a><br \/>\nEscr\u00edbenos al +56930565235 \/ <a class=\"NSMFYicDXqFhgBtLiIgLACUsCNPHaifjL \" tabindex=\"0\" href=\"mailto:ventaslegallexglobal@gmail.com\" target=\"_self\" data-test-app-aware-link=\"\">ventaslegallexglobal@gmail.com<\/a><br \/>\nHacemos env\u00edos a todo Chile \u2013 Starken o Correos Chile \/ Te esperamos.<\/p>\n","protected":false},"featured_media":2567,"comment_status":"open","ping_status":"closed","template":"","meta":{"inline_featured_image":false,"_joinchat":[]},"product_brand":[],"product_cat":[48,26],"product_tag":[],"class_list":{"0":"post-2537","1":"product","2":"type-product","3":"status-publish","4":"has-post-thumbnail","6":"product_cat-comercial","7":"product_cat-derecho","9":"first","10":"instock","11":"shipping-taxable","12":"purchasable","13":"product-type-simple"},"_links":{"self":[{"href":"https:\/\/bibliotecajuridicavirtual.cl\/index.php\/wp-json\/wp\/v2\/product\/2537","targetHints":{"allow":["GET"]}}],"collection":[{"href":"https:\/\/bibliotecajuridicavirtual.cl\/index.php\/wp-json\/wp\/v2\/product"}],"about":[{"href":"https:\/\/bibliotecajuridicavirtual.cl\/index.php\/wp-json\/wp\/v2\/types\/product"}],"replies":[{"embeddable":true,"href":"https:\/\/bibliotecajuridicavirtual.cl\/index.php\/wp-json\/wp\/v2\/comments?post=2537"}],"wp:featuredmedia":[{"embeddable":true,"href":"https:\/\/bibliotecajuridicavirtual.cl\/index.php\/wp-json\/wp\/v2\/media\/2567"}],"wp:attachment":[{"href":"https:\/\/bibliotecajuridicavirtual.cl\/index.php\/wp-json\/wp\/v2\/media?parent=2537"}],"wp:term":[{"taxonomy":"product_brand","embeddable":true,"href":"https:\/\/bibliotecajuridicavirtual.cl\/index.php\/wp-json\/wp\/v2\/product_brand?post=2537"},{"taxonomy":"product_cat","embeddable":true,"href":"https:\/\/bibliotecajuridicavirtual.cl\/index.php\/wp-json\/wp\/v2\/product_cat?post=2537"},{"taxonomy":"product_tag","embeddable":true,"href":"https:\/\/bibliotecajuridicavirtual.cl\/index.php\/wp-json\/wp\/v2\/product_tag?post=2537"}],"curies":[{"name":"wp","href":"https:\/\/api.w.org\/{rel}","templated":true}]}}