{"id":2538,"date":"2026-02-28T01:02:15","date_gmt":"2026-02-28T04:02:15","guid":{"rendered":"https:\/\/bibliotecajuridicavirtual.cl\/?post_type=product&#038;p=2538"},"modified":"2026-02-28T01:02:27","modified_gmt":"2026-02-28T04:02:27","slug":"manual-de-derecho-procesal-de-familia-curso-habilitante-de-familia-en-el-contexto-de-las-actividades-de-capacitacion-en-linea","status":"publish","type":"product","link":"https:\/\/bibliotecajuridicavirtual.cl\/index.php\/product\/manual-de-derecho-procesal-de-familia-curso-habilitante-de-familia-en-el-contexto-de-las-actividades-de-capacitacion-en-linea\/","title":{"rendered":"Manual de Derecho Procesal de Familia &#8211; Curso Habilitante de Familia en el Contexto de las Actividades de Capacitaci\u00f3n en L\u00ednea"},"content":{"rendered":"<p style=\"font-weight: 400;\">Este Manual de Derecho Procesal de Familia es fruto del trabajo conjunto de la Academia Judicial de Chile y de los profesores Priscila Machado, Mario Opazo y Yasna Otarola, quienes han actualizado y enriquecido los materiales docentes utilizados en la formaci\u00f3n de jueces y abogados en esta materia.<\/p>\n<p style=\"font-weight: 400;\">La obra ofrece una visi\u00f3n sistem\u00e1tica y pr\u00e1ctica de los procedimientos de familia, abordando desde los principios informadores del juicio de familia hasta el an\u00e1lisis de las reglas comunes aplicables, el ejercicio de las facultades jurisdiccionales en el procedimiento ordinario y la actuaci\u00f3n en procesos tan sensibles como las medidas de protecci\u00f3n de NNA y la violencia intrafamiliar.<\/p>\n<p style=\"font-weight: 400;\">Cada cap\u00edtulo combina fundamentos normativos, referencias jurisprudenciales y consideraciones pr\u00e1cticas, buscando orientar a quienes inician su labor en los tribunales de familia, as\u00ed como a quienes desean perfeccionar su quehacer profesional.<\/p>\n<p style=\"font-weight: 400;\">El libro destaca tambi\u00e9n por la incorporaci\u00f3n de la normativa m\u00e1s reciente -como la Ley N\u00ba 21.430 sobre garant\u00edas y la Ley N\u00ba 21.675 sobre violencia de g\u00e9nero- lo que lo convierte en un material actualizado y pertinente.<\/p>\n<p style=\"font-weight: 400;\">M\u00e1s que un tratado exhaustivo, se trata de una herramienta de consulta \u00fatil y accesible, que ilumina los problemas m\u00e1s frecuentes en la litigaci\u00f3n familiar y entrega pautas para una actuaci\u00f3n judicial eficaz y protectora.<\/p>\n<p style=\"font-weight: 400;\">Su publicaci\u00f3n reafirma el compromiso de la Academia Judicial de ofrecer materiales de calidad que acompa\u00f1en a la judicatura y a los operadores jur\u00eddicos en su misi\u00f3n de resguardar los derechos fundamentales en el \u00e1mbito familiar.<\/p>\n<p style=\"font-weight: 400;\"><b><strong>CAP\u00cdTULO I<br \/>\nPRINCIPIOS INFORMADORES DEL JUICIO DE FAMILIA<\/strong><\/b><\/p>\n<p style=\"font-weight: 400;\"><b><strong>CAP\u00cdTULO II<br \/>\nREGLAS COMUNES QUE SE APLICAN A LOS PROCEDIMIENTOS DE FAMILIA<\/strong><\/b><\/p>\n<p style=\"font-weight: 400;\"><b><strong>CAP\u00cdTULO III<br \/>\nEJERCICIO DE FACULTADES JURISDICCIONALES EN EL PROCEDIMIENTO ORDINARIO DE FAMILIA<\/strong><\/b><\/p>\n<p style=\"font-weight: 400;\"><b><strong>CAP\u00cdTULO IV<br \/>\nACTUACI\u00d3N JUDICIAL EN EL PROCEDIMIENTO DE APLICACI\u00d3N DE MEDIDAS DE PROTECCI\u00d3N PARA NNA<\/strong><\/b><\/p>\n<p style=\"font-weight: 400;\"><b><strong>CAP\u00cdTULO V<br \/>\nROL DE LA JUDICATURA DE FAMILIA EN EL PROCEDIMIENTO POR VIOLENCIA INTRAFAMILIAR<\/strong><\/b><\/p>\n<p style=\"font-weight: 400;\"><b><strong>CAP\u00cdTULO VI<\/strong><\/b><br \/>\n<b><strong>ACTIVIDAD JURISDICCIONAL ASOCIADA A LA DICTACI\u00d3N DE LAS PRINCIPALES RESOLUCIONES JUDICIALES EN MATERIA DE FAMILIA<\/strong><\/b><\/p>\n","protected":false},"excerpt":{"rendered":"<p>Sara Covarrubias Naser &#8211; Nel Greeven Bobadilla * edici\u00f3n noviembre a\u00f1o 2025\u00a0&#8211; 198 P\u00e1ginas<br \/>\nBuscas un libro Jur\u00eddico.? Lo puedes encontrar en nuestra tienda virtual.<br \/>\nContamos con prestigiosos autores y muchas alternativas en sus diferentes materias al igual que grandes descuentos.! Vis\u00edtanos en <a class=\"NSMFYicDXqFhgBtLiIgLACUsCNPHaifjL \" tabindex=\"0\" href=\"https:\/\/lnkd.in\/eiAG7jdZ\" target=\"_blank\" rel=\"noopener\" data-test-app-aware-link=\"\">https:\/\/lnkd.in\/eiAG7jdZ<\/a><br \/>\nEscr\u00edbenos al +56930565235 \/ <a class=\"NSMFYicDXqFhgBtLiIgLACUsCNPHaifjL \" tabindex=\"0\" href=\"mailto:ventaslegallexglobal@gmail.com\" target=\"_self\" data-test-app-aware-link=\"\">ventaslegallexglobal@gmail.com<\/a><br \/>\nHacemos env\u00edos a todo Chile \u2013 Starken o Correos Chile \/ Te esperamos.<\/p>\n","protected":false},"featured_media":2568,"comment_status":"open","ping_status":"closed","template":"","meta":{"inline_featured_image":false,"_joinchat":[]},"product_brand":[],"product_cat":[26,29],"product_tag":[],"class_list":{"0":"post-2538","1":"product","2":"type-product","3":"status-publish","4":"has-post-thumbnail","6":"product_cat-derecho","7":"product_cat-familia-y-del-menor","9":"first","10":"instock","11":"shipping-taxable","12":"purchasable","13":"product-type-simple"},"_links":{"self":[{"href":"https:\/\/bibliotecajuridicavirtual.cl\/index.php\/wp-json\/wp\/v2\/product\/2538","targetHints":{"allow":["GET"]}}],"collection":[{"href":"https:\/\/bibliotecajuridicavirtual.cl\/index.php\/wp-json\/wp\/v2\/product"}],"about":[{"href":"https:\/\/bibliotecajuridicavirtual.cl\/index.php\/wp-json\/wp\/v2\/types\/product"}],"replies":[{"embeddable":true,"href":"https:\/\/bibliotecajuridicavirtual.cl\/index.php\/wp-json\/wp\/v2\/comments?post=2538"}],"wp:featuredmedia":[{"embeddable":true,"href":"https:\/\/bibliotecajuridicavirtual.cl\/index.php\/wp-json\/wp\/v2\/media\/2568"}],"wp:attachment":[{"href":"https:\/\/bibliotecajuridicavirtual.cl\/index.php\/wp-json\/wp\/v2\/media?parent=2538"}],"wp:term":[{"taxonomy":"product_brand","embeddable":true,"href":"https:\/\/bibliotecajuridicavirtual.cl\/index.php\/wp-json\/wp\/v2\/product_brand?post=2538"},{"taxonomy":"product_cat","embeddable":true,"href":"https:\/\/bibliotecajuridicavirtual.cl\/index.php\/wp-json\/wp\/v2\/product_cat?post=2538"},{"taxonomy":"product_tag","embeddable":true,"href":"https:\/\/bibliotecajuridicavirtual.cl\/index.php\/wp-json\/wp\/v2\/product_tag?post=2538"}],"curies":[{"name":"wp","href":"https:\/\/api.w.org\/{rel}","templated":true}]}}