{"id":2540,"date":"2026-02-28T01:02:16","date_gmt":"2026-02-28T04:02:16","guid":{"rendered":"https:\/\/bibliotecajuridicavirtual.cl\/?post_type=product&#038;p=2540"},"modified":"2026-02-28T01:02:28","modified_gmt":"2026-02-28T04:02:28","slug":"abuso-y-explotacion-sexual-infantil-nicolas-ibanez-meza-ingrid-diaz-tolosa-silvana-del-valle-bustos-alejandra-perez-ceballos","status":"publish","type":"product","link":"https:\/\/bibliotecajuridicavirtual.cl\/index.php\/product\/abuso-y-explotacion-sexual-infantil-nicolas-ibanez-meza-ingrid-diaz-tolosa-silvana-del-valle-bustos-alejandra-perez-ceballos\/","title":{"rendered":"Abuso y Explotaci\u00f3n Sexual Infantil * Nicol\u00e1s Ib\u00e1\u00f1ez Meza &#8211; Ingrid D\u00edaz Tolosa &#8211; Silvana del Valle Bustos &#8211; Alejandra P\u00e9rez Ceballos"},"content":{"rendered":"<p style=\"font-weight: 400;\">El libro ofrece una gu\u00eda integral para abordar el abuso y la explotaci\u00f3n sexual infantil, analizando la evoluci\u00f3n de la legislaci\u00f3n chilena y los est\u00e1ndares internacionales de derechos humanos. El libro aborda el fen\u00f3meno de la violencia en general y la sexual en particular, los est\u00e1ndares internacionales vinculados a la violencia sexual, la regulaci\u00f3n nacional incardinada en lo proteccional, sancionatorio y penal, as\u00ed como los desaf\u00edos del Estado frente a este fen\u00f3meno. Al examinar principios como el inter\u00e9s superior del ni\u00f1o, el derecho a ser o\u00eddo y la perspectiva de g\u00e9nero, la obra promueve una respuesta coordinada entre los \u00e1mbitos penal, familiar y administrativo para evitar la revictimizaci\u00f3n de quienes se ven enfrentados a situaciones de violencia. Asimismo, el texto aborda los nuevos desaf\u00edos ante este fen\u00f3meno que presenta el entorno digital y la inteligencia artificial, destacando aquellas \u00e1reas en que el sistema de justicia puede ayudar para garantizar una protecci\u00f3n efectiva y la reparaci\u00f3n de los derechos de los ni\u00f1os, ni\u00f1as y adolescentes.<\/p>\n<p>CONTENIDO:<\/p>\n<p style=\"font-weight: 400;\"><b><strong>CAP\u00cdTULO I<br \/>\nSOBRE LA VIOLENCIA EN GENERAL, Y DE LA VIOLENCIA SEXUAL EN PARTICULAR<\/strong><\/b><\/p>\n<p style=\"font-weight: 400;\"><b><strong>CAP\u00cdTULO II<br \/>\nLOS EST\u00c1NDARES INTERNACIONALES RELATIVOS A VIOLENCIA SEXUAL<\/strong><\/b><\/p>\n<p style=\"font-weight: 400;\"><b><strong>CAP\u00cdTULO III<br \/>\nLA PROTECCI\u00d3N DE DERECHOS DEL NI\u00d1O, NI\u00d1A Y ADOLESCENTE V\u00cdCTIMA DE EXPLOTACI\u00d3N O ABUSO SEXUAL<\/strong><\/b><\/p>\n<p style=\"font-weight: 400;\"><b><strong>CAP\u00cdTULO IV<br \/>\nASPECTOS PENALES DEL ABUSO Y LA EXPLOTACI\u00d3N SEXUAL INFANTIL<\/strong><\/b><\/p>\n<p style=\"font-weight: 400;\"><b><strong>CAP\u00cdTULO V<\/strong><\/b><br \/>\n<b><strong>DESAF\u00cdOS DEL ESTADO FRENTE AL FEN\u00d3MENO DEL ABUSO Y LA EXPLOTACI\u00d3N SEXUAL<\/strong><\/b><\/p>\n","protected":false},"excerpt":{"rendered":"<p>Noviembre a\u00f1o 2025\u00a0 *\u00a0150 P\u00e1ginas<br \/>\nBuscas un libro Jur\u00eddico.? Lo puedes encontrar en nuestra tienda virtual.<br \/>\nContamos con prestigiosos autores y muchas alternativas en sus diferentes materias al igual que grandes descuentos.! Vis\u00edtanos en <a class=\"NSMFYicDXqFhgBtLiIgLACUsCNPHaifjL \" tabindex=\"0\" href=\"https:\/\/lnkd.in\/eiAG7jdZ\" target=\"_blank\" rel=\"noopener\" data-test-app-aware-link=\"\">https:\/\/lnkd.in\/eiAG7jdZ<\/a><br \/>\nEscr\u00edbenos al +56930565235 \/ <a class=\"NSMFYicDXqFhgBtLiIgLACUsCNPHaifjL \" tabindex=\"0\" href=\"mailto:ventaslegallexglobal@gmail.com\" target=\"_self\" data-test-app-aware-link=\"\">ventaslegallexglobal@gmail.com<\/a><br \/>\nHacemos env\u00edos a todo Chile \u2013 Starken o Correos Chile \/ Te esperamos.<\/p>\n","protected":false},"featured_media":2570,"comment_status":"open","ping_status":"closed","template":"","meta":{"inline_featured_image":false,"_joinchat":[]},"product_brand":[],"product_cat":[26,29,30],"product_tag":[],"class_list":{"0":"post-2540","1":"product","2":"type-product","3":"status-publish","4":"has-post-thumbnail","6":"product_cat-derecho","7":"product_cat-familia-y-del-menor","8":"product_cat-penal","10":"first","11":"instock","12":"shipping-taxable","13":"purchasable","14":"product-type-simple"},"_links":{"self":[{"href":"https:\/\/bibliotecajuridicavirtual.cl\/index.php\/wp-json\/wp\/v2\/product\/2540","targetHints":{"allow":["GET"]}}],"collection":[{"href":"https:\/\/bibliotecajuridicavirtual.cl\/index.php\/wp-json\/wp\/v2\/product"}],"about":[{"href":"https:\/\/bibliotecajuridicavirtual.cl\/index.php\/wp-json\/wp\/v2\/types\/product"}],"replies":[{"embeddable":true,"href":"https:\/\/bibliotecajuridicavirtual.cl\/index.php\/wp-json\/wp\/v2\/comments?post=2540"}],"wp:featuredmedia":[{"embeddable":true,"href":"https:\/\/bibliotecajuridicavirtual.cl\/index.php\/wp-json\/wp\/v2\/media\/2570"}],"wp:attachment":[{"href":"https:\/\/bibliotecajuridicavirtual.cl\/index.php\/wp-json\/wp\/v2\/media?parent=2540"}],"wp:term":[{"taxonomy":"product_brand","embeddable":true,"href":"https:\/\/bibliotecajuridicavirtual.cl\/index.php\/wp-json\/wp\/v2\/product_brand?post=2540"},{"taxonomy":"product_cat","embeddable":true,"href":"https:\/\/bibliotecajuridicavirtual.cl\/index.php\/wp-json\/wp\/v2\/product_cat?post=2540"},{"taxonomy":"product_tag","embeddable":true,"href":"https:\/\/bibliotecajuridicavirtual.cl\/index.php\/wp-json\/wp\/v2\/product_tag?post=2540"}],"curies":[{"name":"wp","href":"https:\/\/api.w.org\/{rel}","templated":true}]}}