{"id":2541,"date":"2026-02-28T01:02:16","date_gmt":"2026-02-28T04:02:16","guid":{"rendered":"https:\/\/bibliotecajuridicavirtual.cl\/?post_type=product&#038;p=2541"},"modified":"2026-02-28T01:02:28","modified_gmt":"2026-02-28T04:02:28","slug":"derecho-laboral-sustantivo-aspectos-esenciales-para-la-labor-jurisdiccional-caterina-guidi-victor-riffo-noviembre-ano-2025-236-pag","status":"publish","type":"product","link":"https:\/\/bibliotecajuridicavirtual.cl\/index.php\/product\/derecho-laboral-sustantivo-aspectos-esenciales-para-la-labor-jurisdiccional-caterina-guidi-victor-riffo-noviembre-ano-2025-236-pag\/","title":{"rendered":"Derecho Laboral Sustantivo * Aspectos esenciales para la Labor Jurisdiccional &#8211; Caterina Guidi &#8211; V\u00edctor Riffo * Noviembre a\u00f1o 2025 &#8211; 236 P\u00e1g."},"content":{"rendered":"<p style=\"font-weight: 400;\">El libro analiza el derecho laboral desde sus principios fundamentales, para luego profundizar en las instituciones del derecho laboral, incluyendo la formalizaci\u00f3n del contrato y las potestades del empleador, como el poder de direcci\u00f3n, variaci\u00f3n, reglamentaci\u00f3n y disciplinario, as\u00ed como las obligaciones de seguridad. Ofrece, a su vez, un an\u00e1lisis detallado de la descentralizaci\u00f3n productiva, la subcontrataci\u00f3n y el suministro de trabajadores, brindando criterios para la imputaci\u00f3n de responsabilidades y la identificaci\u00f3n de figuras como la unidad econ\u00f3mica.<\/p>\n<p style=\"font-weight: 400;\">La obra dedica un cap\u00edtulo a la ciudadan\u00eda del trabajador en la empresa, examinando c\u00f3mo los derechos fundamentales limitan las facultades del empleador. Se abordan en profundidad los conceptos de acoso y violencia en el trabajo, a la luz del Convenio 190 de la OIT y la Ley 21.643 sobre prevenci\u00f3n, investigaci\u00f3n y sanci\u00f3n del acoso laboral, sexual y violencia en el trabajo. Se explican los procedimientos de tutela de derechos fundamentales y la prueba indiciaria, esenciales para resolver conflictos laborales que vulneran derechos fundamentales del trabajador.<\/p>\n<p style=\"font-weight: 400;\">Adem\u00e1s, el Material Docente examina las causales de terminaci\u00f3n del contrato, las formalidades del despido, las indemnizaciones y acciones judiciales asociadas, como el despido indirecto y la nulidad del despido. Tambi\u00e9n cubre las bases del derecho colectivo, incluyendo la libertad sindical, la negociaci\u00f3n colectiva y la huelga, reconoci\u00e9ndolos como elementos vitales para la defensa de los intereses de los trabajadores.<\/p>\n<p style=\"font-weight: 400;\">Este texto es un recurso fundamental que dotar\u00e1 a la judicatura de los conocimientos y criterios interpretativos necesarios para una aplicaci\u00f3n coherente del derecho laboral sustantivo, contribuyendo as\u00ed a lograr la mejor respuesta judicial posible.<\/p>\n<p style=\"font-weight: 400;\"><b><strong>CAP\u00cdTULO 1<br \/>\nEL DERECHO DEL TRABAJO Y LA REGULACI\u00d3N JUR\u00cdDICA DEL TRABAJO DEPENDIENTE<\/strong><\/b><\/p>\n<p style=\"font-weight: 400;\"><b><strong>CAP\u00cdTULO 2<br \/>\nFORMALIZACI\u00d3N DEL CONTRATO DE TRABAJO Y DESCENTRALIZACI\u00d3N PRODUCTIVA. POTESTADES DEL EMPLEADOR.<\/strong><\/b><\/p>\n<p style=\"font-weight: 400;\"><b><strong>CAP\u00cdTULO 3<br \/>\nCONSTITUCI\u00d3N LABORAL Y CIUDADAN\u00cdA DEL TRABAJADOR EN LA EMPRESA<\/strong><\/b><\/p>\n<p style=\"font-weight: 400;\"><b><strong>CAP\u00cdTULO 4<br \/>\nTERMINACI\u00d3N DEL CONTRATO DE TRABAJO<\/strong><\/b><\/p>\n<p style=\"font-weight: 400;\"><b><strong>CAP\u00cdTULO 5<\/strong><\/b><br \/>\n<b><strong>DERECHO COLECTIVO DEL TRABAJO. NOCIONES B\u00c1SICAS<\/strong><\/b><\/p>\n","protected":false},"excerpt":{"rendered":"<p>Buscas un libro Jur\u00eddico.? Lo puedes encontrar en nuestra tienda virtual.<br \/>\nContamos con prestigiosos autores y muchas alternativas en sus diferentes materias al igual que grandes descuentos.! Vis\u00edtanos en <a class=\"BZlYAjikHPGRJsJDVXcEAIgyCHVdMWfWWELYvU \" tabindex=\"0\" href=\"https:\/\/lnkd.in\/eiAG7jdZ\" target=\"_blank\" rel=\"noopener\" data-test-app-aware-link=\"\">https:\/\/lnkd.in\/eiAG7jdZ<\/a><br \/>\nEscr\u00edbenos al +56930565235 \/ <a class=\"BZlYAjikHPGRJsJDVXcEAIgyCHVdMWfWWELYvU \" tabindex=\"0\" href=\"mailto:ventaslegallexglobal@gmail.com\" target=\"_self\" data-test-app-aware-link=\"\">ventaslegallexglobal@gmail.com<\/a><br \/>\nHacemos env\u00edos a todo Chile \u2013 Starken o Correos Chile \/ Te esperamos.<\/p>\n","protected":false},"featured_media":2571,"comment_status":"open","ping_status":"closed","template":"","meta":{"inline_featured_image":false,"_joinchat":[]},"product_brand":[],"product_cat":[26,41],"product_tag":[],"class_list":{"0":"post-2541","1":"product","2":"type-product","3":"status-publish","4":"has-post-thumbnail","6":"product_cat-derecho","7":"product_cat-laboral","9":"first","10":"instock","11":"shipping-taxable","12":"purchasable","13":"product-type-simple"},"_links":{"self":[{"href":"https:\/\/bibliotecajuridicavirtual.cl\/index.php\/wp-json\/wp\/v2\/product\/2541","targetHints":{"allow":["GET"]}}],"collection":[{"href":"https:\/\/bibliotecajuridicavirtual.cl\/index.php\/wp-json\/wp\/v2\/product"}],"about":[{"href":"https:\/\/bibliotecajuridicavirtual.cl\/index.php\/wp-json\/wp\/v2\/types\/product"}],"replies":[{"embeddable":true,"href":"https:\/\/bibliotecajuridicavirtual.cl\/index.php\/wp-json\/wp\/v2\/comments?post=2541"}],"wp:featuredmedia":[{"embeddable":true,"href":"https:\/\/bibliotecajuridicavirtual.cl\/index.php\/wp-json\/wp\/v2\/media\/2571"}],"wp:attachment":[{"href":"https:\/\/bibliotecajuridicavirtual.cl\/index.php\/wp-json\/wp\/v2\/media?parent=2541"}],"wp:term":[{"taxonomy":"product_brand","embeddable":true,"href":"https:\/\/bibliotecajuridicavirtual.cl\/index.php\/wp-json\/wp\/v2\/product_brand?post=2541"},{"taxonomy":"product_cat","embeddable":true,"href":"https:\/\/bibliotecajuridicavirtual.cl\/index.php\/wp-json\/wp\/v2\/product_cat?post=2541"},{"taxonomy":"product_tag","embeddable":true,"href":"https:\/\/bibliotecajuridicavirtual.cl\/index.php\/wp-json\/wp\/v2\/product_tag?post=2541"}],"curies":[{"name":"wp","href":"https:\/\/api.w.org\/{rel}","templated":true}]}}