{"id":2544,"date":"2026-02-28T01:02:16","date_gmt":"2026-02-28T04:02:16","guid":{"rendered":"https:\/\/bibliotecajuridicavirtual.cl\/?post_type=product&#038;p=2544"},"modified":"2026-02-28T01:02:30","modified_gmt":"2026-02-28T04:02:30","slug":"guia-para-la-conduccion-de-las-audiencias-de-casos-de-responsabilidad-penal-adolescente-academia-judicial-de-chile-agosto-ano-2025-184-pag","status":"publish","type":"product","link":"https:\/\/bibliotecajuridicavirtual.cl\/index.php\/product\/guia-para-la-conduccion-de-las-audiencias-de-casos-de-responsabilidad-penal-adolescente-academia-judicial-de-chile-agosto-ano-2025-184-pag\/","title":{"rendered":"Gu\u00eda para la Conducci\u00f3n de las Audiencias de Casos de Responsabilidad Penal Adolescente * Academia Judicial de Chile &#8211; agosto a\u00f1o 2025 * 184 P\u00e1g."},"content":{"rendered":"<p style=\"font-weight: 400;\">La Ley N\u00b021.527 incorpor\u00f3 relevantes modificaciones a la Ley de Responsabilidad Penal Adolescente, creando el Servicio Nacional de Reinserci\u00f3n Social Juvenil y definiendo la especializaci\u00f3n de jueces de garant\u00eda, fiscales y defensores que conozcan sobre este tipo de causas, salvando as\u00ed lo que constitu\u00eda una asignatura pendiente en esta \u00e1rea de la justicia.<\/p>\n<p style=\"font-weight: 400;\">No cabe duda de que los cambios significar\u00e1n importantes desaf\u00edos para el sistema, los cuales afectar\u00e1n la forma en la que se realizan las audiencias. Por ello, resulta esencial contar con pautas claras que orienten la forma en que estas se llevar\u00e1n a cabo, de modo que se apliquen correctamente las nuevas normas procesales, asegurando una adecuada participaci\u00f3n del adolescente imputado, para que pueda ejercitar sus derechos, comprender las decisiones adoptadas y as\u00ed facilitar su cumplimiento.<\/p>\n<p style=\"font-weight: 400;\">En la elaboraci\u00f3n de esta gu\u00eda participaron destacados jueces de garant\u00eda, docentes, representantes del Ministerio P\u00fablico, de la Defensor\u00eda Penal P\u00fablica, del Ministerio de Justicia y del Servicio Nacional de Reinserci\u00f3n Social Juvenil.<\/p>\n<p style=\"font-weight: 400;\">La gu\u00eda contiene buenas pr\u00e1cticas y propuestas de soluci\u00f3n a nudos cr\u00edticos que se han detectado en la implementaci\u00f3n gradual de la ley en el pa\u00eds, especialmente respecto de la primera audiencia \u2013control de la detenci\u00f3n, formalizaci\u00f3n, medidas cautelares, salidas alternativas\u2013, del procedimiento simplificado y abreviado, de la mediaci\u00f3n, as\u00ed como la determinaci\u00f3n de la pena y ejecuci\u00f3n.<\/p>\n<p style=\"font-weight: 400;\">Con un enfoque claro, directo y eminentemente pr\u00e1ctico, esta gu\u00eda constituye un aporte concreto para litigantes y operadores del sistema de justicia juvenil.<\/p>\n<ol>\n<li style=\"font-weight: 400;\"><b><strong> Primera audiencia: audiencia de control de detenci\u00f3n<\/strong><\/b><\/li>\n<\/ol>\n<p style=\"font-weight: 400;\">1.1. Recomendaciones generales referidas a imputados e imputadas adolescentes<\/p>\n<p style=\"font-weight: 400;\">1.2. Recomendaci\u00f3n de buenas pr\u00e1cticas de coordinaci\u00f3n interinstitucional<\/p>\n<p style=\"font-weight: 400;\">1.3. Recomendaci\u00f3n de buenas pr\u00e1cticas previas al inicio de la audiencia<\/p>\n<p style=\"font-weight: 400;\">1.4. Audiencia de control de detenci\u00f3n<br \/>\nA) Identificaci\u00f3n de la causa, juez o jueza e intervinientes<br \/>\nB) Individualizaci\u00f3n de la persona detenida y apercibimiento del art\u00edculo 26 del C\u00f3digo Procesal Penal<br \/>\nC) Caso especial: adolescente extranjero sin que exista certeza sobre su identidad<br \/>\nD) Interseccionalidad<br \/>\na. Ejemplo de audiencia \/ Apercibimiento del art\u00edculo 26 del C\u00f3digo Procesal Penal<br \/>\nb. \u00bfC\u00f3mo decidir por un m\u00e9todo de notificaci\u00f3n especial?<br \/>\nc. Temas relevantes<br \/>\nd. Recomendaci\u00f3n de buenas pr\u00e1cticas<br \/>\ne. Lista de verificaci\u00f3n<\/p>\n<p style=\"font-weight: 400;\">1.5. Control de las circunstancias de la detenci\u00f3n<br \/>\nA) Aspectos en que poner especial atenci\u00f3n trat\u00e1ndose de adolescentes<br \/>\na. Ejemplo de audiencia \/ Control de la detenci\u00f3n<br \/>\nB) Temas relevantes<br \/>\na. C\u00f3mo materializar el derecho a guardar silencio con sentido de justicia<br \/>\nb. Ejemplo de audiencia \/ Materializar el derecho a guardar silencio<br \/>\nc. Medidas de seguridad<br \/>\nd. \u00bfQu\u00e9 ocurre con la presentaci\u00f3n voluntaria al tribunal de la persona imputada con orden de detenci\u00f3n vigente?<br \/>\ne. Recomendaci\u00f3n de buenas pr\u00e1cticas<br \/>\nf. Lista de verificaci\u00f3n<\/p>\n<p style=\"font-weight: 400;\">1.6. Intervinientes no realizan peticiones<\/p>\n<p style=\"font-weight: 400;\">1.7. Ampliaci\u00f3n de la detenci\u00f3n<br \/>\nA) Extranjeros<br \/>\nB) Recomendaci\u00f3n de buenas pr\u00e1cticas<br \/>\nC) Lista de verificaci\u00f3n<br \/>\nD) Formalizaci\u00f3n<br \/>\na. Ejemplo de audiencia \/ Explicar la naturaleza de la formalizaci\u00f3n<br \/>\nb. Ejemplo de audiencia \/ Conclusi\u00f3n de la formalizaci\u00f3n<br \/>\nc. Recomendaci\u00f3n de buenas pr\u00e1cticas<br \/>\nd. Lista de verificaci\u00f3n<\/p>\n<p style=\"font-weight: 400;\">1.8. Procedimientos vinculados al tratamiento de personas potencialmente inimputables<br \/>\nA) Recomendaci\u00f3n de buenas pr\u00e1cticas<\/p>\n<p style=\"font-weight: 400;\">1.9. Declaraci\u00f3n de la persona imputada en la primera audiencia<br \/>\nA) Ejemplo de audiencia \/ Declaraci\u00f3n persona imputada<br \/>\na. Recomendaci\u00f3n de buenas pr\u00e1cticas<br \/>\nb. Lista de verificaci\u00f3n<\/p>\n<p style=\"font-weight: 400;\">1.10. Debate de cautelares<br \/>\nA) Cuestiones relevantes a considerar<br \/>\na. Uso del informe t\u00e9cnico regulado en el art\u00edculo 37 bis de la Ley N\u00b0 20.084 o de antecedentes del expediente \u00fanico de ejecuci\u00f3n de medidas<br \/>\nb. Derivaci\u00f3n de esta discusi\u00f3n respecto de las facultades cautelares de oficio de la judicatura<br \/>\nc. Explicaci\u00f3n de las medidas cautelares y efectos de su incumplimiento.<br \/>\nd. Ejemplo de audiencia \/ Explicaci\u00f3n de medidas cautelares<br \/>\ne. Recomendaci\u00f3n de buenas pr\u00e1cticas<br \/>\nf. Lista de verificaci\u00f3n<\/p>\n<p style=\"font-weight: 400;\">1.11. Debate de plazo de investigaci\u00f3n<br \/>\nA) Recomendaci\u00f3n de buenas pr\u00e1cticas<br \/>\nB) Lista de verificaci\u00f3n<\/p>\n<p style=\"font-weight: 400;\">1.12. Debate de salidas alternativas<br \/>\nA) Reflexiones previas<br \/>\nB) Comparecencia de los y las intervinientes<br \/>\nC) \u00bfQu\u00e9 hacer si la v\u00edctima no est\u00e1 presente?<br \/>\na. Suspensi\u00f3n condicional del procedimiento<br \/>\nb. Acuerdo reparatorio<br \/>\nD) Informaci\u00f3n y participaci\u00f3n de los y las intervinientes<br \/>\nE) Acreditaci\u00f3n del cumplimiento<br \/>\nF) Ejemplo de audiencia \/ Cumplimiento y di\u00e1logo con la persona imputada<br \/>\nG) Recomendaci\u00f3n de buenas pr\u00e1cticas comunes para la suspensi\u00f3n condicional y el acuerdo reparatorio<br \/>\nH) Recomendaci\u00f3n de buenas pr\u00e1cticas para la suspensi\u00f3n condicional del procedimiento<br \/>\nI) Recomendaci\u00f3n de buenas pr\u00e1cticas para el acuerdo reparatorio<br \/>\nJ) Lista de verificaci\u00f3n para la suspensi\u00f3n condicional<br \/>\na. Lista de verificaci\u00f3n para el acuerdo reparatorio<\/p>\n<p style=\"font-weight: 400;\">1.13. Cierre de la audiencia<br \/>\nA) Recomendaci\u00f3n de buenas pr\u00e1cticas<\/p>\n<ol start=\"2\">\n<li style=\"font-weight: 400;\"><b><strong> Audiencia de procedimiento simplificado<\/strong><\/b><\/li>\n<\/ol>\n<p style=\"font-weight: 400;\">2.1. Recomendaci\u00f3n de buenas pr\u00e1cticas de coordinaci\u00f3n interinstitucional<\/p>\n<p style=\"font-weight: 400;\">2.2. Recomendaci\u00f3n de buenas pr\u00e1cticas previo a la audiencia<\/p>\n<p style=\"font-weight: 400;\">2.3. Actividades del procedimiento simplificado<br \/>\nA) Inicio del procedimiento simplificado<br \/>\nB) Requerimiento simplificado verbal en el control de detenci\u00f3n<br \/>\nC) Explicaci\u00f3n a la persona imputada<br \/>\nD) Persona no est\u00e1 en condiciones de admitir responsabilidad o no entiende<br \/>\nE) Admisi\u00f3n de responsabilidad si el adolescente tiene sanciones anteriores<br \/>\nF) Si hay admisi\u00f3n de responsabilidad<br \/>\na. Expositivo<br \/>\nb. Considerativo<br \/>\nc. Dispositiva<br \/>\nd. Resolutiva<\/p>\n<p style=\"font-weight: 400;\">2.4. El rol de la parte querellante<br \/>\nA) Consecuencias de la participaci\u00f3n de la parte querellante<\/p>\n<p style=\"font-weight: 400;\">2.5. Audiencia de preparaci\u00f3n de juicio oral simplificado<br \/>\nA) \u00bfDebe haber congruencia entre la formalizaci\u00f3n y el requerimiento? 92<\/p>\n<p style=\"font-weight: 400;\">2.6. Requerimiento por escrito<br \/>\nA) Consideraciones de importancia cuando hay formalizaci\u00f3n previa<br \/>\nB) Defectos en el control y posible nulidad<br \/>\nC) Control de determinaci\u00f3n de la pena<br \/>\nD) Lectura del requerimiento y querella al inicio de la audiencia<br \/>\nE) Momento y suspensi\u00f3n de la audiencia de preparaci\u00f3n<br \/>\nF) Oportunidad para salidas alternativas<br \/>\nG) Casos en que la v\u00edctima se niega a declarar<br \/>\nH) De la audiencia de preparaci\u00f3n hacia el juicio simplificado<br \/>\nI) En cuanto a la notificaci\u00f3n de la polic\u00eda<\/p>\n<p style=\"font-weight: 400;\">2.7. Juicio simplificado<br \/>\nA) Inicio del juicio y su estructura<br \/>\nB) Declaraci\u00f3n del adolescente imputado<br \/>\nC) Etapa de la prueba<br \/>\na. Presentaci\u00f3n de la prueba<br \/>\nb. Declaraci\u00f3n de v\u00edctimas y testigos<br \/>\ni. Si el v\u00ednculo de parentesco aparece posteriormente<br \/>\nD) Etapa de clausura<br \/>\nE) Receso y suspensi\u00f3n de la audiencia de juicio oral<br \/>\nF) Etapa de decisi\u00f3n<br \/>\nG) Audiencia del art\u00edculo 343 del C\u00f3digo Procesal Penal<br \/>\nH) Lectura de sentencia<br \/>\nI) Renuncia de plazos<br \/>\nJ) Suspensi\u00f3n de juicio<\/p>\n<p style=\"font-weight: 400;\">2.8. Actividades de cierre de la audiencia<\/p>\n<p style=\"font-weight: 400;\">2.9. Recomendaci\u00f3n de buenas pr\u00e1cticas<\/p>\n<p style=\"font-weight: 400;\">2.10. Lista de verificaci\u00f3n<\/p>\n<p style=\"font-weight: 400;\">2.11. En juicio oral simplificado<\/p>\n<ol start=\"3\">\n<li style=\"font-weight: 400;\"><b><strong> Audiencia del procedimiento abreviado<\/strong><\/b><\/li>\n<\/ol>\n<p style=\"font-weight: 400;\">3.1. Recomendaci\u00f3n de buenas pr\u00e1cticas de coordinaci\u00f3n interinstitucional<\/p>\n<p style=\"font-weight: 400;\">3.2. Recomendaci\u00f3n de buenas pr\u00e1cticas previo a la audiencia<\/p>\n<p style=\"font-weight: 400;\">3.3. Actividades del procedimiento abreviado<br \/>\nA) Consideraciones previas al inicio del procedimiento<br \/>\na. Incomparecencia de la persona imputada<br \/>\nb. Reagendamientos sucesivos<br \/>\nB) Inicio del procedimiento abreviado propiamente tal<br \/>\na. Posibilidad de modificar los hechos<br \/>\nb. Control de procedencia del procedimiento abreviado<br \/>\nc. Rol del querellante en cuanto a oponerse al procedimiento abreviado<br \/>\nd. Facultades del querellante en torno a la acusaci\u00f3n<br \/>\ne. Decisi\u00f3n sobre la procedencia del procedimiento abreviado<br \/>\nf. Informaci\u00f3n que debe entregarse a la persona imputada<br \/>\ng. De la eventual unificaci\u00f3n de condenas en el procedimiento abreviado<br \/>\nh. Preguntas que deben realizarse a la persona imputada<br \/>\ni. \u00bfSe puede excluir prueba en un procedimiento abreviado?<\/p>\n<p style=\"font-weight: 400;\">3.4. Tramitaci\u00f3n del procedimiento abreviado<br \/>\nA) Nueva audiencia intermedia<\/p>\n<p style=\"font-weight: 400;\">3.5. Veredicto en el procedimiento abreviado<\/p>\n<p style=\"font-weight: 400;\">3.6. Audiencia del art\u00edculo 343 del C\u00f3digo Procesal Penal<\/p>\n<p style=\"font-weight: 400;\">3.7. Lectura de sentencia<\/p>\n<p style=\"font-weight: 400;\">3.8. Actividades de cierre de la audiencia<\/p>\n<p style=\"font-weight: 400;\">3.9. Recomendaci\u00f3n de buenas pr\u00e1cticas<\/p>\n<p style=\"font-weight: 400;\">3.10. Lista de verificaci\u00f3n<\/p>\n<ol start=\"4\">\n<li style=\"font-weight: 400;\"><b><strong> Mediaci\u00f3n penal<\/strong><\/b><\/li>\n<\/ol>\n<p style=\"font-weight: 400;\">4.1. Introducci\u00f3n<\/p>\n<p style=\"font-weight: 400;\">4.2. Mediaci\u00f3n regulada en el art\u00edculo 35 ter de la Ley No 20.084<br \/>\nA) Requisitos de procedencia<br \/>\nB) Oportunidad<\/p>\n<p style=\"font-weight: 400;\">4.3. T\u00e9rmino de la causa<\/p>\n<p style=\"font-weight: 400;\">4.4. Inicio del debate<\/p>\n<p style=\"font-weight: 400;\">4.5. Recomendaci\u00f3n de buenas pr\u00e1cticas para la mediaci\u00f3n penal<\/p>\n<p style=\"font-weight: 400;\">4.6. Lista de verificaci\u00f3n para la derivaci\u00f3n a mediaci\u00f3n<\/p>\n<p style=\"font-weight: 400;\">4.7. Mediaci\u00f3n excepcional<\/p>\n<p style=\"font-weight: 400;\">4.8. Mediaci\u00f3n sobre las condiciones de cumplimiento de las sanciones de reparaci\u00f3n del da\u00f1o y servicios en beneficio de la comunidad<\/p>\n<ol start=\"5\">\n<li style=\"font-weight: 400;\"><b><strong> Audiencia de determinaci\u00f3n de la pena. plan de intervenci\u00f3n<\/strong><\/b><\/li>\n<\/ol>\n<p style=\"font-weight: 400;\">5.1. Acciones y buenas pr\u00e1cticas previas a la audiencia relativas a los y las adolescentes en relaci\u00f3n a la determinaci\u00f3n de la pena<\/p>\n<p style=\"font-weight: 400;\">5.2. Actividades y buenas pr\u00e1cticas previas a la audiencia de determinaci\u00f3n de pena referidas al cotejo de elementos esenciales para su desarrollo<\/p>\n<p style=\"font-weight: 400;\">5.3. Recomendaci\u00f3n de buenas pr\u00e1cticas generales durante el desarrollo de la audiencia<\/p>\n<p style=\"font-weight: 400;\">5.4. Audiencia de determinaci\u00f3n de la pena<br \/>\nA) Identificaci\u00f3n de la causa y del juez, jueza o tribunal<br \/>\nB) Individualizaci\u00f3n de los y las intervinientes<br \/>\nC) Presentaci\u00f3n y solicitudes sobre la pena a imponer<br \/>\na. Intervenci\u00f3n del tribunal<br \/>\nb. Intervenci\u00f3n de la Fiscal\u00eda<br \/>\nc. Intervenci\u00f3n del querellante<br \/>\nd. Intervenci\u00f3n de la defensa<br \/>\ne. Intervenci\u00f3n general de los intervinientes<br \/>\nD) Situaciones especiales<br \/>\na. Efecto que se plantea aplicar trat\u00e1ndose de reiteraci\u00f3n en cr\u00edmenes<br \/>\nb. Procedimiento abreviado<br \/>\nc. Procedencia de penas copulativas (art\u00edculo 25 de la Ley No 20.084) 163<br \/>\nd. Procedencia de una pena mixta (art\u00edculo 19 de la Ley No 20.084) 163<br \/>\ne. Procedencia (copulativa) de penas accesorias<br \/>\nf. Concurso de delitos (si fuere el caso)<br \/>\ng. Unificaci\u00f3n de condenas<br \/>\nh. L\u00edmites a la imposici\u00f3n de sanciones<\/p>\n<p style=\"font-weight: 400;\">5.5. Recepci\u00f3n de prueba<\/p>\n<p style=\"font-weight: 400;\">5.6. Informe t\u00e9cnico<\/p>\n<p style=\"font-weight: 400;\">5.7. Situaciones especiales<\/p>\n<p style=\"font-weight: 400;\">5.8. Audiencia de lectura de sentencia<\/p>\n<p style=\"font-weight: 400;\">5.9. Audiencia de aprobaci\u00f3n de plan de intervenci\u00f3n<br \/>\nA) Excepciones<br \/>\nB) Desarrollo de la audiencia<\/p>\n<ol start=\"6\">\n<li style=\"font-weight: 400;\"><b><strong> Audiencia de control de ejecuci\u00f3n<\/strong><\/b><\/li>\n<\/ol>\n<p style=\"font-weight: 400;\">6.1. Temas relevantes de la ejecuci\u00f3n de las sanciones de la Ley No 20.084<br \/>\nA) Inter\u00e9s superior del adolescente<br \/>\nB) Finalidad de las sanciones<br \/>\nC) Competencia<br \/>\nD) Certificaci\u00f3n de cumplimiento<\/p>\n<p style=\"font-weight: 400;\">6.2. Recomendaci\u00f3n de buenas pr\u00e1cticas durante la ejecuci\u00f3n de las sanciones de adolescentes<\/p>\n<p style=\"font-weight: 400;\">6.3. C\u00f3mputo de sanciones<\/p>\n<p style=\"font-weight: 400;\">6.4. Suspensi\u00f3n de la imposici\u00f3n de condena (ejecuci\u00f3n del art\u00edculo 41 de la Ley No 20.084)<\/p>\n<p style=\"font-weight: 400;\">6.5. Reglas de ejecuci\u00f3n<br \/>\nA) Administraci\u00f3n de las medidas no privativas de libertad<br \/>\nB) Administraci\u00f3n de los centros de privaci\u00f3n de libertad<\/p>\n<p style=\"font-weight: 400;\">6.6. Objetivos de las sanciones<\/p>\n<p style=\"font-weight: 400;\">6.7. Buenas pr\u00e1cticas en las audiencias relativas a la ejecuci\u00f3n de una condena<\/p>\n<p style=\"font-weight: 400;\">6.8. Derechos y garant\u00edas en la ejecuci\u00f3n<\/p>\n<p style=\"font-weight: 400;\">6.9. Audiencia de quebrantamiento de condena<\/p>\n<p style=\"font-weight: 400;\">6.10. Audiencia de sustituci\u00f3n de condena<\/p>\n<p style=\"font-weight: 400;\">6.11. Audiencia de remisi\u00f3n de la condena<\/p>\n<p style=\"font-weight: 400;\">6.12. Mayor\u00eda de edad del adolescente condenado<br \/>\nA) Casos<\/p>\n","protected":false},"excerpt":{"rendered":"<p>Buscas un libro Jur\u00eddico.? Lo puedes encontrar en nuestra tienda virtual.<br \/>\nContamos con prestigiosos autores y muchas alternativas en sus diferentes materias al igual que grandes descuentos.! Vis\u00edtanos en <a class=\"BZlYAjikHPGRJsJDVXcEAIgyCHVdMWfWWELYvU \" tabindex=\"0\" href=\"https:\/\/lnkd.in\/eiAG7jdZ\" target=\"_blank\" rel=\"noopener\" data-test-app-aware-link=\"\">https:\/\/lnkd.in\/eiAG7jdZ<\/a><br \/>\nEscr\u00edbenos al +56930565235 \/ <a class=\"BZlYAjikHPGRJsJDVXcEAIgyCHVdMWfWWELYvU \" tabindex=\"0\" href=\"mailto:ventaslegallexglobal@gmail.com\" target=\"_self\" data-test-app-aware-link=\"\">ventaslegallexglobal@gmail.com<\/a><br \/>\nHacemos env\u00edos a todo Chile \u2013 Starken o Correos Chile \/ Te esperamos.<\/p>\n","protected":false},"featured_media":2574,"comment_status":"open","ping_status":"closed","template":"","meta":{"inline_featured_image":false,"_joinchat":[]},"product_brand":[],"product_cat":[26,29,30],"product_tag":[],"class_list":{"0":"post-2544","1":"product","2":"type-product","3":"status-publish","4":"has-post-thumbnail","6":"product_cat-derecho","7":"product_cat-familia-y-del-menor","8":"product_cat-penal","10":"first","11":"instock","12":"shipping-taxable","13":"purchasable","14":"product-type-simple"},"_links":{"self":[{"href":"https:\/\/bibliotecajuridicavirtual.cl\/index.php\/wp-json\/wp\/v2\/product\/2544","targetHints":{"allow":["GET"]}}],"collection":[{"href":"https:\/\/bibliotecajuridicavirtual.cl\/index.php\/wp-json\/wp\/v2\/product"}],"about":[{"href":"https:\/\/bibliotecajuridicavirtual.cl\/index.php\/wp-json\/wp\/v2\/types\/product"}],"replies":[{"embeddable":true,"href":"https:\/\/bibliotecajuridicavirtual.cl\/index.php\/wp-json\/wp\/v2\/comments?post=2544"}],"wp:featuredmedia":[{"embeddable":true,"href":"https:\/\/bibliotecajuridicavirtual.cl\/index.php\/wp-json\/wp\/v2\/media\/2574"}],"wp:attachment":[{"href":"https:\/\/bibliotecajuridicavirtual.cl\/index.php\/wp-json\/wp\/v2\/media?parent=2544"}],"wp:term":[{"taxonomy":"product_brand","embeddable":true,"href":"https:\/\/bibliotecajuridicavirtual.cl\/index.php\/wp-json\/wp\/v2\/product_brand?post=2544"},{"taxonomy":"product_cat","embeddable":true,"href":"https:\/\/bibliotecajuridicavirtual.cl\/index.php\/wp-json\/wp\/v2\/product_cat?post=2544"},{"taxonomy":"product_tag","embeddable":true,"href":"https:\/\/bibliotecajuridicavirtual.cl\/index.php\/wp-json\/wp\/v2\/product_tag?post=2544"}],"curies":[{"name":"wp","href":"https:\/\/api.w.org\/{rel}","templated":true}]}}