{"id":2545,"date":"2026-02-28T01:02:16","date_gmt":"2026-02-28T04:02:16","guid":{"rendered":"https:\/\/bibliotecajuridicavirtual.cl\/?post_type=product&#038;p=2545"},"modified":"2026-02-28T01:02:31","modified_gmt":"2026-02-28T04:02:31","slug":"violencia-vicaria-ninos-ninas-y-adolescentes-las-victimas-invisibles-de-la-violencia-de-genero-octubre-ano-2025-110-paginas","status":"publish","type":"product","link":"https:\/\/bibliotecajuridicavirtual.cl\/index.php\/product\/violencia-vicaria-ninos-ninas-y-adolescentes-las-victimas-invisibles-de-la-violencia-de-genero-octubre-ano-2025-110-paginas\/","title":{"rendered":"Violencia Vicaria * Ni\u00f1os, Ni\u00f1as y Adolescentes &#8211; Las V\u00edctimas Invisibles de la Violencia de G\u00e9nero * Octubre a\u00f1o 2025 &#8211; 110 P\u00e1ginas"},"content":{"rendered":"<p style=\"font-weight: 400;\">Esta obra aborda la violencia vicaria, entendida como aquella forma de violencia de g\u00e9nero que se ejerce a trav\u00e9s de los ni\u00f1os, ni\u00f1as y adolescentes, con el fin de perpetuar el control y causar da\u00f1o a las mujeres, generalmente dentro del contexto de la violencia intrafamiliar. A partir de un enfoque jur\u00eddico-cr\u00edtico y con perspectiva de g\u00e9nero y derechos humanos, se analiza el fen\u00f3meno tanto en el derecho nacional chileno como en la legislaci\u00f3n comparada, en especial la normativa espa\u00f1ola.<\/p>\n<p style=\"font-weight: 400;\">Mediante un riguroso estudio doctrinal y jurisprudencial, la autora evidencia la necesidad de reconocer y regular espec\u00edficamente la violencia vicaria, y propone reformas legales y medidas integrales de protecci\u00f3n para las madres y las infancias afectadas. Este libro busca visibilizar a quienes han sido las v\u00edctimas silenciosas de la violencia machista y contribuir a su erradicaci\u00f3n.<\/p>\n<p style=\"font-weight: 400;\">\n<p style=\"font-weight: 400;\"><b><strong>CAP\u00cdTULO I<\/strong><\/b><br \/>\n<b><strong>PROBLEMA DE INVESTIGACI\u00d3N<\/strong><\/b><\/p>\n<p style=\"font-weight: 400;\">1.1 Planteamiento y justificaci\u00f3n<\/p>\n<p style=\"font-weight: 400;\">1.2 Hip\u00f3tesis<\/p>\n<p style=\"font-weight: 400;\">1.3 Pregunta(s) de investigaci\u00f3n<\/p>\n<p style=\"font-weight: 400;\">1.4 Objetivo General<br \/>\n1.4.1 Objetivos Espec\u00edficos<\/p>\n<p style=\"font-weight: 400;\">1.5 Metodolog\u00eda<\/p>\n<p style=\"font-weight: 400;\"><b><strong>CAP\u00cdTULO II<\/strong><\/b><br \/>\n<b><strong>VIOLENCIA VICARIA: UN TIPO DE VIOLENCIA DE G\u00c9NERO<\/strong><\/b><\/p>\n<p style=\"font-weight: 400;\">2.1 Definici\u00f3n y alcance de la violencia de g\u00e9nero y la violencia contra la mujer.<\/p>\n<p style=\"font-weight: 400;\">2.2 Definiciones y alcances de la violencia dom\u00e9stica, intrafamiliar y violencia en la pareja.<\/p>\n<p style=\"font-weight: 400;\">2.3 Invisibilizacio\u0301n de hijas e hijos de madres maltratadas en contexto de violencia intrafamiliar.<\/p>\n<p style=\"font-weight: 400;\">2.4 Violencia Vicaria como una forma de violencia de g\u00e9nero, desde la doctrina.<br \/>\n2.4.1 Dimensiones de la Violencia Vicaria<br \/>\n2.4.2 Violencia Vicaria en el Derecho Internacional de los Derechos Humanos<br \/>\n2.4.3 Consecuencias de la Violencia de G\u00e9nero en las mujeres maltratadas y sus hijas e hijos.<\/p>\n<p style=\"font-weight: 400;\"><b><strong>CAP\u00cdTULO III<\/strong><\/b><br \/>\n<b><strong>VIOLENCIA INTRAFAMILIAR EN LA NORMATIVA CHILENA<\/strong><\/b><\/p>\n<p style=\"font-weight: 400;\">3.1 Legislaci\u00f3n vigente en Chile respecto de la violencia intrafamiliar<\/p>\n<p style=\"font-weight: 400;\">3.2 Historia y evoluci\u00f3n de la Ley de Violencia Intrafamiliar.<\/p>\n<p style=\"font-weight: 400;\">3.3 An\u00e1lisis del concepto de violencia Intrafamiliar seg\u00fan la Ley N\u00ba20.066.<br \/>\n3.3.1 Tipolog\u00edas de Violencia Intrafamiliar.<br \/>\n3.3.2 V\u00edctimas consideradas y protegidas por la Ley chilena.<br \/>\n3.3.3 Mecanismos de protecci\u00f3n establecidos a favor de las v\u00edctimas de violencia intrafamiliar.<\/p>\n<p style=\"font-weight: 400;\"><b><strong>CAP\u00cdTULO IV<\/strong><\/b><br \/>\n<b><strong>VIOLENCIA VICARIA EN LA LEGISLACI\u00d3N EXTRANJERA: CASO ESPA\u00d1A<\/strong><\/b><\/p>\n<p style=\"font-weight: 400;\">4.1 exposici\u00f3n de caso N\u00ba47\/2012 Gonz\u00e1lez Carre\u00f1o c. Espa\u00f1a.<br \/>\n4.2 El ordenamiento jur\u00eddico espa\u00f1ol en materia de violencia vicaria<\/p>\n","protected":false},"excerpt":{"rendered":"<p>Buscas un libro Jur\u00eddico.? Lo puedes encontrar en nuestra tienda virtual.<br \/>\nContamos con prestigiosos autores y muchas alternativas en sus diferentes materias al igual que grandes descuentos.! Vis\u00edtanos en <a class=\"BZlYAjikHPGRJsJDVXcEAIgyCHVdMWfWWELYvU \" tabindex=\"0\" href=\"https:\/\/lnkd.in\/eiAG7jdZ\" target=\"_blank\" rel=\"noopener\" data-test-app-aware-link=\"\">https:\/\/lnkd.in\/eiAG7jdZ<\/a><br \/>\nEscr\u00edbenos al +56930565235 \/ <a class=\"BZlYAjikHPGRJsJDVXcEAIgyCHVdMWfWWELYvU \" tabindex=\"0\" href=\"mailto:ventaslegallexglobal@gmail.com\" target=\"_self\" data-test-app-aware-link=\"\">ventaslegallexglobal@gmail.com<\/a><br \/>\nHacemos env\u00edos a todo Chile \u2013 Starken o Correos Chile \/ Te esperamos.<\/p>\n","protected":false},"featured_media":2575,"comment_status":"open","ping_status":"closed","template":"","meta":{"inline_featured_image":false,"_joinchat":[]},"product_brand":[],"product_cat":[26,29,30],"product_tag":[],"class_list":{"0":"post-2545","1":"product","2":"type-product","3":"status-publish","4":"has-post-thumbnail","6":"product_cat-derecho","7":"product_cat-familia-y-del-menor","8":"product_cat-penal","10":"first","11":"instock","12":"shipping-taxable","13":"purchasable","14":"product-type-simple"},"_links":{"self":[{"href":"https:\/\/bibliotecajuridicavirtual.cl\/index.php\/wp-json\/wp\/v2\/product\/2545","targetHints":{"allow":["GET"]}}],"collection":[{"href":"https:\/\/bibliotecajuridicavirtual.cl\/index.php\/wp-json\/wp\/v2\/product"}],"about":[{"href":"https:\/\/bibliotecajuridicavirtual.cl\/index.php\/wp-json\/wp\/v2\/types\/product"}],"replies":[{"embeddable":true,"href":"https:\/\/bibliotecajuridicavirtual.cl\/index.php\/wp-json\/wp\/v2\/comments?post=2545"}],"wp:featuredmedia":[{"embeddable":true,"href":"https:\/\/bibliotecajuridicavirtual.cl\/index.php\/wp-json\/wp\/v2\/media\/2575"}],"wp:attachment":[{"href":"https:\/\/bibliotecajuridicavirtual.cl\/index.php\/wp-json\/wp\/v2\/media?parent=2545"}],"wp:term":[{"taxonomy":"product_brand","embeddable":true,"href":"https:\/\/bibliotecajuridicavirtual.cl\/index.php\/wp-json\/wp\/v2\/product_brand?post=2545"},{"taxonomy":"product_cat","embeddable":true,"href":"https:\/\/bibliotecajuridicavirtual.cl\/index.php\/wp-json\/wp\/v2\/product_cat?post=2545"},{"taxonomy":"product_tag","embeddable":true,"href":"https:\/\/bibliotecajuridicavirtual.cl\/index.php\/wp-json\/wp\/v2\/product_tag?post=2545"}],"curies":[{"name":"wp","href":"https:\/\/api.w.org\/{rel}","templated":true}]}}