{"id":2550,"date":"2026-02-28T01:02:16","date_gmt":"2026-02-28T04:02:16","guid":{"rendered":"https:\/\/bibliotecajuridicavirtual.cl\/?post_type=product&#038;p=2550"},"modified":"2026-02-28T01:02:41","modified_gmt":"2026-02-28T04:02:41","slug":"adquisicion-administracion-y-venta-de-bienes-fiscales-gonzalo-carrasco-astudillo-edicion-ano-2025-178-paginas","status":"publish","type":"product","link":"https:\/\/bibliotecajuridicavirtual.cl\/index.php\/product\/adquisicion-administracion-y-venta-de-bienes-fiscales-gonzalo-carrasco-astudillo-edicion-ano-2025-178-paginas\/","title":{"rendered":"Adquisici\u00f3n, Administraci\u00f3n y Venta de Bienes Fiscales * Gonzalo Carrasco Astudillo &#8211; edici\u00f3n a\u00f1o 2025 * 178 P\u00e1ginas"},"content":{"rendered":"<h6>Descripci\u00f3n<\/h6>\n<h6><strong>Adquisici\u00f3n, Administraci\u00f3n y Venta de Bienes Fiscales<\/strong><\/h6>\n<h6><strong>An\u00e1lisis del Tr\u00e1fico Jur\u00eddico de los Bienes de la Administraci\u00f3n desde el Derecho Civil<\/strong><\/h6>\n<p>Este libro intenta poner al d\u00eda la literatura jur\u00eddica nacional sobre el r\u00e9gimen de bienes \ufb01scales, desde la perspectiva del derecho civil. Para ello, el autor profundiza con un an\u00e1lisis cr\u00edtico, en la adquisici\u00f3n, administraci\u00f3n y enajenaci\u00f3n de bienes p\u00fablicos, proyectando la importancia de la confluencia de normas de derecho civil y administrativo en los actos jur\u00eddicos celebrados por el Estado, para la venta de inmuebles.<\/p>\n<p>Se trata de una incursi\u00f3n en la regulaci\u00f3n del Decreto Ley N\u00b0 1.939 que establece las \u201cNormas sobre adquisici\u00f3n, administraci\u00f3n y disposici\u00f3n de bienes del Estado\u201d y su relaci\u00f3n con el C\u00f3digo Civil. En ese contexto, la investigaci\u00f3n desarrolla un an\u00e1lisis sobre los requisitos especiales y distintos de la operatividad en los modos de adquirir el dominio, principalmente, de la accesi\u00f3n, la sucesi\u00f3n por causa de muerte y la tradici\u00f3n, como asimismo, en los t\u00edtulos traslaticios de dominio de compraventa, donaci\u00f3n y permuta.<\/p>\n<p>Finalmente, la presente obra analiza los reg\u00edmenes excepcionales en la adquisici\u00f3n y venta de bienes patrimoniales del Estado, dados por distintos cuerpos normativos, principalmente el Decreto Ley N\u00b0 1.113 que \u201cFija normas para las adquisici\u00f3n de bienes ra\u00edces por las FF.AA\u201d.<\/p>\n<p>Conforme a lo anterior, esta investigaci\u00f3n pretende ser una herramienta destinada a estudiantes de pre y postgrado, profesores, abogados que asesoren a empresas vinculadas en negocios con la Administraci\u00f3n, jueces y funcionarios de carteras ministeriales que tengan a su cargo el resguardo del patrimonio fiscal.<\/p>\n<p>\u00cdNDICE<\/p>\n<p>LA ADQUISICI\u00d3N, ADMINISTRACI\u00d3N Y VENTA DE LOS<br \/>\nBIENES FISCALES &#8230;&#8230;&#8230;&#8230;&#8230;&#8230;&#8230;&#8230;&#8230;&#8230;&#8230;&#8230;&#8230;&#8230;&#8230;&#8230;&#8230;&#8230;&#8230;&#8230;&#8230;&#8230;&#8230;&#8230;&#8230;&#8230;&#8230;&#8230;9<br \/>\nIntroducci\u00f3n, objetivo y estado de la cuesti\u00f3n &#8230;&#8230;&#8230;&#8230;&#8230;&#8230;&#8230;&#8230;&#8230;&#8230;&#8230;&#8230;.9<br \/>\nCAPITULO I<br \/>\nESTRUCTURA GENERAL DE LOS BIENES DE LA<br \/>\nADMINSTRACI\u00d3N DEL ESTADO &#8230;&#8230;&#8230;&#8230;&#8230;&#8230;&#8230;&#8230;&#8230;&#8230;&#8230;&#8230;&#8230;&#8230;&#8230;&#8230;&#8230;&#8230;&#8230;&#8230;19<br \/>\n1. La est\u00e1tica y din\u00e1mica de los bienes de la administraci\u00f3n<br \/>\ndel Estado &#8230;&#8230;&#8230;&#8230;&#8230;&#8230;&#8230;&#8230;&#8230;&#8230;&#8230;&#8230;&#8230;&#8230;&#8230;&#8230;&#8230;&#8230;&#8230;&#8230;&#8230;&#8230;&#8230;&#8230;&#8230;&#8230;&#8230;&#8230;&#8230;&#8230;.19<br \/>\n2. Los bienes, su clasificaci\u00f3n y su ligaz\u00f3n al r\u00e9gimen jur\u00eddico de<br \/>\nbienes de la administraci\u00f3n &#8230;&#8230;&#8230;&#8230;&#8230;&#8230;&#8230;&#8230;&#8230;&#8230;&#8230;&#8230;&#8230;&#8230;&#8230;&#8230;&#8230;&#8230;&#8230;&#8230;..21<br \/>\n3. Los bienes privados o patrimoniales de la Administraci\u00f3n del<br \/>\nEstado &#8230;&#8230;&#8230;&#8230;&#8230;&#8230;&#8230;&#8230;&#8230;&#8230;&#8230;&#8230;&#8230;&#8230;&#8230;&#8230;&#8230;&#8230;&#8230;&#8230;&#8230;&#8230;&#8230;&#8230;&#8230;&#8230;&#8230;&#8230;&#8230;&#8230;&#8230;&#8230;25<br \/>\nCAPITULO II<br \/>\nLOS BIENES PRIVADOS O PATRIMONIALES DEL ESTADO &#8230;&#8230;&#8230;&#8230;&#8230;&#8230;29<br \/>\n1. Caractr\u00edsticas de los bienes patrimoniales o primavos<br \/>\ndel Estado &#8230;&#8230;&#8230;&#8230;&#8230;&#8230;&#8230;&#8230;&#8230;&#8230;&#8230;&#8230;&#8230;&#8230;&#8230;&#8230;&#8230;&#8230;&#8230;&#8230;&#8230;&#8230;&#8230;&#8230;&#8230;&#8230;&#8230;&#8230;&#8230;&#8230;29<br \/>\nCAPITULO III<br \/>\nR\u00c9GIMEN GENRAL DE LOS BIENES DE LA ADMINISTRACI\u00d3N<br \/>\nDEL ESTADO &#8230;&#8230;&#8230;&#8230;&#8230;&#8230;&#8230;&#8230;&#8230;&#8230;&#8230;&#8230;&#8230;&#8230;&#8230;&#8230;&#8230;&#8230;&#8230;&#8230;&#8230;&#8230;&#8230;&#8230;&#8230;&#8230;&#8230;&#8230;&#8230;&#8230;..37<br \/>\n1. Cuerpo legal regulador: Decreto Ley N\u00ba 1.939 &#8230;&#8230;&#8230;&#8230;&#8230;&#8230;&#8230;&#8230;&#8230;&#8230;&#8230;.37<br \/>\n2. Aspectos generales sobre el surgimiento del Decreto<br \/>\nLey N\u00ba 1.939 &#8230;&#8230;&#8230;&#8230;&#8230;&#8230;&#8230;&#8230;&#8230;&#8230;&#8230;&#8230;&#8230;&#8230;&#8230;&#8230;&#8230;&#8230;&#8230;&#8230;&#8230;&#8230;&#8230;&#8230;&#8230;&#8230;&#8230;&#8230;&#8230;40<br \/>\n3. Funciones del Ministerio de Bienes Nacionales conforme al<br \/>\nr\u00e9gimen general del Decreto Ley N\u00ba 1.939 &#8230;&#8230;&#8230;&#8230;&#8230;&#8230;&#8230;&#8230;&#8230;&#8230;&#8230;&#8230;&#8230;.41<br \/>\n4. Aspectos de la competencia &#8230;&#8230;&#8230;&#8230;&#8230;&#8230;&#8230;&#8230;&#8230;&#8230;&#8230;&#8230;&#8230;&#8230;&#8230;&#8230;&#8230;&#8230;&#8230;&#8230;43<br \/>\n5. \u00bfQu\u00e9 se entiende por adquirir, administrar y disponer? &#8230;&#8230;&#8230;&#8230;&#8230;..45<br \/>\nCAPITULO IV<br \/>\nLA ADQUISICI\u00d3N DE BIENES FISCALES &#8230;&#8230;&#8230;&#8230;&#8230;&#8230;&#8230;&#8230;&#8230;&#8230;&#8230;&#8230;&#8230;&#8230;&#8230;..47<br \/>\n1. Reserva legal del modo de adquirir el dominio &#8230;&#8230;&#8230;&#8230;&#8230;&#8230;&#8230;&#8230;&#8230;&#8230;47<br \/>\n2. Causales de ingreso de bienes al patrimonio fiscal &#8230;&#8230;&#8230;&#8230;&#8230;&#8230;&#8230;&#8230;49<br \/>\n3. Causales de adquisici\u00f3n conforme al D.L. N\u00ba 1939 &#8230;&#8230;&#8230;&#8230;&#8230;&#8230;&#8230;&#8230;..62<br \/>\nCAPITULO V<br \/>\nLA ADMINISTRACI\u00d3N DE LOS BIENES DEL ESTADO &#8230;&#8230;&#8230;&#8230;&#8230;&#8230;&#8230;&#8230;..83<br \/>\n1. La destinaci\u00f3n &#8230;&#8230;&#8230;&#8230;&#8230;&#8230;&#8230;&#8230;&#8230;&#8230;&#8230;&#8230;&#8230;&#8230;&#8230;&#8230;&#8230;&#8230;&#8230;&#8230;&#8230;&#8230;&#8230;&#8230;&#8230;&#8230;&#8230;..84<br \/>\n2. Las concesiones de uso &#8230;&#8230;&#8230;&#8230;&#8230;&#8230;&#8230;&#8230;&#8230;&#8230;&#8230;&#8230;&#8230;&#8230;&#8230;&#8230;&#8230;&#8230;&#8230;&#8230;&#8230;&#8230;&#8230;89<br \/>\n3. La afectaci\u00f3n de bienes fiscales de la Administraci\u00f3n<br \/>\ndel Estado &#8230;&#8230;&#8230;&#8230;&#8230;&#8230;&#8230;&#8230;&#8230;&#8230;&#8230;&#8230;&#8230;&#8230;&#8230;&#8230;&#8230;&#8230;&#8230;&#8230;&#8230;&#8230;&#8230;&#8230;&#8230;&#8230;&#8230;&#8230;&#8230;.106<br \/>\n4. El arrendamiento de bienes fiscales &#8230;&#8230;&#8230;&#8230;&#8230;&#8230;&#8230;&#8230;&#8230;&#8230;&#8230;&#8230;&#8230;&#8230;&#8230;..107<br \/>\nCAPITULO VI<br \/>\nLA DISPOSICI\u00d3N DE LOS BIENES FISCALES &#8230;&#8230;&#8230;&#8230;&#8230;&#8230;&#8230;&#8230;&#8230;&#8230;&#8230;&#8230;&#8230;.117<br \/>\n1. La regla general de la onerosidad en la enajenaci\u00f3n &#8230;&#8230;&#8230;&#8230;&#8230;&#8230;&#8230;118<br \/>\n2. La compraventa de bienes fiscales &#8230;&#8230;&#8230;&#8230;&#8230;&#8230;&#8230;&#8230;&#8230;&#8230;&#8230;&#8230;&#8230;&#8230;&#8230;&#8230;.118<br \/>\n3. El precio del contrato de venta &#8230;&#8230;&#8230;&#8230;&#8230;&#8230;&#8230;&#8230;&#8230;&#8230;&#8230;&#8230;&#8230;&#8230;&#8230;&#8230;&#8230;&#8230;..119<br \/>\n4. Pago del precio &#8230;&#8230;&#8230;&#8230;&#8230;&#8230;&#8230;&#8230;&#8230;&#8230;&#8230;&#8230;&#8230;&#8230;&#8230;&#8230;&#8230;&#8230;&#8230;&#8230;&#8230;&#8230;&#8230;&#8230;&#8230;&#8230;.120<br \/>\n5. Restricciones a la enajenaci\u00f3n de predios fiscales fronterizos &#8230;&#8230;121<br \/>\n6. La transferencia a t\u00edtulo gratuito &#8230;&#8230;&#8230;&#8230;&#8230;&#8230;&#8230;&#8230;&#8230;&#8230;&#8230;&#8230;&#8230;&#8230;&#8230;&#8230;&#8230;.122<br \/>\nCAPITULO VII<br \/>\nR\u00c9GIMEN JUR\u00cdDICO DE BIENES INMUEBLES DE LAS FF.AA. &#8230;&#8230;&#8230;&#8230;.127<br \/>\n1. La propiedad fiscal de las FF.AA. &#8230;&#8230;&#8230;&#8230;&#8230;&#8230;&#8230;&#8230;&#8230;&#8230;&#8230;&#8230;&#8230;&#8230;&#8230;&#8230;&#8230;..127<br \/>\n2. El ius disponiendi de las FF.AA. &#8230;&#8230;&#8230;&#8230;&#8230;&#8230;&#8230;&#8230;&#8230;&#8230;&#8230;&#8230;&#8230;&#8230;&#8230;&#8230;&#8230;&#8230;&#8230;.129<br \/>\n3. Reglas sobre adquisici\u00f3n para las FF.AA. y de orden y<br \/>\nseguridad. El Decreto Ley N\u00ba 1.113 &#8230;&#8230;&#8230;&#8230;&#8230;&#8230;&#8230;&#8230;&#8230;&#8230;&#8230;&#8230;&#8230;&#8230;&#8230;&#8230;&#8230;134<br \/>\n4. Forma de representaci\u00f3n del Fisco por las FF.AA. &#8230;&#8230;&#8230;&#8230;&#8230;&#8230;&#8230;&#8230;..136<br \/>\n5. Sobre la adquisici\u00f3n &#8230;&#8230;&#8230;&#8230;&#8230;&#8230;&#8230;&#8230;&#8230;&#8230;&#8230;&#8230;&#8230;&#8230;&#8230;&#8230;&#8230;&#8230;&#8230;&#8230;&#8230;&#8230;&#8230;&#8230;139<br \/>\n6. Actas de Chena IV &#8230;&#8230;&#8230;&#8230;&#8230;&#8230;&#8230;&#8230;&#8230;&#8230;&#8230;&#8230;&#8230;&#8230;&#8230;&#8230;&#8230;&#8230;&#8230;&#8230;&#8230;&#8230;&#8230;&#8230;&#8230;.137<br \/>\n7. Las dos formas sobre las que puede tener un bien a su cargo<br \/>\nlas FF.AA. y de OO.SS. &#8230;&#8230;&#8230;&#8230;&#8230;&#8230;&#8230;&#8230;&#8230;&#8230;&#8230;&#8230;&#8230;&#8230;&#8230;&#8230;&#8230;&#8230;&#8230;&#8230;&#8230;&#8230;&#8230;..147<br \/>\n8. La debida compensaci\u00f3n por cambio de destino. Aplicaci\u00f3n<br \/>\nde la Ley N\u00ba 17.174 &#8230;&#8230;&#8230;&#8230;&#8230;&#8230;&#8230;&#8230;&#8230;&#8230;&#8230;&#8230;&#8230;&#8230;&#8230;&#8230;&#8230;&#8230;&#8230;&#8230;&#8230;&#8230;&#8230;&#8230;&#8230;.150<br \/>\n9. Los inmuebles adquiridos de conformidad al D.L. N\u00ba 1.113<br \/>\n\u00bfqu\u00e9 facultades otorga? &#8230;&#8230;&#8230;&#8230;&#8230;&#8230;&#8230;&#8230;&#8230;&#8230;&#8230;&#8230;&#8230;&#8230;&#8230;&#8230;&#8230;&#8230;&#8230;&#8230;&#8230;&#8230;.155<br \/>\n10. Hermen\u00e9utica entre el D.L. N\u00ba 1.939 y D.L. N\u00ba 1.113 &#8230;&#8230;&#8230;&#8230;&#8230;&#8230;&#8230;160<br \/>\n11. El patrimonio de afectaci\u00f3n fiscal &#8230;&#8230;&#8230;&#8230;&#8230;&#8230;&#8230;&#8230;&#8230;&#8230;&#8230;&#8230;&#8230;&#8230;&#8230;&#8230;164<br \/>\nBIBLIOGRAF\u00cdA&#8230;&#8230;&#8230;&#8230;&#8230;&#8230;&#8230;&#8230;&#8230;&#8230;&#8230;&#8230;&#8230;&#8230;&#8230;&#8230;&#8230;&#8230;&#8230;&#8230;&#8230;&#8230;&#8230;&#8230;&#8230;&#8230;&#8230;&#8230;..178<\/p>\n","protected":false},"excerpt":{"rendered":"<p>Buscas un libro Jur\u00eddico.? Lo puedes encontrar en nuestra tienda virtual.<br \/>\nContamos con prestigiosos autores y muchas alternativas en sus diferentes materias al igual que grandes descuentos.! Vis\u00edtanos en <a class=\"JkSzjOwJZiApOKqivnCelsDlXkUqe \" tabindex=\"0\" href=\"https:\/\/lnkd.in\/eiAG7jdZ\" target=\"_blank\" rel=\"noopener\" data-test-app-aware-link=\"\">https:\/\/lnkd.in\/eiAG7jdZ<\/a> \ud83e\udd17<br \/>\nEscr\u00edbenos al +56930565235 \/ <a class=\"JkSzjOwJZiApOKqivnCelsDlXkUqe \" tabindex=\"0\" href=\"mailto:ventaslegallexglobal@gmail.com\" target=\"_self\" data-test-app-aware-link=\"\">ventaslegallexglobal@gmail.com<\/a><br \/>\nHacemos env\u00edos a todo Chile \u2013 Starken o Correos Chile \/ Te esperamos.<\/p>\n","protected":false},"featured_media":2609,"comment_status":"open","ping_status":"closed","template":"","meta":{"inline_featured_image":false,"_joinchat":[]},"product_brand":[],"product_cat":[27,26],"product_tag":[],"class_list":{"0":"post-2550","1":"product","2":"type-product","3":"status-publish","4":"has-post-thumbnail","6":"product_cat-civil","7":"product_cat-derecho","9":"first","10":"instock","11":"shipping-taxable","12":"purchasable","13":"product-type-simple"},"_links":{"self":[{"href":"https:\/\/bibliotecajuridicavirtual.cl\/index.php\/wp-json\/wp\/v2\/product\/2550","targetHints":{"allow":["GET"]}}],"collection":[{"href":"https:\/\/bibliotecajuridicavirtual.cl\/index.php\/wp-json\/wp\/v2\/product"}],"about":[{"href":"https:\/\/bibliotecajuridicavirtual.cl\/index.php\/wp-json\/wp\/v2\/types\/product"}],"replies":[{"embeddable":true,"href":"https:\/\/bibliotecajuridicavirtual.cl\/index.php\/wp-json\/wp\/v2\/comments?post=2550"}],"wp:featuredmedia":[{"embeddable":true,"href":"https:\/\/bibliotecajuridicavirtual.cl\/index.php\/wp-json\/wp\/v2\/media\/2609"}],"wp:attachment":[{"href":"https:\/\/bibliotecajuridicavirtual.cl\/index.php\/wp-json\/wp\/v2\/media?parent=2550"}],"wp:term":[{"taxonomy":"product_brand","embeddable":true,"href":"https:\/\/bibliotecajuridicavirtual.cl\/index.php\/wp-json\/wp\/v2\/product_brand?post=2550"},{"taxonomy":"product_cat","embeddable":true,"href":"https:\/\/bibliotecajuridicavirtual.cl\/index.php\/wp-json\/wp\/v2\/product_cat?post=2550"},{"taxonomy":"product_tag","embeddable":true,"href":"https:\/\/bibliotecajuridicavirtual.cl\/index.php\/wp-json\/wp\/v2\/product_tag?post=2550"}],"curies":[{"name":"wp","href":"https:\/\/api.w.org\/{rel}","templated":true}]}}