{"id":2582,"date":"2026-02-28T01:02:38","date_gmt":"2026-02-28T04:02:38","guid":{"rendered":"https:\/\/bibliotecajuridicavirtual.cl\/?post_type=product&#038;p=2582"},"modified":"2026-02-28T01:02:43","modified_gmt":"2026-02-28T04:02:43","slug":"ley-n20-393-responsabilidad-penal-de-las-personas-juridicas-en-chile-melinda-lara-martinez-octubre-ano-2025-260-paginas","status":"publish","type":"product","link":"https:\/\/bibliotecajuridicavirtual.cl\/index.php\/product\/ley-n20-393-responsabilidad-penal-de-las-personas-juridicas-en-chile-melinda-lara-martinez-octubre-ano-2025-260-paginas\/","title":{"rendered":"Ley N\u00b020.393 * Responsabilidad Penal de las Personas Jur\u00eddicas en Chile * Melinda Lara Mart\u00ednez &#8211; Octubre a\u00f1o 2025 * 260 P\u00e1ginas"},"content":{"rendered":"<p style=\"font-weight: 400;\"><b><strong>LEY 20.393 RESPONSABILIDAD PENAL DE LAS PERSONAS JUR\u00cdDICAS EN CHILE &#8211; ANALIZADA ART\u00cdCULO POR ART\u00cdCULO, EXPLICADA, COMENTADA Y CON EJEMPLOS PR\u00c1CTICOS<\/strong><\/b><\/p>\n<p style=\"font-weight: 400;\">El primer libro que analiza en profundidad la Ley 20.393 de Responsabilidad Penal de las Personas Jur\u00eddicas, esta obra ofrece una gu\u00eda completa y rigurosa, desglosando cada uno de sus art\u00edculos con un an\u00e1lisis detallado, comentarios de nuestra autora y ejemplos pr\u00e1cticos llevados a la realidad chilena.<\/p>\n<p style=\"font-weight: 400;\">M\u00e1s all\u00e1 del texto legal, el libro adem\u00e1s se enfoca en los or\u00edgenes y fundamentos de la ley, desde la Teor\u00eda del Defecto de la Organizaci\u00f3n hasta la influencia del derecho comparado. Asimismo, aborda las modificaciones m\u00e1s relevantes, con un \u00e9nfasis especial en la Ley 21.595, que perfeccion\u00f3 el rol del Compliance Officer y la gobernanza corporativa y del que se trata su pr\u00f3ximo libro.<\/p>\n<p style=\"font-weight: 400;\">Con cap\u00edtulos dedicados al Reglamento de la Supervisi\u00f3n de la Persona Jur\u00eddica, al ecosistema del cumplimiento y a la diferenciaci\u00f3n de responsabilidades, esta obra es un recurso fundamental para abogados, encargados de cumplimiento, auditores y todos aquellos profesionales que buscan comprender y aplicar de forma efectiva el complejo marco de esta norma 20.393 y la debida diligencia en Chile.<\/p>\n<p style=\"font-weight: 400;\"><b><strong>LA RESPONSABILIDAD PENAL DE LAS PERSONAS JUR\u00cdDICAS<\/strong><\/b><\/p>\n<ol>\n<li style=\"font-weight: 400;\">FUNDAMENTO Y EVOLUCI\u00d3N<\/li>\n<li style=\"font-weight: 400;\">EL FUNDAMENTO TE\u00d3RICO<br \/>\nLa Teor\u00eda del \u201cDefecto de Organizaci\u00f3n\u201d<\/li>\n<\/ol>\n<p style=\"font-weight: 400;\">III. INFLUENCIA DEL DERECHO COMPARADO Y LA ADAPTACI\u00d3N DEL MODELO<\/p>\n<ol>\n<li style=\"font-weight: 400;\">LA TIPIFICACI\u00d3N DE DELITOS<br \/>\nDel \u201cNumerus Clausus\u201d a un Sistema de Expansi\u00f3n Estrat\u00e9gica<\/li>\n<li style=\"font-weight: 400;\">LAS MODIFICACIONES M\u00c1S RELEVANTES ILUSTRAN ESTA EVOLUCI\u00d3N<\/li>\n<\/ol>\n<p style=\"font-weight: 400;\"><b><strong>EL ROL CENTRAL DEL COMPLIANCE OFFICER (OFICIAL DE CUMPLIMIENTO) Y LA GOBERNANZA CORPORATIVA<\/strong><\/b><\/p>\n<ol start=\"21\">\n<li style=\"font-weight: 400;\">EL PERFECCIONAMIENTO DEL ROL CON LA LEY N\u00b0 21.595 Y LA IMPORTANCIA DE LA \u201cDILIGENCIA DEBIDA\u201d<br \/>\nII. LA DIMENSI\u00d3N ESTRAT\u00c9GICA Y LA EVOLUCI\u00d3N DEL ROL DEL COMPLIANCE OFFICER<\/li>\n<\/ol>\n<p style=\"font-weight: 400;\"><b><strong><br \/>\nEL R\u00c9GIMEN SANCIONADOR<\/strong><\/b><\/p>\n<ol>\n<li style=\"font-weight: 400;\">UN AN\u00c1LISIS DETALLADO DE SUS CONSECUENCIAS<\/li>\n<li style=\"font-weight: 400;\">Multas y el Sistema de D\u00edas-Multa<br \/>\n2. Comiso de Ganancias<br \/>\n3. Intervenci\u00f3n Judicial y Medidas Correctivas<br \/>\n4. Inhabilitaci\u00f3n de Directores y Administradores<br \/>\nUn Mecanismo de Gobernanza Forzada<br \/>\n5. Publicaci\u00f3n de la Sentencia Condenatoria<br \/>\nLa Sanci\u00f3n Reputacional<\/li>\n<li style=\"font-weight: 400;\">UN ARSENAL PARA LA PREVENCI\u00d3N<\/li>\n<\/ol>\n<p style=\"font-weight: 400;\"><b><strong><br \/>\nEL ECOSISTEMA DE CUMPLIMIENTO<\/strong><\/b><\/p>\n<ol start=\"20\">\n<li style=\"font-weight: 400;\">LA RED DE ACTORES CLAVE EN LA APLICACI\u00d3N DE LA LEY N\u00b0 20.393<\/li>\n<li style=\"font-weight: 400;\">ACTORES INTERNACIONALES<br \/>\nEl Origen de las Normas<br \/>\nOCDE y su Conexi\u00f3n con la Ley N\u00b0 20.393<br \/>\nOrigen Objetivo y Funci\u00f3n de la OCDE (Organizaci\u00f3n para la<br \/>\nCooperaci\u00f3n y el Desarrollo Econ\u00f3micos)<br \/>\nUn Compromiso Internacional contra la Corrupci\u00f3n<br \/>\n1. La Convenci\u00f3n Antisoborno y la Ley N\u00b0 20.393<br \/>\n2. Implicancias de la Ley N\u00b0 21.595 y el Rol del Compliance Officer (Oficial de Cumplimiento)<br \/>\nEl GAFI y las 40 Recomendaciones<br \/>\nOrigen Objetivo y Funci\u00f3n del GAFI (Grupo de Acci\u00f3n Financiera Internacional)<br \/>\nGAFILAT (Grupo de Acci\u00f3n Financiera de Latinoam\u00e9rica)<br \/>\nLa Fiscalizaci\u00f3n Regional<br \/>\nEl Rol de GAFILAT y la UAF<\/li>\n<\/ol>\n<p style=\"font-weight: 400;\">III. ACTORES NACIONALES<br \/>\nLa Aplicaci\u00f3n y Fiscalizaci\u00f3n de la Ley<br \/>\nMinisterio P\u00fablico y Fiscal\u00eda<br \/>\nFiscal\u00eda Nacional Econ\u00f3mica (FNE)<br \/>\nCMF (Comisi\u00f3n para el Mercado Financiero)<br \/>\nUAF (Unidad de An\u00e1lisis Financiero)<br \/>\nSII (Servicio de Impuestos Internos)<br \/>\nPolic\u00edas Especializadas: PDI y Carabineros de Chile<br \/>\nInterpol<\/p>\n<p style=\"font-weight: 400;\"><b><strong>LAS MODIFICACIONES DE LA LEY N\u00b0 21.595 Y LA EVOLUCI\u00d3N DEL COMPLIANCE<\/strong><\/b><\/p>\n<ol>\n<li style=\"font-weight: 400;\">ESCENARIO<\/li>\n<\/ol>\n<p style=\"font-weight: 400;\">Paso 1: Identificaci\u00f3n y Evaluaci\u00f3n de Nuevos Riesgos (Risk Assessment)<br \/>\nPaso 2: Fortalecimiento de Controles y Procedimientos<br \/>\nPaso 3: Capacitaci\u00f3n y Comunicaci\u00f3n<\/p>\n<ol>\n<li style=\"font-weight: 400;\">DIFERENCIACI\u00d3N DE RESPONSABILIDADES<\/li>\n<\/ol>\n<p style=\"font-weight: 400;\">Persona Jur\u00eddica vs. Persona Natural<\/p>\n<p style=\"font-weight: 400;\">III. MECANISMOS DE MITIGACI\u00d3N Y EXENCI\u00d3N<\/p>\n<p style=\"font-weight: 400;\">Exenci\u00f3n de responsabilidad<br \/>\nAtenuaci\u00f3n de responsabilidad<\/p>\n<p style=\"font-weight: 400;\"><b><strong>AN\u00c1LISIS DE LA \u201cLEY 20.393\u201d \u201cRESPONSABILIDAD PENAL DE LAS PERSONAS JUR\u00cdDICAS\u201d. ANALIZADA ARTICULO POR ARTICULO, EXPLICADA COMENTADA Y CON EJEMPLOS PR\u00c1CTICOS<\/strong><\/b><\/p>\n<p style=\"font-weight: 400;\"><b><strong>LA LEY 20.393 EN LA PR\u00c1CTICA RESUMEN DE CASOS REALES Y JURISPRUDENCIA RELEVANTE EN CHILE<\/strong><\/b><\/p>\n<ol>\n<li style=\"font-weight: 400;\">Caso de la Consultora Educacional y Condena por Cohecho: (Causa Rol 95-2019)<br \/>\n2. El Rol Clave del MPD: El Caso GNL Mejillones<br \/>\n3. Fraude al Fisco: El Caso \u201cMOP-GATE\u201d<br \/>\n4. Caso SQM: El Precedente de un Modelo de Prevenci\u00f3n Ineficaz<br \/>\n5. El Procedimiento Abreviado como V\u00eda de Resoluci\u00f3n<\/li>\n<\/ol>\n<p style=\"font-weight: 400;\"><b><strong>EL MODELO DE PREVENCI\u00d3N DE DELITOS (MPD)<br \/>\n<\/strong><\/b><b><strong>UN ESCUDO LEGAL Y UNA HERRAMIENTA DE GESTI\u00d3N<\/strong><\/b><\/p>\n<ol start=\"20\">\n<li style=\"font-weight: 400;\">\u00bfQU\u00c9 ES UN MPD Y CU\u00c1L ES SU V\u00cdNCULO CON LA LEY 20.393?<\/li>\n<li style=\"font-weight: 400;\">ELEMENTOS CLAVE DE UN MPD ROBUSTO Y EFICAZ<\/li>\n<li style=\"font-weight: 400;\">La Figura del Encargado de Prevenci\u00f3n (Compliance Officer)<br \/>\n2. Identificaci\u00f3n y Evaluaci\u00f3n de Riesgos (Mapa de Riesgos)<br \/>\n3. Protocolos, Procedimientos y Controles de Prevenci\u00f3n<br \/>\n4. Canales de Denuncia An\u00f3nimos y Protegidos<br \/>\n5. Supervisi\u00f3n, Auditor\u00eda y Actualizaci\u00f3n Constante<\/li>\n<\/ol>\n<p style=\"font-weight: 400;\">III. \u00bfQUI\u00c9NES PUEDEN REALIZAR LAS AUDITOR\u00cdAS?<\/p>\n<p style=\"font-weight: 400;\">Recomendaciones que deben ser introducidas<\/p>\n<ol>\n<li style=\"font-weight: 400;\">\u00bfLAS AUDITOR\u00cdAS SON OBLIGATORIAS?<\/li>\n<li style=\"font-weight: 400;\">\u00bfQUI\u00c9N FISCALIZA LAS AUDITOR\u00cdAS Y LOS MPD EN GENERAL?<\/li>\n<li style=\"font-weight: 400;\">El Ministerio P\u00fablico (Fiscal\u00eda)<br \/>\n2. Los Tribunales de Justicia (Jueces de Garant\u00eda y Tribunales Orales en lo Penal)<br \/>\n3. La Comisi\u00f3n para el Mercado Financiero (CMF)<br \/>\n4. Auditores Externos y Consultoras<\/li>\n<\/ol>\n<p style=\"font-weight: 400;\"><b><strong>EL IMPACTO DE LA LEY DE DELITOS ECON\u00d3MICOS (LEY 21.595) UN CAMBIO DE PARADIGMA<\/strong><\/b><\/p>\n<ol start=\"21\">\n<li style=\"font-weight: 400;\">LOS PILARES DE LA LEY 21.595<\/li>\n<li style=\"font-weight: 400;\">Ampliaci\u00f3n del Cat\u00e1logo de Delitos y su Clasificaci\u00f3n por Categor\u00edas<br \/>\n2. Aumento de Sanciones y Penas para los \u201cDelitos Econ\u00f3micos\u201d<br \/>\n3. El Nuevo Desaf\u00edo para el Modelo de Prevenci\u00f3n de Delitos (MPD)<br \/>\n4. La Transici\u00f3n de una \u201cLista de Delitos\u201d a un \u201cR\u00e9gimen de Responsabilidad\u201d<\/li>\n<\/ol>\n<p style=\"font-weight: 400;\"><b><strong>CONCLUSIONES Y DESAF\u00cdOS A FUTURO. LA EVOLUCI\u00d3N DEL COMPLIANCE EN CHILE. DESAF\u00cdOS CLAVE PARA EL FUTURO EMPRESARIAL<\/strong><\/b><\/p>\n<ol>\n<li style=\"font-weight: 400;\">El Desaf\u00edo de la Fiscalizaci\u00f3n y la Conciencia Empresarial<br \/>\nDel Gasto a la Inversi\u00f3n<br \/>\n2. El Desaf\u00edo Cultural<br \/>\nDe la Conformidad a la Integridad<br \/>\n3. El Desaf\u00edo Tecnol\u00f3gico<br \/>\nAutomatizaci\u00f3n y An\u00e1lisis de Riesgos<br \/>\n4. El Desaf\u00edo de la Gobernanza<br \/>\nEstructuras m\u00e1s Robustas<\/li>\n<\/ol>\n","protected":false},"excerpt":{"rendered":"<p>LEY 20.393 RESPONSABILIDAD PENAL DE LAS PERSONAS JUR\u00cdDICAS EN CHILE &#8211; ANALIZADA ART\u00cdCULO POR ART\u00cdCULO, EXPLICADA, COMENTADA Y CON EJEMPLOS PR\u00c1CTICOS El primer libro que analiza en profundidad la Ley 20.393 de Responsabilidad Penal de las Personas Jur\u00eddicas, esta obra ofrece una gu\u00eda completa y rigurosa, desglosando cada uno de sus art\u00edculos con un an\u00e1lisis detallado, comentarios de nuestra autora y ejemplos pr\u00e1cticos llevados a la realidad chilena. M\u00e1s all\u00e1 del texto legal, el libro adem\u00e1s se enfoca en los or\u00edgenes y fundamentos de la ley, desde la Teor\u00eda del Defecto de la Organizaci\u00f3n hasta la influencia del derecho comparado. Asimismo, aborda las modificaciones m\u00e1s relevantes, con un \u00e9nfasis especial en la Ley 21.595, que perfeccion\u00f3 el rol del Compliance Officer y la gobernanza corporativa y del que se trata su pr\u00f3ximo libro. Con cap\u00edtulos dedicados al Reglamento de la Supervisi\u00f3n de la Persona Jur\u00eddica, al ecosistema del cumplimiento y a la diferenciaci\u00f3n de responsabilidades, esta obra es un recurso fundamental para abogados, encargados de cumplimiento, auditores y todos aquellos profesionales que buscan comprender y aplicar de forma efectiva el complejo marco de esta norma 20.393 y la debida diligencia en Chile. LA RESPONSABILIDAD PENAL DE LAS PERSONAS JUR\u00cdDICAS FUNDAMENTO Y EVOLUCI\u00d3N EL FUNDAMENTO TE\u00d3RICO La Teor\u00eda del \u201cDefecto de Organizaci\u00f3n\u201d III. INFLUENCIA DEL DERECHO COMPARADO Y LA ADAPTACI\u00d3N DEL MODELO LA TIPIFICACI\u00d3N DE DELITOS Del \u201cNumerus Clausus\u201d a un Sistema de Expansi\u00f3n Estrat\u00e9gica LAS MODIFICACIONES M\u00c1S RELEVANTES ILUSTRAN ESTA EVOLUCI\u00d3N EL ROL CENTRAL DEL COMPLIANCE OFFICER (OFICIAL DE CUMPLIMIENTO) Y LA GOBERNANZA CORPORATIVA EL PERFECCIONAMIENTO DEL ROL CON LA LEY N\u00b0 21.595 Y LA IMPORTANCIA DE LA \u201cDILIGENCIA DEBIDA\u201d II. LA DIMENSI\u00d3N ESTRAT\u00c9GICA Y LA EVOLUCI\u00d3N DEL ROL DEL COMPLIANCE OFFICER EL R\u00c9GIMEN SANCIONADOR UN AN\u00c1LISIS DETALLADO DE SUS CONSECUENCIAS Multas y el Sistema de D\u00edas-Multa 2. Comiso de Ganancias 3. Intervenci\u00f3n Judicial y Medidas Correctivas 4. Inhabilitaci\u00f3n de Directores y Administradores Un Mecanismo de Gobernanza Forzada 5. Publicaci\u00f3n de la Sentencia Condenatoria La Sanci\u00f3n Reputacional UN ARSENAL PARA LA PREVENCI\u00d3N EL ECOSISTEMA DE CUMPLIMIENTO LA RED DE ACTORES CLAVE EN LA APLICACI\u00d3N DE LA LEY N\u00b0 20.393 ACTORES INTERNACIONALES El Origen de las Normas OCDE y su Conexi\u00f3n con la Ley N\u00b0 20.393 Origen Objetivo y Funci\u00f3n de la OCDE (Organizaci\u00f3n para la Cooperaci\u00f3n y el Desarrollo Econ\u00f3micos) Un Compromiso Internacional contra la Corrupci\u00f3n 1. La Convenci\u00f3n Antisoborno y la Ley N\u00b0 20.393 2. Implicancias de la Ley N\u00b0 21.595 y el Rol del Compliance Officer (Oficial de Cumplimiento) El GAFI y las 40 Recomendaciones Origen Objetivo y Funci\u00f3n del GAFI (Grupo de Acci\u00f3n Financiera Internacional) GAFILAT (Grupo de Acci\u00f3n Financiera de Latinoam\u00e9rica) La Fiscalizaci\u00f3n Regional El Rol de GAFILAT y la UAF III. ACTORES NACIONALES La Aplicaci\u00f3n y Fiscalizaci\u00f3n de la Ley Ministerio P\u00fablico y Fiscal\u00eda Fiscal\u00eda Nacional Econ\u00f3mica (FNE) CMF (Comisi\u00f3n para el Mercado Financiero) UAF (Unidad de An\u00e1lisis Financiero) SII (Servicio de Impuestos Internos) Polic\u00edas Especializadas: PDI y Carabineros de Chile Interpol LAS MODIFICACIONES DE LA LEY N\u00b0 21.595 Y LA EVOLUCI\u00d3N DEL COMPLIANCE ESCENARIO Paso 1: Identificaci\u00f3n y Evaluaci\u00f3n de Nuevos Riesgos (Risk Assessment) Paso 2: Fortalecimiento de Controles y Procedimientos Paso 3: Capacitaci\u00f3n y Comunicaci\u00f3n DIFERENCIACI\u00d3N DE RESPONSABILIDADES Persona Jur\u00eddica vs. Persona Natural III. MECANISMOS DE MITIGACI\u00d3N Y EXENCI\u00d3N Exenci\u00f3n de responsabilidad Atenuaci\u00f3n de responsabilidad AN\u00c1LISIS DE LA \u201cLEY 20.393\u201d \u201cRESPONSABILIDAD PENAL DE LAS PERSONAS JUR\u00cdDICAS\u201d. ANALIZADA ARTICULO POR ARTICULO, EXPLICADA COMENTADA Y CON EJEMPLOS PR\u00c1CTICOS LA LEY 20.393 EN LA PR\u00c1CTICA RESUMEN DE CASOS REALES Y JURISPRUDENCIA RELEVANTE EN CHILE Caso de la Consultora Educacional y Condena por Cohecho: (Causa Rol 95-2019) 2. El Rol Clave del MPD: El Caso GNL Mejillones 3. Fraude al Fisco: El Caso \u201cMOP-GATE\u201d 4. Caso SQM: El Precedente de un Modelo de Prevenci\u00f3n Ineficaz 5. El Procedimiento Abreviado como V\u00eda de Resoluci\u00f3n EL MODELO DE PREVENCI\u00d3N DE DELITOS (MPD) UN ESCUDO LEGAL Y UNA HERRAMIENTA DE GESTI\u00d3N \u00bfQU\u00c9 ES UN MPD Y CU\u00c1L ES SU V\u00cdNCULO CON LA LEY 20.393? ELEMENTOS CLAVE DE UN MPD ROBUSTO Y EFICAZ La Figura del Encargado de Prevenci\u00f3n (Compliance Officer) 2. Identificaci\u00f3n y Evaluaci\u00f3n de Riesgos (Mapa de Riesgos) 3. Protocolos, Procedimientos y Controles de Prevenci\u00f3n 4. Canales de Denuncia An\u00f3nimos y Protegidos 5. Supervisi\u00f3n, Auditor\u00eda y Actualizaci\u00f3n Constante III. \u00bfQUI\u00c9NES PUEDEN REALIZAR LAS AUDITOR\u00cdAS? Recomendaciones que deben ser introducidas \u00bfLAS AUDITOR\u00cdAS SON OBLIGATORIAS? \u00bfQUI\u00c9N FISCALIZA LAS AUDITOR\u00cdAS Y LOS MPD EN GENERAL? El Ministerio P\u00fablico (Fiscal\u00eda) 2. Los Tribunales de Justicia (Jueces de Garant\u00eda y Tribunales Orales en lo Penal) 3. La Comisi\u00f3n para el Mercado Financiero (CMF) 4. Auditores Externos y Consultoras EL IMPACTO DE LA LEY DE DELITOS ECON\u00d3MICOS (LEY 21.595) UN CAMBIO DE PARADIGMA LOS PILARES DE LA LEY 21.595 Ampliaci\u00f3n del Cat\u00e1logo de Delitos y su Clasificaci\u00f3n por Categor\u00edas 2. Aumento de Sanciones y Penas para los \u201cDelitos Econ\u00f3micos\u201d 3. El Nuevo Desaf\u00edo para el Modelo de Prevenci\u00f3n de Delitos (MPD) 4. La Transici\u00f3n de una \u201cLista de Delitos\u201d a un \u201cR\u00e9gimen de Responsabilidad\u201d CONCLUSIONES Y DESAF\u00cdOS A FUTURO. LA EVOLUCI\u00d3N DEL COMPLIANCE EN CHILE. DESAF\u00cdOS CLAVE PARA EL FUTURO EMPRESARIAL El Desaf\u00edo de la Fiscalizaci\u00f3n y la Conciencia Empresarial Del Gasto a la Inversi\u00f3n 2. El Desaf\u00edo Cultural De la Conformidad a la Integridad 3. El Desaf\u00edo Tecnol\u00f3gico Automatizaci\u00f3n y An\u00e1lisis de Riesgos 4. El Desaf\u00edo de la Gobernanza Estructuras m\u00e1s Robustas<\/p>\n","protected":false},"featured_media":2612,"comment_status":"open","ping_status":"closed","template":"","meta":{"inline_featured_image":false,"_joinchat":[]},"product_brand":[],"product_cat":[26,30],"product_tag":[],"class_list":{"0":"post-2582","1":"product","2":"type-product","3":"status-publish","4":"has-post-thumbnail","6":"product_cat-derecho","7":"product_cat-penal","9":"first","10":"instock","11":"shipping-taxable","12":"purchasable","13":"product-type-simple"},"_links":{"self":[{"href":"https:\/\/bibliotecajuridicavirtual.cl\/index.php\/wp-json\/wp\/v2\/product\/2582","targetHints":{"allow":["GET"]}}],"collection":[{"href":"https:\/\/bibliotecajuridicavirtual.cl\/index.php\/wp-json\/wp\/v2\/product"}],"about":[{"href":"https:\/\/bibliotecajuridicavirtual.cl\/index.php\/wp-json\/wp\/v2\/types\/product"}],"replies":[{"embeddable":true,"href":"https:\/\/bibliotecajuridicavirtual.cl\/index.php\/wp-json\/wp\/v2\/comments?post=2582"}],"wp:featuredmedia":[{"embeddable":true,"href":"https:\/\/bibliotecajuridicavirtual.cl\/index.php\/wp-json\/wp\/v2\/media\/2612"}],"wp:attachment":[{"href":"https:\/\/bibliotecajuridicavirtual.cl\/index.php\/wp-json\/wp\/v2\/media?parent=2582"}],"wp:term":[{"taxonomy":"product_brand","embeddable":true,"href":"https:\/\/bibliotecajuridicavirtual.cl\/index.php\/wp-json\/wp\/v2\/product_brand?post=2582"},{"taxonomy":"product_cat","embeddable":true,"href":"https:\/\/bibliotecajuridicavirtual.cl\/index.php\/wp-json\/wp\/v2\/product_cat?post=2582"},{"taxonomy":"product_tag","embeddable":true,"href":"https:\/\/bibliotecajuridicavirtual.cl\/index.php\/wp-json\/wp\/v2\/product_tag?post=2582"}],"curies":[{"name":"wp","href":"https:\/\/api.w.org\/{rel}","templated":true}]}}