{"id":2590,"date":"2026-02-28T01:02:39","date_gmt":"2026-02-28T04:02:39","guid":{"rendered":"https:\/\/bibliotecajuridicavirtual.cl\/?post_type=product&#038;p=2590"},"modified":"2026-02-28T01:02:48","modified_gmt":"2026-02-28T04:02:48","slug":"revista-de-derecho-inmobiliario-ano-9-2025-marco-antonio-sepulveda-larroucau-nov-2025-373-paginas","status":"publish","type":"product","link":"https:\/\/bibliotecajuridicavirtual.cl\/index.php\/product\/revista-de-derecho-inmobiliario-ano-9-2025-marco-antonio-sepulveda-larroucau-nov-2025-373-paginas\/","title":{"rendered":"Revista de Derecho Inmobiliario * A\u00f1o 9 &#8211; 2025 * Marco Antonio Sep\u00falveda Larroucau &#8211; Nov. 2025 * 373 P\u00e1ginas"},"content":{"rendered":"<p style=\"font-weight: 400;\">Este a\u00f1o es especial, ya que del 5 al 7 de mayo se celebr\u00f3 el X Congreso Iberoamericano de Derecho Inmobiliario en la Pontificia Universidad Cat\u00f3lica del Per\u00fa, en la ciudad de Lima, cuyo eje central fue la propiedad horizontal y otros complejos inmobiliarios. Participaron profesores y especialistas provenientes de diversos pa\u00edses iberoamericanos, as\u00ed como tambi\u00e9n de Alemania.<\/p>\n<p style=\"font-weight: 400;\">Este evento acad\u00e9mico internacional se organiza anualmente en el marco de la C\u00e1tedra UC3M-UCEN de Derecho Inmobiliario y cuenta con el patrocinio permanente del Colegio de Registradores de la Propiedad y Mercantiles de Espa\u00f1a.<\/p>\n<p style=\"font-weight: 400;\">El pr\u00f3ximo a\u00f1o, en el segundo semestre, el congreso ser\u00e1 organizado por tercera vez por la Universidad Central de Chile, coincidiendo con la conmemoraci\u00f3n de los diez a\u00f1os de esta revista y de la suscripci\u00f3n del Convenio Marco de Colaboraci\u00f3n con la Universidad Carlos III de Madrid, lo que permiti\u00f3 que, posteriormente, los rectores de ambas universidades firmaran el Convenio Espec\u00edfico de Colaboraci\u00f3n para la Creaci\u00f3n de la C\u00e1tedra Conjunta de Derecho Inmobiliario. Los ejes centrales del congreso ser\u00e1n el dominio, la posesi\u00f3n y los registros.<\/p>\n<p style=\"font-weight: 400;\">Por otra parte, cabe destacar que este a\u00f1o, los d\u00edas 28 y 29 de agosto, la Universidad San Sebasti\u00e1n organiz\u00f3 en la ciudad de Concepci\u00f3n las III Jornadas Nacionales de Derecho Inmobiliario, en las cuales participamos, por tercer a\u00f1o consecutivo, profesores de pregrado y posgrado de la Universidad Central de Chile<\/p>\n<p style=\"font-weight: 400;\">En esta edici\u00f3n de la revista, especialistas de Chile, Espa\u00f1a y Per\u00fa abordan diversos temas relacionados con la copropiedad, el derecho a la vivienda, las servidumbres, el derecho notarial y registral, la expropiaci\u00f3n, la propiedad ind\u00edgena, as\u00ed como el urbanismo y la construcci\u00f3n.<\/p>\n<p style=\"font-weight: 400;\">\n<p style=\"font-weight: 400;\"><b><strong>COPROPIEDAD<\/strong><\/b><\/p>\n<p style=\"font-weight: 400;\"><em>Desafectaci\u00f3n al r\u00e9gimen de copropiedad inmobiliaria en el registro de propiedad<\/em><br \/>\nJonathan Luis Abello Lat\u00edn<\/p>\n<p style=\"font-weight: 400;\"><b><strong>DERECHO A LA VIVIENDA<\/strong><\/b><\/p>\n<p style=\"font-weight: 400;\"><em>La vivienda, un derecho de lujo para los colectivos m\u00e1s vulnerables y su tutela judicial efectiva como derecho subjetivo<\/em><br \/>\nVanesa S\u00e1nchez Ballesteros<\/p>\n<p style=\"font-weight: 400;\"><b><strong>DERECHO DE SERVIDUMBRE<\/strong><\/b><\/p>\n<p style=\"font-weight: 400;\"><em>Servidumbre introducida por la ley N\u00b0 21.458 al art\u00edculo 1\u00b0 del decreto ley N\u00b0 3.516. consideraciones generales, naturaleza jur\u00eddica, particularidades y su eventual car\u00e1cter sui generis<\/em><br \/>\nMat\u00edas Carrasco Tolosa<\/p>\n<p style=\"font-weight: 400;\"><b><strong>DERECHO NOTARIAL<\/strong><\/b><\/p>\n<p style=\"font-weight: 400;\"><em>Uso del vocablo autorizar y de la expresi\u00f3n ante m\u00ed en el derecho romano, espa\u00f1ol, franc\u00e9s y patrio<\/em><br \/>\nSantiago Z\u00e1rate Gonz\u00e1lez<\/p>\n<p style=\"font-weight: 400;\"><em>El acceso a la justicia de la normalidad o el acceso a la actuaci\u00f3n notarial<\/em><br \/>\nAlfonso Cavall\u00e9 Cruz<\/p>\n<p style=\"font-weight: 400;\"><b><strong>DERECHO REGISTRAL<\/strong><\/b><\/p>\n<p style=\"font-weight: 400;\"><em>El efecto legitimador de la inscripci\u00f3n inmobiliaria en Chile<\/em><br \/>\nMarco Antonio Sep\u00falveda Larroucau<\/p>\n<p style=\"font-weight: 400;\"><em>Sobre la interpretaci\u00f3n que el Conservador de Bienes Ra\u00edces de Santiago realiza sobre el convenio de la haya sobre la apostilla<\/em><br \/>\nAinhoa Yeregui Martinicorena<\/p>\n<p style=\"font-weight: 400;\"><em>Calificaci\u00f3n registral de documentos con la participaci\u00f3n de extranjeros. An\u00e1lisis desde las normas legales, las resoluciones del tribunal registral y una sentencia del tribunal constitucional<\/em><br \/>\nJorge Ortiz Pasco<\/p>\n<p style=\"font-weight: 400;\"><b><strong>EXPROPIACI\u00d3N<\/strong><\/b><\/p>\n<p style=\"font-weight: 400;\"><em>La temporalidad en la afectaci\u00f3n a utilidad p\u00fablica<\/em><br \/>\nAgust\u00edn Quintanilla Rojas<\/p>\n<p style=\"font-weight: 400;\"><b><strong>PROPIEDAD IND\u00cdGENA<\/strong><\/b><\/p>\n<p style=\"font-weight: 400;\"><em>Categor\u00edas normativas de la tierra ind\u00edgena: An\u00e1lisis cr\u00edtico del art\u00edculo 12 de la ley N\u00b0 19.253 y sus presupuestos de calificaci\u00f3n<\/em><br \/>\nJorge San Mart\u00edn Garc\u00e9s<\/p>\n<p style=\"font-weight: 400;\"><b><strong>URBANISMO Y CONSTRUCCI\u00d3N<\/strong><\/b><\/p>\n<p style=\"font-weight: 400;\"><em>An\u00e1lisis general del sistema chileno de responsabilidad civil en la construcci\u00f3n, con referencia al sistema espa\u00f1ol<\/em><br \/>\nMarco Antonio Sep\u00falveda Larroucau &#8211; Nicols A. Galleguillos \u00c1vila<\/p>\n","protected":false},"excerpt":{"rendered":"<p>Este a\u00f1o es especial, ya que del 5 al 7 de mayo se celebr\u00f3 el X Congreso Iberoamericano de Derecho Inmobiliario en la Pontificia Universidad Cat\u00f3lica del Per\u00fa, en la ciudad de Lima, cuyo eje central fue la propiedad horizontal y otros complejos inmobiliarios. Participaron profesores y especialistas provenientes de diversos pa\u00edses iberoamericanos, as\u00ed como tambi\u00e9n de Alemania. Este evento acad\u00e9mico internacional se organiza anualmente en el marco de la C\u00e1tedra UC3M-UCEN de Derecho Inmobiliario y cuenta con el patrocinio permanente del Colegio de Registradores de la Propiedad y Mercantiles de Espa\u00f1a. El pr\u00f3ximo a\u00f1o, en el segundo semestre, el congreso ser\u00e1 organizado por tercera vez por la Universidad Central de Chile, coincidiendo con la conmemoraci\u00f3n de los diez a\u00f1os de esta revista y de la suscripci\u00f3n del Convenio Marco de Colaboraci\u00f3n con la Universidad Carlos III de Madrid, lo que permiti\u00f3 que, posteriormente, los rectores de ambas universidades firmaran el Convenio Espec\u00edfico de Colaboraci\u00f3n para la Creaci\u00f3n de la C\u00e1tedra Conjunta de Derecho Inmobiliario. Los ejes centrales del congreso ser\u00e1n el dominio, la posesi\u00f3n y los registros. Por otra parte, cabe destacar que este a\u00f1o, los d\u00edas 28 y 29 de agosto, la Universidad San Sebasti\u00e1n organiz\u00f3 en la ciudad de Concepci\u00f3n las III Jornadas Nacionales de Derecho Inmobiliario, en las cuales participamos, por tercer a\u00f1o consecutivo, profesores de pregrado y posgrado de la Universidad Central de Chile En esta edici\u00f3n de la revista, especialistas de Chile, Espa\u00f1a y Per\u00fa abordan diversos temas relacionados con la copropiedad, el derecho a la vivienda, las servidumbres, el derecho notarial y registral, la expropiaci\u00f3n, la propiedad ind\u00edgena, as\u00ed como el urbanismo y la construcci\u00f3n. COPROPIEDAD Desafectaci\u00f3n al r\u00e9gimen de copropiedad inmobiliaria en el registro de propiedad Jonathan Luis Abello Lat\u00edn DERECHO A LA VIVIENDA La vivienda, un derecho de lujo para los colectivos m\u00e1s vulnerables y su tutela judicial efectiva como derecho subjetivo Vanesa S\u00e1nchez Ballesteros DERECHO DE SERVIDUMBRE Servidumbre introducida por la ley N\u00b0 21.458 al art\u00edculo 1\u00b0 del decreto ley N\u00b0 3.516. consideraciones generales, naturaleza jur\u00eddica, particularidades y su eventual car\u00e1cter sui generis Mat\u00edas Carrasco Tolosa DERECHO NOTARIAL Uso del vocablo autorizar y de la expresi\u00f3n ante m\u00ed en el derecho romano, espa\u00f1ol, franc\u00e9s y patrio Santiago Z\u00e1rate Gonz\u00e1lez El acceso a la justicia de la normalidad o el acceso a la actuaci\u00f3n notarial Alfonso Cavall\u00e9 Cruz DERECHO REGISTRAL El efecto legitimador de la inscripci\u00f3n inmobiliaria en Chile Marco Antonio Sep\u00falveda Larroucau Sobre la interpretaci\u00f3n que el Conservador de Bienes Ra\u00edces de Santiago realiza sobre el convenio de la haya sobre la apostilla Ainhoa Yeregui Martinicorena Calificaci\u00f3n registral de documentos con la participaci\u00f3n de extranjeros. An\u00e1lisis desde las normas legales, las resoluciones del tribunal registral y una sentencia del tribunal constitucional Jorge Ortiz Pasco EXPROPIACI\u00d3N La temporalidad en la afectaci\u00f3n a utilidad p\u00fablica Agust\u00edn Quintanilla Rojas PROPIEDAD IND\u00cdGENA Categor\u00edas normativas de la tierra ind\u00edgena: An\u00e1lisis cr\u00edtico del art\u00edculo 12 de la ley N\u00b0 19.253 y sus presupuestos de calificaci\u00f3n Jorge San Mart\u00edn Garc\u00e9s URBANISMO Y CONSTRUCCI\u00d3N An\u00e1lisis general del sistema chileno de responsabilidad civil en la construcci\u00f3n, con referencia al sistema espa\u00f1ol Marco Antonio Sep\u00falveda Larroucau &#8211; Nicols A. Galleguillos \u00c1vila<\/p>\n","protected":false},"featured_media":2620,"comment_status":"open","ping_status":"closed","template":"","meta":{"inline_featured_image":false,"_joinchat":[]},"product_brand":[],"product_cat":[27,48,26],"product_tag":[],"class_list":{"0":"post-2590","1":"product","2":"type-product","3":"status-publish","4":"has-post-thumbnail","6":"product_cat-civil","7":"product_cat-comercial","8":"product_cat-derecho","10":"first","11":"instock","12":"shipping-taxable","13":"purchasable","14":"product-type-simple"},"_links":{"self":[{"href":"https:\/\/bibliotecajuridicavirtual.cl\/index.php\/wp-json\/wp\/v2\/product\/2590","targetHints":{"allow":["GET"]}}],"collection":[{"href":"https:\/\/bibliotecajuridicavirtual.cl\/index.php\/wp-json\/wp\/v2\/product"}],"about":[{"href":"https:\/\/bibliotecajuridicavirtual.cl\/index.php\/wp-json\/wp\/v2\/types\/product"}],"replies":[{"embeddable":true,"href":"https:\/\/bibliotecajuridicavirtual.cl\/index.php\/wp-json\/wp\/v2\/comments?post=2590"}],"wp:featuredmedia":[{"embeddable":true,"href":"https:\/\/bibliotecajuridicavirtual.cl\/index.php\/wp-json\/wp\/v2\/media\/2620"}],"wp:attachment":[{"href":"https:\/\/bibliotecajuridicavirtual.cl\/index.php\/wp-json\/wp\/v2\/media?parent=2590"}],"wp:term":[{"taxonomy":"product_brand","embeddable":true,"href":"https:\/\/bibliotecajuridicavirtual.cl\/index.php\/wp-json\/wp\/v2\/product_brand?post=2590"},{"taxonomy":"product_cat","embeddable":true,"href":"https:\/\/bibliotecajuridicavirtual.cl\/index.php\/wp-json\/wp\/v2\/product_cat?post=2590"},{"taxonomy":"product_tag","embeddable":true,"href":"https:\/\/bibliotecajuridicavirtual.cl\/index.php\/wp-json\/wp\/v2\/product_tag?post=2590"}],"curies":[{"name":"wp","href":"https:\/\/api.w.org\/{rel}","templated":true}]}}