{"id":2592,"date":"2026-02-28T01:02:39","date_gmt":"2026-02-28T04:02:39","guid":{"rendered":"https:\/\/bibliotecajuridicavirtual.cl\/?post_type=product&#038;p=2592"},"modified":"2026-02-28T01:02:49","modified_gmt":"2026-02-28T04:02:49","slug":"derecho-politica-y-sociedad-enrique-barros-bourie-octubre-ano-2024-356-paginas","status":"publish","type":"product","link":"https:\/\/bibliotecajuridicavirtual.cl\/index.php\/product\/derecho-politica-y-sociedad-enrique-barros-bourie-octubre-ano-2024-356-paginas\/","title":{"rendered":"Derecho, Pol\u00edtica y Sociedad * Enrique Barros Bourie &#8211; Octubre a\u00f1o 2024 * 356 P\u00e1ginas"},"content":{"rendered":"<p>Este libro recoge una selecci\u00f3n de las reflexiones m\u00e1s importantes de Enrique Barros Bourie durante sus m\u00e1s de cuatro d\u00e9cadas como una de las figuras angulares del Centro de Estudios P\u00fablicos. Desde su regreso de Alemania en los a\u00f1os ochenta, Enrique Barros ha enfocado su aguda mirada en la intersecci\u00f3n del Derecho, la pol\u00edtica y la sociedad chilena, proporcionando un profundo an\u00e1lisis que han influido decisivamente en la manera que concebimos nuestra convivencia democr\u00e1tica.<\/p>\n<p>Con un enfoque que mezcla lo filos\u00f3fico y lo jur\u00eddico, los textos de esta selecci\u00f3n exploran la compleja relaci\u00f3n entre el Derecho, la moral y la pol\u00edtica, e insiste en la autonom\u00eda del Derecho y su papel fundamental en la estructuraci\u00f3n de una sociedad que valora tanto la libertad individual como la responsabilidad colectiva.<\/p>\n<p>Se trata de una antolog\u00eda que acompa\u00f1a a uno de los m\u00e1s importantes juristas hispanoamericanos en sus grandes reflexiones, las que se detienen en asuntos irreductibles de la filosof\u00eda pr\u00e1ctica, como en otros que ata\u00f1en a problem\u00e1ticas contingentes de la pol\u00edtica p\u00fablica y el dise\u00f1o institucional.<\/p>\n","protected":false},"excerpt":{"rendered":"<p>Buscas un libro Jur\u00eddico.? Lo puedes encontrar en nuestra tienda virtual.<br \/>\nContamos con prestigiosos autores y muchas alternativas en sus diferentes materias al igual que grandes descuentos.! Vis\u00edtanos en <a class=\"kBgpcyXFNpkpsySUadbrgokwcBSJFTnFWYsOyo \" tabindex=\"0\" href=\"https:\/\/lnkd.in\/eiAG7jdZ\" target=\"_blank\" rel=\"noopener\" data-test-app-aware-link=\"\">https:\/\/lnkd.in\/eiAG7jdZ<\/a> \ud83d\ude0a<br \/>\nEscr\u00edbenos al +56930565235 \/ <a class=\"kBgpcyXFNpkpsySUadbrgokwcBSJFTnFWYsOyo \" tabindex=\"0\" href=\"mailto:ventaslegallexglobal@gmail.com\" target=\"_self\" data-test-app-aware-link=\"\">ventaslegallexglobal@gmail.com<\/a><br \/>\nHacemos env\u00edos a todo Chile \u2013 Starken o Correos Chile \/ Te esperamos<\/p>\n","protected":false},"featured_media":1637,"comment_status":"open","ping_status":"closed","template":"","meta":{"inline_featured_image":false,"_joinchat":[]},"product_brand":[],"product_cat":[27,26],"product_tag":[],"class_list":{"0":"post-2592","1":"product","2":"type-product","3":"status-publish","4":"has-post-thumbnail","6":"product_cat-civil","7":"product_cat-derecho","9":"first","10":"instock","11":"shipping-taxable","12":"purchasable","13":"product-type-simple"},"_links":{"self":[{"href":"https:\/\/bibliotecajuridicavirtual.cl\/index.php\/wp-json\/wp\/v2\/product\/2592","targetHints":{"allow":["GET"]}}],"collection":[{"href":"https:\/\/bibliotecajuridicavirtual.cl\/index.php\/wp-json\/wp\/v2\/product"}],"about":[{"href":"https:\/\/bibliotecajuridicavirtual.cl\/index.php\/wp-json\/wp\/v2\/types\/product"}],"replies":[{"embeddable":true,"href":"https:\/\/bibliotecajuridicavirtual.cl\/index.php\/wp-json\/wp\/v2\/comments?post=2592"}],"wp:featuredmedia":[{"embeddable":true,"href":"https:\/\/bibliotecajuridicavirtual.cl\/index.php\/wp-json\/wp\/v2\/media\/1637"}],"wp:attachment":[{"href":"https:\/\/bibliotecajuridicavirtual.cl\/index.php\/wp-json\/wp\/v2\/media?parent=2592"}],"wp:term":[{"taxonomy":"product_brand","embeddable":true,"href":"https:\/\/bibliotecajuridicavirtual.cl\/index.php\/wp-json\/wp\/v2\/product_brand?post=2592"},{"taxonomy":"product_cat","embeddable":true,"href":"https:\/\/bibliotecajuridicavirtual.cl\/index.php\/wp-json\/wp\/v2\/product_cat?post=2592"},{"taxonomy":"product_tag","embeddable":true,"href":"https:\/\/bibliotecajuridicavirtual.cl\/index.php\/wp-json\/wp\/v2\/product_tag?post=2592"}],"curies":[{"name":"wp","href":"https:\/\/api.w.org\/{rel}","templated":true}]}}