{"id":2595,"date":"2026-02-28T01:02:39","date_gmt":"2026-02-28T04:02:39","guid":{"rendered":"https:\/\/bibliotecajuridicavirtual.cl\/?post_type=product&#038;p=2595"},"modified":"2026-02-28T01:02:49","modified_gmt":"2026-02-28T04:02:49","slug":"el-informe-pericial-forense-para-tribunales-de-familia-una-propuesta-practica-arturo-klenner","status":"publish","type":"product","link":"https:\/\/bibliotecajuridicavirtual.cl\/index.php\/product\/el-informe-pericial-forense-para-tribunales-de-familia-una-propuesta-practica-arturo-klenner\/","title":{"rendered":"El Informe Pericial Forense para Tribunales de Familia * Una Propuesta Pr\u00e1ctica &#8211; Arturo Klenner"},"content":{"rendered":"<p style=\"font-weight: 400;\">La presente monograf\u00eda ofrece un diagn\u00f3stico sistem\u00e1tico y actualizado de las falencias detectadas a nivel nacional en el desempe\u00f1o pericial, recogiendo informaci\u00f3n de diversas fuentes. A la vez, describe, en t\u00e9rminos amplios, el marco normativo que rige la prueba pericial en los tribunales de familia, destacando la norma t\u00e9cnica emanada del Servicio M\u00e9dico Legal.<\/p>\n<p style=\"font-weight: 400;\">Con un criterio te\u00f3rico-pr\u00e1ctico, este trabajo aborda los pasos a seguir por el perito judicial desde el primer contacto con el abogado que encomienda una evaluaci\u00f3n, pasando por la interacci\u00f3n con el tribunal y las partes, hasta el ingreso del informe al tribunal. En el mismo sentido, se ilustra la interacci\u00f3n entre el perito judicial y el tribunal desde la aceptaci\u00f3n del cargo hasta la entrega del informe escrito.<\/p>\n<p style=\"font-weight: 400;\">El libro incorpora formatos de informes y dict\u00e1menes psicol\u00f3gicos elaborados en el contexto de los tribunales de familia, gracias a la contribuci\u00f3n de un destacado especialista.<\/p>\n<p style=\"font-weight: 400;\">Tambi\u00e9n incluye una gu\u00eda para la formulaci\u00f3n del caso en salud mental forense y profundiza en el debate sobre la admisibilidad de la prueba pericial, destacando sus principales tensiones interpretativas y controversias doctrinales.<\/p>\n<p style=\"font-weight: 400;\">Se trata de una herramienta rigurosa y accesible, imprescindible para jueces, abogados, peritos, estudiantes y profesionales interesados en el funcionamiento y evaluaci\u00f3n de la prueba pericial en el \u00e1mbito de familia.<\/p>\n<p style=\"font-weight: 400;\"><b><strong><br \/>\nCAP\u00cdTULO I<\/strong><\/b><br \/>\n<b><strong>DESCRIPCI\u00d3N DEL PROBLEMA<\/strong><\/b><\/p>\n<ol>\n<li style=\"font-weight: 400;\">Introducci\u00f3n<\/li>\n<li style=\"font-weight: 400;\">Opiniones vertidas en los medios de comunicaci\u00f3n<\/li>\n<li style=\"font-weight: 400;\">Opiniones vertidas en otros medios de difusi\u00f3n<\/li>\n<li style=\"font-weight: 400;\">Estudio de la excelent\u00edsima corte suprema<br \/>\n4.1. Motivo del estudio<br \/>\n4.2. Estructura del an\u00e1lisis<br \/>\n4.3. Elementos destacados del informe<br \/>\nA) Debilidades normativas<br \/>\nB) Debilidades de formaci\u00f3n<br \/>\nC) Desempe\u00f1o de los actores del sistema judicial: peritos, jueces y litigantes<br \/>\na. Los peritos<br \/>\nb. Los abogados<br \/>\nc. Los jueces<br \/>\nD) Inexistencia de comunidades disciplinarias y el poco peso de los Colegios Profesionales<\/li>\n<li style=\"font-weight: 400;\">Cuestionamientos desde algunas ramas del derecho<br \/>\n5.1. Desde el derecho penal<br \/>\n5.2. Desde el derecho de familia<\/li>\n<li style=\"font-weight: 400;\">Cuestionamiento desde la psicolog\u00eda<\/li>\n<\/ol>\n<p style=\"font-weight: 400;\"><b><strong>CAP\u00cdTULO II<\/strong><\/b><br \/>\n<b><strong>LA FORMULACI\u00d3N DEL CASO FORENSE<\/strong><\/b><br \/>\nJorge Oscar Folino<\/p>\n<ol>\n<li style=\"font-weight: 400;\">Introducci\u00f3n<br \/>\n2. La cientificidad de la prueba pericial<br \/>\n3. La relevancia de la formulaci\u00f3n del caso forense<br \/>\n4. La Tec-F y su contribuci\u00f3n<\/li>\n<\/ol>\n<p style=\"font-weight: 400;\"><b><strong>CAP\u00cdTULO III<\/strong><\/b><br \/>\n<b><strong>ASPECTOS NORMATIVOS DE CONTEXTO<\/strong><\/b><\/p>\n<ol>\n<li style=\"font-weight: 400;\">Introducci\u00f3n<\/li>\n<li style=\"font-weight: 400;\">Sede de familia<\/li>\n<li style=\"font-weight: 400;\">Sede civil y las listas de peritos de las ilustr\u00edsimas Cortes de Apelaciones del pa\u00eds<\/li>\n<li style=\"font-weight: 400;\">Acta N\u00ba 208-2013, que fija el texto refundido del auto acordado sobre confecci\u00f3n de lista de peritos en el procedimiento civil<\/li>\n<li style=\"font-weight: 400;\">El c\u00f3digo de \u00e9tica del Colegio de Psic\u00f3logos de Chile<\/li>\n<li style=\"font-weight: 400;\">El c\u00f3digo de \u00e9tica del Colegio M\u00e9dico<\/li>\n<li style=\"font-weight: 400;\">Servicio M\u00e9dico Legal<br \/>\n7.1. Resoluci\u00f3n Exenta N\u00ba 10.655, de 2009<br \/>\n7.2. Resoluci\u00f3n Exenta N\u00ba 8.083, de 2015<br \/>\n7.3. Resoluci\u00f3n Exenta N\u00ba 856, de 2018<br \/>\n7.4. Resoluci\u00f3n Exenta N\u00ba 2.349, de 2020<br \/>\n7.5. Resoluci\u00f3n Exenta N\u00ba 2.587, de 2020<br \/>\n7.6. Resoluci\u00f3n Exenta N\u00ba 2.981, de 2020<br \/>\n7.7. Resoluci\u00f3n Exenta N\u00ba 1.501, de 2021<br \/>\nA) Motivos de su dictaci\u00f3n<br \/>\nB) Consideraciones especiales<\/li>\n<\/ol>\n<p style=\"font-weight: 400;\"><b><strong>CAP\u00cdTULO IV<\/strong><\/b><br \/>\n<b><strong>ADMISIBILIDAD DE LA PRUEBA PERICIAL<\/strong><\/b><br \/>\nGonzalo Aguilera Chaparro &#8211; H\u00e9ctor Galleguillos Carmona<\/p>\n<ol>\n<li style=\"font-weight: 400;\">Introducci\u00f3n<\/li>\n<li style=\"font-weight: 400;\">Problemas asociados al uso del conocimiento experto en el contexto judicial<br \/>\n2.1. Prueba reglada en los procedimientos reformados tendientes a la libertad probatoria<br \/>\n2.2. Funci\u00f3n y uso de la prueba pericial: algunos problemas que justifican su calidad de prueba reglada<\/li>\n<li style=\"font-weight: 400;\">Admisibilidad de la prueba pericial<br \/>\n3.1. Reglas generales de admisibilidad probatoria<br \/>\n3.2. Reglas especiales de admisibilidad para la prueba pericial<br \/>\nA) Necesidad del conocimiento experto<br \/>\nB) Idoneidad del perito<br \/>\nC) Confiabilidad del peritaje<br \/>\n3.3. Algunos problemas habituales sobre admisibilidad probatoria en la justicia de familia<br \/>\nA) Prueba pericial encubierta<br \/>\na. Limitaci\u00f3n tanto al derecho a prueba como a la libertad probatoria<br \/>\nb. Mejor calidad de prueba<br \/>\nc. Exclusi\u00f3n probatoria como garant\u00eda contra el prejuzgamiento del sentenciador por sobrevaloraci\u00f3n de prueba no controlada en su formaci\u00f3n<br \/>\nd. Aspectos teleol\u00f3gicos y de garant\u00edas de las formas procesales<br \/>\ne. Argumento de texto<br \/>\nB) Testigos expertos<br \/>\nC) Peritajes intrusivos<br \/>\nD) Ausencia del informe pericial<br \/>\n3.4. Normativa t\u00e9cnica en materia de pericias de salud mental, su car\u00e1cter vinculante e incidencia en el examen de admisibilidad probatoria<br \/>\n3.5. Deber de comparecencia de la persona experta<br \/>\n3.6. Rol del Consejo T\u00e9cnico<\/li>\n<li style=\"font-weight: 400;\">A modo de conclusi\u00f3n<\/li>\n<\/ol>\n<p style=\"font-weight: 400;\"><b><strong>CAP\u00cdTULO V<\/strong><\/b><br \/>\n<b><strong>CUESTIONES Y TR\u00c1MITES PREVIOS Y COET\u00c1NEOS AL DESARROLLO DE LA PERICIA PROPIAMENTE TAL<\/strong><\/b><\/p>\n<ol>\n<li style=\"font-weight: 400;\">Introducci\u00f3n<br \/>\n2. Contacto inicial o previo con abogado de parte oferente de pericia<br \/>\n3. Aceptaci\u00f3n o rechazo del cargo<br \/>\n4. Honorarios<br \/>\n5. Audiencia de reconocimiento<br \/>\n6. Renuencia o rebeld\u00eda a la evaluaci\u00f3n<br \/>\n7. Falta de informaci\u00f3n necesaria<br \/>\n8. Remisi\u00f3n del Informe oportunamente<br \/>\n9. Comparecencia remota<br \/>\n10. Tramitaci\u00f3n sin Imprevistos<\/li>\n<\/ol>\n<p style=\"font-weight: 400;\"><b><strong>CAP\u00cdTULO VI<\/strong><\/b><br \/>\n<b><strong>DESARROLLO DEL INFORME PERICIAL FORENSE<\/strong><\/b><\/p>\n<ol>\n<li style=\"font-weight: 400;\">Introducci\u00f3n<\/li>\n<li style=\"font-weight: 400;\">Individualizaci\u00f3n<br \/>\n2.1. Individualizaci\u00f3n de la causa<br \/>\n2.2. Individualizaci\u00f3n del perito y colaboradores<br \/>\n2.3. Individualizaci\u00f3n de la persona evaluada y de terceros<\/li>\n<li style=\"font-weight: 400;\">Pregunta psicojur\u00eddica o psicolegal<\/li>\n<li style=\"font-weight: 400;\">Consideraciones \u00e9ticas<br \/>\n4.1. Consentimiento informado<br \/>\n4.2. Conservaci\u00f3n de la informaci\u00f3n y sus soportes de registro<\/li>\n<li style=\"font-weight: 400;\">Procedimiento y metodolog\u00eda<br \/>\n5.1. Procedimiento<br \/>\n5.2. Metodolog\u00eda<\/li>\n<li style=\"font-weight: 400;\">Hip\u00f3tesis<\/li>\n<li style=\"font-weight: 400;\">Antecedentes<\/li>\n<li style=\"font-weight: 400;\">Resultados<\/li>\n<li style=\"font-weight: 400;\">Discusi\u00f3n (an\u00e1lisis e integraci\u00f3n)<\/li>\n<li style=\"font-weight: 400;\">Conclusiones<\/li>\n<li style=\"font-weight: 400;\">Sugerencias<\/li>\n<li style=\"font-weight: 400;\">Bibliograf\u00eda<\/li>\n<li style=\"font-weight: 400;\">Anexos<\/li>\n<li style=\"font-weight: 400;\">Firma o r\u00fabrica y otros<\/li>\n<li style=\"font-weight: 400;\">Al menos una revisi\u00f3n despu\u00e9s de concluida la tarea<\/li>\n<li style=\"font-weight: 400;\">Ejemplos ficticios de informes periciales psicol\u00f3gicos<br \/>\n16.1. Ejemplo ficticio de Informe de violencia intrafamiliar (demandante)<br \/>\n16.2. Ejemplo ficticio de Informe de violencia intrafamiliar (demandado)<br \/>\n16.3. Ejemplo ficticio de Informe de Competencias Parentales<\/li>\n<\/ol>\n<p style=\"font-weight: 400;\"><b><strong>ANEXO<\/strong><\/b><br \/>\n<b><strong>TEXTO REFUNDIDO NORMATIVA T\u00c9CNICA PERICIAL DE SALUD MENTAL VIGENTE, CONFORME A RESOLUCI\u00d3N EXENTA N\u00ba 1.501 DE 10 DE AGOSTO DE 2021<\/strong><\/b><\/p>\n","protected":false},"excerpt":{"rendered":"<p>Diciembre a\u00f1o 2025 &#8211; 364 P\u00e1ginas<br \/>\nBuscas un libro Jur\u00eddico.? Lo puedes encontrar en nuestra tienda virtual.<br \/>\nContamos con prestigiosos autores y muchas alternativas en sus diferentes materias al igual que grandes descuentos.! Vis\u00edtanos en <a class=\"kBgpcyXFNpkpsySUadbrgokwcBSJFTnFWYsOyo \" tabindex=\"0\" href=\"https:\/\/lnkd.in\/eiAG7jdZ\" target=\"_blank\" rel=\"noopener\" data-test-app-aware-link=\"\">https:\/\/lnkd.in\/eiAG7jdZ<\/a> \ud83d\ude0a<br \/>\nEscr\u00edbenos al +56930565235 \/ <a class=\"kBgpcyXFNpkpsySUadbrgokwcBSJFTnFWYsOyo \" tabindex=\"0\" href=\"mailto:ventaslegallexglobal@gmail.com\" target=\"_self\" data-test-app-aware-link=\"\">ventaslegallexglobal@gmail.com<\/a><br \/>\nHacemos env\u00edos a todo Chile \u2013 Starken o Correos Chile \/ Te esperamos<\/p>\n<p>&nbsp;<\/p>\n","protected":false},"featured_media":1640,"comment_status":"open","ping_status":"closed","template":"","meta":{"inline_featured_image":false,"_joinchat":[]},"product_brand":[],"product_cat":[26,29],"product_tag":[],"class_list":{"0":"post-2595","1":"product","2":"type-product","3":"status-publish","4":"has-post-thumbnail","6":"product_cat-derecho","7":"product_cat-familia-y-del-menor","9":"first","10":"instock","11":"shipping-taxable","12":"purchasable","13":"product-type-simple"},"_links":{"self":[{"href":"https:\/\/bibliotecajuridicavirtual.cl\/index.php\/wp-json\/wp\/v2\/product\/2595","targetHints":{"allow":["GET"]}}],"collection":[{"href":"https:\/\/bibliotecajuridicavirtual.cl\/index.php\/wp-json\/wp\/v2\/product"}],"about":[{"href":"https:\/\/bibliotecajuridicavirtual.cl\/index.php\/wp-json\/wp\/v2\/types\/product"}],"replies":[{"embeddable":true,"href":"https:\/\/bibliotecajuridicavirtual.cl\/index.php\/wp-json\/wp\/v2\/comments?post=2595"}],"wp:featuredmedia":[{"embeddable":true,"href":"https:\/\/bibliotecajuridicavirtual.cl\/index.php\/wp-json\/wp\/v2\/media\/1640"}],"wp:attachment":[{"href":"https:\/\/bibliotecajuridicavirtual.cl\/index.php\/wp-json\/wp\/v2\/media?parent=2595"}],"wp:term":[{"taxonomy":"product_brand","embeddable":true,"href":"https:\/\/bibliotecajuridicavirtual.cl\/index.php\/wp-json\/wp\/v2\/product_brand?post=2595"},{"taxonomy":"product_cat","embeddable":true,"href":"https:\/\/bibliotecajuridicavirtual.cl\/index.php\/wp-json\/wp\/v2\/product_cat?post=2595"},{"taxonomy":"product_tag","embeddable":true,"href":"https:\/\/bibliotecajuridicavirtual.cl\/index.php\/wp-json\/wp\/v2\/product_tag?post=2595"}],"curies":[{"name":"wp","href":"https:\/\/api.w.org\/{rel}","templated":true}]}}