{"id":2596,"date":"2026-02-28T01:02:39","date_gmt":"2026-02-28T04:02:39","guid":{"rendered":"https:\/\/bibliotecajuridicavirtual.cl\/?post_type=product&#038;p=2596"},"modified":"2026-02-28T01:02:49","modified_gmt":"2026-02-28T04:02:49","slug":"delitos-sexuales-contra-ninos-ninas-y-adolescentes-una-decada-de-aprendizajes-maria-elena-santibanez-carolina-puyol","status":"publish","type":"product","link":"https:\/\/bibliotecajuridicavirtual.cl\/index.php\/product\/delitos-sexuales-contra-ninos-ninas-y-adolescentes-una-decada-de-aprendizajes-maria-elena-santibanez-carolina-puyol\/","title":{"rendered":"Delitos Sexuales contra Ni\u00f1os , Ni\u00f1as y Adolescentes &#8211; Una D\u00e9cada de Aprendizajes * Mar\u00eda Elena Santib\u00e1\u00f1ez \u2013 Carolina Puyol"},"content":{"rendered":"<p style=\"font-weight: 400;\">Un libro clave para fortalecer la justicia y proteger los derechos de la infancia.<\/p>\n<p style=\"font-weight: 400;\">Los delitos sexuales contra ni\u00f1os, ni\u00f1as y adolescentes son una de las violaciones m\u00e1s graves a los derechos humanos y un desaf\u00edo urgente para los sistemas de justicia. En este contexto, la necesidad de una respuesta judicial s\u00f3lida y bien fundamentada nunca ha sido tan crucial.<\/p>\n<p style=\"font-weight: 400;\">Este libro re\u00fane m\u00e1s de una d\u00e9cada de conocimientos y aprendizajes obtenidos a trav\u00e9s del diplomado &#8220;Los derechos de los ni\u00f1os, ni\u00f1as y adolescentes v\u00edctimas de delitos sexuales y el sistema judicial&#8221;, impulsado por Fundaci\u00f3n Amparo y Justicia junto a la Pontificia Universidad Cat\u00f3lica de Chile. Con las voces de 38 expertos \u201421 nacionales y 17 internacionales\u2014 se abordan de manera integral tres dimensiones clave para enfrentar este problema: los derechos de la infancia, las din\u00e1micas y complejidades de los delitos sexuales, y las respuestas del sistema judicial chileno. Con un enfoque interdisciplinario y basado en evidencia, este compendio ofrece una combinaci\u00f3n de teor\u00eda, reflexi\u00f3n cr\u00edtica y herramientas pr\u00e1cticas, convirti\u00e9ndola en una publicaci\u00f3n esencial para jueces, fiscales, defensores, acad\u00e9micos y profesionales que trabajan en la protecci\u00f3n de la ni\u00f1ez.<\/p>\n<p style=\"font-weight: 400;\"><b><strong><u>PARTE I<br \/>\n<\/u><\/strong><\/b><b><strong>DERECHOS DE LOS NI\u00d1OS, NI\u00d1AS Y ADOLESCENTES<\/strong><\/b><\/p>\n<p style=\"font-weight: 400;\">CAP\u00cdTULO 1<br \/>\nLOS DERECHOS GENERALES DE LOS NI\u00d1OS, NI\u00d1AS Y ADOLESCENTES V\u00cdCTIMAS DE DELITO EN EL MARCO DE LOS INSTRUMENTOS INTERNACIONALES<\/p>\n<p style=\"font-weight: 400;\">CAP\u00cdTULO 2<br \/>\nLA CONVENCI\u00d3N SOBRE LOS DERECHOS DEL NI\u00d1O COMO MOTOR DE CAMBIO EN LA DEFENSA Y PROTECCI\u00d3N DE LA INFANCIA: EXPECTATIVA Y REALIDAD<\/p>\n<p style=\"font-weight: 400;\">CAP\u00cdTULO 3<br \/>\nLA PERSPECTIVA VICTIMOL\u00d3GICA Y LA CONCEPCI\u00d3N DE V\u00cdCTIMA EN EL CORPUS IURIS<\/p>\n<p style=\"font-weight: 400;\">CAP\u00cdTULO 4<br \/>\nEL BENEFICIO DE LIBERTAD CONDICIONAL: APROXIMACIONES DESDE LA MIRADA DE DERECHOS Y DE LA V\u00cdCTIMA<\/p>\n<p style=\"font-weight: 400;\"><b><strong><u>PARTE II<br \/>\n<\/u><\/strong><\/b><b><strong>DELITOS SEXUALES CONTRA NI\u00d1OS, NI\u00d1AS Y ADOLESCENTES<\/strong><\/b><\/p>\n<p style=\"font-weight: 400;\">CAP\u00cdTULO 5<br \/>\nREGULACI\u00d3N NACIONAL EN MATERIA DE CRIMINALIDAD SEXUAL A LA LUZ DE LAS REFORMAS DE LOS \u00daLTIMOS VEINTE A\u00d1OS<\/p>\n<p style=\"font-weight: 400;\">CAP\u00cdTULO 6<br \/>\nDIN\u00c1MICAS DEL ABUSO SEXUAL CONTRA NI\u00d1OS, NI\u00d1AS Y ADOLESCENTES<\/p>\n<p style=\"font-weight: 400;\">CAP\u00cdTULO 7<br \/>\nTESTIMONIO DE V\u00cdCTIMAS DE DELITOS SEXUALES: RELEVANCIA EN EL PROCESO CRIMINAL Y PRINCIPALES EST\u00c1NDARES T\u00c9CNICOS<\/p>\n<p style=\"font-weight: 400;\"><b><strong><u>PARTE III<br \/>\n<\/u><\/strong><\/b><b><strong>SISTEMA JUDICIAL<\/strong><\/b><\/p>\n<p style=\"font-weight: 400;\">CAP\u00cdTULO 8<br \/>\nLA INEVITABLE NATURALEZA TRAUM\u00c1TICA DEL TRABAJO CON V\u00cdCTIMAS: DESGASTE PROFESIONAL<\/p>\n<p style=\"font-weight: 400;\">CAP\u00cdTULO 9<br \/>\nESTATUTO PROCESAL ESPECIAL DE NI\u00d1AS, NI\u00d1OS Y ADOLESCENTES V\u00cdCTIMAS DE DELITOS SEXUALES<\/p>\n<p style=\"font-weight: 400;\">CAP\u00cdTULO 10<br \/>\nAN\u00c1LISIS JUR\u00cdDICO, CIENT\u00cdFICO, Y T\u00c9CNICO DE LAS PRINCIPALES PERICIAS EN DELITOS SEXUALES CONTRA NI\u00d1OS, NI\u00d1AS Y ADOLESCENTES<\/p>\n<p style=\"font-weight: 400;\">CAP\u00cdTULO 11<br \/>\nMODELO PARA CONSTRUIR ARGUMENTACIONES LEGISLATIVAS EN EL FORO DELIBERATIVO CAUTELANDO LOS DERECHOS DE LOS NI\u00d1OS, NI\u00d1AS Y ADOLESCENTES<\/p>\n","protected":false},"excerpt":{"rendered":"<p>Diciembre a\u00f1o 2025 * 467 P\u00e1ginas<\/p>\n<p>Buscas un libro Jur\u00eddico.? Lo puedes encontrar en nuestra tienda virtual.<br \/>\nContamos con prestigiosos autores y muchas alternativas en sus diferentes materias al igual que grandes descuentos.! Vis\u00edtanos en <a class=\"kBgpcyXFNpkpsySUadbrgokwcBSJFTnFWYsOyo \" tabindex=\"0\" href=\"https:\/\/lnkd.in\/eiAG7jdZ\" target=\"_blank\" rel=\"noopener\" data-test-app-aware-link=\"\">https:\/\/lnkd.in\/eiAG7jdZ<\/a> \ud83e\udd17<br \/>\nEscr\u00edbenos al +56930565235 \/ <a class=\"kBgpcyXFNpkpsySUadbrgokwcBSJFTnFWYsOyo \" tabindex=\"0\" href=\"mailto:ventaslegallexglobal@gmail.com\" target=\"_self\" data-test-app-aware-link=\"\">ventaslegallexglobal@gmail.com<\/a><br \/>\nHacemos env\u00edos a todo Chile \u2013 Starken o Correos Chile \/ Te esperamos.<\/p>\n","protected":false},"featured_media":1641,"comment_status":"open","ping_status":"closed","template":"","meta":{"inline_featured_image":false,"_joinchat":[]},"product_brand":[],"product_cat":[26,29,30],"product_tag":[],"class_list":{"0":"post-2596","1":"product","2":"type-product","3":"status-publish","4":"has-post-thumbnail","6":"product_cat-derecho","7":"product_cat-familia-y-del-menor","8":"product_cat-penal","10":"first","11":"instock","12":"shipping-taxable","13":"purchasable","14":"product-type-simple"},"_links":{"self":[{"href":"https:\/\/bibliotecajuridicavirtual.cl\/index.php\/wp-json\/wp\/v2\/product\/2596","targetHints":{"allow":["GET"]}}],"collection":[{"href":"https:\/\/bibliotecajuridicavirtual.cl\/index.php\/wp-json\/wp\/v2\/product"}],"about":[{"href":"https:\/\/bibliotecajuridicavirtual.cl\/index.php\/wp-json\/wp\/v2\/types\/product"}],"replies":[{"embeddable":true,"href":"https:\/\/bibliotecajuridicavirtual.cl\/index.php\/wp-json\/wp\/v2\/comments?post=2596"}],"wp:featuredmedia":[{"embeddable":true,"href":"https:\/\/bibliotecajuridicavirtual.cl\/index.php\/wp-json\/wp\/v2\/media\/1641"}],"wp:attachment":[{"href":"https:\/\/bibliotecajuridicavirtual.cl\/index.php\/wp-json\/wp\/v2\/media?parent=2596"}],"wp:term":[{"taxonomy":"product_brand","embeddable":true,"href":"https:\/\/bibliotecajuridicavirtual.cl\/index.php\/wp-json\/wp\/v2\/product_brand?post=2596"},{"taxonomy":"product_cat","embeddable":true,"href":"https:\/\/bibliotecajuridicavirtual.cl\/index.php\/wp-json\/wp\/v2\/product_cat?post=2596"},{"taxonomy":"product_tag","embeddable":true,"href":"https:\/\/bibliotecajuridicavirtual.cl\/index.php\/wp-json\/wp\/v2\/product_tag?post=2596"}],"curies":[{"name":"wp","href":"https:\/\/api.w.org\/{rel}","templated":true}]}}