{"id":2597,"date":"2026-02-28T01:02:39","date_gmt":"2026-02-28T04:02:39","guid":{"rendered":"https:\/\/bibliotecajuridicavirtual.cl\/?post_type=product&#038;p=2597"},"modified":"2026-02-28T01:02:49","modified_gmt":"2026-02-28T04:02:49","slug":"contrato-de-transaccion-antonio-vodanovic-haklika-4ta-edicion-actualizada-2026-253-pag","status":"publish","type":"product","link":"https:\/\/bibliotecajuridicavirtual.cl\/index.php\/product\/contrato-de-transaccion-antonio-vodanovic-haklika-4ta-edicion-actualizada-2026-253-pag\/","title":{"rendered":"Contrato de Transacci\u00f3n * Antonio Vodanovic Haklika &#8211; 4ta. edici\u00f3n actualizada 2026 * 253 P\u00e1g."},"content":{"rendered":"<p>Antonio Vodanovic Haklicka dedic\u00f3 gran parte de su vida a la ense\u00f1anza del Derecho civil chileno, y plasm\u00f3 ese oficio en varios libros de escritura precisa y vocaci\u00f3n sistem\u00e1tica poco frecuente. Este volumen, dedicado al contrato de transacci\u00f3n, mantiene ese sello: claridad conceptual, atenci\u00f3n al detalle y una mirada comparada que ilumina el texto del C\u00f3digo Civil. La cuarta edici\u00f3n actualizada preserva el dise\u00f1o original de la obra y lo proyecta hacia las exigencias contempor\u00e1neas. Incorpora jurisprudencia y\u00a0 doctrina recientes, depura referencias normativas superadas y ajusta el lenguaje a los usos actuales, con el cuidado de distinguir las modificaciones introducidas. As\u00ed, Contrato de Transacci\u00f3n vuelve a ofrecerse como un instrumento breve y completo: un cl\u00e1sico\u00a0 reactivado, pensado para quien busca comprender y trabajar con una de las instituciones m\u00e1s decisivas para la soluci\u00f3n jur\u00eddica de los conflictos.<\/p>\n<p>&nbsp;<\/p>\n","protected":false},"excerpt":{"rendered":"<p>Buscas un libro Jur\u00eddico.? Lo puedes encontrar en nuestra tienda virtual.<br \/>\nContamos con prestigiosos autores y muchas alternativas en sus diferentes materias al igual que grandes descuentos.! Vis\u00edtanos en <a class=\"pSsqrsDflyyTGZvsdjPbvrjtYPhWNBHDvgA \" tabindex=\"0\" href=\"https:\/\/lnkd.in\/eiAG7jdZ\" target=\"_blank\" rel=\"noopener\" data-test-app-aware-link=\"\">https:\/\/lnkd.in\/eiAG7jdZ<\/a><br \/>\nEscr\u00edbenos al +56930565235 \/ <a class=\"pSsqrsDflyyTGZvsdjPbvrjtYPhWNBHDvgA \" tabindex=\"0\" href=\"mailto:ventaslegallexglobal@gmail.com\" target=\"_self\" data-test-app-aware-link=\"\">ventaslegallexglobal@gmail.com<\/a><br \/>\nHacemos env\u00edos a todo Chile \u2013 Starken o Correos Chile \/ Te esperamos.<\/p>\n","protected":false},"featured_media":1642,"comment_status":"open","ping_status":"closed","template":"","meta":{"inline_featured_image":false,"_joinchat":[]},"product_brand":[],"product_cat":[27,26],"product_tag":[],"class_list":{"0":"post-2597","1":"product","2":"type-product","3":"status-publish","4":"has-post-thumbnail","6":"product_cat-civil","7":"product_cat-derecho","9":"first","10":"instock","11":"sale","12":"shipping-taxable","13":"purchasable","14":"product-type-simple"},"_links":{"self":[{"href":"https:\/\/bibliotecajuridicavirtual.cl\/index.php\/wp-json\/wp\/v2\/product\/2597","targetHints":{"allow":["GET"]}}],"collection":[{"href":"https:\/\/bibliotecajuridicavirtual.cl\/index.php\/wp-json\/wp\/v2\/product"}],"about":[{"href":"https:\/\/bibliotecajuridicavirtual.cl\/index.php\/wp-json\/wp\/v2\/types\/product"}],"replies":[{"embeddable":true,"href":"https:\/\/bibliotecajuridicavirtual.cl\/index.php\/wp-json\/wp\/v2\/comments?post=2597"}],"wp:featuredmedia":[{"embeddable":true,"href":"https:\/\/bibliotecajuridicavirtual.cl\/index.php\/wp-json\/wp\/v2\/media\/1642"}],"wp:attachment":[{"href":"https:\/\/bibliotecajuridicavirtual.cl\/index.php\/wp-json\/wp\/v2\/media?parent=2597"}],"wp:term":[{"taxonomy":"product_brand","embeddable":true,"href":"https:\/\/bibliotecajuridicavirtual.cl\/index.php\/wp-json\/wp\/v2\/product_brand?post=2597"},{"taxonomy":"product_cat","embeddable":true,"href":"https:\/\/bibliotecajuridicavirtual.cl\/index.php\/wp-json\/wp\/v2\/product_cat?post=2597"},{"taxonomy":"product_tag","embeddable":true,"href":"https:\/\/bibliotecajuridicavirtual.cl\/index.php\/wp-json\/wp\/v2\/product_tag?post=2597"}],"curies":[{"name":"wp","href":"https:\/\/api.w.org\/{rel}","templated":true}]}}