{"id":2599,"date":"2026-02-28T01:02:39","date_gmt":"2026-02-28T04:02:39","guid":{"rendered":"https:\/\/bibliotecajuridicavirtual.cl\/?post_type=product&#038;p=2599"},"modified":"2026-02-28T01:02:49","modified_gmt":"2026-02-28T04:02:49","slug":"las-obligaciones-2-tomos-rene-abeliuk-manasevich-6ta-edicion-ano-2025-1-550-pag","status":"publish","type":"product","link":"https:\/\/bibliotecajuridicavirtual.cl\/index.php\/product\/las-obligaciones-2-tomos-rene-abeliuk-manasevich-6ta-edicion-ano-2025-1-550-pag\/","title":{"rendered":"Las Obligaciones 2 Tomos * Ren\u00e9 Abeliuk * Manasevich * 6ta. edici\u00f3n a\u00f1o 2025 &#8211; 1.550 P\u00e1g."},"content":{"rendered":"<div>\n<div><strong>Presentaci\u00f3n del autor<\/strong><\/div>\n<\/div>\n<div>\n<p>Lanzo esta sexta edici\u00f3n con la convicci\u00f3n de que es la \u00faltima que yo modifico; queda ella completamente al d\u00eda (s.e.u.o.).<\/p>\n<p>Debo destacar y me llena de orgullo que habi\u00e9ndose escrito la primera edici\u00f3n en otras circunstancias para el pa\u00eds, y para el mundo, la parte esencial y tradicional de las obligaciones, puesta al d\u00eda en 1970, pr\u00e1cticamente tiene pocos cambios, entre ellos un enfoque contempor\u00e1neo en esa \u00e9poca, y que en general, se mantiene en la actualidad, claro que con muchas agregaciones.<\/p>\n<p>En esta \u00faltima edici\u00f3n son \u00e9stas curiosamente las que tienen cambio por nueva legislaci\u00f3n, lo que demuestra lo improvisada que es \u00e9sta, obligando a los tribunales a un esfuerzo extremo para resolver los conflictos.<br \/>\nTengo que agradecer una vez m\u00e1s la colaboraci\u00f3n del profesor Alex Z\u00fa\u00f1iga Tejos, de mi secretaria Viviana Atensio G\u00f3mez, y de muchos otros que me facilitaron la tarea, especialmente la Universidad Andr\u00e9s Bello por el aliento y apoyo que me ha dado a estas alturas de mi vida.<\/p>\n<p>El autor.<\/p>\n<\/div>\n<p><strong>PR\u00d3LOGO<\/strong><\/p>\n<p><em>Obra:\u00a0Las Obligaciones, Ren\u00e9 Abeliuk Manasevich<\/em><\/p>\n<p>La reimpresi\u00f3n de\u00a0<em>Las Obligaciones<\/em>\u00a0de Ren\u00e9 Abeliuk Manasevich, en su versi\u00f3n revisada de 2014, constituye una ocasi\u00f3n privilegiada para volver sobre uno de los textos m\u00e1s influyentes y perdurables de la doctrina civil chilena. A m\u00e1s de una d\u00e9cada de su \u00faltima actualizaci\u00f3n, esta obra contin\u00faa ocupando un lugar central en la ense\u00f1anza y en la pr\u00e1ctica del derecho, no s\u00f3lo por la sistematizaci\u00f3n con que aborda las instituciones fundamentales del derecho de las obligaciones, sino tambi\u00e9n por la singular combinaci\u00f3n de rigor conceptual y claridad que caracterizan el pensamiento de su autor.<\/p>\n<p>Aunque la dogm\u00e1tica civil ha evolucionado en estos \u00faltimos a\u00f1os, lo que se refleja en el alto n\u00famero de publicaciones en revistas especializadas y libros, la estructura integral que propone Abeliuk sigue siendo una referencia imprescindible, que permite al lector comprender el derecho de obligaciones chileno en su conjunto y desde sus bases codificadas, constituyendo el punto de partida tanto para quien se inicia en los estudios del derecho como para quien aspira a su reinterpretaci\u00f3n te\u00f3rica.<\/p>\n<p>Esta reimpresi\u00f3n no pretende actualizar ni reinterpretar el texto desde su \u00faltima revisi\u00f3n. Su prop\u00f3sito es distinto: asegurar la preservaci\u00f3n y disponibilidad de un cl\u00e1sico para las generaciones presentes y futuras, permitiendo que el lector encuentre, sin mediaciones, la voz de un jurista que en su tiempo supo encaminar sus esfuerzos hacia la comprensi\u00f3n global del fen\u00f3meno jur\u00eddico dentro del contexto pol\u00edtico, econ\u00f3mico y social del derecho civil, sin perder de vista el sentido pr\u00e1ctico de la disciplina, y combinar profundidad, claridad expositiva y una s\u00f3lida comprensi\u00f3n del funcionamiento del derecho civil.<\/p>\n<p>Releer esta obra es tambi\u00e9n reencontrarse con una manera de estudiar el derecho civil que privilegia la precisi\u00f3n del concepto, la sistematicidad del ordenamiento y el valor formativo de la dogm\u00e1tica. En tiempos de cambios acelerados y desaf\u00edos constantes para el derecho civil, volver a Abeliuk es reencontrar la estructura, forma y m\u00e9todo. Frente a la proliferaci\u00f3n de art\u00edculos acad\u00e9micos de la m\u00e1s diversa \u00edndole, la obra del autor permanece en su comprensi\u00f3n integral del derecho de las obligaciones y nos invita a la reflexi\u00f3n de lo que se mantiene y la comprensi\u00f3n de lo que cambia.<\/p>\n<p>As\u00ed, con esta reimpresi\u00f3n, se busca asegurar que la obra siga cumpliendo el prop\u00f3sito que siempre ha tenido, esto es, servir como un libro de apoyo para estudiantes, acad\u00e9micos y profesionales, y ofrecer fundamentos s\u00f3lidos all\u00ed donde la pr\u00e1ctica jur\u00eddica exige respuestas. En este sentido, la vigencia del libro\u00a0<em>Obligaciones<\/em>\u00a0de Abeliuk\u00a0descansa en la solidez de su arquitectura conceptual; la coherencia del tratamiento sistem\u00e1tico del derecho de obligaciones y su claridad; invit\u00e1ndonos con su lectura a recordar que el derecho civil chileno ha sido construido, y sigue construy\u00e9ndose, a partir de obras como estas.<\/p>\n","protected":false},"excerpt":{"rendered":"<p>Buscas un libro Jur\u00eddico.? Lo puedes encontrar en nuestra tienda virtual.<br \/>\nContamos con prestigiosos autores y muchas alternativas en sus diferentes materias al igual que grandes descuentos.! Vis\u00edtanos en <a class=\"SZOzBJrCZwbbbHzPXHSuEhpWgpxqIuwE \" tabindex=\"0\" href=\"https:\/\/lnkd.in\/eiAG7jdZ\" target=\"_blank\" rel=\"noopener\" data-test-app-aware-link=\"\">https:\/\/lnkd.in\/eiAG7jdZ<\/a><br \/>\nEscr\u00edbenos al +56930565235 \/ <a class=\"SZOzBJrCZwbbbHzPXHSuEhpWgpxqIuwE \" tabindex=\"0\" href=\"mailto:ventaslegallexglobal@gmail.com\" target=\"_self\" data-test-app-aware-link=\"\">ventaslegallexglobal@gmail.com<\/a><br \/>\nHacemos env\u00edos a todo Chile \u2013 Starken o Correos Chile \/ Te esperamos.<\/p>\n","protected":false},"featured_media":1644,"comment_status":"open","ping_status":"closed","template":"","meta":{"inline_featured_image":false,"_joinchat":[]},"product_brand":[],"product_cat":[27,26],"product_tag":[],"class_list":{"0":"post-2599","1":"product","2":"type-product","3":"status-publish","4":"has-post-thumbnail","6":"product_cat-civil","7":"product_cat-derecho","9":"first","10":"instock","11":"sale","12":"shipping-taxable","13":"purchasable","14":"product-type-simple"},"_links":{"self":[{"href":"https:\/\/bibliotecajuridicavirtual.cl\/index.php\/wp-json\/wp\/v2\/product\/2599","targetHints":{"allow":["GET"]}}],"collection":[{"href":"https:\/\/bibliotecajuridicavirtual.cl\/index.php\/wp-json\/wp\/v2\/product"}],"about":[{"href":"https:\/\/bibliotecajuridicavirtual.cl\/index.php\/wp-json\/wp\/v2\/types\/product"}],"replies":[{"embeddable":true,"href":"https:\/\/bibliotecajuridicavirtual.cl\/index.php\/wp-json\/wp\/v2\/comments?post=2599"}],"wp:featuredmedia":[{"embeddable":true,"href":"https:\/\/bibliotecajuridicavirtual.cl\/index.php\/wp-json\/wp\/v2\/media\/1644"}],"wp:attachment":[{"href":"https:\/\/bibliotecajuridicavirtual.cl\/index.php\/wp-json\/wp\/v2\/media?parent=2599"}],"wp:term":[{"taxonomy":"product_brand","embeddable":true,"href":"https:\/\/bibliotecajuridicavirtual.cl\/index.php\/wp-json\/wp\/v2\/product_brand?post=2599"},{"taxonomy":"product_cat","embeddable":true,"href":"https:\/\/bibliotecajuridicavirtual.cl\/index.php\/wp-json\/wp\/v2\/product_cat?post=2599"},{"taxonomy":"product_tag","embeddable":true,"href":"https:\/\/bibliotecajuridicavirtual.cl\/index.php\/wp-json\/wp\/v2\/product_tag?post=2599"}],"curies":[{"name":"wp","href":"https:\/\/api.w.org\/{rel}","templated":true}]}}