{"id":2601,"date":"2026-02-28T01:02:39","date_gmt":"2026-02-28T04:02:39","guid":{"rendered":"https:\/\/bibliotecajuridicavirtual.cl\/?post_type=product&#038;p=2601"},"modified":"2026-02-28T01:02:49","modified_gmt":"2026-02-28T04:02:49","slug":"derecho-civil-para-examen-de-grado-eric-chavez-chavez-9edicion-octubre-2025-531-pag","status":"publish","type":"product","link":"https:\/\/bibliotecajuridicavirtual.cl\/index.php\/product\/derecho-civil-para-examen-de-grado-eric-chavez-chavez-9edicion-octubre-2025-531-pag\/","title":{"rendered":"Derecho Civil &#8211; Para Examen de Grado * Eric Ch\u00e1vez Ch\u00e1vez * 9\u00b0edici\u00f3n octubre 2025 &#8211; 531 P\u00e1g."},"content":{"rendered":"<h4 style=\"font-weight: 500;\">Incluye modificaci\u00f3n Ley N\u00b021.760 sobre adopci\u00f3n<\/h4>\n<p style=\"font-weight: 400;\">La obra estudia las materias e instituciones m\u00e1s tradicionales, en una forma did\u00e1ctica, que permite repasar los conceptos, requisitos y desarrollo del tema de una forma que se pueda recordar y en su caso profundizar el tema, en las llamadas obras cl\u00e1sicas del Derecho Civil chileno, y por tanto asentar este conocimiento o resaltarlo en la memoria.<\/p>\n<p style=\"font-weight: 400;\">Comprende el estudio completo del Derecho Civil, siendo de una consulta f\u00e1cil y r\u00e1pida que permita desarrollar la siempre expresada &#8220;geograf\u00eda del c\u00f3digo&#8221; que se estudia en las aulas de las diferentes Escuelas de Derecho.<\/p>\n","protected":false},"excerpt":{"rendered":"<p>Buscas un libro Jur\u00eddico.? Lo puedes encontrar en nuestra tienda virtual.<br \/>\nContamos con prestigiosos autores y muchas alternativas en sus diferentes materias al igual que grandes descuentos.! Vis\u00edtanos en <a class=\"uzjjmrpxQeFebnMdUxptiDBQagtayOyxaRvLs \" tabindex=\"0\" href=\"https:\/\/lnkd.in\/eiAG7jdZ\" target=\"_blank\" rel=\"noopener\" data-test-app-aware-link=\"\">https:\/\/lnkd.in\/eiAG7jdZ<\/a><br \/>\nEscr\u00edbenos al +56930565235 \/ <a class=\"uzjjmrpxQeFebnMdUxptiDBQagtayOyxaRvLs \" tabindex=\"0\" href=\"mailto:ventaslegallexglobal@gmail.com\" target=\"_self\" data-test-app-aware-link=\"\">ventaslegallexglobal@gmail.com<\/a><br \/>\nHacemos env\u00edos a todo Chile \u2013 Starken o Correos Chile \/ Te esperamos.<\/p>\n","protected":false},"featured_media":1646,"comment_status":"open","ping_status":"closed","template":"","meta":{"inline_featured_image":false,"_joinchat":[]},"product_brand":[],"product_cat":[27,26],"product_tag":[],"class_list":{"0":"post-2601","1":"product","2":"type-product","3":"status-publish","4":"has-post-thumbnail","6":"product_cat-civil","7":"product_cat-derecho","9":"first","10":"instock","11":"sale","12":"shipping-taxable","13":"purchasable","14":"product-type-simple"},"_links":{"self":[{"href":"https:\/\/bibliotecajuridicavirtual.cl\/index.php\/wp-json\/wp\/v2\/product\/2601","targetHints":{"allow":["GET"]}}],"collection":[{"href":"https:\/\/bibliotecajuridicavirtual.cl\/index.php\/wp-json\/wp\/v2\/product"}],"about":[{"href":"https:\/\/bibliotecajuridicavirtual.cl\/index.php\/wp-json\/wp\/v2\/types\/product"}],"replies":[{"embeddable":true,"href":"https:\/\/bibliotecajuridicavirtual.cl\/index.php\/wp-json\/wp\/v2\/comments?post=2601"}],"wp:featuredmedia":[{"embeddable":true,"href":"https:\/\/bibliotecajuridicavirtual.cl\/index.php\/wp-json\/wp\/v2\/media\/1646"}],"wp:attachment":[{"href":"https:\/\/bibliotecajuridicavirtual.cl\/index.php\/wp-json\/wp\/v2\/media?parent=2601"}],"wp:term":[{"taxonomy":"product_brand","embeddable":true,"href":"https:\/\/bibliotecajuridicavirtual.cl\/index.php\/wp-json\/wp\/v2\/product_brand?post=2601"},{"taxonomy":"product_cat","embeddable":true,"href":"https:\/\/bibliotecajuridicavirtual.cl\/index.php\/wp-json\/wp\/v2\/product_cat?post=2601"},{"taxonomy":"product_tag","embeddable":true,"href":"https:\/\/bibliotecajuridicavirtual.cl\/index.php\/wp-json\/wp\/v2\/product_tag?post=2601"}],"curies":[{"name":"wp","href":"https:\/\/api.w.org\/{rel}","templated":true}]}}