{"id":2606,"date":"2026-02-28T01:02:39","date_gmt":"2026-02-28T04:02:39","guid":{"rendered":"https:\/\/bibliotecajuridicavirtual.cl\/?post_type=product&#038;p=2606"},"modified":"2026-02-28T01:02:50","modified_gmt":"2026-02-28T04:02:50","slug":"corrupcion-entre-particulares-alcance-del-delito-y-estrategias-de-prevencion-osvaldo-artaza","status":"publish","type":"product","link":"https:\/\/bibliotecajuridicavirtual.cl\/index.php\/product\/corrupcion-entre-particulares-alcance-del-delito-y-estrategias-de-prevencion-osvaldo-artaza\/","title":{"rendered":"Corrupci\u00f3n entre Particulares. Alcance del Delito y Estrategias de Prevenci\u00f3n * Osvaldo Artaza"},"content":{"rendered":"<p>Este libro ofrece una lectura cr\u00edtica y rigurosa del delito de corrupci\u00f3n entre\u00a0particulares, entendido como un instrumento jur\u00eddico destinado a resguardar\u00a0las bases normativas que sostienen el funcionamiento de los mercados,\u00a0mediante la protecci\u00f3n de la competencia leal como instituci\u00f3n. La\u00a0criminalizaci\u00f3n de estas conductas no debe concebirse como una reacci\u00f3n\u00a0punitiva meramente simb\u00f3lica, sino como una herramienta con funciones\u00a0expresivas y preventivas, orientada a preservar la confianza en las reglas<br \/>\nfundamentales del orden econ\u00f3mico. A trav\u00e9s de un an\u00e1lisis comparado\u00a0y pr\u00e1ctico, la obra no solo aporta a la dogm\u00e1tica penal chilena, sino que\u00a0tambi\u00e9n busca servir de gu\u00eda para que el sector privado incorpore reglas y\u00a0mecanismos efectivos de prevenci\u00f3n, contribuyendo as\u00ed a consolidar una\u00a0cultura empresarial basada en la probidad y la competencia leal.<br \/>\nOsvaldo Artaza Varela es doctor en Derecho y Ciencia Pol\u00edtica por la Universidad\u00a0de Barcelona. Es docente de las Facultades de Administraci\u00f3n y\u00a0Econom\u00eda y de Derecho de la Universidad Diego Portales. Es director acad\u00e9mico\u00a0del \u00e1rea de compliance del Centro de Desarrollo Corporativo UDP.<\/p>\n<p>\u00cdndice<br \/>\nPr\u00f3logo\u00a0\u00a0 \u00a0\u00a0\u00a0 \u00a011<br \/>\nCap\u00edtulo I. El delito de corrupci\u00f3n entre particulares en el \u00e1mbito comparado: aproximaciones legislativas\u00a0\u00a0 \u00a0\u00a0\u00a0 \u00a017<br \/>\n1.\u00a0\u00a0 \u00a0Reconocimiento de la potencialidad lesiva de la corrupci\u00f3n entre particulares. Fundamentos para su criminalizaci\u00f3n\u00a0\u00a0 \u00a0\u00a0\u00a0 \u00a017<br \/>\n2.\u00a0\u00a0 \u00a0Diversas aproximaciones legislativas a la criminalizaci\u00f3n de la corrupci\u00f3n entre particulares\u00a0\u00a0 \u00a0\u00a0\u00a0 \u00a027<br \/>\n2.1.\u00a0\u00a0 \u00a0Descripci\u00f3n general de las legislaciones de Reino Unido, Estados Unidos, Alemania y Espa\u00f1a\u00a0\u00a0 \u00a0\u00a0\u00a0 \u00a027<br \/>\na.\u00a0\u00a0 \u00a0Reino Unido\u00a0\u00a0 \u00a0\u00a0\u00a0 \u00a028<br \/>\nb.\u00a0\u00a0 \u00a0Estados Unidos\u00a0\u00a0 \u00a0\u00a0\u00a0 \u00a034<br \/>\nc.\u00a0\u00a0 \u00a0La regulaci\u00f3n alemana y espa\u00f1ola\u00a0\u00a0 \u00a0\u00a0\u00a0 \u00a037<br \/>\n2.1.\u00a0\u00a0 \u00a0Eventuales diferencias en los intereses protegidos por las diversas aproximaciones legislativas. Especial consideraci\u00f3n a la competencia leal como bien jur\u00eddico protegido\u00a0\u00a0 \u00a0\u00a0\u00a0 \u00a043<br \/>\n2.2.\u00a0\u00a0 \u00a0Diferencias relativas a la clasificaci\u00f3n de conductas como delitos de corrupci\u00f3n privada\u00a0\u00a0 \u00a0\u00a0\u00a0 \u00a051<br \/>\nCap\u00edtulo II. La regulaci\u00f3n del delito de corrupci\u00f3n entre particulares en Chile\u00a0\u00a0 \u00a0\u00a0\u00a0 \u00a055<br \/>\n1.\u00a0\u00a0 \u00a0Introducci\u00f3n: Regulaci\u00f3n por el art\u00edculo 287 bis y ter. El delito de corrupci\u00f3n entre particulares y su consideraci\u00f3n como delito econ\u00f3mico por la Ley 21.595\u00a0\u00a0 \u00a0\u00a0\u00a0 \u00a055<br \/>\n2.\u00a0\u00a0 \u00a0Qui\u00e9nes pueden cometer este delito. Especial referencia al tratamiento del titular o principal\u00a0\u00a0 \u00a0\u00a0\u00a0 \u00a057<br \/>\n2.1.\u00a0\u00a0 \u00a0Modalidad pasiva\u00a0\u00a0 \u00a0\u00a0\u00a0 \u00a057<br \/>\na.\u00a0\u00a0 \u00a0La naturaleza de delito especial de la modalidad pasiva del delito de corrupci\u00f3n entre particulares y sus consecuencias\u00a0\u00a0 \u00a0\u00a0\u00a0 \u00a057<br \/>\nb.\u00a0\u00a0 \u00a0Definici\u00f3n de director, administrador, empleado o mandatario. Perspectiva para la interpretaci\u00f3n de los conceptos utilizados por el legislador al delimitar el c\u00edrculo de destinatarios\u00a0\u00a0 \u00a0\u00a0\u00a0 \u00a060<br \/>\nc.\u00a0\u00a0 \u00a0Capacidad para incidir en situaciones de competencia\u00a0\u00a0 \u00a0\u00a0\u00a0 \u00a065<br \/>\nd.\u00a0\u00a0 \u00a0Exclusi\u00f3n del principal o due\u00f1o del negocio del c\u00edrculo de autores: fundamentos, y consecuencias relativas a la valoraci\u00f3n de la conducta del empleado o agente\u00a0\u00a0 \u00a0\u00a0\u00a0 \u00a070<br \/>\n2.2.\u00a0\u00a0 \u00a0Modalidad activa\u00a0\u00a0 \u00a0\u00a0\u00a0 \u00a080<br \/>\n3.\u00a0\u00a0 \u00a0Conducta t\u00edpica\u00a0\u00a0 \u00a0\u00a0\u00a0 \u00a081<br \/>\n3.1.\u00a0\u00a0 \u00a0La estructura del tipo penal corresponde a la de un delito de peligro abstracto\u00a0\u00a0 \u00a0\u00a0\u00a0 \u00a081<br \/>\n3.2.\u00a0\u00a0 \u00a0Delimitaci\u00f3n del concepto de soborno\u00a0\u00a0 \u00a0\u00a0\u00a0 \u00a081<br \/>\na.\u00a0\u00a0 \u00a0La detecci\u00f3n y clarificaci\u00f3n del problema de delimitaci\u00f3n en el \u00e1mbito comparado\u00a0\u00a0 \u00a0\u00a0\u00a0 \u00a084<br \/>\nb.\u00a0\u00a0 \u00a0Criterios para diferenciar pr\u00e1cticas comerciales l\u00edcitas de sobornos\u00a0\u00a0 \u00a0\u00a0\u00a0 \u00a089<br \/>\n3.3.\u00a0\u00a0 \u00a0El acuerdo il\u00edcito en el marco de una situaci\u00f3n de competencia\u00a0\u00a0 \u00a0\u00a0\u00a0 \u00a098<br \/>\n3.4.\u00a0\u00a0 \u00a0Tipo subjetivo\u00a0\u00a0 \u00a0\u00a0\u00a0 \u00a0109<br \/>\n4.\u00a0\u00a0 \u00a0Concursos. La situaci\u00f3n anterior y posterior a la modificaci\u00f3n del art\u00edculo 287 bis a trav\u00e9s la Ley de Delitos Econ\u00f3micos\u00a0\u00a0 \u00a0\u00a0\u00a0 \u00a0111<br \/>\n4.1.\u00a0\u00a0 \u00a0Situaci\u00f3n previa a la reforma de Ley 21.595: el tratamiento de una eventual pluralidad delictiva entre la corrupci\u00f3n entre particulares y el delito de cohecho\u00a0\u00a0 \u00a0\u00a0\u00a0 \u00a0111<br \/>\n4.2.\u00a0\u00a0 \u00a0Concurso entre el delito de corrupci\u00f3n entre particulares y el delito de administraci\u00f3n desleal\u00a0\u00a0 \u00a0\u00a0\u00a0 \u00a0113<br \/>\n4.3.\u00a0\u00a0 \u00a0Concurso entre varias infracciones al mismo tipo penal de corrupci\u00f3n entre particulares\u00a0\u00a0 \u00a0\u00a0\u00a0 \u00a0114<br \/>\nCap\u00edtulo III. Responsabilidad penal de las personas jur\u00eddicas por el delito de corrupci\u00f3n entre particulares\u00a0\u00a0 \u00a0\u00a0\u00a0 \u00a0117<br \/>\n1.\u00a0\u00a0 \u00a0Consideraciones previas: responsabilidad del sector privado en la lucha contra la corrupci\u00f3n\u00a0\u00a0 \u00a0\u00a0\u00a0 \u00a0117<br \/>\n2.\u00a0\u00a0 \u00a0Fundamentos de la atribuci\u00f3n de responsabilidad penal a las personas jur\u00eddicas en Chile\u00a0\u00a0 \u00a0\u00a0\u00a0 \u00a0119<br \/>\n3.\u00a0\u00a0 \u00a0Directrices para una adecuada gesti\u00f3n de riesgos para la prevenci\u00f3n de la corrupci\u00f3n privada\u00a0\u00a0 \u00a0\u00a0\u00a0 \u00a0129<br \/>\n3.1.\u00a0\u00a0 \u00a0Desaf\u00edos para el sector privado\u00a0\u00a0 \u00a0\u00a0\u00a0 \u00a0129<br \/>\n3.2.\u00a0\u00a0 \u00a0Punto de partida: principales caracter\u00edsticas de la regulaci\u00f3n de la corrupci\u00f3n entre particulares en Chile\u00a0\u00a0 \u00a0\u00a0\u00a0 \u00a0132<br \/>\na.\u00a0\u00a0 \u00a0La corrupci\u00f3n entre particulares es un delito de \u201cmera actividad\u201d\u00a0\u00a0 \u00a0\u00a0\u00a0 \u00a0133<br \/>\nb.\u00a0\u00a0 \u00a0Se proh\u00edbe el soborno a empleados o agentes\u00a0\u00a0 \u00a0\u00a0\u00a0 \u00a0134<br \/>\nc.\u00a0\u00a0 \u00a0Resultan at\u00edpicos los \u201cbeneficios l\u00edcitos\u201d\u00a0\u00a0 \u00a0\u00a0\u00a0 \u00a0136<br \/>\nd.\u00a0\u00a0 \u00a0El tipo penal exige que la conducta se despliegue en el marco de una \u201csituaci\u00f3n de competencia\u201d\u00a0\u00a0 \u00a0\u00a0\u00a0 \u00a0138<br \/>\n3.3.\u00a0\u00a0 \u00a0Revisi\u00f3n cr\u00edtica de la forma como el sector privado define el soborno comercial y el alcance que le otorga\u00a0\u00a0 \u00a0\u00a0\u00a0 \u00a0139<br \/>\n3.4.\u00a0\u00a0 \u00a0Exigencias b\u00e1sicas para la gesti\u00f3n de riesgos de corrupci\u00f3n entre particulares\u00a0\u00a0 \u00a0\u00a0\u00a0 \u00a0144<br \/>\nBibliograf\u00eda\u00a0\u00a0 \u00a0\u00a0\u00a0 \u00a0149<\/p>\n","protected":false},"excerpt":{"rendered":"<p>1\u00b0 edici\u00f3n actualizada a\u00f1o 2026 * 158 P\u00e1ginas<\/p>\n<p>Buscas un libro Jur\u00eddico.? Lo puedes encontrar en nuestra tienda virtual.<br \/>\nContamos con prestigiosos autores y muchas alternativas en sus diferentes materias al igual que grandes descuentos.! Vis\u00edtanos en <a class=\"agHKjDSEJNqHkbkCusURfUUprORfcmaw \" tabindex=\"0\" href=\"https:\/\/lnkd.in\/eiAG7jdZ\" target=\"_blank\" rel=\"noopener\" data-test-app-aware-link=\"\">https:\/\/lnkd.in\/eiAG7jdZ<\/a><br \/>\nEscr\u00edbenos al +56930565235 \/ <a class=\"agHKjDSEJNqHkbkCusURfUUprORfcmaw \" tabindex=\"0\" href=\"mailto:ventaslegallexglobal@gmail.com\" target=\"_self\" data-test-app-aware-link=\"\">ventaslegallexglobal@gmail.com<\/a><br \/>\nHacemos env\u00edos a todo Chile \u2013 Starken o Correos Chile \/ Te esperamos.<\/p>\n<p>&nbsp;<\/p>\n","protected":false},"featured_media":1651,"comment_status":"open","ping_status":"closed","template":"","meta":{"inline_featured_image":false,"_joinchat":[]},"product_brand":[],"product_cat":[26,30],"product_tag":[],"class_list":{"0":"post-2606","1":"product","2":"type-product","3":"status-publish","4":"has-post-thumbnail","6":"product_cat-derecho","7":"product_cat-penal","9":"first","10":"instock","11":"shipping-taxable","12":"purchasable","13":"product-type-simple"},"_links":{"self":[{"href":"https:\/\/bibliotecajuridicavirtual.cl\/index.php\/wp-json\/wp\/v2\/product\/2606","targetHints":{"allow":["GET"]}}],"collection":[{"href":"https:\/\/bibliotecajuridicavirtual.cl\/index.php\/wp-json\/wp\/v2\/product"}],"about":[{"href":"https:\/\/bibliotecajuridicavirtual.cl\/index.php\/wp-json\/wp\/v2\/types\/product"}],"replies":[{"embeddable":true,"href":"https:\/\/bibliotecajuridicavirtual.cl\/index.php\/wp-json\/wp\/v2\/comments?post=2606"}],"wp:featuredmedia":[{"embeddable":true,"href":"https:\/\/bibliotecajuridicavirtual.cl\/index.php\/wp-json\/wp\/v2\/media\/1651"}],"wp:attachment":[{"href":"https:\/\/bibliotecajuridicavirtual.cl\/index.php\/wp-json\/wp\/v2\/media?parent=2606"}],"wp:term":[{"taxonomy":"product_brand","embeddable":true,"href":"https:\/\/bibliotecajuridicavirtual.cl\/index.php\/wp-json\/wp\/v2\/product_brand?post=2606"},{"taxonomy":"product_cat","embeddable":true,"href":"https:\/\/bibliotecajuridicavirtual.cl\/index.php\/wp-json\/wp\/v2\/product_cat?post=2606"},{"taxonomy":"product_tag","embeddable":true,"href":"https:\/\/bibliotecajuridicavirtual.cl\/index.php\/wp-json\/wp\/v2\/product_tag?post=2606"}],"curies":[{"name":"wp","href":"https:\/\/api.w.org\/{rel}","templated":true}]}}