{"id":2608,"date":"2026-02-28T01:02:39","date_gmt":"2026-02-28T04:02:39","guid":{"rendered":"https:\/\/bibliotecajuridicavirtual.cl\/?post_type=product&#038;p=2608"},"modified":"2026-02-28T01:02:50","modified_gmt":"2026-02-28T04:02:50","slug":"ley-karin-de-la-teoria-a-la-practica-cristian-aguayo-mohr-carolina-lagos-olavarrieta-edicion-enero-2026-560-pag","status":"publish","type":"product","link":"https:\/\/bibliotecajuridicavirtual.cl\/index.php\/product\/ley-karin-de-la-teoria-a-la-practica-cristian-aguayo-mohr-carolina-lagos-olavarrieta-edicion-enero-2026-560-pag\/","title":{"rendered":"Ley Karin * De la Teor\u00eda a la Pr\u00e1ctica * Cristi\u00e1n Aguayo Mohr \u2013 Carolina Lagos Olavarrieta * edici\u00f3n enero 2026 &#8211; 560 P\u00e1g."},"content":{"rendered":"<p style=\"font-weight: 400;\">Este no es un cl\u00e1sico libro de leyes laborales, ya que fue escrito tanto por un abogado especialista en temas laborales como por una psic\u00f3loga especializada en recursos humanos y a cargo de equipos de personas, que le toc\u00f3 implementar la ley Karin en una empresa, por lo tanto, no s\u00f3lo describe la ley y de donde nace, sino que tambi\u00e9n los problemas que existen a la hora de implementarla y lo que creemos que deber\u00eda ser modificado.<\/p>\n<p>Tambi\u00e9n es una gu\u00eda r\u00e1pida para quienes deban hacer investigaciones de ley Karin, con modelos de carta de notificaci\u00f3n y forma de hacer una investigaci\u00f3n. Por \u00faltimo, es el \u00fanico documento que tiene toda la informaci\u00f3n relativa a la ley Karin que ha sido dictada por los organismos relacionados, es decir, los dict\u00e1menes de la direcci\u00f3n del trabajo, ordinarios y fallos relacionados con dicha ley.<\/p>\n<p><b><strong>1. Pr\u00f3logo<\/strong><\/b><\/p>\n<ol start=\"2\">\n<li style=\"font-weight: 400;\"><b><strong> Introducci\u00f3n<\/strong><\/b><\/li>\n<li style=\"font-weight: 400;\"><b><strong> Conceptos claves<\/strong><\/b><br \/>\n3.1. Ley Karin<br \/>\n3.2. Ley 16.744<br \/>\n3.3. Mutualidades<br \/>\n3.4. C\u00f3digo del trabajo<br \/>\n3.5. Direcci\u00f3n del trabajo<br \/>\n3.6. Reglamento interno de orden, higiene y seguridad (RIOHS)<br \/>\n3.7. Acoso sexual<br \/>\n3.8. Acoso laboral<br \/>\n3.9. Violencia en el trabajo<br \/>\n3.10. Denunciante<br \/>\n3.11. Denunciado\/a<br \/>\n3.12. Denuncia<br \/>\n3.13. Perspectiva de g\u00e9nero<br \/>\n3.14. Imparcialidad<\/li>\n<li style=\"font-weight: 400;\"><b><strong> Cambios normativos con la Ley Karin<\/strong><\/b><\/li>\n<li style=\"font-weight: 400;\"><b><strong> Problemas a la hora de implementar la Ley N\u00b0 21.643 \u2003<\/strong><\/b><\/li>\n<li style=\"font-weight: 400;\"><b><strong> Implementaci\u00f3n en las organizaciones<\/strong><\/b><\/li>\n<li style=\"font-weight: 400;\"><b><strong> Procedimiento pr\u00e1ctico<\/strong><\/b><br \/>\n7.1. Pasos frente a una denuncia<br \/>\n7.2. Medidas de resguardo<br \/>\n7.3. \u00bfQu\u00e9 pasa, si denuncian un caso de violencia en el trabajo, por conductas realizadas por terceros ajenos a la relaci\u00f3n laboral, por ejemplo \u00bfPor una persona de empresa subcontratista?<br \/>\n7.4.- C\u00f3mo hacer una investigaci\u00f3n de Ley Karin<br \/>\n7.5.- Formato informe investigaci\u00f3n<br \/>\nI. \u00c1mbito de revisi\u00f3n<br \/>\nII. Procedimientos de investigaci\u00f3n<br \/>\nIII. Identificaci\u00f3n de las partes involucradas<br \/>\nIV. Medidas de resguardo adoptadas y notificaciones<br \/>\nV. Relaci\u00f3n de los hechos presentados y desarrollo de las pruebas<br \/>\nVI. Argumentaci\u00f3n jur\u00eddica<br \/>\nVII. Conclusiones y medidas correctivas<\/li>\n<li style=\"font-weight: 400;\"><b><strong> Prevenci\u00f3n y cultura organizacional checklist de prevenci\u00f3n \u2013 Ley Karin<\/strong><\/b><br \/>\n1. Cultura y liderazgo<br \/>\n2. Protocolos y normativa interna<br \/>\n3. Capacitaci\u00f3n<br \/>\n4. Comunicaci\u00f3n y accesibilidad<br \/>\n5. Evaluaci\u00f3n y mejora continua<br \/>\n9. Dict\u00e1menes, modificaciones y normas de la Ley<br \/>\n10. Fallos judiciales<\/li>\n<\/ol>\n","protected":false},"excerpt":{"rendered":"<p>Buscas un libro Jur\u00eddico.? Lo puedes encontrar en nuestra tienda virtual.<br \/>\nContamos con prestigiosos autores y muchas alternativas en sus diferentes materias al igual que grandes descuentos.! Vis\u00edtanos en <a class=\"vPdMhfeBWCozIyudxSzVfkcdaupHPowRXJIaYA \" tabindex=\"0\" href=\"https:\/\/lnkd.in\/eiAG7jdZ\" target=\"_blank\" rel=\"noopener\" data-test-app-aware-link=\"\">https:\/\/lnkd.in\/eiAG7jdZ<\/a><br \/>\nEscr\u00edbenos al +56930565235 \/ <a class=\"vPdMhfeBWCozIyudxSzVfkcdaupHPowRXJIaYA \" tabindex=\"0\" href=\"mailto:ventaslegallexglobal@gmail.com\" target=\"_self\" data-test-app-aware-link=\"\">ventaslegallexglobal@gmail.com<\/a><br \/>\nHacemos env\u00edos a todo Chile \u2013 Starken o Correos Chile \/ Te esperamos.<\/p>\n","protected":false},"featured_media":1653,"comment_status":"open","ping_status":"closed","template":"","meta":{"inline_featured_image":false,"_joinchat":[]},"product_brand":[],"product_cat":[27,26],"product_tag":[],"class_list":{"0":"post-2608","1":"product","2":"type-product","3":"status-publish","4":"has-post-thumbnail","6":"product_cat-civil","7":"product_cat-derecho","9":"first","10":"instock","11":"shipping-taxable","12":"purchasable","13":"product-type-simple"},"_links":{"self":[{"href":"https:\/\/bibliotecajuridicavirtual.cl\/index.php\/wp-json\/wp\/v2\/product\/2608","targetHints":{"allow":["GET"]}}],"collection":[{"href":"https:\/\/bibliotecajuridicavirtual.cl\/index.php\/wp-json\/wp\/v2\/product"}],"about":[{"href":"https:\/\/bibliotecajuridicavirtual.cl\/index.php\/wp-json\/wp\/v2\/types\/product"}],"replies":[{"embeddable":true,"href":"https:\/\/bibliotecajuridicavirtual.cl\/index.php\/wp-json\/wp\/v2\/comments?post=2608"}],"wp:featuredmedia":[{"embeddable":true,"href":"https:\/\/bibliotecajuridicavirtual.cl\/index.php\/wp-json\/wp\/v2\/media\/1653"}],"wp:attachment":[{"href":"https:\/\/bibliotecajuridicavirtual.cl\/index.php\/wp-json\/wp\/v2\/media?parent=2608"}],"wp:term":[{"taxonomy":"product_brand","embeddable":true,"href":"https:\/\/bibliotecajuridicavirtual.cl\/index.php\/wp-json\/wp\/v2\/product_brand?post=2608"},{"taxonomy":"product_cat","embeddable":true,"href":"https:\/\/bibliotecajuridicavirtual.cl\/index.php\/wp-json\/wp\/v2\/product_cat?post=2608"},{"taxonomy":"product_tag","embeddable":true,"href":"https:\/\/bibliotecajuridicavirtual.cl\/index.php\/wp-json\/wp\/v2\/product_tag?post=2608"}],"curies":[{"name":"wp","href":"https:\/\/api.w.org\/{rel}","templated":true}]}}