{"id":2622,"date":"2026-02-28T01:02:51","date_gmt":"2026-02-28T04:02:51","guid":{"rendered":"https:\/\/bibliotecajuridicavirtual.cl\/?post_type=product&#038;p=2622"},"modified":"2026-02-28T01:02:51","modified_gmt":"2026-02-28T04:02:51","slug":"derecho-de-alimentos-eric-andres-chavez-chavez-13-edicion-actualizada-ano-2026-334-paginas","status":"publish","type":"product","link":"https:\/\/bibliotecajuridicavirtual.cl\/index.php\/product\/derecho-de-alimentos-eric-andres-chavez-chavez-13-edicion-actualizada-ano-2026-334-paginas\/","title":{"rendered":"Derecho de Alimentos * Eric Andr\u00e9s Ch\u00e1vez Ch\u00e1vez * 13\u00b0 edici\u00f3n actualizada a\u00f1o 2026 &#8211; 334 P\u00e1ginas"},"content":{"rendered":"<p style=\"font-weight: 400;\">El presente texto, en su d\u00e9cima tercera edici\u00f3n 2026 que incluye las modificaciones de las leyes 21.264, 21.389, 21.400, 21.484, 21.515 y 21.582, tiene por finalidad un an\u00e1lisis, en algunos casos somero, y en otros m\u00e1s profundos de las diferentes materias del Derecho de Alimentos, agreg\u00e1ndose algunos cap\u00edtulos donde se dividen las defensas del alimentante y alimentario.<\/p>\n<p style=\"font-weight: 400;\"><b>CAP\u00cdTULO I<\/b><br \/>\n<b>GENERALIDADES DE LOS ALIMENTOS<\/p>\n<p><\/b>Concepto<br \/>\nClasificaci\u00f3n de los alimentos<br \/>\nOrigen de los alimentos<\/p>\n<p><b>CAP\u00cdTULO II<\/b><br \/>\n<b>COMPETENCIA, MONTO, REQUISITOS Y TITULARES<\/b><\/p>\n<p style=\"font-weight: 400;\"><b><\/b>Competencia<br \/>\n\u00bfDesde cu\u00e1ndo se deben?<\/p>\n<p><b><strong>Monto de los alimentos<\/strong><\/b><br \/>\nPensi\u00f3n m\u00ednima<\/p>\n<p><b><strong>Requisitos para impetrar alimentos<\/strong><\/b><br \/>\n1- Texto legal<br \/>\n2- Necesidades de recibirlos por parte del alimentario<br \/>\n3- Facultades econ\u00f3micas<\/p>\n<p><b><strong>Titulares del derecho de alimentos<\/strong><\/b><br \/>\n1- C\u00f3nyuge<br \/>\n2- Descendientes<br \/>\n3- Ascendientes<br \/>\n4- Hermanos<br \/>\n5- Donante<br \/>\n6- La madre cualquiera sea su edad<br \/>\n7- Delitos sexuales<br \/>\n8- Familia del occiso<\/p>\n<p><b><strong>Orden en que se hacen valer los alimentos<\/strong><\/b><br \/>\na) Cuando para demandar se detentan varios t\u00edtulos<br \/>\nb) La utilizaci\u00f3n de los t\u00edtulos<\/p>\n<p><b><strong>Cu\u00e1nto dura y qu\u00e9 comprende la obligaci\u00f3n alimentaria<\/strong><\/b><br \/>\n1- Regla general<br \/>\n2- Excepci\u00f3n<br \/>\n3- Contra excepci\u00f3n<\/p>\n<p><b><strong>Formas de cumplir las pensiones alimenticias<\/strong><\/b><br \/>\n1- Suma o porcentaje<br \/>\n2- Prestaciones<br \/>\n3- La pensi\u00f3n debe expresarse en U.T.M.<br \/>\n4- Constituci\u00f3n de derecho de usufructo, uso o habitaci\u00f3n<br \/>\n5- Intereses de un capital<br \/>\n6- Imputaci\u00f3n al pago<br \/>\n7- Daci\u00f3n en pago<\/p>\n<p><b><strong>Garant\u00edas para proteger y obtener el cumplimiento de las pensiones alimenticias<\/strong><\/b><br \/>\n1- Arresto<br \/>\n2- Multa<br \/>\n3- Retenci\u00f3n judicial<br \/>\n4- Garant\u00eda<br \/>\n5- Separaci\u00f3n de bienes<br \/>\n6- Arraigo<br \/>\n7- Solidaridad<br \/>\n8- Retenci\u00f3n de impuestos<br \/>\n9- Suspensi\u00f3n licencia de conducir<br \/>\n10- Acci\u00f3n pauliana<br \/>\n11- Rechazo demanda divorcio<br \/>\n12- Retenci\u00f3n en las operaciones de cr\u00e9dito en dinero<br \/>\n13- Rechazo a la renovaci\u00f3n de la licencia de conducir<br \/>\n14- Rechazo a la renovaci\u00f3n del pasaporte<br \/>\n15- La inscripci\u00f3n en el Registro de Deudores de pensiones alimenticias<br \/>\n16- La no autorizaci\u00f3n de compraventa de bienes con sistema registral<br \/>\n17. El pago preferente en los procedimientos de ejecuci\u00f3n personal y universal<br \/>\n18. Obligaciones a los \u00f3rganos de la administraci\u00f3n del Estado y sus empleados p\u00fablicos<br \/>\n19. Deber de informaci\u00f3n en la manifestaci\u00f3n del matrimonio o acuerdo de uni\u00f3n civil de la existencia de la deuda de ambos<br \/>\n20. Retenci\u00f3n del Impuesto a la Renta<br \/>\n21. Ocultamiento<br \/>\n22. Ingreso en el Registro Nacional de Pr\u00f3fugos<br \/>\n23. Procedimiento especial cobro deudas de pensiones<\/p>\n<p><b>CAP\u00cdTULO III<\/b><br \/>\n<b>VARIACI\u00d3N SUSTANCIAL DE LAS CIRCUNSTANCIAS<\/p>\n<p><\/b>Concepto<\/p>\n<p style=\"font-weight: 400;\">Caracteristicas<br \/>\nRequisitos<\/p>\n<p style=\"font-weight: 400;\">\n<b><strong>Elementos de la variaci\u00f3n sustancial de las circunstancias dom\u00e9sticas<\/strong><\/b><br \/>\n1. Facultades del deudor<br \/>\n2. Circunstancias dom\u00e9sticas<\/p>\n<p><b>CAP\u00cdTULO IV<\/b><br \/>\n<b>REBAJA, CESE, AUMENTO Y SUSPENSI\u00d3N DE LA OBLIGACI\u00d3N ALIMENTICIA<\/p>\n<p><\/b>1. Disminuci\u00f3n o rebaja de alimentos<br \/>\n2. Extinci\u00f3n o cese de alimentos<br \/>\n3. Aumento de alimentos<br \/>\n4. Suspensi\u00f3n de alimentos<\/p>\n<ol start=\"5\">\n<li style=\"font-weight: 400;\">Limitaci\u00f3n al ejercicio de la acci\u00f3n de rebaja y cese<\/li>\n<li style=\"font-weight: 400;\">Efectos del cese, aumento, rebaja y suspensi\u00f3n\n<p><b>CAP\u00cdTULO V<\/b><br \/>\n<b>EJERCICIO DE LA ACCI\u00d3N DE LOS TITULARES DE ALIMENTOS<\/p>\n<p><\/b>A. Alimentos ejercidos por menores de edad<br \/>\nB. Alimentos ejercidos por el c\u00f3nyuge en conjunto con los hijos<br \/>\nC. Alimentos ejercidos por el hijo ya nacido o que est\u00e1 por nacer<br \/>\nD. Alimentos por discapacidad del hijo<br \/>\nE. Alimentos a los ascendientes<br \/>\nF. Alimentos a los abuelos<\/p>\n<p><b>CAP\u00cdTULO VI<\/b><br \/>\n<b>PROCEDIMIENTO DE ALIMENTOS APLICABLES EN CHILE<\/p>\n<p><\/b><b><strong>Procedimiento ordinario<\/strong><\/b><br \/>\nA. Inicio por demanda escrita<br \/>\nB. Prove\u00eddo del libelo<br \/>\nC. Audiencias<br \/>\nD. Sentencia<br \/>\nE. Incidencias especiales<\/li>\n<\/ol>\n<p style=\"font-weight: 400;\"><b><strong>P\u00c1RRAFO II.\u00a0<\/strong><\/b><b><strong>PROCEDIMIENTO DE ALIMENTOS EN EL EXTRANJERO<\/strong><\/b><\/p>\n<p style=\"font-weight: 400;\">Cocepto<br \/>\nCaracter\u00edsticas<\/p>\n<p style=\"font-weight: 400;\">Legitimados de la acci\u00f3n<\/p>\n<p style=\"font-weight: 400;\">Procedimiento aplicable<\/p>\n<p style=\"font-weight: 400;\">Autoridades remitentes e instituciones intermedias<\/p>\n<p style=\"font-weight: 400;\"><b><strong>P\u00c1RRAFO III. PROCEDIMIENTO EJECUTIVO EN LAS OBLIGACIONES DE DAR<\/strong><\/b><br \/>\nConcepto<br \/>\nCaracter\u00edsticas<br \/>\nRequisitos<\/p>\n<p style=\"font-weight: 400;\">Tramitacion<\/p>\n<p><b><strong>P\u00c1RRAFO IV. PROCEDIMIENTO ESPECIAL PARA COBRO DEUDAS DE PENSIONES DE ALIMENTOS<\/strong><\/b><\/p>\n<p style=\"font-weight: 400;\">Concepto<br \/>\nCaracter\u00edsticas<br \/>\nRequisitos<br \/>\nRealizaci\u00f3n<\/p>\n<p style=\"font-weight: 400;\">Procedencia<\/p>\n<p><b><strong>P\u00c1RRAFO V. PROCEDIMIENTO DE CUMPLIMIENTO<\/strong><\/b><\/p>\n<p style=\"font-weight: 400;\">Concepto<br \/>\nCaracter\u00edsticas<\/p>\n<p style=\"font-weight: 400;\">Inicio<\/p>\n<p style=\"font-weight: 400;\">Tramitaci\u00f3n del Cumplimiento<\/p>\n<p><b>CAP\u00cdTULO VII<br \/>\n<\/b><b>DECLARACI\u00d3N DE PATRIMONIO (ALIMENTANTE)<\/b><\/p>\n<p>Figuras reguladas<br \/>\n\u00c1mbito de aplicaci\u00f3n<br \/>\nDocumentos que deber\u00e1 acompa\u00f1ar el demandado a la audiencia preparatoria<\/p>\n<p style=\"font-weight: 400;\">La audiencia preparatoria<\/p>\n<p style=\"font-weight: 400;\">Actuaci\u00f3n de oficio del juez de familia para determinar los ingresos y la capacidad econ\u00f3mica del demandado<br \/>\nFiguras penales<br \/>\n1- Ocultamiento de las fuentes de un ingreso del alimentante<br \/>\n2- Documentos falsos, inexactos u omisi\u00f3n de declaraci\u00f3n jurada<br \/>\n3- Datos inexactos y omisi\u00f3n de informaci\u00f3n relevante<br \/>\n4- Ocultamiento de paradero del demandado<\/p>\n<p><b>CAP\u00cdTULO VIII<br \/>\n<\/b><b>DERECHOS DEL ALIMENTARIO (APREMIOS JUDICIALES)<\/b><\/p>\n<p>Generalidades<br \/>\nConcepto<br \/>\nCaracter\u00edsticas<br \/>\nRequisitos<br \/>\nClasificaci\u00f3n<br \/>\nSuspensi\u00f3n<br \/>\nExtinci\u00f3n<br \/>\nArraigo<br \/>\nAcci\u00f3n pauliana o revocatoria<br \/>\nArresto<\/p>\n<p style=\"font-weight: 400;\">Aprobaci\u00f3n transacci\u00f3n alimentos futuros<\/p>\n<p style=\"font-weight: 400;\">Expensas para la litis<br \/>\nGarant\u00eda para el cumplimiento de la obligaci\u00f3n alimentaria<br \/>\nMulta<br \/>\nRechazo demanda de divorcio por acogerse la cl\u00e1usula de dureza<br \/>\nRetenci\u00f3n anual de impuestos<br \/>\nRetenci\u00f3n de indemnizaciones laborales<br \/>\nRetenci\u00f3n judicial<br \/>\nRenuncia voluntaria o mutuo acuerdo sin causa justificada<br \/>\nSeparaci\u00f3n de bienes<br \/>\nSolidaridad<br \/>\nSuspensi\u00f3n de licencia de conducir<\/p>\n<p style=\"font-weight: 400;\">Retenci\u00f3n de fondos en cuentas bancarias u otros instrumentos financieros o inversi\u00f3n<\/p>\n<p style=\"font-weight: 400;\">Retenci\u00f3n en los procedimientos de ejecuci\u00f3n<\/p>\n<p><b>CAP\u00cdTULO IX<br \/>\nREGISTRO NACIONAL DE DEUDORES<\/p>\n<p><\/b>Legitimados del Registro Nacional de Deudores de Pensiones Alimenticias<\/p>\n<p style=\"font-weight: 400;\">Registro nacional de deudores y su contenido<\/p>\n<p style=\"font-weight: 400;\">Funciones del Servicio de Registro Civil e Identificaci\u00f3n<br \/>\nInscripci\u00f3n en el Registro Nacional de Deudores<\/p>\n<p style=\"font-weight: 400;\">Inscripci\u00f3n en el Registro<\/p>\n<p style=\"font-weight: 400;\">Contenido de la inscripci\u00f3n<\/p>\n<p style=\"font-weight: 400;\">Cancelaci\u00f3n de la inscripci\u00f3n en el registro<br \/>\nFormularios<br \/>\nPluralidad de deudas inscritas en el registro<\/p>\n<p><b>CAP\u00cdTULO X<\/b><br \/>\n<b>APREMIOS ADMINISTRATIVOS (POR INSCRIPCI\u00d3N EN R.N.D.P.A.)<\/p>\n<p><\/b>Concepto<br \/>\nCaracter\u00edsticas<br \/>\nAplicaci\u00f3n normativa<br \/>\nRequisitos de procedencia<br \/>\nEnumeraci\u00f3n<br \/>\nRechazo renovaci\u00f3n de la licencia de conducir<br \/>\nRechazo renovaci\u00f3n del pasaporte<\/p>\n<p style=\"font-weight: 400;\">Retenci\u00f3n de las operaciones de cr\u00e9dito en dinero<\/p>\n<p style=\"font-weight: 400;\">Retenci\u00f3n de la devoluci\u00f3n de impuesto a la renta<br \/>\nTraspaso de bienes sujetos a registro<br \/>\nBeneficios econ\u00f3micos a trabajadores de la administraci\u00f3n del Estado<br \/>\nObligaciones del personal de los servicios p\u00fablicos<br \/>\nRetenci\u00f3n a directores y sociedades an\u00f3nimas<br \/>\nDeber de informaci\u00f3n en la manifestaci\u00f3n del matrimonio o acuerdo de uni\u00f3n civil<\/p>\n<p><b>CAP\u00cdTULO XI<\/b><br \/>\n<b>DERECHOS ALIMENTANTE (DEFENSAS)<\/p>\n<p><\/b>Concepto<br \/>\nClasificaci\u00f3n<br \/>\nExtinci\u00f3n<br \/>\nAcuerdo de pago serio y suficiente<br \/>\nImputaci\u00f3n al pago<br \/>\nImputaci\u00f3n total o parcialmente a un derecho de usufructo, uso o habitaci\u00f3n sobre bienes del alimentante<br \/>\nInjuria atroz<br \/>\nObjeci\u00f3n a la liquidaci\u00f3n<br \/>\npago en exceso<br \/>\nPrescripci\u00f3n<br \/>\nRestituci\u00f3n de alimentos<br \/>\nSuspensi\u00f3n del pago de la pensi\u00f3n fijada<\/p>\n<p><b>CAP\u00cdTULO XII<br \/>\n<\/b><b>EFECTOS POR EL INCUMPLIMIENTO DE LA OBLIGACI\u00d3N ALIMENTICIA<\/b><\/p>\n<p>I. Efectos o consecuencias generales en el cumplimiento de la obligaci\u00f3n alimenticia<br \/>\nII. Efectos o consecuencias especiales en el incumplimiento de la obligaci\u00f3n alimenticia con los menores<\/p>\n<p><b>CAP\u00cdTULO XIII<\/b><br \/>\n<b>FORMAS DE TERMINAR EL JUICIO DE ALIMENTOS<\/b><\/p>\n<p>Sentencia<br \/>\nConciliaci\u00f3n<br \/>\nTransacci\u00f3n<br \/>\nAvenimiento<\/p>\n<p><b>EJERCICIO DE LA ACCI\u00d3N DE LOS TITULARES DE ALIMENTOS<\/p>\n<p><\/b>A. Alimentos ejercidos por menores de edad<br \/>\nB. Alimentos ejercidos por el c\u00f3nyuge en conjunto con los hijos<br \/>\nC. Alimentos ejercidos por el hijo ya nacido o que est\u00e1 por nacer<br \/>\nD. Alimentos por discapacidad del hijo<br \/>\nE. Alimentos a los ascendientes<br \/>\nF. Alimentos a los abuelos<\/p>\n<p><b>CAP\u00cdTULO XII<br \/>\n<\/b><b>EFECTOS POR EL INCUMPLIMIENTO DE LA OBLIGACI\u00d3N ALIMENTICIA<\/b><\/p>\n<p>I. Efectos o consecuencias generales en el cumplimiento de la obligaci\u00f3n alimenticia<br \/>\nII. Efectos o consecuencias especiales en el incumplimiento de la obligaci\u00f3n alimenticia con los menores<\/p>\n<p><b>CAP\u00cdTULO XIII<\/b><br \/>\n<b>FORMAS DE TERMINAR EL JUICIO DE ALIMENTOS<\/b><\/p>\n<p>Sentencia<br \/>\nConciliaci\u00f3n<br \/>\nTransacci\u00f3n<br \/>\nAvenimiento<\/p>\n<p><b>CAP\u00cdTULO XIV<\/b><br \/>\n<b>MEDIDAS PRECAUTORIAS<\/p>\n<p><\/b>Explicaci\u00f3n<br \/>\nConcepto<br \/>\nFinalidad<br \/>\nCaracter\u00edsticas<br \/>\nAdvertencia<\/p>\n<p><b><strong>P\u00c1RRAFO I. MEDIDAS CAUTELARES<\/strong><\/b><br \/>\nMedidas cauterales (Ley 14.908)<br \/>\nRetenci\u00f3n fondos<br \/>\nOportunidad<br \/>\nFundamento<br \/>\nTramitaci\u00f3n<br \/>\nFuentes legales<\/p>\n<p><b><strong>P\u00c1RRAFO II. MEDIDAS CAUTELARES (MEDIDAS PRECAUTORIAS)<\/strong><\/b><br \/>\nGeneralidades<br \/>\nAn\u00e1lisis particular<\/p>\n<p><b><strong>P\u00c1RRAFO III. MEDIDAS CAUTELARES (MEDIDAS PREJUDICIALES PREPARATORIAS)<\/strong><\/b><br \/>\nGeneralidades<br \/>\nAn\u00e1lisis particular<\/p>\n<p style=\"font-weight: 400;\"><b>CAP\u00cdTULO XV<\/b><br \/>\n<b>HECHOS A PROBAR ALIMENTOS<\/p>\n<p><\/b>Alimentos<br \/>\nAumento de alimentos<br \/>\nCese pensi\u00f3n alimentos<br \/>\nRebaja de pensi\u00f3n alimentos<br \/>\nIncidencias especiales<\/p>\n","protected":false},"excerpt":{"rendered":"<p>Buscas un libro Jur\u00eddico.? Lo puedes encontrar en nuestra tienda virtual.<br \/>\nContamos con prestigiosos autores y muchas alternativas en sus diferentes materias al igual que grandes descuentos.! Vis\u00edtanos en <a class=\"vPdMhfeBWCozIyudxSzVfkcdaupHPowRXJIaYA \" tabindex=\"0\" href=\"https:\/\/lnkd.in\/eiAG7jdZ\" target=\"_blank\" rel=\"noopener\" data-test-app-aware-link=\"\">https:\/\/lnkd.in\/eiAG7jdZ<\/a><br \/>\nEscr\u00edbenos al +56930565235 \/ <a class=\"vPdMhfeBWCozIyudxSzVfkcdaupHPowRXJIaYA \" tabindex=\"0\" href=\"mailto:ventaslegallexglobal@gmail.com\" target=\"_self\" data-test-app-aware-link=\"\">ventaslegallexglobal@gmail.com<\/a><br \/>\nHacemos env\u00edos a todo Chile \u2013 Starken o Correos Chile \/ Te esperamos.<\/p>\n","protected":false},"featured_media":1654,"comment_status":"open","ping_status":"closed","template":"","meta":{"inline_featured_image":false,"_joinchat":[]},"product_brand":[],"product_cat":[27,26,29],"product_tag":[],"class_list":{"0":"post-2622","1":"product","2":"type-product","3":"status-publish","4":"has-post-thumbnail","6":"product_cat-civil","7":"product_cat-derecho","8":"product_cat-familia-y-del-menor","10":"first","11":"instock","12":"shipping-taxable","13":"purchasable","14":"product-type-simple"},"_links":{"self":[{"href":"https:\/\/bibliotecajuridicavirtual.cl\/index.php\/wp-json\/wp\/v2\/product\/2622","targetHints":{"allow":["GET"]}}],"collection":[{"href":"https:\/\/bibliotecajuridicavirtual.cl\/index.php\/wp-json\/wp\/v2\/product"}],"about":[{"href":"https:\/\/bibliotecajuridicavirtual.cl\/index.php\/wp-json\/wp\/v2\/types\/product"}],"replies":[{"embeddable":true,"href":"https:\/\/bibliotecajuridicavirtual.cl\/index.php\/wp-json\/wp\/v2\/comments?post=2622"}],"wp:featuredmedia":[{"embeddable":true,"href":"https:\/\/bibliotecajuridicavirtual.cl\/index.php\/wp-json\/wp\/v2\/media\/1654"}],"wp:attachment":[{"href":"https:\/\/bibliotecajuridicavirtual.cl\/index.php\/wp-json\/wp\/v2\/media?parent=2622"}],"wp:term":[{"taxonomy":"product_brand","embeddable":true,"href":"https:\/\/bibliotecajuridicavirtual.cl\/index.php\/wp-json\/wp\/v2\/product_brand?post=2622"},{"taxonomy":"product_cat","embeddable":true,"href":"https:\/\/bibliotecajuridicavirtual.cl\/index.php\/wp-json\/wp\/v2\/product_cat?post=2622"},{"taxonomy":"product_tag","embeddable":true,"href":"https:\/\/bibliotecajuridicavirtual.cl\/index.php\/wp-json\/wp\/v2\/product_tag?post=2622"}],"curies":[{"name":"wp","href":"https:\/\/api.w.org\/{rel}","templated":true}]}}