{"id":2625,"date":"2026-02-28T01:04:16","date_gmt":"2026-02-28T04:04:16","guid":{"rendered":"https:\/\/bibliotecajuridicavirtual.cl\/?post_type=product&#038;p=2625"},"modified":"2026-02-28T01:04:18","modified_gmt":"2026-02-28T04:04:18","slug":"temas-de-jurisdiccion-constitucional-chilena-y-sudamericana-ano-2020-266-pag-autor-humberto-nogueira-alcala","status":"publish","type":"product","link":"https:\/\/bibliotecajuridicavirtual.cl\/index.php\/product\/temas-de-jurisdiccion-constitucional-chilena-y-sudamericana-ano-2020-266-pag-autor-humberto-nogueira-alcala\/","title":{"rendered":"Temas de Jurisdicci\u00f3n Constitucional Chilena y Sudamericana. A\u00f1o 2020\/266 P\u00e1g. Autor  Humberto Nogueira Alcal\u00e1"},"content":{"rendered":"<p>En el presente libro se pasa revista a la jurisdicci\u00f3n constitucional en cuatro pa\u00edses sudamericanos que se caracterizan por tener tribunales constitucionales, los cuales han sido establecidos o modificados constitucionalmente a partir de la \u00faltima d\u00e9cada del siglo XX: la Corte Constitucional de Colombia establecida en la Constituci\u00f3n de 1991, la modificaci\u00f3n del Tribunal Constitucional Chileno en la reforma constitucional de 2005, la Corte Constitucional de Ecuador configurado por la Constituci\u00f3n de 2008, y el Tribunal Constitucional Plurinacional de Bolivia considerado en la Constituci\u00f3n de 2009.<br \/>\nEn los trabajos presentados de acad\u00e9micos de los respectivos pa\u00edses analizan el modelos de jurisdicci\u00f3n constitucional contenido en sus ordenamientos jur\u00eddicos, como asimismo, diversas competencias espec\u00edficas de los respectivos tribunales constitucionales, desarrollando en algunos casos, algunas perspectivas de perfeccionamiento de dichas competencias.<br \/>\nTodos los trabajos presentados tienen como punto de encuentro el an\u00e1lisis del control abstracto de constitucionalidad preventivo que alcanza en algunos casos a reformas constitucionales, proyectos de ley y an\u00e1lisis de compatibilidad de tratados internacionales con las constituciones respectivas al ingresar al respectivo ordenamiento jur\u00eddicos y el control reparador de car\u00e1cter normativo abstracto y concreto de preceptos legales y otras normas, explicitando los matices diferenciadores en la materia de sus respectivos ordenamientos constitucionales.<\/p>\n","protected":false},"excerpt":{"rendered":"<p>En el presente libro se pasa revista a la jurisdicci\u00f3n constitucional en cuatro pa\u00edses sudamericanos que se caracterizan por tener tribunales constitucionales, los cuales han sido establecidos o modificados constitucionalmente a partir de la \u00faltima d\u00e9cada del siglo XX: la Corte Constitucional de Colombia establecida en la Constituci\u00f3n de 1991, la modificaci\u00f3n del Tribunal Constitucional Chileno en la reforma constitucional de 2005, la Corte Constitucional de Ecuador configurado por la Constituci\u00f3n de 2008, y el Tribunal Constitucional Plurinacional de Bolivia considerado en la Constituci\u00f3n de 2009. En los trabajos presentados de acad\u00e9micos de los respectivos pa\u00edses analizan el modelos de jurisdicci\u00f3n constitucional contenido en sus ordenamientos jur\u00eddicos, como asimismo, diversas competencias espec\u00edficas de los respectivos tribunales constitucionales, desarrollando en algunos casos, algunas perspectivas de perfeccionamiento de dichas competencias. Todos los trabajos presentados tienen como punto de encuentro el an\u00e1lisis del control abstracto de constitucionalidad preventivo que alcanza en algunos casos a reformas constitucionales, proyectos de ley y an\u00e1lisis de compatibilidad de tratados internacionales con las constituciones respectivas al ingresar al respectivo ordenamiento jur\u00eddicos y el control reparador de car\u00e1cter normativo abstracto y concreto de preceptos legales y otras normas, explicitando los matices diferenciadores en la materia de sus respectivos ordenamientos constitucionales.<\/p>\n","protected":false},"featured_media":2655,"comment_status":"open","ping_status":"closed","template":"","meta":{"inline_featured_image":false,"_joinchat":[]},"product_brand":[],"product_cat":[33],"product_tag":[],"class_list":{"0":"post-2625","1":"product","2":"type-product","3":"status-publish","4":"has-post-thumbnail","6":"product_cat-constitucional","7":"product_shipping_class-a-convenir","9":"first","10":"instock","11":"shipping-taxable","12":"purchasable","13":"product-type-simple"},"_links":{"self":[{"href":"https:\/\/bibliotecajuridicavirtual.cl\/index.php\/wp-json\/wp\/v2\/product\/2625","targetHints":{"allow":["GET"]}}],"collection":[{"href":"https:\/\/bibliotecajuridicavirtual.cl\/index.php\/wp-json\/wp\/v2\/product"}],"about":[{"href":"https:\/\/bibliotecajuridicavirtual.cl\/index.php\/wp-json\/wp\/v2\/types\/product"}],"replies":[{"embeddable":true,"href":"https:\/\/bibliotecajuridicavirtual.cl\/index.php\/wp-json\/wp\/v2\/comments?post=2625"}],"wp:featuredmedia":[{"embeddable":true,"href":"https:\/\/bibliotecajuridicavirtual.cl\/index.php\/wp-json\/wp\/v2\/media\/2655"}],"wp:attachment":[{"href":"https:\/\/bibliotecajuridicavirtual.cl\/index.php\/wp-json\/wp\/v2\/media?parent=2625"}],"wp:term":[{"taxonomy":"product_brand","embeddable":true,"href":"https:\/\/bibliotecajuridicavirtual.cl\/index.php\/wp-json\/wp\/v2\/product_brand?post=2625"},{"taxonomy":"product_cat","embeddable":true,"href":"https:\/\/bibliotecajuridicavirtual.cl\/index.php\/wp-json\/wp\/v2\/product_cat?post=2625"},{"taxonomy":"product_tag","embeddable":true,"href":"https:\/\/bibliotecajuridicavirtual.cl\/index.php\/wp-json\/wp\/v2\/product_tag?post=2625"}],"curies":[{"name":"wp","href":"https:\/\/api.w.org\/{rel}","templated":true}]}}