{"id":2626,"date":"2026-02-28T01:04:16","date_gmt":"2026-02-28T04:04:16","guid":{"rendered":"https:\/\/bibliotecajuridicavirtual.cl\/?post_type=product&#038;p=2626"},"modified":"2026-02-28T01:04:18","modified_gmt":"2026-02-28T04:04:18","slug":"el-derecho-a-la-educacion-en-la-constitucion-ano-2019-306-pag-autor-juan-andres-gonzalez-tugas","status":"publish","type":"product","link":"https:\/\/bibliotecajuridicavirtual.cl\/index.php\/product\/el-derecho-a-la-educacion-en-la-constitucion-ano-2019-306-pag-autor-juan-andres-gonzalez-tugas\/","title":{"rendered":"El Derecho a la Educaci\u00f3n en la Constituci\u00f3n. A\u00f1o 2019\/306 P\u00e1g. Autor Juan Andr\u00e9s Gonz\u00e1lez Tugas"},"content":{"rendered":"<p>&#8220;\u00bfSobre qu\u00e9 fundamentos descansa el derecho a la<br \/>\neducaci\u00f3n en la Constituci\u00f3n? \u00bfQu\u00e9 conflictos supone?<br \/>\n\u00bfQu\u00e9 fuerzas hist\u00f3ricas han motivado su reconocimiento<br \/>\ndentro del cat\u00e1logo de los derechos<br \/>\nconstitucionales? \u00bfQu\u00e9 t\u00e9cnicas emplea la Constituci\u00f3n<br \/>\npara proteger los derechos de las personas<br \/>\nen el \u00e1mbito de la educaci\u00f3n? \u00bfCon qu\u00e9 criterios la<br \/>\njusticia constitucional ha sancionado esta materia?<br \/>\nPor \u00faltimo: \u00bfEs el derecho a la educaci\u00f3n un derecho<br \/>\njusticiable?<br \/>\nEl tema de reflexi\u00f3n de esta obra es un lugar com\u00fan.<br \/>\nNadie duda que la educaci\u00f3n sea una actividad important\u00edsima<br \/>\npara la sociedad. Pero esta importancia<br \/>\nno es una raz\u00f3n suficiente para reconocer pura<br \/>\ny simplemente el derecho a la educaci\u00f3n como una<br \/>\ngarant\u00eda constitucional, pues su contenido es difuso<br \/>\ny depende de la capacidad de actuar del Estado. En<br \/>\nefecto, aun cuando la consagraci\u00f3n de este derecho<br \/>\nno sea un tema controvertido para una parte de la<br \/>\ndoctrina, su reconocimiento plantea un serie de problemas.<br \/>\nPartiendo de la base de que la Constituci\u00f3n tiene por<br \/>\nfinalidad limitar el poder y garantizar los derechos y<br \/>\nlibertades, y de que un derecho es tal desde el momento<br \/>\nen que \u00e9ste se hace exigible ante un juez, esta<br \/>\nobra analiza y compara diferentes textos, tradiciones<br \/>\ny jurisprudencias constitucionales con la finalidad de<br \/>\ncontribuir a este debate con una mirada diferente.<\/p>\n","protected":false},"excerpt":{"rendered":"<p>&#8220;\u00bfSobre qu\u00e9 fundamentos descansa el derecho a la educaci\u00f3n en la Constituci\u00f3n? \u00bfQu\u00e9 conflictos supone? \u00bfQu\u00e9 fuerzas hist\u00f3ricas han motivado su reconocimiento dentro del cat\u00e1logo de los derechos constitucionales? \u00bfQu\u00e9 t\u00e9cnicas emplea la Constituci\u00f3n para proteger los derechos de las personas en el \u00e1mbito de la educaci\u00f3n? \u00bfCon qu\u00e9 criterios la justicia constitucional ha sancionado esta materia? Por \u00faltimo: \u00bfEs el derecho a la educaci\u00f3n un derecho justiciable? El tema de reflexi\u00f3n de esta obra es un lugar com\u00fan. Nadie duda que la educaci\u00f3n sea una actividad important\u00edsima para la sociedad. Pero esta importancia no es una raz\u00f3n suficiente para reconocer pura y simplemente el derecho a la educaci\u00f3n como una garant\u00eda constitucional, pues su contenido es difuso y depende de la capacidad de actuar del Estado. En efecto, aun cuando la consagraci\u00f3n de este derecho no sea un tema controvertido para una parte de la doctrina, su reconocimiento plantea un serie de problemas. Partiendo de la base de que la Constituci\u00f3n tiene por finalidad limitar el poder y garantizar los derechos y libertades, y de que un derecho es tal desde el momento en que \u00e9ste se hace exigible ante un juez, esta obra analiza y compara diferentes textos, tradiciones y jurisprudencias constitucionales con la finalidad de contribuir a este debate con una mirada diferente.<\/p>\n","protected":false},"featured_media":2656,"comment_status":"open","ping_status":"closed","template":"","meta":{"inline_featured_image":false,"_joinchat":[]},"product_brand":[],"product_cat":[33],"product_tag":[],"class_list":{"0":"post-2626","1":"product","2":"type-product","3":"status-publish","4":"has-post-thumbnail","6":"product_cat-constitucional","7":"product_shipping_class-a-convenir","9":"first","10":"instock","11":"shipping-taxable","12":"purchasable","13":"product-type-simple"},"_links":{"self":[{"href":"https:\/\/bibliotecajuridicavirtual.cl\/index.php\/wp-json\/wp\/v2\/product\/2626","targetHints":{"allow":["GET"]}}],"collection":[{"href":"https:\/\/bibliotecajuridicavirtual.cl\/index.php\/wp-json\/wp\/v2\/product"}],"about":[{"href":"https:\/\/bibliotecajuridicavirtual.cl\/index.php\/wp-json\/wp\/v2\/types\/product"}],"replies":[{"embeddable":true,"href":"https:\/\/bibliotecajuridicavirtual.cl\/index.php\/wp-json\/wp\/v2\/comments?post=2626"}],"wp:featuredmedia":[{"embeddable":true,"href":"https:\/\/bibliotecajuridicavirtual.cl\/index.php\/wp-json\/wp\/v2\/media\/2656"}],"wp:attachment":[{"href":"https:\/\/bibliotecajuridicavirtual.cl\/index.php\/wp-json\/wp\/v2\/media?parent=2626"}],"wp:term":[{"taxonomy":"product_brand","embeddable":true,"href":"https:\/\/bibliotecajuridicavirtual.cl\/index.php\/wp-json\/wp\/v2\/product_brand?post=2626"},{"taxonomy":"product_cat","embeddable":true,"href":"https:\/\/bibliotecajuridicavirtual.cl\/index.php\/wp-json\/wp\/v2\/product_cat?post=2626"},{"taxonomy":"product_tag","embeddable":true,"href":"https:\/\/bibliotecajuridicavirtual.cl\/index.php\/wp-json\/wp\/v2\/product_tag?post=2626"}],"curies":[{"name":"wp","href":"https:\/\/api.w.org\/{rel}","templated":true}]}}