{"id":2627,"date":"2026-02-28T01:04:16","date_gmt":"2026-02-28T04:04:16","guid":{"rendered":"https:\/\/bibliotecajuridicavirtual.cl\/?post_type=product&#038;p=2627"},"modified":"2026-02-28T01:04:19","modified_gmt":"2026-02-28T04:04:19","slug":"derecho-al-desarrollo-de-los-pueblos-la-necesaria-renovacion-del-compromiso-con-la-persona-humana-ano-2019-498-pag-autor-jaime-fernando-abedrapo-rojas","status":"publish","type":"product","link":"https:\/\/bibliotecajuridicavirtual.cl\/index.php\/product\/derecho-al-desarrollo-de-los-pueblos-la-necesaria-renovacion-del-compromiso-con-la-persona-humana-ano-2019-498-pag-autor-jaime-fernando-abedrapo-rojas\/","title":{"rendered":"Derecho al Desarrollo de los Pueblos &#8211; La necesaria renovaci\u00f3n del compromiso con la persona humana. A\u00f1o 2019\/498 P\u00e1g. Autor Jaime Fernando Abedrapo Rojas"},"content":{"rendered":"<p>Esta obra busca salir en defensa del ser humano y sus derechos desde una mirada personalista-comunitaria, ya que no sobrevivir\u00e1n en un contexto de desafecto e indiferencia por los dem\u00e1s. En efecto, unos sistemas y\/o reg\u00edmenes auto contenidos deshumanizados en sus relaciones globales los supeditan a estructuras ego\u00edstas que \u00fanicamente reconocen la l\u00f3gica del incentivo por el lucro. All\u00ed no podr\u00e1 florecer ni ser valorado el derecho al desarrollo, y por ende no ser\u00e1 posible aplicar y sistematizar los derechos del desarrollo de los pueblos.<br \/>\nEn tiempos en que la ampliaci\u00f3n de la conciencia humana de respeto medioambiental es percibida por las instituciones que conforman la Arquitectura Econ\u00f3mica Internacional como una amenaza al &#8220;desarrollo&#8221; competitivo y a la prosperidad sustentada en el derecho a la acumulaci\u00f3n, surge la imperiosa obligaci\u00f3n de preguntarnos por el papel de la econom\u00eda, por la composici\u00f3n del sistema econ\u00f3mico y social internacional, por la situaci\u00f3n ecol\u00f3gica mundial y por cu\u00e1l es el estado de codificaci\u00f3n del derecho al desarrollo, para desde ah\u00ed hacer una exhortaci\u00f3n por una pol\u00edtica del reencuentro con la humanidad.<br \/>\nAl respecto, es la sociedad civil organizada la llamada a ser un actor principal que permita la esperanza de construir el NOSOTROS a escala dom\u00e9stica e internacional y, eventualmente, evitar el colapso planetario que emerge del extrav\u00edo de los individuos.<\/p>\n","protected":false},"excerpt":{"rendered":"<p>Esta obra busca salir en defensa del ser humano y sus derechos desde una mirada personalista-comunitaria, ya que no sobrevivir\u00e1n en un contexto de desafecto e indiferencia por los dem\u00e1s. En efecto, unos sistemas y\/o reg\u00edmenes auto contenidos deshumanizados en sus relaciones globales los supeditan a estructuras ego\u00edstas que \u00fanicamente reconocen la l\u00f3gica del incentivo por el lucro. All\u00ed no podr\u00e1 florecer ni ser valorado el derecho al desarrollo, y por ende no ser\u00e1 posible aplicar y sistematizar los derechos del desarrollo de los pueblos. En tiempos en que la ampliaci\u00f3n de la conciencia humana de respeto medioambiental es percibida por las instituciones que conforman la Arquitectura Econ\u00f3mica Internacional como una amenaza al &#8220;desarrollo&#8221; competitivo y a la prosperidad sustentada en el derecho a la acumulaci\u00f3n, surge la imperiosa obligaci\u00f3n de preguntarnos por el papel de la econom\u00eda, por la composici\u00f3n del sistema econ\u00f3mico y social internacional, por la situaci\u00f3n ecol\u00f3gica mundial y por cu\u00e1l es el estado de codificaci\u00f3n del derecho al desarrollo, para desde ah\u00ed hacer una exhortaci\u00f3n por una pol\u00edtica del reencuentro con la humanidad. Al respecto, es la sociedad civil organizada la llamada a ser un actor principal que permita la esperanza de construir el NOSOTROS a escala dom\u00e9stica e internacional y, eventualmente, evitar el colapso planetario que emerge del extrav\u00edo de los individuos.<\/p>\n","protected":false},"featured_media":2657,"comment_status":"open","ping_status":"closed","template":"","meta":{"inline_featured_image":false,"_joinchat":[]},"product_brand":[],"product_cat":[33],"product_tag":[],"class_list":{"0":"post-2627","1":"product","2":"type-product","3":"status-publish","4":"has-post-thumbnail","6":"product_cat-constitucional","7":"product_shipping_class-a-convenir","9":"first","10":"instock","11":"shipping-taxable","12":"purchasable","13":"product-type-simple"},"_links":{"self":[{"href":"https:\/\/bibliotecajuridicavirtual.cl\/index.php\/wp-json\/wp\/v2\/product\/2627","targetHints":{"allow":["GET"]}}],"collection":[{"href":"https:\/\/bibliotecajuridicavirtual.cl\/index.php\/wp-json\/wp\/v2\/product"}],"about":[{"href":"https:\/\/bibliotecajuridicavirtual.cl\/index.php\/wp-json\/wp\/v2\/types\/product"}],"replies":[{"embeddable":true,"href":"https:\/\/bibliotecajuridicavirtual.cl\/index.php\/wp-json\/wp\/v2\/comments?post=2627"}],"wp:featuredmedia":[{"embeddable":true,"href":"https:\/\/bibliotecajuridicavirtual.cl\/index.php\/wp-json\/wp\/v2\/media\/2657"}],"wp:attachment":[{"href":"https:\/\/bibliotecajuridicavirtual.cl\/index.php\/wp-json\/wp\/v2\/media?parent=2627"}],"wp:term":[{"taxonomy":"product_brand","embeddable":true,"href":"https:\/\/bibliotecajuridicavirtual.cl\/index.php\/wp-json\/wp\/v2\/product_brand?post=2627"},{"taxonomy":"product_cat","embeddable":true,"href":"https:\/\/bibliotecajuridicavirtual.cl\/index.php\/wp-json\/wp\/v2\/product_cat?post=2627"},{"taxonomy":"product_tag","embeddable":true,"href":"https:\/\/bibliotecajuridicavirtual.cl\/index.php\/wp-json\/wp\/v2\/product_tag?post=2627"}],"curies":[{"name":"wp","href":"https:\/\/api.w.org\/{rel}","templated":true}]}}