{"id":2633,"date":"2026-02-28T01:04:16","date_gmt":"2026-02-28T04:04:16","guid":{"rendered":"https:\/\/bibliotecajuridicavirtual.cl\/?post_type=product&#038;p=2633"},"modified":"2026-02-28T01:04:25","modified_gmt":"2026-02-28T04:04:25","slug":"desacuerdos-entre-voluntad-real-y-declarada-vicios-del-consentimiento-simulacion-fraude-a-la-ley-y-causa-de-los-contratos-ano-junio-2023-511-pag-autor-enrique-alcalde-rodriguez","status":"publish","type":"product","link":"https:\/\/bibliotecajuridicavirtual.cl\/index.php\/product\/desacuerdos-entre-voluntad-real-y-declarada-vicios-del-consentimiento-simulacion-fraude-a-la-ley-y-causa-de-los-contratos-ano-junio-2023-511-pag-autor-enrique-alcalde-rodriguez\/","title":{"rendered":"Desacuerdos Entre Voluntad Real  y Declarada &#8211; Vicios del consentimiento, simulaci\u00f3n, fraude a la ley y causa de los contratos. A\u00f1o Junio 2023\/ 511 P\u00e1g. Autor Enrique Alcalde Rodr\u00edguez"},"content":{"rendered":"<p style=\"font-weight: 400;\">Si bien algunos de los t\u00f3picos tratados en esta obra fueron abordados en un libro anterior publicado por el mismo autor (Teor\u00eda General del Contrato, Alcalde, Enrique y Boetsch, Cristi\u00e1n, Editorial Jur\u00eddica de Chile, 2021), en el que ahora presentamos se estudian con mayor profundidad las instituciones vinculadas a los vicios del consentimiento, la simulaci\u00f3n, el fraude a la ley y la causa de los contratos.<\/p>\n<p style=\"font-weight: 400;\">De igual modo, se actualiza la jurisprudencia referida a estos mismos temas y se examinan algunos nuevos, relativos, por ejemplo, al error y la confianza leg\u00edtima en el Derecho Administrativo, los errores y omisiones en declaraciones y garant\u00edas en los contratos de venta de empresas, as\u00ed como las causales de exenci\u00f3n de la responsabilidad penal relacionadas con los vicios del consentimiento y sus efectos en el \u00e1mbito de la responsabilidad contravencional. En este contexto, se analiza el error de derecho (error de prohibici\u00f3n); el estado de necesidad, la coacci\u00f3n o fuerza moral irresistible (especialmente en materia de libre competencia); la leg\u00edtima defensa y la inexigibilidad de la conducta como causales eximentes o atenuantes en el Derecho Administrativo Sancionador.<\/p>\n<p style=\"font-weight: 400;\">Asimismo, en materia de simulaci\u00f3n se incorporan, entre otras cosas, consideraciones penales acerca de esta figura, como tambi\u00e9n respecto del delito referido a la ejecuci\u00f3n de transacciones ficticias en el mercado de valores y el delito de difusi\u00f3n de informaci\u00f3n falsa o tendenciosa, contemplados en los art\u00edculos\u00a053 y 61 de la Ley N\u00ba 18.045, respectivamente.<\/p>\n<p style=\"font-weight: 400;\">Estamos ciertos que esta obra constituir\u00e1 un aporte no solo para los operadores jur\u00eddicos \u2013jueces y abogados\u2013 sino que tambi\u00e9n para profesores y estudiantes.<\/p>\n<ol>\n<li style=\"font-weight: 400;\"><b><strong> AUTONOM\u00cdA DE LA VOLUNTAD Y LIBERTAD CONTRACTUAL<\/strong><\/b><\/li>\n<li style=\"font-weight: 400;\">Consideraciones generales<br \/>\n2. Principio de la libertad contractual<br \/>\n3. L\u00edmites y excepciones a la libertad de contrataci\u00f3n<\/li>\n<li style=\"font-weight: 400;\"><b><strong> DISCONFORMIDAD ENTRE VOLUNTAD REAL Y DECLARADA<\/strong><\/b><\/li>\n<li style=\"font-weight: 400;\"><b><strong> Introducci\u00f3n<\/strong><\/b><\/li>\n<li style=\"font-weight: 400;\"><b><strong> El Error<\/strong><\/b>2.1. Concepto<br \/>\n2.2. Error de derecho y error de hecho<br \/>\n(i) Error de derecho<br \/>\n(ii) Error de hecho<br \/>\n2.3. Diversas clases de error de hecho y sus efectos<br \/>\n(i) Error esencial u obst\u00e1culo<br \/>\n(ii) Error sustancial<br \/>\n(iii)Error sobre las cualidades accidentales<br \/>\n(iv) Error acerca de la persona<br \/>\n2.4. Consideraciones particulares sobre el error en los actos bilaterales<br \/>\n(i) \u00bfError individual o compartido?<br \/>\n(ii) La excusabilidad y la recognoscibilidad del error<br \/>\n2.5. El error com\u00fan<br \/>\n2.6. Errores u omisiones en las declaraciones, representaciones y garant\u00edas en un contrato de compraventa de acciones o de derechos sociales (venta de empresas)<br \/>\n2.6.1. Planteamiento del tema<br \/>\n2.6.2. Naturaleza jur\u00eddica de la cl\u00e1usula<br \/>\n1. Acci\u00f3n fundada en la existencia de un vicio redhibitorio<br \/>\n2. Nulidad por error o dolo<br \/>\n3. Responsabilidad contractual y acci\u00f3n aut\u00f3noma de indemnizaci\u00f3n de perjuicios o de rebaja del precio<br \/>\n(i) Supuestos de culpa o dolo imputables al declarante<br \/>\n(ii) Supuestos de omisi\u00f3n excusable del declarante<br \/>\n4. Conocimiento, por parte del comprador, antes de la suscripci\u00f3n del Contrato, acerca de la falsedad de las declaraciones y garant\u00edas<br \/>\n2.7. El Error, la Duda y la Buena fe<br \/>\n2.8. El Error y la Protecci\u00f3n de la Apariencia<br \/>\n2.9. El Error sobre el Valor de la cosa<br \/>\n2.10. El Error y la venta de una cosa total o parcialmente inexistente<br \/>\n2.11. El Error y el hecho constitutivo de la prestaci\u00f3n que es imposible<br \/>\n2.12. El Error y el Pago Voluntario de una Obligaci\u00f3n Natural<br \/>\n2.13. El Error y los Vicios Redhibitorios<br \/>\n2.14. El Error y la Reticencia (en el Contrato de Seguro)<br \/>\n2.15. El Error y la Teor\u00eda de la Imprevisi\u00f3n<br \/>\n2.16. El Error y el Pago de lo No Debido<br \/>\n2.17. El Error en otras disposiciones de nuestro C\u00f3digo Civil<br \/>\n2.18. El Error de Derecho como causal eximente de la responsabilidad extracontractual<br \/>\n1. Planteamiento del problema<br \/>\n2. La culpabilidad como elemento independiente de la responsabilidad civil extracontractual<br \/>\n2.1. Culpabilidad y culpa<br \/>\n2.2. La culpabilidad y su relaci\u00f3n con la funci\u00f3n sancionadora de la responsabilidad extracontractual<br \/>\n2.3. Breve rese\u00f1a de la evoluci\u00f3n de la responsabilidad extracontractual<br \/>\n2.4. Funci\u00f3n de la responsabilidad extracontractual a la luz de nuestro C\u00f3digo Civil<br \/>\n3. Culpabilidad y antijuricidad<br \/>\n4. Culpabilidad y error de derecho<br \/>\n2.19. El Error y la Confianza Leg\u00edtima en el Derecho Administrativo<br \/>\n1. Planteamiento del tema<br \/>\n2. Efectos del actuar antijur\u00eddico de la Administraci\u00f3n: La Invalidaci\u00f3n de los actos administrativos y la falta de servicio<\/li>\n<li style=\"font-weight: 400;\"><b><strong> El dolo<\/strong><\/b>3.1. Concepto<br \/>\n3.2. Clases de dolo<br \/>\n(i) Dolo bueno y dolo malo<br \/>\n(ii) Dolo positivo y dolo negativo. Reticencia. Los deberes de informaci\u00f3n en la contrataci\u00f3n<br \/>\n(iii)Dolo principal y dolo incidental<br \/>\n3.3. Cu\u00e1ndo el dolo vicia el consentimiento<br \/>\n3.4 Prueba del dolo<br \/>\n3.5. Condonaci\u00f3n o renuncia del dolo<br \/>\n3.6. Sanci\u00f3n del dolo<br \/>\n3.7. Acci\u00f3n de dolo<br \/>\n3.8. Acci\u00f3n por provecho de dolo ajeno y responsabilidad concurrente con el autor del dolo<\/li>\n<li style=\"font-weight: 400;\"><b><strong> La fuerza<\/strong><\/b><\/li>\n<\/ol>\n<p style=\"font-weight: 400;\">4.1. Concepto<br \/>\n4.2. Clases<br \/>\n(i) Fuerza f\u00edsica<br \/>\n(ii) Fuerza moral<br \/>\n4.3. Cu\u00e1ndo la fuerza vicia el consentimiento<br \/>\n(i) La fuerza debe ser injusta o ileg\u00edtima<br \/>\n(ii) La fuerza debe ser grave<br \/>\n(iii)La fuerza debe ser determinante<br \/>\n4.4. Indiferencia de la persona que ejerce la fuerza<br \/>\n4.5. Prueba de la fuerza<br \/>\n4.6. Efectos de la fuerza<br \/>\n4.7. Prescripci\u00f3n de la acci\u00f3n de nulidad<br \/>\n4.8. Temor reverencial<br \/>\n4.9. El estado de necesidad<br \/>\n4.10. Las causales de exenci\u00f3n de la responsabilidad penal vinculadas a los Vicios del Consentimiento como eximentes o atenuantes en el Derecho Administrativo Sancionador<br \/>\na) El error de derecho como causal eximente o atenuante en el Derecho Administrativo Sancionador<br \/>\nb) El estado de necesidad como causal eximente o atenuante de responsabilidad en el Derecho Administrativo Sancionador<br \/>\nc) La coacci\u00f3n o fuerza moral irresistible como causal eximente o atenuante de responsabilidad en el Derecho Administrativo Sancionador<br \/>\nd) La leg\u00edtima defensa como causal eximente o atenuante de responsabilidad en el Derecho Administrativo Sancionador<br \/>\ne) La no exigibilidad de la conducta como causal eximente o atenuante de responsabilidad en el Derecho Administrativo Sancionador<\/p>\n<ol start=\"5\">\n<li style=\"font-weight: 400;\"><b><strong> La simulaci\u00f3n<\/strong><\/b>5.1. Concepto, clases, requisitos y sanci\u00f3n<br \/>\n5.2. La simulaci\u00f3n y la reserva mental<br \/>\n5.3. La simulaci\u00f3n por interp\u00f3sita persona<br \/>\n5.4. Ejercicio de la acci\u00f3n de simulaci\u00f3n por parte de los herederos o cesionarios de la parte que encuentra en la situaci\u00f3n excepcional del art\u00edculo 1683 del CC<br \/>\n5.5. La prueba de la simulaci\u00f3n<br \/>\n5.6. La simulaci\u00f3n y la interferencia en contrato ajeno<br \/>\n5.7. La simulaci\u00f3n y los conflictos entre terceros<br \/>\n5.8. Algunas consideraciones Penales relativas a la Simulaci\u00f3n y las Cotizaciones o Transacciones Ficticias en el Mercado de Valores<br \/>\na) Respecto de la simulaci\u00f3n<br \/>\nb) Respecto de Cotizaciones o Transacciones Ficticias en el Mercado de Valores<br \/>\n5.9. Algunas consideraciones acerca de la difusi\u00f3n de informaci\u00f3n falsa o tendenciosa con el objeto de inducir a error en el mercado de valores<\/li>\n<li style=\"font-weight: 400;\"><b><strong> El fraude a la ley<\/strong><\/b><\/li>\n<\/ol>\n<p style=\"font-weight: 400;\">6.1. Generalidades<br \/>\n6.2. Concepto y requisitos del fraude a la ley<br \/>\n6.2.1. El acto o actos ejecutados deben ser en s\u00ed mismos l\u00edcitos<br \/>\n6.2.2. Existencia de una ley defraudada<br \/>\n6.2.3. Elemento Intencional<br \/>\n6.3. Sanci\u00f3n del fraude a la ley<br \/>\n6.4 Fraude a la ley y figuras afines<br \/>\n6.4.1. Fraude a la ley y abuso del derecho<br \/>\n6.4.2. Fraude a la ley y negocio fiduciario<br \/>\n6.4.3. Fraude a la ley y abuso de la personalidad jur\u00eddica<br \/>\n6.4.4. Fraude a la ley y simulaci\u00f3n il\u00edcita<br \/>\n6.5. Efectos del fraude a la ley entre las partes y respecto de terceros<br \/>\n6.5.1. Relaciones entre las partes y los terceros ajenos al fraude<br \/>\n6.5.2. Relaciones entre las partes<br \/>\n6.5.3. Relaciones entre los terceros ajenos al fraude<\/p>\n<p style=\"font-weight: 400;\"><b><strong>III. LA CAUSA Y SU RELACI\u00d3N CON LOS VICIOS DEL CONSENTIMIENTO, LA SIMULACI\u00d3N Y EL FRAUDE A LA LEY<\/strong><\/b><\/p>\n<ol>\n<li style=\"font-weight: 400;\"><b><strong> Introducci\u00f3n<\/strong><\/b><\/li>\n<li style=\"font-weight: 400;\"><b><strong> La ense\u00f1anza tradicional de nuestra doctrina en materia de causa<\/strong><\/b>2.1. La causa, requisito de existencia de los actos jur\u00eddicos<br \/>\n2.2. S\u00edntesis de la evoluci\u00f3n hist\u00f3rica de la noci\u00f3n de causa<br \/>\n2.3. Disposiciones legales que se refieren a la causa<br \/>\n2.4. Sanciones para la falta de causa o causa il\u00edcita<b><strong>3. S\u00edntesis de las concepciones de la causa en la doctrina extranjera<\/strong><\/b><\/li>\n<li style=\"font-weight: 400;\"><b><strong> La eliminaci\u00f3n de la causa en el c\u00f3digo civil franc\u00e9s: \u00bfreal o aparente?<\/strong><\/b><\/li>\n<li style=\"font-weight: 400;\"><b><strong> Posici\u00f3n de los autores nacionales actuales<\/strong><\/b><\/li>\n<li style=\"font-weight: 400;\"><b><strong> Jurisprudencia nacional sobre la causa<\/strong><\/b><\/li>\n<li style=\"font-weight: 400;\"><b><strong> Nuestro concepto y aproximaci\u00f3n a la causa<\/strong><\/b><\/li>\n<li style=\"font-weight: 400;\"><b><strong> Proyecci\u00f3n del concepto de causa propuesto por nosotros<\/strong><\/b>8.1. Instituciones en que el concepto se proyecta<br \/>\n8.1.1. En relaci\u00f3n con la causa del acto o contrato y de la obligaci\u00f3n que nace de este. Causa \u201creal\u201d y causa \u201cl\u00edcita\u201d<br \/>\n8.1.2. En relaci\u00f3n con el pago<br \/>\n8.1.3. En relaci\u00f3n con la adquisici\u00f3n de derechos sobre una cosa propia<br \/>\n8.1.4. En relaci\u00f3n con la condici\u00f3n suspensiva meramente potestativa<br \/>\n8.1.5. En relaci\u00f3n con la simulaci\u00f3n<br \/>\n8.1.6. En relaci\u00f3n con el fraude a la ley<br \/>\n8.1.7. En relaci\u00f3n con la causa del derecho a retener (o, en su caso, de la obligaci\u00f3n de restituir) un determinado incremento patrimonial<br \/>\n8.2. Instituciones en que el concepto no se proyecta aunque tradicionalmente se explican en funci\u00f3n de la causa<br \/>\n8.2.1. La causa y su relaci\u00f3n con los vicios del consentimiento<br \/>\n8.2.2. La causa y la \u201ccondici\u00f3n resolutoria t\u00e1cita\u201d<br \/>\n8.2.3. La causa y la \u201cexcepci\u00f3n de contrato no cumplido\u201d<\/li>\n<li style=\"font-weight: 400;\"><b><strong> Actos abstractos o no causados<\/strong><\/b><\/li>\n<\/ol>\n<p style=\"font-weight: 400;\">9.1. Obligaci\u00f3n del fiador<br \/>\n9.2. La delegaci\u00f3n<br \/>\n9.3. T\u00edtulos negociables<br \/>\n9.4. Estipulaci\u00f3n en favor de otro<\/p>\n","protected":false},"excerpt":{"rendered":"<p>Buscas un libro Jur\u00eddico.? Lo puedes encontrar en nuestra tienda virtual.<br \/>\nContamos con prestigiosos autores y muchas alternativas en sus diferentes materias al igual que grandes descuentos.! Vis\u00edtanos en <a class=\"ArnTpmDpqOjShEweVaJcYZwkyLmDqkqjbDdY \" tabindex=\"0\" href=\"https:\/\/lnkd.in\/eiAG7jdZ\" target=\"_blank\" rel=\"noopener\" data-test-app-aware-link=\"\">https:\/\/lnkd.in\/eiAG7jdZ<\/a><br \/>\nEscr\u00edbenos al +56930565235 \/ <a class=\"ArnTpmDpqOjShEweVaJcYZwkyLmDqkqjbDdY \" tabindex=\"0\" href=\"mailto:ventaslegallexglobal@gmail.com\" target=\"_self\" data-test-app-aware-link=\"\">ventaslegallexglobal@gmail.com<\/a><br \/>\nHacemos env\u00edos a todo Chile \u2013 Starken o Correos Chile \/ Te esperamos.<\/p>\n","protected":false},"featured_media":2663,"comment_status":"open","ping_status":"closed","template":"","meta":{"inline_featured_image":false,"_joinchat":[]},"product_brand":[],"product_cat":[27,26,57],"product_tag":[],"class_list":{"0":"post-2633","1":"product","2":"type-product","3":"status-publish","4":"has-post-thumbnail","6":"product_cat-civil","7":"product_cat-derecho","8":"product_cat-editorial-juridica-de-chile","9":"product_shipping_class-a-convenir","11":"first","12":"instock","13":"shipping-taxable","14":"purchasable","15":"product-type-simple"},"_links":{"self":[{"href":"https:\/\/bibliotecajuridicavirtual.cl\/index.php\/wp-json\/wp\/v2\/product\/2633","targetHints":{"allow":["GET"]}}],"collection":[{"href":"https:\/\/bibliotecajuridicavirtual.cl\/index.php\/wp-json\/wp\/v2\/product"}],"about":[{"href":"https:\/\/bibliotecajuridicavirtual.cl\/index.php\/wp-json\/wp\/v2\/types\/product"}],"replies":[{"embeddable":true,"href":"https:\/\/bibliotecajuridicavirtual.cl\/index.php\/wp-json\/wp\/v2\/comments?post=2633"}],"wp:featuredmedia":[{"embeddable":true,"href":"https:\/\/bibliotecajuridicavirtual.cl\/index.php\/wp-json\/wp\/v2\/media\/2663"}],"wp:attachment":[{"href":"https:\/\/bibliotecajuridicavirtual.cl\/index.php\/wp-json\/wp\/v2\/media?parent=2633"}],"wp:term":[{"taxonomy":"product_brand","embeddable":true,"href":"https:\/\/bibliotecajuridicavirtual.cl\/index.php\/wp-json\/wp\/v2\/product_brand?post=2633"},{"taxonomy":"product_cat","embeddable":true,"href":"https:\/\/bibliotecajuridicavirtual.cl\/index.php\/wp-json\/wp\/v2\/product_cat?post=2633"},{"taxonomy":"product_tag","embeddable":true,"href":"https:\/\/bibliotecajuridicavirtual.cl\/index.php\/wp-json\/wp\/v2\/product_tag?post=2633"}],"curies":[{"name":"wp","href":"https:\/\/api.w.org\/{rel}","templated":true}]}}