{"id":2635,"date":"2026-02-28T01:04:16","date_gmt":"2026-02-28T04:04:16","guid":{"rendered":"https:\/\/bibliotecajuridicavirtual.cl\/?post_type=product&#038;p=2635"},"modified":"2026-02-28T01:04:26","modified_gmt":"2026-02-28T04:04:26","slug":"derecho-procesal-de-familia-principios-formativos-reglas-generales-procedimientos-ordenado-ano-2018-246-pag-autor-eduardo-jara-castro","status":"publish","type":"product","link":"https:\/\/bibliotecajuridicavirtual.cl\/index.php\/product\/derecho-procesal-de-familia-principios-formativos-reglas-generales-procedimientos-ordenado-ano-2018-246-pag-autor-eduardo-jara-castro\/","title":{"rendered":"Derecho Procesal de Familia- Principios Formativos, Reglas Generales, Procedimientos Ordenado. A\u00f1o 2018\/ 246 P\u00e1g. Autor Eduardo Jara Castro"},"content":{"rendered":"<p>Los Tribunales de Familia fueron creados el a\u00f1o 2004 mediante la Ley N\u00b0 19.968, con el prop\u00f3sito de establecer una justicia especializada en la resoluci\u00f3n de los conflictos de naturaleza familiar.<\/p>\n<p>&nbsp;<\/p>\n<p>Ordenadamente y con la minuciosidad que otorga la vasta experiencia que tiene el autor en esta materia, la obra describe y analiza los aspectos fundamentales de esta normativa.<\/p>\n<p>En primer lugar, aborda el estudio de los principios formativos de los procedimientos establecidos en la Ley N\u00b0 19.968.En segundo t\u00e9rmino, profundiza en el estudio de las reglas generales que la ley establece para los procedimientos de familia, donde hace referencia a importantes instituciones como son la nulidad procesal, los incidentes y las facultades del juez en la audiencia. La tercera parte de la obra, tras dar cuenta de la estructura b\u00e1sica de los procedimientos ante los Tribunales de Familia, profundiza en el estudio del procedimiento ordinario, describiendo paso a paso cada una de las etapas procesales, las instancias de mediaci\u00f3n, el an\u00e1lisis de los medios probatorios y su valoraci\u00f3n, la sentencia definitiva y los recursos procesales que pueden interponerse. Todo ello con acopio de importante jurisprudencia.<\/p>\n<p>Se trata de un excelente y descriptivo examen de los aspectos procesales referidos al derecho de familia, de utilidad fundamental para los abogados que ejercen en esta materia, as\u00ed como para jueces y estudiantes de Derecho.<\/p>\n","protected":false},"excerpt":{"rendered":"<p>Los Tribunales de Familia fueron creados el a\u00f1o 2004 mediante la Ley N\u00b0 19.968, con el prop\u00f3sito de establecer una justicia especializada en la resoluci\u00f3n de los conflictos de naturaleza familiar. &nbsp; Ordenadamente y con la minuciosidad que otorga la vasta experiencia que tiene el autor en esta materia, la obra describe y analiza los aspectos fundamentales de esta normativa. En primer lugar, aborda el estudio de los principios formativos de los procedimientos establecidos en la Ley N\u00b0 19.968.En segundo t\u00e9rmino, profundiza en el estudio de las reglas generales que la ley establece para los procedimientos de familia, donde hace referencia a importantes instituciones como son la nulidad procesal, los incidentes y las facultades del juez en la audiencia. La tercera parte de la obra, tras dar cuenta de la estructura b\u00e1sica de los procedimientos ante los Tribunales de Familia, profundiza en el estudio del procedimiento ordinario, describiendo paso a paso cada una de las etapas procesales, las instancias de mediaci\u00f3n, el an\u00e1lisis de los medios probatorios y su valoraci\u00f3n, la sentencia definitiva y los recursos procesales que pueden interponerse. Todo ello con acopio de importante jurisprudencia. Se trata de un excelente y descriptivo examen de los aspectos procesales referidos al derecho de familia, de utilidad fundamental para los abogados que ejercen en esta materia, as\u00ed como para jueces y estudiantes de Derecho.<\/p>\n","protected":false},"featured_media":2665,"comment_status":"open","ping_status":"closed","template":"","meta":{"inline_featured_image":false,"_joinchat":[]},"product_brand":[],"product_cat":[57,29],"product_tag":[],"class_list":{"0":"post-2635","1":"product","2":"type-product","3":"status-publish","4":"has-post-thumbnail","6":"product_cat-editorial-juridica-de-chile","7":"product_cat-familia-y-del-menor","8":"product_shipping_class-a-convenir","10":"first","11":"instock","12":"shipping-taxable","13":"purchasable","14":"product-type-simple"},"_links":{"self":[{"href":"https:\/\/bibliotecajuridicavirtual.cl\/index.php\/wp-json\/wp\/v2\/product\/2635","targetHints":{"allow":["GET"]}}],"collection":[{"href":"https:\/\/bibliotecajuridicavirtual.cl\/index.php\/wp-json\/wp\/v2\/product"}],"about":[{"href":"https:\/\/bibliotecajuridicavirtual.cl\/index.php\/wp-json\/wp\/v2\/types\/product"}],"replies":[{"embeddable":true,"href":"https:\/\/bibliotecajuridicavirtual.cl\/index.php\/wp-json\/wp\/v2\/comments?post=2635"}],"wp:featuredmedia":[{"embeddable":true,"href":"https:\/\/bibliotecajuridicavirtual.cl\/index.php\/wp-json\/wp\/v2\/media\/2665"}],"wp:attachment":[{"href":"https:\/\/bibliotecajuridicavirtual.cl\/index.php\/wp-json\/wp\/v2\/media?parent=2635"}],"wp:term":[{"taxonomy":"product_brand","embeddable":true,"href":"https:\/\/bibliotecajuridicavirtual.cl\/index.php\/wp-json\/wp\/v2\/product_brand?post=2635"},{"taxonomy":"product_cat","embeddable":true,"href":"https:\/\/bibliotecajuridicavirtual.cl\/index.php\/wp-json\/wp\/v2\/product_cat?post=2635"},{"taxonomy":"product_tag","embeddable":true,"href":"https:\/\/bibliotecajuridicavirtual.cl\/index.php\/wp-json\/wp\/v2\/product_tag?post=2635"}],"curies":[{"name":"wp","href":"https:\/\/api.w.org\/{rel}","templated":true}]}}