{"id":2641,"date":"2026-02-28T01:04:16","date_gmt":"2026-02-28T04:04:16","guid":{"rendered":"https:\/\/bibliotecajuridicavirtual.cl\/?post_type=product&#038;p=2641"},"modified":"2026-02-28T01:04:34","modified_gmt":"2026-02-28T04:04:34","slug":"psicologia-victimas-y-justicia-ano-2018-444-pag-autor-francisco-maffioletti-celedon-y-lorena-contreras-taibo","status":"publish","type":"product","link":"https:\/\/bibliotecajuridicavirtual.cl\/index.php\/product\/psicologia-victimas-y-justicia-ano-2018-444-pag-autor-francisco-maffioletti-celedon-y-lorena-contreras-taibo\/","title":{"rendered":"Psicolog\u00eda, V\u00edctimas y Justicia. A\u00f1o 2018\/ 444 P\u00e1g. Autor Francisco Maffioletti Celed\u00f3n y Lorena Contreras Taibo"},"content":{"rendered":"<p>Este libro ha sido elaborado por el grupo de investigaci\u00f3n sobre psicolog\u00eda y justicia se desarrolla en el marco de la Red de Investigaci\u00f3n Perspectivas Ibero-Americanas sobre la Justicia, coordinada desde el Instituto Ibero-Americano de la Haya para la Paz los Derechos Humanos y la Justicia Internacional (\u00abIIH\u00bb). En su primera parte, el libro trata acerca del campo de intersecci\u00f3n entre la psicolog\u00eda y la justicia, intentando comprender los efectos del delito y de las intervenciones del sistema investigativo y jur\u00eddico-penal en la subjetividad de los habitantes de la regi\u00f3n. En su segunda parte, los autores intentan iluminar \u2014desde su campo de especialidad\u2014 una forma de intervenci\u00f3n posible, tendiente a restituir el ejercicio de derechos vulnerados, la integridad y dignidad de las personas afectadas por diversos hechos de violencia.<\/p>\n<p>&nbsp;<\/p>\n","protected":false},"excerpt":{"rendered":"<h4 style=\"text-align: center;\"><span style=\"color: #ffcc00;\">( LIBRO ESPA\u00d1OL)<\/span><\/h4>\n<p>&nbsp;<\/p>\n","protected":false},"featured_media":2671,"comment_status":"open","ping_status":"closed","template":"","meta":{"inline_featured_image":false,"_joinchat":[]},"product_brand":[],"product_cat":[30],"product_tag":[],"class_list":{"0":"post-2641","1":"product","2":"type-product","3":"status-publish","4":"has-post-thumbnail","6":"product_cat-penal","7":"product_shipping_class-a-convenir","9":"first","10":"instock","11":"shipping-taxable","12":"purchasable","13":"product-type-simple"},"_links":{"self":[{"href":"https:\/\/bibliotecajuridicavirtual.cl\/index.php\/wp-json\/wp\/v2\/product\/2641","targetHints":{"allow":["GET"]}}],"collection":[{"href":"https:\/\/bibliotecajuridicavirtual.cl\/index.php\/wp-json\/wp\/v2\/product"}],"about":[{"href":"https:\/\/bibliotecajuridicavirtual.cl\/index.php\/wp-json\/wp\/v2\/types\/product"}],"replies":[{"embeddable":true,"href":"https:\/\/bibliotecajuridicavirtual.cl\/index.php\/wp-json\/wp\/v2\/comments?post=2641"}],"wp:featuredmedia":[{"embeddable":true,"href":"https:\/\/bibliotecajuridicavirtual.cl\/index.php\/wp-json\/wp\/v2\/media\/2671"}],"wp:attachment":[{"href":"https:\/\/bibliotecajuridicavirtual.cl\/index.php\/wp-json\/wp\/v2\/media?parent=2641"}],"wp:term":[{"taxonomy":"product_brand","embeddable":true,"href":"https:\/\/bibliotecajuridicavirtual.cl\/index.php\/wp-json\/wp\/v2\/product_brand?post=2641"},{"taxonomy":"product_cat","embeddable":true,"href":"https:\/\/bibliotecajuridicavirtual.cl\/index.php\/wp-json\/wp\/v2\/product_cat?post=2641"},{"taxonomy":"product_tag","embeddable":true,"href":"https:\/\/bibliotecajuridicavirtual.cl\/index.php\/wp-json\/wp\/v2\/product_tag?post=2641"}],"curies":[{"name":"wp","href":"https:\/\/api.w.org\/{rel}","templated":true}]}}