{"id":2642,"date":"2026-02-28T01:04:16","date_gmt":"2026-02-28T04:04:16","guid":{"rendered":"https:\/\/bibliotecajuridicavirtual.cl\/?post_type=product&#038;p=2642"},"modified":"2026-02-28T01:04:34","modified_gmt":"2026-02-28T04:04:34","slug":"argumentacion-e-interpretacion-juridica-ano-2018-238-pag-autor-isabel-lifante-vidal","status":"publish","type":"product","link":"https:\/\/bibliotecajuridicavirtual.cl\/index.php\/product\/argumentacion-e-interpretacion-juridica-ano-2018-238-pag-autor-isabel-lifante-vidal\/","title":{"rendered":"Argumentaci\u00f3n e Interpretaci\u00f3n Jur\u00eddica. A\u00f1o 2018\/238 P\u00e1g. Autor Isabel Lifante Vidal"},"content":{"rendered":"<p>\u00bfTiene sentido considerar que una interpretaci\u00f3n del Derecho es mejor que otra? \u00bfExisten criterios de correcci\u00f3n en el \u00e1mbito de la interpretaci\u00f3n jur\u00eddica? \u00bfEn qu\u00e9 consisten dichos criterios? Este libro analiza las respuestas que se han dado a estas cuestiones desde distintas concepciones de la actividad interpretativa: el escepticismo, el intencionalismo y el constructivismo. Tras se\u00f1alar los problemas que plantean las dos primeras concepciones, la autora defi ende una concepci\u00f3n constructivista o dependiente de valores, seg\u00fan la cual la interpretaci\u00f3n es una actividad argumentativa comprometida con los fi nes y valores perseguidos por el Derecho, de modo que la argumentaci\u00f3n interpretativa acaba teniendo, necesariamente, un componente moral y pol\u00edtico.<\/p>\n","protected":false},"excerpt":{"rendered":"<h4 style=\"text-align: center;\"><span style=\"color: #ffcc00;\">( LIBRO ESPA\u00d1OL)<\/span><\/h4>\n","protected":false},"featured_media":2672,"comment_status":"open","ping_status":"closed","template":"","meta":{"inline_featured_image":false,"_joinchat":[]},"product_brand":[],"product_cat":[30],"product_tag":[],"class_list":{"0":"post-2642","1":"product","2":"type-product","3":"status-publish","4":"has-post-thumbnail","6":"product_cat-penal","7":"product_shipping_class-a-convenir","9":"first","10":"instock","11":"shipping-taxable","12":"purchasable","13":"product-type-simple"},"_links":{"self":[{"href":"https:\/\/bibliotecajuridicavirtual.cl\/index.php\/wp-json\/wp\/v2\/product\/2642","targetHints":{"allow":["GET"]}}],"collection":[{"href":"https:\/\/bibliotecajuridicavirtual.cl\/index.php\/wp-json\/wp\/v2\/product"}],"about":[{"href":"https:\/\/bibliotecajuridicavirtual.cl\/index.php\/wp-json\/wp\/v2\/types\/product"}],"replies":[{"embeddable":true,"href":"https:\/\/bibliotecajuridicavirtual.cl\/index.php\/wp-json\/wp\/v2\/comments?post=2642"}],"wp:featuredmedia":[{"embeddable":true,"href":"https:\/\/bibliotecajuridicavirtual.cl\/index.php\/wp-json\/wp\/v2\/media\/2672"}],"wp:attachment":[{"href":"https:\/\/bibliotecajuridicavirtual.cl\/index.php\/wp-json\/wp\/v2\/media?parent=2642"}],"wp:term":[{"taxonomy":"product_brand","embeddable":true,"href":"https:\/\/bibliotecajuridicavirtual.cl\/index.php\/wp-json\/wp\/v2\/product_brand?post=2642"},{"taxonomy":"product_cat","embeddable":true,"href":"https:\/\/bibliotecajuridicavirtual.cl\/index.php\/wp-json\/wp\/v2\/product_cat?post=2642"},{"taxonomy":"product_tag","embeddable":true,"href":"https:\/\/bibliotecajuridicavirtual.cl\/index.php\/wp-json\/wp\/v2\/product_tag?post=2642"}],"curies":[{"name":"wp","href":"https:\/\/api.w.org\/{rel}","templated":true}]}}