{"id":2644,"date":"2026-02-28T01:04:16","date_gmt":"2026-02-28T04:04:16","guid":{"rendered":"https:\/\/bibliotecajuridicavirtual.cl\/?post_type=product&#038;p=2644"},"modified":"2026-02-28T01:04:36","modified_gmt":"2026-02-28T04:04:36","slug":"criterios-jurisprudenciales-de-los-tribunales-superiores-de-justicia-ano-2023-300-pag-autor-felipe-valenzuela-quiros","status":"publish","type":"product","link":"https:\/\/bibliotecajuridicavirtual.cl\/index.php\/product\/criterios-jurisprudenciales-de-los-tribunales-superiores-de-justicia-ano-2023-300-pag-autor-felipe-valenzuela-quiros\/","title":{"rendered":"Criterios Jurisprudenciales de los Tribunales Superiores de Justicia. A\u00f1o 2023\/ 300 P\u00e1g. Autor Felipe Valenzuela Quir\u00f3s"},"content":{"rendered":"<p>\ud83d\udca1 La obra contiene las principales sentencias y tendencias jurisprudenciales pronunciadas por los altos tribunales de justicia de Chile en materias de Derecho Civil, Derecho Procesal Civil, Derecho Inmobiliario y Construcci\u00f3n, Derecho Administrativo, Derecho Ambiental y Derecho El\u00e9ctrico, durante el a\u00f1o 2022. En ella se recopila m\u00e1s de 130 sentencias sobre estas materias. Los casos detr\u00e1s de cada sentencia son resumidos, extrayendo lo fundamental del conflicto para luego incorporar los considerandos m\u00e1s relevantes de cada sentencia, todo a efectos de facilitar su estudio y trazar los criterios jurisprudenciales de los tribunales.<\/p>\n<p>\ud83d\udd0e Cada una de las secciones del libro cuenta con una introducci\u00f3n donde se analizan importantes puntos de derecho y tendencias jurisprudenciales llevadas adelante por los tribunales. El listado de esas introducciones es el siguiente:<\/p>\n<p><a href=\"https:\/\/www.linkedin.com\/in\/ACoAAAeRfnAB7E0IqfxqnJ1RKRqo21Pv8FKZjoU\" data-attribute-index=\"4\" data-entity-type=\"MINI_PROFILE\">Jaime Alcalde Silva<\/a>: &#8220;Derecho Civil en la Jurisprudencia&#8221;;<br \/>\n<a href=\"https:\/\/www.linkedin.com\/in\/ACoAAAdSWO4BK3H3BGqcFPl9ubdEYSSZNNSXBYM\" data-attribute-index=\"6\" data-entity-type=\"MINI_PROFILE\">Orlando Palominos Aravena<\/a>\u00a0Palominos\u00a0Aravena: &#8220;Simple precario, protecci\u00f3n de la propiedad privada y protecci\u00f3n de la vivienda familiar&#8221;;<br \/>\n<a href=\"https:\/\/www.linkedin.com\/in\/ACoAADmTBlABMIKclnUvzKv_qOKm5ZLcc3dayCo\" data-attribute-index=\"8\" data-entity-type=\"MINI_PROFILE\">Juan Manuel Lav\u00edn<\/a>\u00a0&#8220;El Derecho Procesal Civil en la Jurisprudencia&#8221;;<br \/>\n<a href=\"https:\/\/www.linkedin.com\/in\/ACoAAAwE9voBOKRIKedjDruOyUlIUb96-LiavH8\" data-attribute-index=\"10\" data-entity-type=\"MINI_PROFILE\">Sergio Guzm\u00e1n Silva<\/a>: &#8220;La Jurisprudencia de 2022 en el Derecho Administrativo&#8221;;<br \/>\n<a href=\"https:\/\/www.linkedin.com\/in\/ACoAAAnfC60B9xK1KGoTj2eEIJLCrRXRstLRISk\" data-attribute-index=\"12\" data-entity-type=\"MINI_PROFILE\">Francisco Irarr\u00e1zaval Armend\u00e1riz<\/a>: &#8220;R\u00e9gimen sancionatorio del sector el\u00e9ctrico&#8221;.<\/p>\n<p>\ud83d\udd26 El libro pretende ser el primer volumen de una serie de libros que\u00a0<a href=\"https:\/\/www.linkedin.com\/in\/ACoAABnzUt0BS_UQj1Cf44PFB7RC7TOfFoFsmYs\" data-attribute-index=\"14\" data-entity-type=\"MINI_PROFILE\">Felipe Valenzuela Quiros<\/a>\u00a0ir\u00e1 publicando durante los a\u00f1os que vienen, y su motivaci\u00f3n principal es redescubrir el estudio de la jurisprudencia, y reivindicar el ejercicio de nuestro\u00a0<a href=\"https:\/\/www.linkedin.com\/company\/poder-judicial-de-chile\/\" data-attribute-index=\"16\" data-entity-type=\"MINI_COMPANY\">Poder Judicial Chile<\/a>.<\/p>\n","protected":false},"excerpt":{"rendered":"<p>\ud83d\udca1 La obra contiene las principales sentencias y tendencias jurisprudenciales pronunciadas por los altos tribunales de justicia de Chile en materias de Derecho Civil, Derecho Procesal Civil, Derecho Inmobiliario y Construcci\u00f3n, Derecho Administrativo, Derecho Ambiental y Derecho El\u00e9ctrico, durante el a\u00f1o 2022. En ella se recopila m\u00e1s de 130 sentencias sobre estas materias. Los casos detr\u00e1s de cada sentencia son resumidos, extrayendo lo fundamental del conflicto para luego incorporar los considerandos m\u00e1s relevantes de cada sentencia, todo a efectos de facilitar su estudio y trazar los criterios jurisprudenciales de los tribunales. \ud83d\udd0e Cada una de las secciones del libro cuenta con una introducci\u00f3n donde se analizan importantes puntos de derecho y tendencias jurisprudenciales llevadas adelante por los tribunales. El listado de esas introducciones es el siguiente: Jaime Alcalde Silva: &#8220;Derecho Civil en la Jurisprudencia&#8221;; Orlando Palominos Aravena\u00a0Palominos\u00a0Aravena: &#8220;Simple precario, protecci\u00f3n de la propiedad privada y protecci\u00f3n de la vivienda familiar&#8221;; Juan Manuel Lav\u00edn\u00a0&#8220;El Derecho Procesal Civil en la Jurisprudencia&#8221;; Sergio Guzm\u00e1n Silva: &#8220;La Jurisprudencia de 2022 en el Derecho Administrativo&#8221;; Francisco Irarr\u00e1zaval Armend\u00e1riz: &#8220;R\u00e9gimen sancionatorio del sector el\u00e9ctrico&#8221;. \ud83d\udd26 El libro pretende ser el primer volumen de una serie de libros que\u00a0Felipe Valenzuela Quiros\u00a0ir\u00e1 publicando durante los a\u00f1os que vienen, y su motivaci\u00f3n principal es redescubrir el estudio de la jurisprudencia, y reivindicar el ejercicio de nuestro\u00a0Poder Judicial Chile.<\/p>\n","protected":false},"featured_media":2674,"comment_status":"open","ping_status":"closed","template":"","meta":{"inline_featured_image":false,"_joinchat":[]},"product_brand":[],"product_cat":[45,27,48,33,31,29,41,39,42,28],"product_tag":[],"class_list":{"0":"post-2644","1":"product","2":"type-product","3":"status-publish","4":"has-post-thumbnail","6":"product_cat-administrativo","7":"product_cat-civil","8":"product_cat-comercial","9":"product_cat-constitucional","10":"product_cat-derecho-ambiental","11":"product_cat-familia-y-del-menor","12":"product_cat-laboral","13":"product_cat-procesal-civil","14":"product_cat-thomson-reuters","15":"product_cat-tributario","16":"product_shipping_class-a-convenir","18":"first","19":"instock","20":"shipping-taxable","21":"purchasable","22":"product-type-simple"},"_links":{"self":[{"href":"https:\/\/bibliotecajuridicavirtual.cl\/index.php\/wp-json\/wp\/v2\/product\/2644","targetHints":{"allow":["GET"]}}],"collection":[{"href":"https:\/\/bibliotecajuridicavirtual.cl\/index.php\/wp-json\/wp\/v2\/product"}],"about":[{"href":"https:\/\/bibliotecajuridicavirtual.cl\/index.php\/wp-json\/wp\/v2\/types\/product"}],"replies":[{"embeddable":true,"href":"https:\/\/bibliotecajuridicavirtual.cl\/index.php\/wp-json\/wp\/v2\/comments?post=2644"}],"wp:featuredmedia":[{"embeddable":true,"href":"https:\/\/bibliotecajuridicavirtual.cl\/index.php\/wp-json\/wp\/v2\/media\/2674"}],"wp:attachment":[{"href":"https:\/\/bibliotecajuridicavirtual.cl\/index.php\/wp-json\/wp\/v2\/media?parent=2644"}],"wp:term":[{"taxonomy":"product_brand","embeddable":true,"href":"https:\/\/bibliotecajuridicavirtual.cl\/index.php\/wp-json\/wp\/v2\/product_brand?post=2644"},{"taxonomy":"product_cat","embeddable":true,"href":"https:\/\/bibliotecajuridicavirtual.cl\/index.php\/wp-json\/wp\/v2\/product_cat?post=2644"},{"taxonomy":"product_tag","embeddable":true,"href":"https:\/\/bibliotecajuridicavirtual.cl\/index.php\/wp-json\/wp\/v2\/product_tag?post=2644"}],"curies":[{"name":"wp","href":"https:\/\/api.w.org\/{rel}","templated":true}]}}