{"id":2646,"date":"2026-02-28T01:04:16","date_gmt":"2026-02-28T04:04:16","guid":{"rendered":"https:\/\/bibliotecajuridicavirtual.cl\/?post_type=product&#038;p=2646"},"modified":"2026-02-28T01:04:41","modified_gmt":"2026-02-28T04:04:41","slug":"procedimientos-concursales-practica-forense-7ma-edicion-explicaciones-y-formularios-ano-2023-autor-eric-andres-chavez-chavez","status":"publish","type":"product","link":"https:\/\/bibliotecajuridicavirtual.cl\/index.php\/product\/procedimientos-concursales-practica-forense-7ma-edicion-explicaciones-y-formularios-ano-2023-autor-eric-andres-chavez-chavez\/","title":{"rendered":"Procedimientos Concursales, practica forense 7ma edici\u00f3n- Explicaciones y Formularios. A\u00f1o 2023. Autor Eric Andr\u00e9s Ch\u00e1vez Ch\u00e1vez"},"content":{"rendered":"<p style=\"font-weight: 400;\">La Ley 20.720 sobre Reorganizaci\u00f3n y Liquidaci\u00f3n de Empresas y Personas, nace en nuestro ordenamiento jur\u00eddico, con nuevas instituciones y actores, que en el Derecho Comercial, dan a este nuevo modelo la din\u00e1mica en su tramitaci\u00f3n, por todos sus intervinientes, no exenta de errores.<\/p>\n<p style=\"font-weight: 400;\">El presente texto, en su 7\u00aa Edici\u00f3n, 2023 que incluye las modificaciones de la Ley 21.563, trata principalmente despu\u00e9s de la org\u00e1nica, sus modelos incluidos despu\u00e9s del correspondiente Cap\u00edtulo &#8211; la respectiva Pr\u00e1ctica Forense &#8211; que tiene por finalidad ayudar, a los diferentes intervinientes o partes &#8211; Veedor, Liquidador, Abogado &#8211; en la redacci\u00f3n y presentaci\u00f3n de sus diferentes escritos ante la Judicatura.<\/p>\n<p style=\"font-weight: 400;\">Lo que se pretende es darle un sentido pr\u00e1ctico y de r\u00e1pida consulta al libro, que para la doctrina o teor\u00edas ser\u00e1n estudiadas en los textos de profesores del ramo de Derecho Comercial como Sandoval, Puelma Acorssi, Puga Vial, por nombrar a los m\u00e1s destacados.<\/p>\n<p style=\"font-weight: 400;\">Se hace la advertencia, desde ya, como en todos estos textos de Pr\u00e1ctica Forense, que se consideran los principales escritos, dada la casu\u00edstica es imposible de cubrir cada uno de \u00e9stos, sin perjuicio de ello y atendido ya el avance en la aplicaci\u00f3n de esta materia, se han ampliado y agregado nuevos escritos a los diferentes cap\u00edtulos, para tener el libro totalmente actualizado<\/p>\n","protected":false},"excerpt":{"rendered":"<p>La Ley 20.720 sobre Reorganizaci\u00f3n y Liquidaci\u00f3n de Empresas y Personas, nace en nuestro ordenamiento jur\u00eddico, con nuevas instituciones y actores, que en el Derecho Comercial, dan a este nuevo modelo la din\u00e1mica en su tramitaci\u00f3n, por todos sus intervinientes, no exenta de errores. El presente texto, en su 7\u00aa Edici\u00f3n, 2023 que incluye las modificaciones de la Ley 21.563, trata principalmente despu\u00e9s de la org\u00e1nica, sus modelos incluidos despu\u00e9s del correspondiente Cap\u00edtulo &#8211; la respectiva Pr\u00e1ctica Forense &#8211; que tiene por finalidad ayudar, a los diferentes intervinientes o partes &#8211; Veedor, Liquidador, Abogado &#8211; en la redacci\u00f3n y presentaci\u00f3n de sus diferentes escritos ante la Judicatura. Lo que se pretende es darle un sentido pr\u00e1ctico y de r\u00e1pida consulta al libro, que para la doctrina o teor\u00edas ser\u00e1n estudiadas en los textos de profesores del ramo de Derecho Comercial como Sandoval, Puelma Acorssi, Puga Vial, por nombrar a los m\u00e1s destacados. Se hace la advertencia, desde ya, como en todos estos textos de Pr\u00e1ctica Forense, que se consideran los principales escritos, dada la casu\u00edstica es imposible de cubrir cada uno de \u00e9stos, sin perjuicio de ello y atendido ya el avance en la aplicaci\u00f3n de esta materia, se han ampliado y agregado nuevos escritos a los diferentes cap\u00edtulos, para tener el libro totalmente actualizado<\/p>\n","protected":false},"featured_media":2697,"comment_status":"open","ping_status":"closed","template":"","meta":{"inline_featured_image":false,"_joinchat":[]},"product_brand":[],"product_cat":[59,39],"product_tag":[],"class_list":{"0":"post-2646","1":"product","2":"type-product","3":"status-publish","4":"has-post-thumbnail","6":"product_cat-editorial-tofulex-ediciones-juridicas","7":"product_cat-procesal-civil","8":"product_shipping_class-a-convenir","10":"first","11":"instock","12":"shipping-taxable","13":"purchasable","14":"product-type-simple"},"_links":{"self":[{"href":"https:\/\/bibliotecajuridicavirtual.cl\/index.php\/wp-json\/wp\/v2\/product\/2646","targetHints":{"allow":["GET"]}}],"collection":[{"href":"https:\/\/bibliotecajuridicavirtual.cl\/index.php\/wp-json\/wp\/v2\/product"}],"about":[{"href":"https:\/\/bibliotecajuridicavirtual.cl\/index.php\/wp-json\/wp\/v2\/types\/product"}],"replies":[{"embeddable":true,"href":"https:\/\/bibliotecajuridicavirtual.cl\/index.php\/wp-json\/wp\/v2\/comments?post=2646"}],"wp:featuredmedia":[{"embeddable":true,"href":"https:\/\/bibliotecajuridicavirtual.cl\/index.php\/wp-json\/wp\/v2\/media\/2697"}],"wp:attachment":[{"href":"https:\/\/bibliotecajuridicavirtual.cl\/index.php\/wp-json\/wp\/v2\/media?parent=2646"}],"wp:term":[{"taxonomy":"product_brand","embeddable":true,"href":"https:\/\/bibliotecajuridicavirtual.cl\/index.php\/wp-json\/wp\/v2\/product_brand?post=2646"},{"taxonomy":"product_cat","embeddable":true,"href":"https:\/\/bibliotecajuridicavirtual.cl\/index.php\/wp-json\/wp\/v2\/product_cat?post=2646"},{"taxonomy":"product_tag","embeddable":true,"href":"https:\/\/bibliotecajuridicavirtual.cl\/index.php\/wp-json\/wp\/v2\/product_tag?post=2646"}],"curies":[{"name":"wp","href":"https:\/\/api.w.org\/{rel}","templated":true}]}}