{"id":2648,"date":"2026-02-28T01:04:16","date_gmt":"2026-02-28T04:04:16","guid":{"rendered":"https:\/\/bibliotecajuridicavirtual.cl\/?post_type=product&#038;p=2648"},"modified":"2026-02-28T01:04:42","modified_gmt":"2026-02-28T04:04:42","slug":"practica-forense-procesal-civil-ii-tomos-ano-2023-autor-eric-andres-chavez-chavez","status":"publish","type":"product","link":"https:\/\/bibliotecajuridicavirtual.cl\/index.php\/product\/practica-forense-procesal-civil-ii-tomos-ano-2023-autor-eric-andres-chavez-chavez\/","title":{"rendered":"Practica Forense Procesal Civil, II tomos. A\u00f1o 2023. Autor Eric Andr\u00e9s Ch\u00e1vez Ch\u00e1vez"},"content":{"rendered":"<p style=\"font-weight: 400;\"><strong>Pr\u00e1ctica Forense Procesal Civil , dos tomos en su 4\u00aa Edici\u00f3n, 2023 contempla las principales demandas, de procedimiento ordinario, ejecutivo, sumario, concursal, etc., materias de uso general y aplicaci\u00f3n, que viene en complementar lo ya existente en este tema, por otros autores ya cl\u00e1sicos, esperando que sea de gran utilidad para los abogados y usuarios de esta Colecci\u00f3n Forense, obviamente con los principales escritos.<\/strong><\/p>\n<p style=\"font-weight: 400;\"><strong>\u00a0<\/strong><\/p>\n<p style=\"font-weight: 400;\"><strong>Esperando que esta obra sea de gran utilidad a los abogados, Tofulex Ediciones Jur\u00eddicas, presenta al mercado esta obra del abogado don Eric Andr\u00e9s Ch\u00e1vez Ch\u00e1vez, esperando sea del agrado de sus usuarios.<\/strong><\/p>\n<p style=\"font-weight: 400;\"><strong>\u00a0<\/strong><\/p>\n<p style=\"font-weight: 400;\"><strong>La presente obra que comprende dos Tomos, con las diferentes materias principales que se tramitan en los juzgados civiles, para dar una visi\u00f3n a la redacci\u00f3n de los diferentes libelos, que tiene por objeto dar al abogado que ejerce la profesi\u00f3n ante los tribunales y ejercicio libre, una actualizaci\u00f3n de los \u201cformularios\u201d, esto es, de los principales escritos, los cuales fueron actualizados, ampliados y revisados para un mejor desempe\u00f1o profesional de su labor diaria.<\/strong><\/p>\n<p style=\"font-weight: 400;\"><strong>\u00a0<\/strong><\/p>\n<p style=\"font-weight: 400;\"><strong>La presente colecci\u00f3n de \u201cPr\u00e1ctica Forense Procesal Civil\u201d, comprende los siguientes tomos:<\/strong><\/p>\n<p style=\"font-weight: 400;\"><strong>\u00a0<\/strong><\/p>\n<p style=\"font-weight: 400;\"><strong>Pr\u00e1ctica Forense Procesal Civil. Tomo I: Demandas.<\/strong><\/p>\n<p style=\"font-weight: 400;\"><strong>\u00a0<\/strong><\/p>\n<p style=\"font-weight: 400;\"><strong>Pr\u00e1ctica Forense Procesal Civil. Tomo II: Escritos de mera tramitaci\u00f3n y Recursos Procesales.<\/strong><\/p>\n","protected":false},"excerpt":{"rendered":"<p>Pr\u00e1ctica Forense Procesal Civil , dos tomos en su 4\u00aa Edici\u00f3n, 2023 contempla las principales demandas, de procedimiento ordinario, ejecutivo, sumario, concursal, etc., materias de uso general y aplicaci\u00f3n, que viene en complementar lo ya existente en este tema, por otros autores ya cl\u00e1sicos, esperando que sea de gran utilidad para los abogados y usuarios de esta Colecci\u00f3n Forense, obviamente con los principales escritos. \u00a0 Esperando que esta obra sea de gran utilidad a los abogados, Tofulex Ediciones Jur\u00eddicas, presenta al mercado esta obra del abogado don Eric Andr\u00e9s Ch\u00e1vez Ch\u00e1vez, esperando sea del agrado de sus usuarios. \u00a0 La presente obra que comprende dos Tomos, con las diferentes materias principales que se tramitan en los juzgados civiles, para dar una visi\u00f3n a la redacci\u00f3n de los diferentes libelos, que tiene por objeto dar al abogado que ejerce la profesi\u00f3n ante los tribunales y ejercicio libre, una actualizaci\u00f3n de los \u201cformularios\u201d, esto es, de los principales escritos, los cuales fueron actualizados, ampliados y revisados para un mejor desempe\u00f1o profesional de su labor diaria. \u00a0 La presente colecci\u00f3n de \u201cPr\u00e1ctica Forense Procesal Civil\u201d, comprende los siguientes tomos: \u00a0 Pr\u00e1ctica Forense Procesal Civil. Tomo I: Demandas. \u00a0 Pr\u00e1ctica Forense Procesal Civil. Tomo II: Escritos de mera tramitaci\u00f3n y Recursos Procesales.<\/p>\n","protected":false},"featured_media":2699,"comment_status":"open","ping_status":"closed","template":"","meta":{"inline_featured_image":false,"_joinchat":[]},"product_brand":[],"product_cat":[59,39],"product_tag":[],"class_list":{"0":"post-2648","1":"product","2":"type-product","3":"status-publish","4":"has-post-thumbnail","6":"product_cat-editorial-tofulex-ediciones-juridicas","7":"product_cat-procesal-civil","8":"product_shipping_class-a-convenir","10":"first","11":"instock","12":"shipping-taxable","13":"purchasable","14":"product-type-simple"},"_links":{"self":[{"href":"https:\/\/bibliotecajuridicavirtual.cl\/index.php\/wp-json\/wp\/v2\/product\/2648","targetHints":{"allow":["GET"]}}],"collection":[{"href":"https:\/\/bibliotecajuridicavirtual.cl\/index.php\/wp-json\/wp\/v2\/product"}],"about":[{"href":"https:\/\/bibliotecajuridicavirtual.cl\/index.php\/wp-json\/wp\/v2\/types\/product"}],"replies":[{"embeddable":true,"href":"https:\/\/bibliotecajuridicavirtual.cl\/index.php\/wp-json\/wp\/v2\/comments?post=2648"}],"wp:featuredmedia":[{"embeddable":true,"href":"https:\/\/bibliotecajuridicavirtual.cl\/index.php\/wp-json\/wp\/v2\/media\/2699"}],"wp:attachment":[{"href":"https:\/\/bibliotecajuridicavirtual.cl\/index.php\/wp-json\/wp\/v2\/media?parent=2648"}],"wp:term":[{"taxonomy":"product_brand","embeddable":true,"href":"https:\/\/bibliotecajuridicavirtual.cl\/index.php\/wp-json\/wp\/v2\/product_brand?post=2648"},{"taxonomy":"product_cat","embeddable":true,"href":"https:\/\/bibliotecajuridicavirtual.cl\/index.php\/wp-json\/wp\/v2\/product_cat?post=2648"},{"taxonomy":"product_tag","embeddable":true,"href":"https:\/\/bibliotecajuridicavirtual.cl\/index.php\/wp-json\/wp\/v2\/product_tag?post=2648"}],"curies":[{"name":"wp","href":"https:\/\/api.w.org\/{rel}","templated":true}]}}