{"id":2651,"date":"2026-02-28T01:04:17","date_gmt":"2026-02-28T04:04:17","guid":{"rendered":"https:\/\/bibliotecajuridicavirtual.cl\/?post_type=product&#038;p=2651"},"modified":"2026-02-28T01:04:47","modified_gmt":"2026-02-28T04:04:47","slug":"derecho-civil-en-preguntas-y-respuestas-15va-edicion-tomo-i-ii-ano-2022-897-pag-autor-anibal-cornejo-manriquez","status":"publish","type":"product","link":"https:\/\/bibliotecajuridicavirtual.cl\/index.php\/product\/derecho-civil-en-preguntas-y-respuestas-15va-edicion-tomo-i-ii-ano-2022-897-pag-autor-anibal-cornejo-manriquez\/","title":{"rendered":"Derecho Civil-  En Preguntas y Respuestas 15va Edici\u00f3n &#8211;  Tomo I &#8211; II . A\u00f1o 2022\/ 897 P\u00e1g. Autor An\u00edbal Cornejo Manr\u00edquez"},"content":{"rendered":"<p><strong>INCLUYE LEYES 21.400 &#8211; 21.389 &#8211; 21.334 &#8211; 21.264 &#8211; 21.171 &#8211; 21.120<\/strong><\/p>\n<p>\u201cDerecho civil en preguntas y respuestas\u201d, es una obra destinada a servir como texto de consulta a Abogados, Administradores de Justicia, Notarios, Asistentes Sociales y dem\u00e1s profesionales.<\/p>\n<p>Dividida en diez grandes temas: 1) Teor\u00eda de la Ley; 2) Los actos Jur\u00eddicos; 3) Noci\u00f3n y Clasificaci\u00f3n de los derechos Civiles; 4) Teor\u00eda de la prueba; 5) Los sujetos del derecho; 6) Teor\u00eda de los Bienes; 7) Fuentes de las obligaciones; 8) Obligaciones; 9) Familia; 10) Sucesi\u00f3n por causa de muerte y donaciones entre vivos, y dada la especial y did\u00e1ctica f\u00f3rmula que el autor emplea en la exposici\u00f3n de su contenido, con m\u00e1s de 3.270 preguntas en esta nueva edici\u00f3n, se transforma en un complet\u00edsimo material de consulta para quienes, en m\u00e1s de alguna oportunidad, han deseado tener a mano la respuesta precisa y adecuada a esas inevitables interrogantes surgidas en el cotidiano ejercicio acad\u00e9mico o laboral.<\/p>\n<p>Texto \u00fatil e indispensable para el alumno de la carrera y egresados que deben enfrentar su \u201cgran desaf\u00edo\u201d: el examen de licenciatura, ya que el sistema concebido en la exposici\u00f3n y desarrollo de las materias, permite agilizar la comprensi\u00f3n, fijaci\u00f3n y relaci\u00f3n de conocimientos ya adquiridos por el futuro hombre de derecho.\u00a0Tambi\u00e9n aquellos que, sin ser abogados, se desempe\u00f1an en instituciones relacionadas directa e indirectamente con el quehacer jur\u00eddico e incluso cualquier persona que sienta curiosidad o necesite consultar sobre alg\u00fan aspecto o tem\u00e1tica del Derecho Civil, encontrar\u00e1 en este libro, \u00e1giles y did\u00e1cticas informaciones.<\/p>\n<p>En esta decimoquinta edici\u00f3n se han incorporado las siguientes leyes modificatorias: Ley 20.830 que crea el acuerdo de uni\u00f3n civil, Ley 21.171 que crea un catastro nacional de mortinatos, Ley 21.389 que crea el registro nacional de deudores de alimentos y Ley 21.400 sobre matrimonio igualitario.<\/p>\n<p><strong>TOMO I<\/strong><\/p>\n<p><strong>1\u00aa PARTE<\/strong><br \/>\n<strong>TEOR\u00cdA DE LA LEY<\/strong><\/p>\n<p><strong>2\u00aa PARTE<\/strong><br \/>\n<strong>LOS ACTOS JUR\u00cdDICOS<\/strong><\/p>\n<p><strong>3\u00aa PARTE<\/strong><br \/>\n<strong>NOCI\u00d3N Y CLASIFICACI\u00d3N DE LOS DERECHOS CIVILES<\/strong><\/p>\n<p><strong>4\u00aa PARTE<\/strong><br \/>\n<strong>TEOR\u00cdA DE LA PRUEBA<\/strong><\/p>\n<p><strong>5\u00aa PARTE<\/strong><br \/>\n<strong>LOS SUJETOS DEL DERECHO<\/strong><br \/>\n<strong>(PERSONAS)<\/strong><\/p>\n<p><strong>6\u00aa PARTE<\/strong><br \/>\n<strong>TEOR\u00cdA DE LOS BIENES<\/strong><br \/>\n<strong>(LOS OBJETOS DEL DERECHO)<br \/>\n<\/strong><br \/>\n<strong>CAP\u00cdTULO I:\u00a0LOS OBJETOS DEL DERECHO &#8211; TEOR\u00cdA DE LOS BIENES<br \/>\n<\/strong><strong>CAP\u00cdTULO II:\u00a0<\/strong><strong>LA PROPIEDAD<br \/>\n<\/strong><strong>CAP\u00cdTULO III: OCUPACI\u00d3N Y ACCESI\u00d3N<br \/>\n<\/strong><strong>CAP\u00cdTULO IV: LA TRADICI\u00d3N<br \/>\n<\/strong><strong>CAP\u00cdTULO V: LA POSESI\u00d3N<br \/>\n<\/strong><strong>CAP\u00cdTULO VI: LA MERA TENENCIA<\/strong><strong><br \/>\n<\/strong><strong>CAP\u00cdTULO VII: LA PRESCRIPCI\u00d3N<br \/>\n<\/strong><strong>CAP\u00cdTULO VIII: ACCI\u00d3N REIVINDICATORIA Y ACCIONES POSESORIAS<br \/>\n<\/strong><strong>CAP\u00cdTULO IX:\u00a0<\/strong><strong>PROPIEDAD FIDUCIARIA<\/strong><strong><br \/>\n<\/strong><strong>CAP\u00cdTULO X:\u00a0<\/strong><strong>USUFRUCTO, USO Y HABITACI\u00d3N<br \/>\n<\/strong><strong>CAP\u00cdTULO XI:\u00a0<\/strong><strong>LAS SERVIDUMBRES<\/strong><strong><br \/>\n<\/strong><\/p>\n<p><strong>7\u00aa PARTE<\/strong><br \/>\n<strong>FUENTES DE LAS OBLIGACIONES<\/strong><br \/>\n<strong>(CONTRATOS)<\/strong><\/p>\n<p><strong>CAP\u00cdTULO I: LOS CONTRATOS EN PARTICULAR<br \/>\n<\/strong><strong>CAP\u00cdTULO II: EL CONTRATO DE COMPRAVENTA<br \/>\n<\/strong><strong>CAP\u00cdTULO III:\u00a0<\/strong><strong>LA PERMUTA Y LA CESI\u00d3N DE DERECHOS<\/strong><strong><br \/>\n<\/strong><strong>CAP\u00cdTULO IV:\u00a0<\/strong><strong>EL CONTRATO DE ARRENDAMIENTO<\/strong><strong><br \/>\n<\/strong><strong>CAP\u00cdTULO V:\u00a0<\/strong><strong>EL CENSO Y LA SOCIEDAD<\/strong><strong><br \/>\n<\/strong><strong>CAP\u00cdTULO VI:\u00a0<\/strong><strong>EL MANDOTA Y LA TRANSACCI\u00d3N<\/strong><strong><br \/>\n<\/strong><strong>CAP\u00cdTULO VII:\u00a0<\/strong><strong>CONTRATOS REALES<\/strong><strong><br \/>\n<\/strong><strong>CAP\u00cdTULO VIII:\u00a0<\/strong><strong>LOS CONTRATOS ACCESORIOS O DE GARANT\u00cdA<\/strong><strong><br \/>\n<\/strong><strong>CAP\u00cdTULO IX:\u00a0<\/strong><strong>CONTRATOS ALEATORIOS<\/strong><strong><br \/>\n<\/strong><strong>CAP\u00cdTULO X:\u00a0<\/strong><strong>LOS DELITOS Y CUASIDELITOS<br \/>\n<\/strong><strong>CAP\u00cdTULO XI:\u00a0<\/strong><strong>LOS CUASICONTRATOS<\/strong><\/p>\n<p><strong>8\u00aa PARTE<\/strong><br \/>\n<strong>LAS OBLIGACIONES<\/strong><\/p>\n<p><strong>CAP\u00cdTULO I: GENERALIDADES<br \/>\n<\/strong><strong>CAP\u00cdTULO II: OBLIGACIONES CIVILES Y NATURALES<\/strong><strong><br \/>\n<\/strong><strong>CAP\u00cdTULO III:\u00a0<\/strong><strong>OBLIGACIONES PRINCIPALES Y ACCESORIAS<\/strong><strong><br \/>\n<\/strong><strong>CAP\u00cdTULO IV:\u00a0<\/strong><strong>OBLIGACIONES DE EJECUCI\u00d3N INST\u00c1NTANEA Y DE TRACTO SUCESIVO<\/strong><strong><br \/>\n<\/strong><strong>CAP\u00cdTULO V:\u00a0<\/strong><strong>OBLIGACIONES DE DAR, HACER Y NO HACER<\/strong><strong><br \/>\n<\/strong><strong>CAP\u00cdTULO VI:\u00a0<\/strong><strong>OBLIGACIONES SUJETAS A MODALIDADES<\/strong><strong><br \/>\n<\/strong><strong>CAP\u00cdTULO VII:\u00a0<\/strong><strong>OBLIGACIONES DE ESPECIE O CUERPO CIERTO Y DE G\u00c9NERO<\/strong><strong><br \/>\n<\/strong><strong>CAP\u00cdTULO VIII:\u00a0<\/strong><strong>OBLIGACIONES CON PLURALIDAD DE OBJETO<\/strong><strong><br \/>\n<\/strong><strong>CAP\u00cdTULO IX:\u00a0<\/strong><strong>OBLIGACIONES CON PLURALIDAD DE SUJETO<\/strong><strong><br \/>\n<\/strong><strong>CAP\u00cdTULO X:\u00a0<\/strong><strong>LOS EFECTOS DE LAS OBLIGACIONES<br \/>\n<\/strong><strong>CAP\u00cdTULO XI:\u00a0<\/strong><strong>LAS OBLIGACIONES Y SU TRANSMISIBILIDAD<br \/>\n<\/strong><strong>CAP\u00cdTULO XII:\u00a0<\/strong><strong>LOS MODOS DE EXTINGUIR LAS OBLIGACIONES<br \/>\n<\/strong><strong><br \/>\n<\/strong><\/p>\n<p><strong>TOMO II<\/p>\n<p><\/strong><strong>9\u00aa PARTE<br \/>\n<\/strong><strong>FAMILIA<\/strong><\/p>\n<p><strong>CAP\u00cdTULO I: LOS ESPONSALES O DESPOSORIO<br \/>\n<\/strong><strong>CAP\u00cdTULO II: ALGUNAS GENERALIDADES ACERCA DEL MATRIMONIO<br \/>\nCAP\u00cdTULO III: REQUISITOS DEL MATRIMONIO<br \/>\n<\/strong><strong>CAP\u00cdTULO IV: SEPARACI\u00d3N DE LOS C\u00d3NYUGES<br \/>\nCAP\u00cdTULO V: LA TERMINACI\u00d3N DEL MATRIMONIO<br \/>\nCAPITULO VI: REGLAS COMUNES A CIERTOS CASOS DE SEPARACI\u00d3N, NULIDAD Y DIVORCIO<br \/>\n<\/strong><strong>CAPITULO VII: JUICIOS DE SEPARACI\u00d3N, NULIDAD DE MATRIMONIO Y DIVORCIO<br \/>\n<\/strong><strong>CAPITULO VIII: EL CONCUBINATO O AMANCEBAMIENTO<br \/>\n<\/strong><strong>CAPITULO IX: ACUERDO DE UNI\u00d3N CIVIL<br \/>\n<\/strong><strong>CAPITULO X: LOS EFECTOS DEL MATRIMONIO<br \/>\n<\/strong><strong>CAPITULO XI: EL R\u00c9GIMEN PATRIMONIAL DEL MATRIMONIO<br \/>\n<\/strong><strong>CAPITULO XII: LAS CONVENCIONES MATRIMONIALES<br \/>\n<\/strong><strong>CAPITULO XIII: LA SOCIEDAD CONYUGAL<br \/>\n<\/strong><strong>CAPITULO XIX: EL HABER DE LA SOCIEDAD CONYUGAL Y DE LOS C\u00d3NYUGES<br \/>\n<\/strong><strong>CAPITULO XX: EL PASIVO DE LA SOCIEDAD Y DE LOS C\u00d3NYUGES<br \/>\n<\/strong><strong>CAPITULO XXI: LAS RECOMPENSAS<br \/>\n<\/strong><strong>CAPITULO XXII: ADMINISTRACI\u00d3N DE LA SOCIEDAD CONYUGAL<\/strong><br \/>\n<strong>CAPITULO XXIII: LA DISOLUCI\u00d3N DE LA SOCIEDAD CONYUGAL<\/strong><br \/>\n<strong>CAPITULO XXIV: LA RENUNCIA DE LOS GANANCIALES<br \/>\n<\/strong><strong>CAPITULO XXV: LA LIQUIDACI\u00d3N DE LA SOCIEDAD CONYUGAL<br \/>\n<\/strong><strong>CAPITULO XXVI: LOS BIENES RESERVADOS DE LA MUJER CASADA<br \/>\n<\/strong><strong>CAPITULO XXVII: EL R\u00c9GIMEN DE SEPARACI\u00d3N DE BIENES<br \/>\n<\/strong><strong>CAPITULO XXVIII: R\u00c9GIMEN DE PARTICI\u00d3N EN LOS GANANCIALES<br \/>\n<\/strong><strong>CAPITULO XXIX: LOS BIENES FAMILIARES<br \/>\n<\/strong><strong>CAPITULO XXX:\u00a0<\/strong><strong>LA FILIACI\u00d3N<br \/>\n<\/strong><strong>CAPITULO XXXI:\u00a0<\/strong><strong>LAS ACCIONES DE FILIACI\u00d3N<\/strong><strong><br \/>\n<\/strong><strong>CAPITULO XXXII:\u00a0<\/strong><strong>LAS PATRIA POTESTAD<br \/>\n<\/strong><strong>CAPITULO XXXIII:\u00a0<\/strong><strong>EL ESTADO CIVI<\/strong><strong>L Y REGISTRO CIVIL<br \/>\n<\/strong><strong>CAPITULO XXXIV:\u00a0<\/strong><strong>EL DERECHO DE ALIMENTOS<br \/>\n<\/strong><strong>CAPITULO XXXV:\u00a0<\/strong><strong>TUTELAS Y CURADUR\u00cdAS<br \/>\n<\/strong><br \/>\n<strong>10\u00aa PARTE<\/strong><br \/>\n<strong>SUCESI\u00d3N POR CAUSA DE MUERTE Y DONACIONES ENTRE VIVOS<br \/>\n<\/strong><br \/>\n<strong>CAP\u00cdTULO I: CONCEPTOS GENERALES<br \/>\n<\/strong><strong>CAP\u00cdTULO II:\u00a0<\/strong><strong>LA SUCESI\u00d3N INTESTADA (ABINTESTATO)<br \/>\n<\/strong><strong>CAP\u00cdTULO III:\u00a0<\/strong><strong>LA SUCESI\u00d3N TESTADA<\/strong><strong><br \/>\n<\/strong><strong>CAP\u00cdTULO IV:\u00a0<\/strong><strong>LAS ASIGNACIONES TESTAMENTARIAS<\/strong><strong><br \/>\n<\/strong><strong>CAP\u00cdTULO V:\u00a0<\/strong><strong>LAS ASIGNACIONES FORZOSAS<\/strong><strong><br \/>\n<\/strong><strong>CAP\u00cdTULO VI:\u00a0<\/strong><strong>EL DESHEREDAMIENTO<br \/>\n<\/strong><strong>CAP\u00cdTULO VII:\u00a0<\/strong><strong>REVOCACI\u00d3N Y REFORMA DEL TESTAMENTO<\/strong><br \/>\n<strong>CAP\u00cdTULO VIII:\u00a0<\/strong><strong>APERTURA DE LA SUCESI\u00d3N, ACEPTACI\u00d3N Y REPUDIACI\u00d3N DE LAS ASIGNACIONES<\/strong><br \/>\n<strong>CAP\u00cdTULO IX:\u00a0<\/strong><strong>LA ACCI\u00d3N DE PETICI\u00d3N DE HERENCIA Y OTRAS ACCIONES DEL HEREDERO<br \/>\n<\/strong><strong>CAP\u00cdTULO X:\u00a0<\/strong><strong>LOS ALBACEAS O EJECUTORES TESTAMENTARIOS<br \/>\n<\/strong><strong>CAP\u00cdTULO XI:\u00a0<\/strong><strong>LA PARTICI\u00d3N DE BIENES<br \/>\n<\/strong><strong>CAP\u00cdTULO XII:\u00a0<\/strong><strong>PAGO DE LAS DEUDAS HEREDITARIAS Y TESTAMENTARIAS<\/strong><strong><br \/>\n<\/strong><strong>CAP\u00cdTULO XIII:\u00a0<\/strong><strong>BENEFICIO DE SEPARACI\u00d3N<br \/>\n<\/strong><strong>CAP\u00cdTULO XIV:\u00a0<\/strong><strong>LAS DONACIONES ENTRE VIVOS<\/strong><\/p>\n","protected":false},"excerpt":{"rendered":"<p>INCLUYE LEYES 21.400 &#8211; 21.389 &#8211; 21.334 &#8211; 21.264 &#8211; 21.171 &#8211; 21.120 \u201cDerecho civil en preguntas y respuestas\u201d, es una obra destinada a servir como texto de consulta a Abogados, Administradores de Justicia, Notarios, Asistentes Sociales y dem\u00e1s profesionales. Dividida en diez grandes temas: 1) Teor\u00eda de la Ley; 2) Los actos Jur\u00eddicos; 3) Noci\u00f3n y Clasificaci\u00f3n de los derechos Civiles; 4) Teor\u00eda de la prueba; 5) Los sujetos del derecho; 6) Teor\u00eda de los Bienes; 7) Fuentes de las obligaciones; 8) Obligaciones; 9) Familia; 10) Sucesi\u00f3n por causa de muerte y donaciones entre vivos, y dada la especial y did\u00e1ctica f\u00f3rmula que el autor emplea en la exposici\u00f3n de su contenido, con m\u00e1s de 3.270 preguntas en esta nueva edici\u00f3n, se transforma en un complet\u00edsimo material de consulta para quienes, en m\u00e1s de alguna oportunidad, han deseado tener a mano la respuesta precisa y adecuada a esas inevitables interrogantes surgidas en el cotidiano ejercicio acad\u00e9mico o laboral. Texto \u00fatil e indispensable para el alumno de la carrera y egresados que deben enfrentar su \u201cgran desaf\u00edo\u201d: el examen de licenciatura, ya que el sistema concebido en la exposici\u00f3n y desarrollo de las materias, permite agilizar la comprensi\u00f3n, fijaci\u00f3n y relaci\u00f3n de conocimientos ya adquiridos por el futuro hombre de derecho.\u00a0Tambi\u00e9n aquellos que, sin ser abogados, se desempe\u00f1an en instituciones relacionadas directa e indirectamente con el quehacer jur\u00eddico e incluso cualquier persona que sienta curiosidad o necesite consultar sobre alg\u00fan aspecto o tem\u00e1tica del Derecho Civil, encontrar\u00e1 en este libro, \u00e1giles y did\u00e1cticas informaciones. En esta decimoquinta edici\u00f3n se han incorporado las siguientes leyes modificatorias: Ley 20.830 que crea el acuerdo de uni\u00f3n civil, Ley 21.171 que crea un catastro nacional de mortinatos, Ley 21.389 que crea el registro nacional de deudores de alimentos y Ley 21.400 sobre matrimonio igualitario. TOMO I 1\u00aa PARTE TEOR\u00cdA DE LA LEY 2\u00aa PARTE LOS ACTOS JUR\u00cdDICOS 3\u00aa PARTE NOCI\u00d3N Y CLASIFICACI\u00d3N DE LOS DERECHOS CIVILES 4\u00aa PARTE TEOR\u00cdA DE LA PRUEBA 5\u00aa PARTE LOS SUJETOS DEL DERECHO (PERSONAS) 6\u00aa PARTE TEOR\u00cdA DE LOS BIENES (LOS OBJETOS DEL DERECHO) CAP\u00cdTULO I:\u00a0LOS OBJETOS DEL DERECHO &#8211; TEOR\u00cdA DE LOS BIENES CAP\u00cdTULO II:\u00a0LA PROPIEDAD CAP\u00cdTULO III: OCUPACI\u00d3N Y ACCESI\u00d3N CAP\u00cdTULO IV: LA TRADICI\u00d3N CAP\u00cdTULO V: LA POSESI\u00d3N CAP\u00cdTULO VI: LA MERA TENENCIA CAP\u00cdTULO VII: LA PRESCRIPCI\u00d3N CAP\u00cdTULO VIII: ACCI\u00d3N REIVINDICATORIA Y ACCIONES POSESORIAS CAP\u00cdTULO IX:\u00a0PROPIEDAD FIDUCIARIA CAP\u00cdTULO X:\u00a0USUFRUCTO, USO Y HABITACI\u00d3N CAP\u00cdTULO XI:\u00a0LAS SERVIDUMBRES 7\u00aa PARTE FUENTES DE LAS OBLIGACIONES (CONTRATOS) CAP\u00cdTULO I: LOS CONTRATOS EN PARTICULAR CAP\u00cdTULO II: EL CONTRATO DE COMPRAVENTA CAP\u00cdTULO III:\u00a0LA PERMUTA Y LA CESI\u00d3N DE DERECHOS CAP\u00cdTULO IV:\u00a0EL CONTRATO DE ARRENDAMIENTO CAP\u00cdTULO V:\u00a0EL CENSO Y LA SOCIEDAD CAP\u00cdTULO VI:\u00a0EL MANDOTA Y LA TRANSACCI\u00d3N CAP\u00cdTULO VII:\u00a0CONTRATOS REALES CAP\u00cdTULO VIII:\u00a0LOS CONTRATOS ACCESORIOS O DE GARANT\u00cdA CAP\u00cdTULO IX:\u00a0CONTRATOS ALEATORIOS CAP\u00cdTULO X:\u00a0LOS DELITOS Y CUASIDELITOS CAP\u00cdTULO XI:\u00a0LOS CUASICONTRATOS 8\u00aa PARTE LAS OBLIGACIONES CAP\u00cdTULO I: GENERALIDADES CAP\u00cdTULO II: OBLIGACIONES CIVILES Y NATURALES CAP\u00cdTULO III:\u00a0OBLIGACIONES PRINCIPALES Y ACCESORIAS CAP\u00cdTULO IV:\u00a0OBLIGACIONES DE EJECUCI\u00d3N INST\u00c1NTANEA Y DE TRACTO SUCESIVO CAP\u00cdTULO V:\u00a0OBLIGACIONES DE DAR, HACER Y NO HACER CAP\u00cdTULO VI:\u00a0OBLIGACIONES SUJETAS A MODALIDADES CAP\u00cdTULO VII:\u00a0OBLIGACIONES DE ESPECIE O CUERPO CIERTO Y DE G\u00c9NERO CAP\u00cdTULO VIII:\u00a0OBLIGACIONES CON PLURALIDAD DE OBJETO CAP\u00cdTULO IX:\u00a0OBLIGACIONES CON PLURALIDAD DE SUJETO CAP\u00cdTULO X:\u00a0LOS EFECTOS DE LAS OBLIGACIONES CAP\u00cdTULO XI:\u00a0LAS OBLIGACIONES Y SU TRANSMISIBILIDAD CAP\u00cdTULO XII:\u00a0LOS MODOS DE EXTINGUIR LAS OBLIGACIONES TOMO II 9\u00aa PARTE FAMILIA CAP\u00cdTULO I: LOS ESPONSALES O DESPOSORIO CAP\u00cdTULO II: ALGUNAS GENERALIDADES ACERCA DEL MATRIMONIO CAP\u00cdTULO III: REQUISITOS DEL MATRIMONIO CAP\u00cdTULO IV: SEPARACI\u00d3N DE LOS C\u00d3NYUGES CAP\u00cdTULO V: LA TERMINACI\u00d3N DEL MATRIMONIO CAPITULO VI: REGLAS COMUNES A CIERTOS CASOS DE SEPARACI\u00d3N, NULIDAD Y DIVORCIO CAPITULO VII: JUICIOS DE SEPARACI\u00d3N, NULIDAD DE MATRIMONIO Y DIVORCIO CAPITULO VIII: EL CONCUBINATO O AMANCEBAMIENTO CAPITULO IX: ACUERDO DE UNI\u00d3N CIVIL CAPITULO X: LOS EFECTOS DEL MATRIMONIO CAPITULO XI: EL R\u00c9GIMEN PATRIMONIAL DEL MATRIMONIO CAPITULO XII: LAS CONVENCIONES MATRIMONIALES CAPITULO XIII: LA SOCIEDAD CONYUGAL CAPITULO XIX: EL HABER DE LA SOCIEDAD CONYUGAL Y DE LOS C\u00d3NYUGES CAPITULO XX: EL PASIVO DE LA SOCIEDAD Y DE LOS C\u00d3NYUGES CAPITULO XXI: LAS RECOMPENSAS CAPITULO XXII: ADMINISTRACI\u00d3N DE LA SOCIEDAD CONYUGAL CAPITULO XXIII: LA DISOLUCI\u00d3N DE LA SOCIEDAD CONYUGAL CAPITULO XXIV: LA RENUNCIA DE LOS GANANCIALES CAPITULO XXV: LA LIQUIDACI\u00d3N DE LA SOCIEDAD CONYUGAL CAPITULO XXVI: LOS BIENES RESERVADOS DE LA MUJER CASADA CAPITULO XXVII: EL R\u00c9GIMEN DE SEPARACI\u00d3N DE BIENES CAPITULO XXVIII: R\u00c9GIMEN DE PARTICI\u00d3N EN LOS GANANCIALES CAPITULO XXIX: LOS BIENES FAMILIARES CAPITULO XXX:\u00a0LA FILIACI\u00d3N CAPITULO XXXI:\u00a0LAS ACCIONES DE FILIACI\u00d3N CAPITULO XXXII:\u00a0LAS PATRIA POTESTAD CAPITULO XXXIII:\u00a0EL ESTADO CIVIL Y REGISTRO CIVIL CAPITULO XXXIV:\u00a0EL DERECHO DE ALIMENTOS CAPITULO XXXV:\u00a0TUTELAS Y CURADUR\u00cdAS 10\u00aa PARTE SUCESI\u00d3N POR CAUSA DE MUERTE Y DONACIONES ENTRE VIVOS CAP\u00cdTULO I: CONCEPTOS GENERALES CAP\u00cdTULO II:\u00a0LA SUCESI\u00d3N INTESTADA (ABINTESTATO) CAP\u00cdTULO III:\u00a0LA SUCESI\u00d3N TESTADA CAP\u00cdTULO IV:\u00a0LAS ASIGNACIONES TESTAMENTARIAS CAP\u00cdTULO V:\u00a0LAS ASIGNACIONES FORZOSAS CAP\u00cdTULO VI:\u00a0EL DESHEREDAMIENTO CAP\u00cdTULO VII:\u00a0REVOCACI\u00d3N Y REFORMA DEL TESTAMENTO CAP\u00cdTULO VIII:\u00a0APERTURA DE LA SUCESI\u00d3N, ACEPTACI\u00d3N Y REPUDIACI\u00d3N DE LAS ASIGNACIONES CAP\u00cdTULO IX:\u00a0LA ACCI\u00d3N DE PETICI\u00d3N DE HERENCIA Y OTRAS ACCIONES DEL HEREDERO CAP\u00cdTULO X:\u00a0LOS ALBACEAS O EJECUTORES TESTAMENTARIOS CAP\u00cdTULO XI:\u00a0LA PARTICI\u00d3N DE BIENES CAP\u00cdTULO XII:\u00a0PAGO DE LAS DEUDAS HEREDITARIAS Y TESTAMENTARIAS CAP\u00cdTULO XIII:\u00a0BENEFICIO DE SEPARACI\u00d3N CAP\u00cdTULO XIV:\u00a0LAS DONACIONES ENTRE VIVOS<\/p>\n","protected":false},"featured_media":2702,"comment_status":"open","ping_status":"closed","template":"","meta":{"inline_featured_image":false,"_joinchat":[]},"product_brand":[],"product_cat":[27,60],"product_tag":[],"class_list":{"0":"post-2651","1":"product","2":"type-product","3":"status-publish","4":"has-post-thumbnail","6":"product_cat-civil","7":"product_cat-editorial-el-jurista","8":"product_shipping_class-a-convenir","10":"first","11":"instock","12":"shipping-taxable","13":"purchasable","14":"product-type-simple"},"_links":{"self":[{"href":"https:\/\/bibliotecajuridicavirtual.cl\/index.php\/wp-json\/wp\/v2\/product\/2651","targetHints":{"allow":["GET"]}}],"collection":[{"href":"https:\/\/bibliotecajuridicavirtual.cl\/index.php\/wp-json\/wp\/v2\/product"}],"about":[{"href":"https:\/\/bibliotecajuridicavirtual.cl\/index.php\/wp-json\/wp\/v2\/types\/product"}],"replies":[{"embeddable":true,"href":"https:\/\/bibliotecajuridicavirtual.cl\/index.php\/wp-json\/wp\/v2\/comments?post=2651"}],"wp:featuredmedia":[{"embeddable":true,"href":"https:\/\/bibliotecajuridicavirtual.cl\/index.php\/wp-json\/wp\/v2\/media\/2702"}],"wp:attachment":[{"href":"https:\/\/bibliotecajuridicavirtual.cl\/index.php\/wp-json\/wp\/v2\/media?parent=2651"}],"wp:term":[{"taxonomy":"product_brand","embeddable":true,"href":"https:\/\/bibliotecajuridicavirtual.cl\/index.php\/wp-json\/wp\/v2\/product_brand?post=2651"},{"taxonomy":"product_cat","embeddable":true,"href":"https:\/\/bibliotecajuridicavirtual.cl\/index.php\/wp-json\/wp\/v2\/product_cat?post=2651"},{"taxonomy":"product_tag","embeddable":true,"href":"https:\/\/bibliotecajuridicavirtual.cl\/index.php\/wp-json\/wp\/v2\/product_tag?post=2651"}],"curies":[{"name":"wp","href":"https:\/\/api.w.org\/{rel}","templated":true}]}}