{"id":2652,"date":"2026-02-28T01:04:17","date_gmt":"2026-02-28T04:04:17","guid":{"rendered":"https:\/\/bibliotecajuridicavirtual.cl\/?post_type=product&#038;p=2652"},"modified":"2026-02-28T01:04:49","modified_gmt":"2026-02-28T04:04:49","slug":"lecciones-de-derecho-minero-ano-abril-2023-145-pag-autor-francisco-goncalvez-rojas","status":"publish","type":"product","link":"https:\/\/bibliotecajuridicavirtual.cl\/index.php\/product\/lecciones-de-derecho-minero-ano-abril-2023-145-pag-autor-francisco-goncalvez-rojas\/","title":{"rendered":"Lecciones de Derecho Minero. A\u00f1o Abril 2023\/ 145 P\u00e1g. Autor Francisco Gon\u00e7alvez Rojas"},"content":{"rendered":"<p style=\"font-weight: 400;\">El profesor Francisco Francisco Gon\u00e7alvez, es docente de la Facultad de Derecho en la Universidad Arturo Prat de Iquique, nos entrega una obra meditada y precisa, en virtud de la cual, se desarrolla nuestro derecho minero nacional desde una perspectiva sistem\u00e1tica y pr\u00e1ctica, cuyas p\u00e1ginas van dirigidas para abogados del \u00e1rea, pero principalmente para los estudiantes que deseen comprender las instituciones principales de esta rama.<\/p>\n<p style=\"font-weight: 400;\">As\u00ed las cosa, el ordenamiento jur\u00eddico de la materia que nos convoca en las presentes lecciones, es desarrollado desde las nociones de la industria minera chilena, pasando por las bases constitucionales donde se asientan las mismas ,siguiendo con la estructura procedimental de las concesiones, concluyendo con el an\u00e1lisis de la normativa vigente y leyes complementarias, incluidas en las modificaciones que se introdujeron conforme la Ley N\u00b0 21240,las cuales entraran en vigor el 1 de enero de 2024.<\/p>\n<p style=\"font-weight: 400;\">Finalmente, el lector se nutrir\u00e1 de un prontuario de escritos y escrituras de uso frecuente, los cuales, le permitir\u00e1n, en definitiva, poder materializar el estudio y satisfacer las necesidades de los interesados mineros.<\/p>\n<p style=\"font-weight: 400;\">\n<p style=\"font-weight: 400;\"><b><strong>PRIMERA PARTE<\/strong><\/b><br \/>\n<b><strong>MARCO NORMATIVO GENERAL DE LA ACTIVIDAD MINERA<\/strong><\/b><\/p>\n<p style=\"font-weight: 400;\"><b><strong>CAP\u00cdTULO 1<\/strong><\/b><br \/>\n<b><strong>CHILE PA\u00cdS MINERO<\/strong><\/b><\/p>\n<p style=\"font-weight: 400;\">INTRODUCCI\u00d3N A LA INDUSTRIA MINERA<\/p>\n<p style=\"font-weight: 400;\">1.1. Conceptos fundamentales: mina, actividad minera y derecho de miner\u00eda<br \/>\n1.2. La industria minera en Chile<\/p>\n<p style=\"font-weight: 400;\"><b><strong>CAP\u00cdTULO 2<\/strong><\/b><br \/>\n<b><strong>MARCO CONSTITUCIONAL<\/strong><\/b><\/p>\n<p style=\"font-weight: 400;\">2.1. Introducci\u00f3n<br \/>\na) Doctrina de la accesi\u00f3n o sistema de accesi\u00f3n<br \/>\nb) Doctrina de la ocupaci\u00f3n o sistema de ocupaci\u00f3n<br \/>\nc) Doctrina de la res nullius o sistema res nullius<br \/>\nd) Doctrina de la libertad de minas o sistema de libertad de minas<br \/>\ne) Doctrina del regalismo o sistema regalista<br \/>\n2.2. Constituci\u00f3n de 1980 y dominio minero<br \/>\nEl dominio p\u00fablico especial del Estado sobre las minas<br \/>\na) Constituci\u00f3n Pol\u00edtica<br \/>\nb) Ley Org\u00e1nica Constitucional (18.097)<br \/>\nc) C\u00f3digo de Miner\u00eda<br \/>\n2.3. Clasificaci\u00f3n legal de las sustancias minerales<br \/>\n1) Yacimientos no susceptibles de concesi\u00f3n minera judicial<br \/>\n2) Yacimientos cuyas sustancias son susceptibles de concesi\u00f3n minera judicial<br \/>\n3) Yacimientos excluidos de tod dominio minero del Estado, o que no se consideran minerales<br \/>\n2.4. Derechos espec\u00edficos del Estado<br \/>\n1) Los derechos del Estado sobre las sustancias y yacimientos no concesibles, en general<br \/>\n2) Los derechos del Estado sobre las sustancias no concesibles, en ciertos casos especiales<br \/>\n3) Los derechos del Estado sobre las sustancias concesibles<br \/>\n4) Los derechos del Estado sobre productos mineros de valor estrat\u00e9gico<br \/>\na) Obtenci\u00f3n espor\u00e1dica<br \/>\nb) Obtenci\u00f3n habitual<\/p>\n<p style=\"font-weight: 400;\"><b><strong>SEGUNDA PARTE<br \/>\nCONCESIONES MINERAS<\/strong><\/b><\/p>\n<p style=\"font-weight: 400;\"><b><strong>CAP\u00cdTULO 3<\/strong><\/b><br \/>\n<b><strong>CONCESIONES MINERAS. R\u00c9GIMEN JUR\u00cdDICO<\/strong><\/b><\/p>\n<p style=\"font-weight: 400;\">3.1. Concepto de concesi\u00f3n minera<br \/>\n3.2. Acto de concesi\u00f3n y derecho de concesi\u00f3n<br \/>\n3.3. Clases de concesiones mineras<br \/>\n3.4. Caracter\u00edsticas comunes de las concesiones de exploraci\u00f3n y explotaci\u00f3n constituidas<br \/>\n3.5. Objeto de las concesiones mineras<br \/>\n3.6. Forma de las concesiones mineras<br \/>\n3.7. Orientaci\u00f3n de las concesiones mineras<br \/>\n3.8. Dimensi\u00f3n y cabida de las concesiones<br \/>\na) Cabida de la concesi\u00f3n de explotaci\u00f3n<br \/>\nb) Cabida de la concesi\u00f3n de exploraci\u00f3n<br \/>\n3.9. Proyecci\u00f3n o sistema de coordenadas universal transversal de Mercator referidas a Datum Sirgas<br \/>\na) Red Horizontal<br \/>\nb) Red Vertical<br \/>\n3.10. Superposici\u00f3n de concesiones mineras<\/p>\n<p style=\"font-weight: 400;\"><b><strong>CAP\u00cdTULO 4<\/strong><\/b><br \/>\n<b><strong>PROCEDIMIENTO CONCESIONAL (I). NORMAS COMUNES<\/strong><\/b><\/p>\n<p style=\"font-weight: 400;\">4.1. Disposiciones especiales aplicables a estos procedimientos<br \/>\na) Acumulaci\u00f3n de autos<br \/>\nb) Cambio de procedimiento<br \/>\nC) Plazos<br \/>\nd) Notificaciones<br \/>\ne) Bolet\u00edn oficial de miner\u00eda (en adelante, BOM)<br \/>\nf) Tribunal competente<br \/>\ng) Error en la determinaci\u00f3n del juez competente<br \/>\nh) Nombre que reciben los escritos con que se inicia el procedimiento. Punto medio y Punto de inter\u00e9s<br \/>\ni) Derecho preferente del descubridor minero<br \/>\nj) Escrito de pedimento y de manifestaci\u00f3n<br \/>\nj.1. Patrocinio de abogado<br \/>\nj.2. Agencia oficiosa<br \/>\nk) Precisi\u00f3n del terreno pedido o manifestado<\/p>\n<p style=\"font-weight: 400;\"><b><strong>CAP\u00cdTULO 5<\/strong><\/b><br \/>\n<b><strong>PROCEDIMIENTO CONCESIONAL (II). CONCESI\u00d3N DE EXPLORACI\u00d3N. PEDIMENTO<\/strong><\/b><\/p>\n<p style=\"font-weight: 400;\">5.1. Generalidades<br \/>\n5.2. Procedimiento concesi\u00f3n de exploraci\u00f3n (i): Primera Etapa<br \/>\n5.2.1. Presentaci\u00f3n del escrito de pedimento<br \/>\n5.2.2. Preferencias que otorga la fecha de presentaci\u00f3n de pedimento<br \/>\n5.2.3. Tramitaci\u00f3n del pedimento ante el Juzgado en lo Civil<br \/>\n5.2.4. Tr\u00e1mites posteriores a la resoluci\u00f3n del Juez en lo Civil<br \/>\n5.2.5. Derechos que emanan del pedimento inscrito<br \/>\n5.3. Procedimiento concesi\u00f3n de exploraci\u00f3n (ii): Segunda Etapa<br \/>\n5.3.1. Solicitud de sentencia constitutiva de concesi\u00f3n de exploraci\u00f3n<br \/>\n5.3.2. Requisitos del escrito de solicitud de sentencia<br \/>\n5.3.3. Tramitaci\u00f3n de la solicitud de sentencia en el tribunal<br \/>\n5.4. Procedimiento concesi\u00f3n de exploraci\u00f3n (iii): Tercera y Cuarta etapas<br \/>\n5.4.1. Informe del Servicio Nacional de Geolog\u00eda y Miner\u00eda (SERNAGEOMIN)<br \/>\n5.4.2. Sentencia constitutiva de concesi\u00f3n de exploraci\u00f3n<\/p>\n<p style=\"font-weight: 400;\"><b><strong>CAP\u00cdTULO 6<\/strong><\/b><br \/>\n<b><strong>PROCEDIMIENTO CONCESIONAL (III): CONCESI\u00d3N DE EXPLOTACI\u00d3N. MANIFESTACI\u00d3N. SOLICITUD DE MENSURA<\/strong><\/b><\/p>\n<p style=\"font-weight: 400;\">6.1. Generalidades<br \/>\n6.2. Procedimiento concesi\u00f3n de explotaci\u00f3n (i): Primera Etapa<br \/>\n6.2.1. Presentaci\u00f3n del escrito de manifestaci\u00f3n y sus requisitos<br \/>\na. La individualizaci\u00f3n del manifestante<br \/>\nb. Ubicaci\u00f3n del punto de inter\u00e9s<br \/>\nc. N\u00famero de pertenencias que se solicita y nombre de cada una de ellas<br \/>\nd. La superficie de la cara superior<br \/>\ne. La circunstancia de que se hace uso del derecho que otorga una concesi\u00f3n de exploraci\u00f3n anterior vigente<br \/>\n6.2.2. Tramitaci\u00f3n de la manifestaci\u00f3n ante el Juzgado Civil<br \/>\n6.2.3. Tr\u00e1mites posteriores a la resoluci\u00f3n del Juez Civil<br \/>\n6.2.4. Derechos que emanan de la manifestaci\u00f3n inscrita<br \/>\n6.3. Procedimiento concesi\u00f3n de explotaci\u00f3n (ii): Segunda Etapa<br \/>\n6.3.1. Presentaci\u00f3n de solicitud de mensura<br \/>\n6.3.2. Plazo para solicitar mensura<br \/>\n6.3.3. Qui\u00e9n solicita la mensura<br \/>\n6.3.4. Donde se presenta la solicitud de mensura<br \/>\n6.3.5. Contenido de la solicitud de mensura<br \/>\n6.3.6. Documentos que deben acompa\u00f1arse a la solicitud de mensura<br \/>\n6.3.7. Tramitaci\u00f3n de la solicitud de mensura<br \/>\n6.3.8. Publicaci\u00f3n de la solicitud de mensura<\/p>\n<p style=\"font-weight: 400;\"><b><strong>CAP\u00cdTULO 7<\/strong><\/b><br \/>\n<b><strong>PROCEDIMIENTO CONCESIONAL (IV): CONCESI\u00d3N DE EXPLOTACI\u00d3N. OPERACI\u00d3N DE MENSURA<\/strong><\/b><\/p>\n<p style=\"font-weight: 400;\">7.1. Generalidades<br \/>\n7.2. Oportunidad en que se practica la operaci\u00f3n de mensura<br \/>\n7.3. Obligaciones y prohibiciones que afectan al ingeniero o perito mensurador<\/p>\n<p style=\"font-weight: 400;\"><b><strong>CAP\u00cdTULO 8<\/strong><\/b><br \/>\n<b><strong>PROCEDIMIENTO CONCESIONAL (V): CONCESI\u00d3N DE EXPLOTACI\u00d3N. REVISI\u00d3N DE ACTAS Y PLANOS DE MENSURA<\/strong><\/b><\/p>\n<p style=\"font-weight: 400;\">8.1. Acta de mensura<br \/>\n8.2. Plano de mensura<br \/>\n8.3. Plazo de entrega del acta y plano de mensura<br \/>\n8.4. Informe del SERNAGEOMIN<br \/>\n8.5. Tramitaci\u00f3n del informe del SERNAGEOMIN ante el tribunal<br \/>\n8.6. Juicio de oposici\u00f3n a la constituci\u00f3n de pertenencia<\/p>\n<p style=\"font-weight: 400;\"><b><strong>CAP\u00cdTULO 9<\/strong><\/b><br \/>\n<b><strong>PROCEDIMIENTO CONCESIONAL (VI): EFECTOS DE LA SENTENCIA CONSTITUTIVA. DERECHOS Y OBLIGACIONES DEL CONCESIONARIO<\/strong><\/b><\/p>\n<p style=\"font-weight: 400;\">9.1. Generalidades<br \/>\n9.2. Contenido de la sentencia constitutiva de concesi\u00f3n minera<br \/>\na) Parte expositiva<br \/>\nb) Parte considerativa<br \/>\nc) Parte resolutiva<br \/>\n9.3. Recursos que proceden contra la sentencia constitutiva<br \/>\n9.4. Efectos de la sentencia constitutiva de concesi\u00f3n<br \/>\n9.4.1. Efecto de saneamiento<br \/>\n9.4.2. Efecto de cosa juzgada<br \/>\n9.4.3. Efecto de terceros ajenos al juicio<br \/>\n9.4.4. Efecto de constituci\u00f3n de propiedad<br \/>\n9.5. Tr\u00e1mites posteriores a la dictaci\u00f3n de la sentencia<br \/>\n9.6. Derechos y obligaciones del concesionario<br \/>\n9.6.1. Derechos comunes a todo titular de concesi\u00f3n minera constituida<br \/>\n9.6.2. Obligaciones comunes a todo titular de concesi\u00f3n minera constituida<br \/>\n9.6.3. Derechos especiales del titular de concesi\u00f3n de exploraci\u00f3n<br \/>\n9.6.4. Obligaciones especiales del titular de concesi\u00f3n de exploraci\u00f3n<br \/>\n9.6.5. Derechos especiales del titular de concesi\u00f3n de explotaci\u00f3n<br \/>\n9.6.6. Obligaciones especiales del titular de concesi\u00f3n de explotaci\u00f3n<\/p>\n<p style=\"font-weight: 400;\"><b><strong>CAP\u00cdTULO 10<\/strong><\/b><br \/>\n<b><strong>PROCEDIMIENTO CONCESIONAL (VII): PROPIEDAD Y POSESI\u00d3N. CONSERVADOR DE MINAS. PRESCRIPCI\u00d3N ADQUISITIVA. ACCIONES POSESORIAS<\/strong><\/b><\/p>\n<p style=\"font-weight: 400;\">10.1. Propiedad y posesi\u00f3n de la concesi\u00f3n<br \/>\n10.2. Conservador de Minas<br \/>\n10.2.1. Generalidades<br \/>\n10.2.2. Normas legales que rigen el Conservador de Minas<br \/>\n10.2.3. Competencia del Conservador de Minas<br \/>\n10.2.4. Libros que lleva el Conservador de Minas<br \/>\n10.2.5. Archivo de documentos<br \/>\n10.2.6. Otras obligaciones del Conservador de Minas<br \/>\n10.2.7. Prohibiciones a que est\u00e1 sujeto el Conservador de Minas<br \/>\n10.3. Prescripci\u00f3n adquisitiva<br \/>\n10.4. Acciones posesorias<\/p>\n<p style=\"font-weight: 400;\"><b><strong>TERCERA PARTE<br \/>\nPROCEDIMIENTOS CONTENCIOSOS<\/strong><\/b><\/p>\n<p style=\"font-weight: 400;\"><b><strong>CAP\u00cdTULO 11<\/strong><\/b><br \/>\n<b><strong>OPOSICI\u00d3N A LA MENSURA<\/strong><\/b><\/p>\n<p style=\"font-weight: 400;\">11.1. Generalidades<br \/>\n11.2. Acciones de oposici\u00f3n obligatorias y facultativas. Plazo para deducirlas<br \/>\n11.2.1. Causales de oposici\u00f3n obligatoria<br \/>\n11.2.2. Causales de oposici\u00f3n facultativa<br \/>\n11.3. Escrito de oposici\u00f3n a la mensura<br \/>\n11.4. Efectos de la interposici\u00f3n de la demanda<br \/>\n11.5. Defensa del demandado<br \/>\n11.6. Efectos de la sentencia<\/p>\n<p style=\"font-weight: 400;\"><b><strong>CAP\u00cdTULO 12<\/strong><\/b><br \/>\n<b><strong>NULIDAD Y CADUCIDAD<\/strong><\/b><\/p>\n<p style=\"font-weight: 400;\">12.1.Nulidad de la concesi\u00f3n minera<br \/>\n12.1.1. Generalidades<br \/>\n12.1.2. Causales de nulidad que proceden respecto de las concesiones de exploraci\u00f3n<br \/>\n12.1.3. Causales de nulidad que proceden respecto de las concesiones de explotaci\u00f3n o pertenencia<br \/>\n12.1.4. Procedimiento para pedir la nulidad de la concesi\u00f3n<br \/>\n12.1.5. Requisitos para ejercer la acci\u00f3n de nulidad de concesi\u00f3n<br \/>\n12.1.6. Saneamiento de la nulidad<br \/>\n12.2. Caducidad de la concesi\u00f3n minera<br \/>\n12.2.1. Generalidades<br \/>\n12.2.2. Caducidad por incumplimiento de la obligaci\u00f3n de dar curso progresivo a los autos<\/p>\n<p style=\"font-weight: 400;\"><b><strong>CUARTA PARTE<br \/>\nOTRAS INSTITUCIONES<\/strong><\/b><\/p>\n<p style=\"font-weight: 400;\"><b><strong>CAP\u00cdTULO 13<\/strong><\/b><br \/>\n<b><strong>FACULTAD DE CATAR Y CAVAR. PERMISOS ART. 17 C.M<\/strong><\/b><\/p>\n<p style=\"font-weight: 400;\">13.1. Generalidades<br \/>\n13.2. Personas facultadas para catar y cavar. Terrenos autorizados<br \/>\n13.3. Facultad del sernageomin para efectuar trabajos de geolog\u00eda<br \/>\n13.4. Predios superficiales en relaci\u00f3n con el ejercicio de la facultad de catar y cavar<br \/>\n13.5. Permisos del art\u00edculo 17 del C\u00f3digo de Miner\u00eda<br \/>\n13.5.1. Terrenos en que la investigaci\u00f3n es libre o Terrenos de cateo libre<br \/>\n13.5.2. Terrenos en que el cateo est\u00e1 prohibido o Terrenos de cateo prohibido<br \/>\n13.5.3. Terrenos en que la investigaci\u00f3n est\u00e1 reglamentada o Terrenos de cateo reglamentado<br \/>\n13.6. Derechos que otorga la facultad de catar y cavar y obligaciones que impone<\/p>\n<p style=\"font-weight: 400;\"><b><strong>CAP\u00cdTULO 14<\/strong><\/b><br \/>\n<b><strong>R\u00c9GIMEN DE AMPARO<\/strong><\/b><\/p>\n<p style=\"font-weight: 400;\">14.1. Generalidades<br \/>\n14.2. Naturaleza jur\u00eddica de la patente minera<br \/>\n14.3. Sistemas de amparo<br \/>\n14.3.1. El sistema de amparo por el trabajo<br \/>\n14.3.2. El sistema de amparo por la obligaci\u00f3n de invertir (amparo por producci\u00f3n m\u00ednima)<br \/>\n14.4. Plazos de la obligaci\u00f3n de amparo<br \/>\n14.5. Patente proporcional<br \/>\n14.6. Monto de la patente minera. Art\u00edculo 142 bis del C\u00f3digo de Miner\u00eda<br \/>\n14.7. Personas obligadas al pago de la patente<br \/>\n14.8. \u00c9poca y lugar de pago de la patente<br \/>\n14.9. El desamparo y sus efectos<br \/>\n14.10. Procedimiento judicial por desamparo<br \/>\n14.10.1. Caracter\u00edsticas<br \/>\n14.10.2. Objeto del juicio de desamparo y prescripci\u00f3n del mismo<br \/>\n14.10.3. Procedimiento propiamente tal<br \/>\n14.11. Obligaciones del tesorero general de la rep\u00fablica y del SERNAGEOMIN<br \/>\n14.12. Efectos tributarios del pago de patente<br \/>\n14.12.1. Imputaci\u00f3n de la patente como gasto de organizaci\u00f3n para fines tributarios<br \/>\n14.12.2. Imputaci\u00f3n de la patente como gasto de organizaci\u00f3n para fines tributarios<\/p>\n<p style=\"font-weight: 400;\"><b><strong>ANEXOS<\/strong><\/b><br \/>\n<b><strong>CONJUNTO DE ESCRITOS RELACIONADOS CON LA CONSTITUCI\u00d3N MINERA, Y CONTRATOS DE USO FRECUENTE<\/strong><\/b><\/p>\n<ol>\n<li style=\"font-weight: 400;\">Permiso para catar y cavar en terrenos abiertos y cultivados y en terrenos cerrados<br \/>\n2. Solicitud para obtener permiso para realizar labores mineras en los lugares indicados en el art\u00edculo 17<br \/>\n3. Gesti\u00f3n de anotaci\u00f3n de demas\u00eda<br \/>\n4. Escrito de pedimento<br \/>\n5. Escrito de manifestaci\u00f3n<br \/>\n6. Escrito de manifestaci\u00f3n en uso del derecho que otorga una concesi\u00f3n de exploraci\u00f3n<br \/>\n7. Escrito de solicitud de sentencia constitutiva de concesi\u00f3n de exploraci\u00f3n<br \/>\n8. Escrito de solicitud de mensura<br \/>\n9. Escrito de oposici\u00f3n a la mensura. Causal 1a art. 61<br \/>\n10. Escrito de oposici\u00f3n a la mensura. Causal 2o art. 61<br \/>\n11. Solicitud de caducidad por paralizaci\u00f3n del juicio de oposici\u00f3n<br \/>\n12. Solicitud de caducidad por paralizaci\u00f3n de los tr\u00e1mites de constituci\u00f3n de la pertenencia<br \/>\n13. Oposici\u00f3n a la constituci\u00f3n de pertenencia, fundada en la existencia de pertenencia ya constituida<br \/>\n14. Oposici\u00f3n a la constituci\u00f3n de pertenencia, fundada en el derecho preferente para mensurar<br \/>\n15. Demanda de nulidad del acto de concesi\u00f3n por superposici\u00f3n<br \/>\n16. Constituci\u00f3n judicial de servidumbre<br \/>\n17. Renuncia de pertenencia y concesi\u00f3n de exploraci\u00f3n, constituidas<br \/>\n18. Declaraci\u00f3n de vigencia de la inscripci\u00f3n del acta de mensura. Art\u00edculo 243 del C\u00f3digo de Miner\u00eda<br \/>\n19. Servidumbre minera. Escritura p\u00fablica<br \/>\n20. Compraventa de pertenencias mineras. Escritura p\u00fablica<\/li>\n<\/ol>\n","protected":false},"excerpt":{"rendered":"<p>El profesor Francisco Francisco Gon\u00e7alvez, es docente de la Facultad de Derecho en la Universidad Arturo Prat de Iquique, nos entrega una obra meditada y precisa, en virtud de la cual, se desarrolla nuestro derecho minero nacional desde una perspectiva sistem\u00e1tica y pr\u00e1ctica, cuyas p\u00e1ginas van dirigidas para abogados del \u00e1rea, pero principalmente para los estudiantes que deseen comprender las instituciones principales de esta rama. As\u00ed las cosa, el ordenamiento jur\u00eddico de la materia que nos convoca en las presentes lecciones, es desarrollado desde las nociones de la industria minera chilena, pasando por las bases constitucionales donde se asientan las mismas ,siguiendo con la estructura procedimental de las concesiones, concluyendo con el an\u00e1lisis de la normativa vigente y leyes complementarias, incluidas en las modificaciones que se introdujeron conforme la Ley N\u00b0 21240,las cuales entraran en vigor el 1 de enero de 2024. Finalmente, el lector se nutrir\u00e1 de un prontuario de escritos y escrituras de uso frecuente, los cuales, le permitir\u00e1n, en definitiva, poder materializar el estudio y satisfacer las necesidades de los interesados mineros. PRIMERA PARTE MARCO NORMATIVO GENERAL DE LA ACTIVIDAD MINERA CAP\u00cdTULO 1 CHILE PA\u00cdS MINERO INTRODUCCI\u00d3N A LA INDUSTRIA MINERA 1.1. Conceptos fundamentales: mina, actividad minera y derecho de miner\u00eda 1.2. La industria minera en Chile CAP\u00cdTULO 2 MARCO CONSTITUCIONAL 2.1. Introducci\u00f3n a) Doctrina de la accesi\u00f3n o sistema de accesi\u00f3n b) Doctrina de la ocupaci\u00f3n o sistema de ocupaci\u00f3n c) Doctrina de la res nullius o sistema res nullius d) Doctrina de la libertad de minas o sistema de libertad de minas e) Doctrina del regalismo o sistema regalista 2.2. Constituci\u00f3n de 1980 y dominio minero El dominio p\u00fablico especial del Estado sobre las minas a) Constituci\u00f3n Pol\u00edtica b) Ley Org\u00e1nica Constitucional (18.097) c) C\u00f3digo de Miner\u00eda 2.3. Clasificaci\u00f3n legal de las sustancias minerales 1) Yacimientos no susceptibles de concesi\u00f3n minera judicial 2) Yacimientos cuyas sustancias son susceptibles de concesi\u00f3n minera judicial 3) Yacimientos excluidos de tod dominio minero del Estado, o que no se consideran minerales 2.4. Derechos espec\u00edficos del Estado 1) Los derechos del Estado sobre las sustancias y yacimientos no concesibles, en general 2) Los derechos del Estado sobre las sustancias no concesibles, en ciertos casos especiales 3) Los derechos del Estado sobre las sustancias concesibles 4) Los derechos del Estado sobre productos mineros de valor estrat\u00e9gico a) Obtenci\u00f3n espor\u00e1dica b) Obtenci\u00f3n habitual SEGUNDA PARTE CONCESIONES MINERAS CAP\u00cdTULO 3 CONCESIONES MINERAS. R\u00c9GIMEN JUR\u00cdDICO 3.1. Concepto de concesi\u00f3n minera 3.2. Acto de concesi\u00f3n y derecho de concesi\u00f3n 3.3. Clases de concesiones mineras 3.4. Caracter\u00edsticas comunes de las concesiones de exploraci\u00f3n y explotaci\u00f3n constituidas 3.5. Objeto de las concesiones mineras 3.6. Forma de las concesiones mineras 3.7. Orientaci\u00f3n de las concesiones mineras 3.8. Dimensi\u00f3n y cabida de las concesiones a) Cabida de la concesi\u00f3n de explotaci\u00f3n b) Cabida de la concesi\u00f3n de exploraci\u00f3n 3.9. Proyecci\u00f3n o sistema de coordenadas universal transversal de Mercator referidas a Datum Sirgas a) Red Horizontal b) Red Vertical 3.10. Superposici\u00f3n de concesiones mineras CAP\u00cdTULO 4 PROCEDIMIENTO CONCESIONAL (I). NORMAS COMUNES 4.1. Disposiciones especiales aplicables a estos procedimientos a) Acumulaci\u00f3n de autos b) Cambio de procedimiento C) Plazos d) Notificaciones e) Bolet\u00edn oficial de miner\u00eda (en adelante, BOM) f) Tribunal competente g) Error en la determinaci\u00f3n del juez competente h) Nombre que reciben los escritos con que se inicia el procedimiento. Punto medio y Punto de inter\u00e9s i) Derecho preferente del descubridor minero j) Escrito de pedimento y de manifestaci\u00f3n j.1. Patrocinio de abogado j.2. Agencia oficiosa k) Precisi\u00f3n del terreno pedido o manifestado CAP\u00cdTULO 5 PROCEDIMIENTO CONCESIONAL (II). CONCESI\u00d3N DE EXPLORACI\u00d3N. PEDIMENTO 5.1. Generalidades 5.2. Procedimiento concesi\u00f3n de exploraci\u00f3n (i): Primera Etapa 5.2.1. Presentaci\u00f3n del escrito de pedimento 5.2.2. Preferencias que otorga la fecha de presentaci\u00f3n de pedimento 5.2.3. Tramitaci\u00f3n del pedimento ante el Juzgado en lo Civil 5.2.4. Tr\u00e1mites posteriores a la resoluci\u00f3n del Juez en lo Civil 5.2.5. Derechos que emanan del pedimento inscrito 5.3. Procedimiento concesi\u00f3n de exploraci\u00f3n (ii): Segunda Etapa 5.3.1. Solicitud de sentencia constitutiva de concesi\u00f3n de exploraci\u00f3n 5.3.2. Requisitos del escrito de solicitud de sentencia 5.3.3. Tramitaci\u00f3n de la solicitud de sentencia en el tribunal 5.4. Procedimiento concesi\u00f3n de exploraci\u00f3n (iii): Tercera y Cuarta etapas 5.4.1. Informe del Servicio Nacional de Geolog\u00eda y Miner\u00eda (SERNAGEOMIN) 5.4.2. Sentencia constitutiva de concesi\u00f3n de exploraci\u00f3n CAP\u00cdTULO 6 PROCEDIMIENTO CONCESIONAL (III): CONCESI\u00d3N DE EXPLOTACI\u00d3N. MANIFESTACI\u00d3N. SOLICITUD DE MENSURA 6.1. Generalidades 6.2. Procedimiento concesi\u00f3n de explotaci\u00f3n (i): Primera Etapa 6.2.1. Presentaci\u00f3n del escrito de manifestaci\u00f3n y sus requisitos a. La individualizaci\u00f3n del manifestante b. Ubicaci\u00f3n del punto de inter\u00e9s c. N\u00famero de pertenencias que se solicita y nombre de cada una de ellas d. La superficie de la cara superior e. La circunstancia de que se hace uso del derecho que otorga una concesi\u00f3n de exploraci\u00f3n anterior vigente 6.2.2. Tramitaci\u00f3n de la manifestaci\u00f3n ante el Juzgado Civil 6.2.3. Tr\u00e1mites posteriores a la resoluci\u00f3n del Juez Civil 6.2.4. Derechos que emanan de la manifestaci\u00f3n inscrita 6.3. Procedimiento concesi\u00f3n de explotaci\u00f3n (ii): Segunda Etapa 6.3.1. Presentaci\u00f3n de solicitud de mensura 6.3.2. Plazo para solicitar mensura 6.3.3. Qui\u00e9n solicita la mensura 6.3.4. Donde se presenta la solicitud de mensura 6.3.5. Contenido de la solicitud de mensura 6.3.6. Documentos que deben acompa\u00f1arse a la solicitud de mensura 6.3.7. Tramitaci\u00f3n de la solicitud de mensura 6.3.8. Publicaci\u00f3n de la solicitud de mensura CAP\u00cdTULO 7 PROCEDIMIENTO CONCESIONAL (IV): CONCESI\u00d3N DE EXPLOTACI\u00d3N. OPERACI\u00d3N DE MENSURA 7.1. Generalidades 7.2. Oportunidad en que se practica la operaci\u00f3n de mensura 7.3. Obligaciones y prohibiciones que afectan al ingeniero o perito mensurador CAP\u00cdTULO 8 PROCEDIMIENTO CONCESIONAL (V): CONCESI\u00d3N DE EXPLOTACI\u00d3N. REVISI\u00d3N DE ACTAS Y PLANOS DE MENSURA 8.1. Acta de mensura 8.2. Plano de mensura 8.3. Plazo de entrega del acta y plano de mensura 8.4. Informe del SERNAGEOMIN 8.5. Tramitaci\u00f3n del informe del SERNAGEOMIN ante el tribunal 8.6. Juicio de oposici\u00f3n a la constituci\u00f3n de pertenencia CAP\u00cdTULO 9 PROCEDIMIENTO CONCESIONAL (VI): EFECTOS DE LA SENTENCIA CONSTITUTIVA. DERECHOS Y OBLIGACIONES DEL CONCESIONARIO 9.1. Generalidades 9.2. Contenido de la sentencia constitutiva de concesi\u00f3n minera a) Parte expositiva b) Parte<\/p>\n","protected":false},"featured_media":2703,"comment_status":"open","ping_status":"closed","template":"","meta":{"inline_featured_image":false,"_joinchat":[]},"product_brand":[],"product_cat":[31],"product_tag":[],"class_list":{"0":"post-2652","1":"product","2":"type-product","3":"status-publish","4":"has-post-thumbnail","6":"product_cat-derecho-ambiental","7":"product_shipping_class-a-convenir","9":"first","10":"instock","11":"shipping-taxable","12":"purchasable","13":"product-type-simple"},"_links":{"self":[{"href":"https:\/\/bibliotecajuridicavirtual.cl\/index.php\/wp-json\/wp\/v2\/product\/2652","targetHints":{"allow":["GET"]}}],"collection":[{"href":"https:\/\/bibliotecajuridicavirtual.cl\/index.php\/wp-json\/wp\/v2\/product"}],"about":[{"href":"https:\/\/bibliotecajuridicavirtual.cl\/index.php\/wp-json\/wp\/v2\/types\/product"}],"replies":[{"embeddable":true,"href":"https:\/\/bibliotecajuridicavirtual.cl\/index.php\/wp-json\/wp\/v2\/comments?post=2652"}],"wp:featuredmedia":[{"embeddable":true,"href":"https:\/\/bibliotecajuridicavirtual.cl\/index.php\/wp-json\/wp\/v2\/media\/2703"}],"wp:attachment":[{"href":"https:\/\/bibliotecajuridicavirtual.cl\/index.php\/wp-json\/wp\/v2\/media?parent=2652"}],"wp:term":[{"taxonomy":"product_brand","embeddable":true,"href":"https:\/\/bibliotecajuridicavirtual.cl\/index.php\/wp-json\/wp\/v2\/product_brand?post=2652"},{"taxonomy":"product_cat","embeddable":true,"href":"https:\/\/bibliotecajuridicavirtual.cl\/index.php\/wp-json\/wp\/v2\/product_cat?post=2652"},{"taxonomy":"product_tag","embeddable":true,"href":"https:\/\/bibliotecajuridicavirtual.cl\/index.php\/wp-json\/wp\/v2\/product_tag?post=2652"}],"curies":[{"name":"wp","href":"https:\/\/api.w.org\/{rel}","templated":true}]}}