{"id":2653,"date":"2026-02-28T01:04:17","date_gmt":"2026-02-28T04:04:17","guid":{"rendered":"https:\/\/bibliotecajuridicavirtual.cl\/?post_type=product&#038;p=2653"},"modified":"2026-02-28T01:04:50","modified_gmt":"2026-02-28T04:04:50","slug":"manual-de-derecho-concursal-2da-edicion-julio-2023-290-pag-autor-christian-allen-rojas","status":"publish","type":"product","link":"https:\/\/bibliotecajuridicavirtual.cl\/index.php\/product\/manual-de-derecho-concursal-2da-edicion-julio-2023-290-pag-autor-christian-allen-rojas\/","title":{"rendered":"Manual de Derecho Concursal 2da Edicion Julio 2023\/ 290 P\u00e1g. Autor Christian Allen  Rojas"},"content":{"rendered":"<p style=\"font-weight: 400;\">Esta segunda edici\u00f3n actualizada contiene una descripci\u00f3n \u00edntegra de todos los procedimientos de la Ley N\u00b0 20.720. Ha sido pensada para ayudar al estudiante de derecho en el conocimiento de sus instituciones y al abogado litigante en la tarea de asesorar bien a su cliente.<\/p>\n<p style=\"font-weight: 400;\">Al igual que en la primera edici\u00f3n, se caracteriza por su estilo pr\u00e1ctico, de f\u00e1cil lectura, que destaca los elementos m\u00e1s importantes de cada instituci\u00f3n con una referencia actualizada a la normativa de la Superintendencia de Insolvencia y Emprendimiento y a la jurisprudencia.<\/p>\n<p style=\"font-weight: 400;\">En esta segunda edici\u00f3n destaca el estudio que se hace de la reforma introducida por la Ley N\u00b0 21.563, publicada en el Diario Oficial el 10 de mayo de 2023, que modifica sustancialmente el concepto de Empresa Deudora y que, junto con otros cambios, reformula completamente el Cap\u00edtulo V de la Ley, que previo a la reforma pasa a llamarse \u201cDe los Procedimientos Concursales Especiales\u201d. Entre sus modificaciones fundamentales esta ley introduce nuevos procedimientos que se aplican tanto a personas como a empresas deudoras que califiquen como micro o peque\u00f1as empresas. Todos estos cambios son analizados en detalle.<\/p>\n<p style=\"font-weight: 400;\">\n<ol>\n<li style=\"font-weight: 400;\"><b><strong> EL CONCURSO. ORIGEN Y EVOLUCI\u00d3N HIST\u00d3RICA, CARACTER\u00cdSTICAS, PRINCIPIOS FUNDANTES Y NATURALEZA JUR\u00cdDICA<\/strong><\/b><\/li>\n<\/ol>\n<p style=\"font-weight: 400;\">1.1. Origen y Evoluci\u00f3n Hist\u00f3rica<br \/>\n1.1.1. Primeros Antecedentes<br \/>\n1.1.2. Evoluci\u00f3n de la Quiebra en el Derecho Concursal Chileno<\/p>\n<p>1.2. Caracter\u00edsticas<\/p>\n<p>1.3. Principios Fundantes del Derecho Concursal<br \/>\n1.3.1. Principio de Par Condictio Creditorum<br \/>\n1.3.2. Principio de la Protecci\u00f3n Adecuada del Cr\u00e9dito<br \/>\n1.3.3. Principio de la Conservaci\u00f3n de la Empresa<br \/>\n1.3.4. Principio de la Racionalidad Econ\u00f3mica<br \/>\n1.4. Naturaleza Jur\u00eddica de la Quiebra<br \/>\n1.4.1. La Teor\u00eda Sustancialista de Derecho Mercantil<br \/>\n1.4.2. La Teor\u00eda Procesalista<br \/>\n1.4.3. La Teor\u00eda Sustancialista de Derecho Econ\u00f3mico<\/p>\n<ol start=\"2\">\n<li style=\"font-weight: 400;\"><b><strong> LOS \u00d3RGANOS DE LOS PROCEDIMIENTOS CONCURSALES<\/strong><\/b><\/li>\n<\/ol>\n<p style=\"font-weight: 400;\">2.1. El Deudor<br \/>\n2.1.1. Concepto de Sujeto Pasivo Contenido en el Texto Original del C\u00f3digo de Comercio y en la Ley No 4.558<br \/>\n2.1.2. Concepto de Sujeto Pasivo Contenido en la Ley No 18.175 y en el Libro IV del C\u00f3digo de Comercio<br \/>\n2.1.3. Concepto de Sujeto Pasivo Contenido en la Ley No 20.720 de 2014<\/p>\n<p>2.2. El Tribunal<\/p>\n<p>2.3. Los Acreedores<\/p>\n<p>2.4. El Veedor y el Liquidador<br \/>\n2.4.1. El Veedor<br \/>\n2.4.2. El Liquidador<br \/>\n2.4.3. Normas Relativas a Cese Anticipado en el Cargo, Honorarios y Contrataciones Especializadas (Arts. 38 al 41)<br \/>\n2.4.4. Normas Relativas a la Cuenta Provisoria y la Cuenta Final de Administraci\u00f3n del Liquidador (Arts. 46 a 53)<br \/>\n2.4.5. Disposiciones Comunes para Veedor y Liquidador<\/p>\n<p>2.5. La Superintendencia de Insolvencia y Reemprendimiento<\/p>\n<ol start=\"3\">\n<li style=\"font-weight: 400;\"><b><strong> ASPECTOS PROCESALES DE LOS PROCEDIMIENTOS CONCURSALES<\/strong><\/b><\/li>\n<\/ol>\n<p style=\"font-weight: 400;\">3.1. Las Partes y su Comparecencia en Juicio<\/p>\n<p>3.2. Competencia<\/p>\n<p>3.3. Notificaciones<\/p>\n<p>3.4. Plazos<\/p>\n<p>3.5. Recursos<\/p>\n<p>3.6. Incidentes<\/p>\n<p>3.7. La causa en los Procedimientos Concursales<br \/>\n3.7.1. Teor\u00eda Restringida o Materialista<br \/>\n3.7.2. La Teor\u00eda Intermedia<br \/>\n3.7.3. La Teor\u00eda Amplia<\/p>\n<ol start=\"4\">\n<li style=\"font-weight: 400;\"><b><strong> LA LEY No 20.720, QUE SUSTITUYE EL R\u00c9GIMEN CONCURSAL VIGENTE POR UNA LEY DE REORGANIZACI\u00d3N Y LIQUIDACI\u00d3N DE EMPRESAS Y PERSONAS, Y PERFECCIONA EL ROL DE LA SUPERINTENDENCIA DEL RAMO<\/strong><\/b><\/li>\n<\/ol>\n<p style=\"font-weight: 400;\">4.1. Antecedentes<br \/>\n4.2. Vigencia<br \/>\n4.3. Estructura<br \/>\n4.4. \u00c1mbito de Aplicaci\u00f3n de la Ley<br \/>\n4.5. Innovaciones de la Ley No 20.720 con Respecto a la Ley No 18.175<\/p>\n<ol start=\"5\">\n<li style=\"font-weight: 400;\"><b><strong> PROCEDIMIENTOS REGULADOS EN LA LEY No 20.720<\/strong><\/b><\/li>\n<\/ol>\n<p style=\"font-weight: 400;\">5.1. El Procedimiento Concursal de Reorganizaci\u00f3n<br \/>\n5.1.1. El Procedimiento Concursal de Reorganizaci\u00f3n Judicial<br \/>\n5.1.2. Caracter\u00edsticas<br \/>\n5.1.3. La Resoluci\u00f3n de Reorganizaci\u00f3n<br \/>\n5.1.4. La Protecci\u00f3n Financiera Concursal<br \/>\n5.1.5. Efectos de la Protecci\u00f3n Financiera Concursal<br \/>\n5.1.6. Medidas Cautelares y de Restricci\u00f3n<br \/>\n5.1.7. Duraci\u00f3n (Art. 58)<br \/>\n5.1.8. Venta de Activos y Contrataci\u00f3n de Pr\u00e9stamos Durante la Protecci\u00f3n Financiera Concursal<br \/>\n5.1.9. Venta de Bienes Otorgados en Prenda o Hipoteca Durante la Protecci\u00f3n Financiera Concursal (Art. 75)<br \/>\n5.1.10. Continuidad del Suministro y Operaciones de Comercio Exterior<br \/>\n5.1.11. Objeto de la Propuesta de Acuerdo de Reorganizaci\u00f3n Judicial<br \/>\n5.1.12. Limitaciones<br \/>\n5.1.13. Determinaci\u00f3n del Pasivo y Procedimiento de Verificaci\u00f3n y Reconocimiento de Cr\u00e9ditos<br \/>\n5.1.14. La Propuesta de Acuerdo de Reorganizaci\u00f3n Judicial<br \/>\n5.1.15. La Impugnaci\u00f3n del Acuerdo<br \/>\n5.1.16. Aprobaci\u00f3n del Acuerdo<br \/>\n5.1.17. Efectos del Acuerdo de Reorganizaci\u00f3n Empresarial<br \/>\n5.1.18. Efectos del Acuerdo de Reorganizaci\u00f3n Judicial en las Obligaciones Garantizadas del Deudor<br \/>\n5.1.19. Rechazo del Acuerdo<br \/>\n5.1.20. Nulidad del Acuerdo<br \/>\n5.1.21. Acci\u00f3n de Incumplimiento<br \/>\n5.1.22. Procedimiento Aplicable a la Acci\u00f3n de Nulidad y a la Acci\u00f3n de Incumplimiento<br \/>\n5.1.23. El Acuerdo de Reorganizaci\u00f3n Extrajudicial o Simplificado (Arts. 102 a 114)<br \/>\n5.1.24. Quorum<br \/>\n5.1.25. Impugnaci\u00f3n<br \/>\n5.1.26. Aprobaci\u00f3n Judicial<br \/>\n5.1.27. Efectos<\/p>\n<p>5.2. El Procedimiento Concursal de Liquidaci\u00f3n de la Empresa Deudora<br \/>\n5.2.1. La Liquidaci\u00f3n Voluntaria<br \/>\n5.2.2. La Liquidaci\u00f3n Forzosa<br \/>\n5.2.3. Requisitos de la Demanda<br \/>\n5.2.4. Audiencia Inicial<br \/>\n5.2.5. El juicio de Oposici\u00f3n<br \/>\n5.2.6. Requisitos de las Pruebas Ofrecidas por la Empresa Deudora en el Juicio de Oposici\u00f3n<br \/>\n5.2.7. La Audiencia de Prueba<br \/>\n5.2.8. Audiencia de Fallo<br \/>\n5.2.9. Sentencia Definitiva<br \/>\n5.2.10. La Resoluci\u00f3n de Liquidaci\u00f3n (Art. 129)<br \/>\n5.2.11. Efectos de la Resoluci\u00f3n de Liquidaci\u00f3n (Art. 130)<br \/>\n5.2.12. Procedimiento de Soluci\u00f3n de Controversias<br \/>\n5.2.13. Administraci\u00f3n de Bienes en Caso de Usufructo Legal y Situaci\u00f3n de Bienes Futuros<br \/>\n5.2.14. Tratamiento de los Cr\u00e9ditos en el Procedimiento de Liquidaci\u00f3n<br \/>\n5.2.15. Reajuste y C\u00e1lculo de Intereses (Art. 139)<br \/>\n5.2.16. Normas Especiales en Materia de Compensaciones de Derivados<br \/>\n5.2.17. Derecho Legal de Retenci\u00f3n en el Contrato de Arrendamiento (Art. 141)<br \/>\n5.2.18. Excepciones a la acumulaci\u00f3n de juicios<br \/>\n5.2.19. Acumulaci\u00f3n de Juicios Ejecutivos<br \/>\n5.2.20. Acumulaci\u00f3n de Juicios Ejecutivos en Obligaciones de Dar]<br \/>\n5.2.21. Acumulaci\u00f3n de Juicios Ejecutivos en Obligaciones de Hacer<br \/>\n5.2.22. Norma Com\u00fan para Juicios Ejecutivos<br \/>\n5.2.23. Juicios Iniciados por el Deudor<br \/>\n5.2.24. Medidas Cautelares<br \/>\n5.2.25. Normas en Materia de Reivindicaci\u00f3n<br \/>\n5.2.26. Raz\u00f3n Social de la Empresa Deudora<br \/>\n5.2.27. Incautaci\u00f3n e Inventario de Bienes<br \/>\n5.2.28. Determinaci\u00f3n del Pasivo<br \/>\n5.2.29. La Verificaci\u00f3n Ordinaria<br \/>\n5.2.30. Objeci\u00f3n de Cr\u00e9ditos (Art. 174)<br \/>\n5.2.31. La Verificaci\u00f3n Extraordinaria<br \/>\n5.2.32. Las Juntas de Acreedores<br \/>\n5.2.33. Audiencia de Determinaci\u00f3n del Derecho a Voto<br \/>\n5.2.34. Excepciones al Derecho a Voto<br \/>\n5.2.35. Prohibici\u00f3n de Fraccionar los Cr\u00e9ditos<br \/>\n5.2.36. La Junta Constitutiva<br \/>\n5.2.37. Materias de la Junta Constitutiva<br \/>\n5.2.38. La Primera Junta Ordinaria<br \/>\n5.2.39. Juntas Extraordinarias<br \/>\n5.2.40. Materias de una Junta Extraordinaria<br \/>\n5.2.41. La Comisi\u00f3n de Acreedores<br \/>\n5.2.42. La realizaci\u00f3n de los Bienes del Deudor<br \/>\n5.2.43. La Realizaci\u00f3n Simplificada o Sumaria de los Bienes del Deudor<br \/>\n5.2.44. Reglas para la Realizaci\u00f3n Simplificada<br \/>\n5.2.45. La realizaci\u00f3n Ordinaria de Bienes del Deudor<br \/>\n5.2.46. Normas sobre Venta al Martillo<br \/>\n5.2.47. La Venta como Unidad Econ\u00f3mica<br \/>\n5.2.48. La Oferta de Compra Directa<br \/>\n5.2.49. Normas Especiales en Materia de Leasing<br \/>\n5.2.50. Normas Especiales en Materia de Cr\u00e9ditos Morosos y Activos Muebles de Dif\u00edcil Realizaci\u00f3n<br \/>\n5.2.51. La Decisi\u00f3n de no Perseverar en la Persecuci\u00f3n de Bienes<br \/>\n5.2.52. La Continuaci\u00f3n de Actividades<br \/>\n5.2.53. El Pago del Pasivo<br \/>\n5.2.54. T\u00e9rmino del Procedimiento Concursal de Liquidaci\u00f3n<\/p>\n<p style=\"font-weight: 400;\">5.3. Los Procedimientos Concursales de la Persona Deudora<br \/>\n5.3.1. El Procedimiento Concursal de Renegociaci\u00f3n de la Persona Deudora<br \/>\n5.3.2. Audiencia de Renegociaci\u00f3n<br \/>\n5.3.3. Objeto del Acuerdo de Renegociaci\u00f3n<br \/>\n5.3.4. Audiencia de Ejecuci\u00f3n<br \/>\n5.3.5. T\u00e9rmino Anticipado del Procedimiento de Renegociaci\u00f3n<br \/>\n5.3.6. Recursos<br \/>\n5.3.7. Impugnaci\u00f3n del Acuerdo de Renegociaci\u00f3n o del Acuerdo de Ejecuci\u00f3n<br \/>\n5.3.8. Tramitaci\u00f3n<br \/>\n5.3.9. El Procedimiento Concursal de Liquidaci\u00f3n de los Bienes de la Persona Deudora<br \/>\n5.3.10. La liquidaci\u00f3n Voluntaria de los Bienes de la Persona deudora<br \/>\n5.3.11. La Liquidaci\u00f3n Forzosa Simplificada<br \/>\n5.3.12. El Procedimiento Concursal de Reorganizaci\u00f3n Simplificada<\/p>\n<p style=\"font-weight: 400;\">5.4. Las Acciones Revocatorias Concursales<br \/>\n5.4.1. La Revocaci\u00f3n de los Actos Ejecutados o Contratos Suscritos por Empresas Deudoras<br \/>\n5.4.2. Actos de Revocabilidad Objetiva<br \/>\n5.4.3. Actos de Revocabilidad Subjetiva<br \/>\n5.4.4. La Revocaci\u00f3n de los Actos Ejecutados o Contratos Celebrados por una Persona Deudora<\/p>\n<ol start=\"6\">\n<li style=\"font-weight: 400;\"><b><strong> EL ARBITRAJE CONCURSAL<\/strong><\/b><\/li>\n<\/ol>\n<p style=\"font-weight: 400;\">6.1. Naturaleza del Arbitraje y Constituci\u00f3n del Tribunal Arbitral<\/p>\n<ol start=\"7\">\n<li style=\"font-weight: 400;\"><b><strong> LA INSOLVENCIA TRANSFRONTERIZA<\/strong><\/b><\/li>\n<\/ol>\n<p style=\"font-weight: 400;\">7.1. El Tratamiento de la Quiebra Transfronteriza con Anterioridad a la Ley No 20.720<\/p>\n<p>7.2. El Sistema de Reconocimiento Vigente en la Ley No 20.720<\/p>\n<p>7.3. Situaciones que Pueden dar Origen a una Quiebra Transfronteriza<br \/>\n7.3.1. Tramitaci\u00f3n de la Solicitud de un Procedimiento Extranjero ante un Tribunal Chileno<br \/>\n7.3.2. Normas de Admisibilidad<br \/>\n7.3.3. Requisitos de Forma<br \/>\n7.3.4. Normas de Competencia<br \/>\n7.3.5. Medidas que Pueden ser Adoptadas por los Tribunales Frente a un Procedimiento Extranjero<br \/>\n7.3.6. Medidas que se Pueden Adoptar a Partir de la Solicitud de Reconocimiento de un Procedimiento Extranjero<br \/>\n7.3.7. Efectos del Reconocimiento de un Procedimiento Extranjero principal<br \/>\n7.3.8. Medidas que se Pueden Adoptar a Partir del Reconocimiento de un Procedimiento Extranjero<br \/>\n7.3.9. Protecci\u00f3n de los Acreedores y de Otras Personas Interesadas<\/p>\n<p style=\"font-weight: 400;\">7.4. Procedimientos Paralelos<br \/>\n7.4.1. Reglamentaci\u00f3n de los Procedimientos Paralelos<br \/>\n7.4.2. Inicio de un Procedimiento Concursal tras el Reconocimiento de un Procedimiento Extranjero Principal<br \/>\n7.4.3. Coordinaci\u00f3n de un Procedimiento Concursal Seguido con Arreglo a la Ley No 20.720 y un Procedimiento Extranjero<br \/>\n7.4.4. Coordinaci\u00f3n de Varios Procedimientos Extranjeros<br \/>\n7.4.5. Regla de Pago para Procedimientos Paralelos<br \/>\n7.4.6. Ejercicio de Acciones Revocatorias Concursales<br \/>\n7.5. Normas sobre Cooperaci\u00f3n<br \/>\n7.5.1. Normas sobre Cooperaci\u00f3n y Comunicaci\u00f3n Directa entre un tribunal Chileno y los Tribunales o Representantes Extranjeros<br \/>\n7.5.2. Normas sobre Cooperaci\u00f3n y Comunicaci\u00f3n Directa entre los Administradores Concursales y los Representantes Extranjeros<br \/>\n7.5.3. Formas de Cooperaci\u00f3n<\/p>\n<p style=\"font-weight: 400;\">\n<p style=\"font-weight: 400;\">Bibliograf\u00eda<\/p>\n<p style=\"font-weight: 400;\">\u2013 Autores Citados<br \/>\n\u2013 Leyes Citadas<br \/>\n\u2013 Oficios de la Superintendencia de Insolvencia y Reemprendimiento<br \/>\n\u2013 Instructivos de la Superintendencia de Insolvencia y Reemprendimiento<br \/>\n\u2013 Normas de Car\u00e1cter General (NCG) de la Superintendencia de Insolvencia y Reemprendimiento<br \/>\n\u2013 Oficios Circulares de la Superintendencia de Insolvencia y Reemprendimiento<br \/>\n\u2013 Otros Documentos Citados<\/p>\n","protected":false},"excerpt":{"rendered":"<p>Esta segunda edici\u00f3n actualizada contiene una descripci\u00f3n \u00edntegra de todos los procedimientos de la Ley N\u00b0 20.720. Ha sido pensada para ayudar al estudiante de derecho en el conocimiento de sus instituciones y al abogado litigante en la tarea de asesorar bien a su cliente. Al igual que en la primera edici\u00f3n, se caracteriza por su estilo pr\u00e1ctico, de f\u00e1cil lectura, que destaca los elementos m\u00e1s importantes de cada instituci\u00f3n con una referencia actualizada a la normativa de la Superintendencia de Insolvencia y Emprendimiento y a la jurisprudencia. En esta segunda edici\u00f3n destaca el estudio que se hace de la reforma introducida por la Ley N\u00b0 21.563, publicada en el Diario Oficial el 10 de mayo de 2023, que modifica sustancialmente el concepto de Empresa Deudora y que, junto con otros cambios, reformula completamente el Cap\u00edtulo V de la Ley, que previo a la reforma pasa a llamarse \u201cDe los Procedimientos Concursales Especiales\u201d. Entre sus modificaciones fundamentales esta ley introduce nuevos procedimientos que se aplican tanto a personas como a empresas deudoras que califiquen como micro o peque\u00f1as empresas. Todos estos cambios son analizados en detalle. EL CONCURSO. ORIGEN Y EVOLUCI\u00d3N HIST\u00d3RICA, CARACTER\u00cdSTICAS, PRINCIPIOS FUNDANTES Y NATURALEZA JUR\u00cdDICA 1.1. Origen y Evoluci\u00f3n Hist\u00f3rica 1.1.1. Primeros Antecedentes 1.1.2. Evoluci\u00f3n de la Quiebra en el Derecho Concursal Chileno 1.2. Caracter\u00edsticas 1.3. Principios Fundantes del Derecho Concursal 1.3.1. Principio de Par Condictio Creditorum 1.3.2. Principio de la Protecci\u00f3n Adecuada del Cr\u00e9dito 1.3.3. Principio de la Conservaci\u00f3n de la Empresa 1.3.4. Principio de la Racionalidad Econ\u00f3mica 1.4. Naturaleza Jur\u00eddica de la Quiebra 1.4.1. La Teor\u00eda Sustancialista de Derecho Mercantil 1.4.2. La Teor\u00eda Procesalista 1.4.3. La Teor\u00eda Sustancialista de Derecho Econ\u00f3mico LOS \u00d3RGANOS DE LOS PROCEDIMIENTOS CONCURSALES 2.1. El Deudor 2.1.1. Concepto de Sujeto Pasivo Contenido en el Texto Original del C\u00f3digo de Comercio y en la Ley No 4.558 2.1.2. Concepto de Sujeto Pasivo Contenido en la Ley No 18.175 y en el Libro IV del C\u00f3digo de Comercio 2.1.3. Concepto de Sujeto Pasivo Contenido en la Ley No 20.720 de 2014 2.2. El Tribunal 2.3. Los Acreedores 2.4. El Veedor y el Liquidador 2.4.1. El Veedor 2.4.2. El Liquidador 2.4.3. Normas Relativas a Cese Anticipado en el Cargo, Honorarios y Contrataciones Especializadas (Arts. 38 al 41) 2.4.4. Normas Relativas a la Cuenta Provisoria y la Cuenta Final de Administraci\u00f3n del Liquidador (Arts. 46 a 53) 2.4.5. Disposiciones Comunes para Veedor y Liquidador 2.5. La Superintendencia de Insolvencia y Reemprendimiento ASPECTOS PROCESALES DE LOS PROCEDIMIENTOS CONCURSALES 3.1. Las Partes y su Comparecencia en Juicio 3.2. Competencia 3.3. Notificaciones 3.4. Plazos 3.5. Recursos 3.6. Incidentes 3.7. La causa en los Procedimientos Concursales 3.7.1. Teor\u00eda Restringida o Materialista 3.7.2. La Teor\u00eda Intermedia 3.7.3. La Teor\u00eda Amplia LA LEY No 20.720, QUE SUSTITUYE EL R\u00c9GIMEN CONCURSAL VIGENTE POR UNA LEY DE REORGANIZACI\u00d3N Y LIQUIDACI\u00d3N DE EMPRESAS Y PERSONAS, Y PERFECCIONA EL ROL DE LA SUPERINTENDENCIA DEL RAMO 4.1. Antecedentes 4.2. Vigencia 4.3. Estructura 4.4. \u00c1mbito de Aplicaci\u00f3n de la Ley 4.5. Innovaciones de la Ley No 20.720 con Respecto a la Ley No 18.175 PROCEDIMIENTOS REGULADOS EN LA LEY No 20.720 5.1. El Procedimiento Concursal de Reorganizaci\u00f3n 5.1.1. El Procedimiento Concursal de Reorganizaci\u00f3n Judicial 5.1.2. Caracter\u00edsticas 5.1.3. La Resoluci\u00f3n de Reorganizaci\u00f3n 5.1.4. La Protecci\u00f3n Financiera Concursal 5.1.5. Efectos de la Protecci\u00f3n Financiera Concursal 5.1.6. Medidas Cautelares y de Restricci\u00f3n 5.1.7. Duraci\u00f3n (Art. 58) 5.1.8. Venta de Activos y Contrataci\u00f3n de Pr\u00e9stamos Durante la Protecci\u00f3n Financiera Concursal 5.1.9. Venta de Bienes Otorgados en Prenda o Hipoteca Durante la Protecci\u00f3n Financiera Concursal (Art. 75) 5.1.10. Continuidad del Suministro y Operaciones de Comercio Exterior 5.1.11. Objeto de la Propuesta de Acuerdo de Reorganizaci\u00f3n Judicial 5.1.12. Limitaciones 5.1.13. Determinaci\u00f3n del Pasivo y Procedimiento de Verificaci\u00f3n y Reconocimiento de Cr\u00e9ditos 5.1.14. La Propuesta de Acuerdo de Reorganizaci\u00f3n Judicial 5.1.15. La Impugnaci\u00f3n del Acuerdo 5.1.16. Aprobaci\u00f3n del Acuerdo 5.1.17. Efectos del Acuerdo de Reorganizaci\u00f3n Empresarial 5.1.18. Efectos del Acuerdo de Reorganizaci\u00f3n Judicial en las Obligaciones Garantizadas del Deudor 5.1.19. Rechazo del Acuerdo 5.1.20. Nulidad del Acuerdo 5.1.21. Acci\u00f3n de Incumplimiento 5.1.22. Procedimiento Aplicable a la Acci\u00f3n de Nulidad y a la Acci\u00f3n de Incumplimiento 5.1.23. El Acuerdo de Reorganizaci\u00f3n Extrajudicial o Simplificado (Arts. 102 a 114) 5.1.24. Quorum 5.1.25. Impugnaci\u00f3n 5.1.26. Aprobaci\u00f3n Judicial 5.1.27. Efectos 5.2. El Procedimiento Concursal de Liquidaci\u00f3n de la Empresa Deudora 5.2.1. La Liquidaci\u00f3n Voluntaria 5.2.2. La Liquidaci\u00f3n Forzosa 5.2.3. Requisitos de la Demanda 5.2.4. Audiencia Inicial 5.2.5. El juicio de Oposici\u00f3n 5.2.6. Requisitos de las Pruebas Ofrecidas por la Empresa Deudora en el Juicio de Oposici\u00f3n 5.2.7. La Audiencia de Prueba 5.2.8. Audiencia de Fallo 5.2.9. Sentencia Definitiva 5.2.10. La Resoluci\u00f3n de Liquidaci\u00f3n (Art. 129) 5.2.11. Efectos de la Resoluci\u00f3n de Liquidaci\u00f3n (Art. 130) 5.2.12. Procedimiento de Soluci\u00f3n de Controversias 5.2.13. Administraci\u00f3n de Bienes en Caso de Usufructo Legal y Situaci\u00f3n de Bienes Futuros 5.2.14. Tratamiento de los Cr\u00e9ditos en el Procedimiento de Liquidaci\u00f3n 5.2.15. Reajuste y C\u00e1lculo de Intereses (Art. 139) 5.2.16. Normas Especiales en Materia de Compensaciones de Derivados 5.2.17. Derecho Legal de Retenci\u00f3n en el Contrato de Arrendamiento (Art. 141) 5.2.18. Excepciones a la acumulaci\u00f3n de juicios 5.2.19. Acumulaci\u00f3n de Juicios Ejecutivos 5.2.20. Acumulaci\u00f3n de Juicios Ejecutivos en Obligaciones de Dar] 5.2.21. Acumulaci\u00f3n de Juicios Ejecutivos en Obligaciones de Hacer 5.2.22. Norma Com\u00fan para Juicios Ejecutivos 5.2.23. Juicios Iniciados por el Deudor 5.2.24. Medidas Cautelares 5.2.25. Normas en Materia de Reivindicaci\u00f3n 5.2.26. Raz\u00f3n Social de la Empresa Deudora 5.2.27. Incautaci\u00f3n e Inventario de Bienes 5.2.28. Determinaci\u00f3n del Pasivo 5.2.29. La Verificaci\u00f3n Ordinaria 5.2.30. Objeci\u00f3n de Cr\u00e9ditos (Art. 174) 5.2.31. La Verificaci\u00f3n Extraordinaria 5.2.32. Las Juntas de Acreedores 5.2.33. Audiencia de Determinaci\u00f3n del Derecho a Voto 5.2.34. Excepciones al Derecho a Voto 5.2.35. Prohibici\u00f3n de Fraccionar los Cr\u00e9ditos 5.2.36. La Junta Constitutiva 5.2.37. Materias de la Junta Constitutiva 5.2.38. La Primera Junta Ordinaria 5.2.39. Juntas Extraordinarias 5.2.40. Materias de una Junta Extraordinaria 5.2.41. La Comisi\u00f3n de Acreedores 5.2.42. La realizaci\u00f3n de los Bienes del Deudor 5.2.43. La Realizaci\u00f3n Simplificada o Sumaria de los Bienes del Deudor 5.2.44. Reglas para la Realizaci\u00f3n Simplificada 5.2.45. La realizaci\u00f3n<\/p>\n","protected":false},"featured_media":2704,"comment_status":"open","ping_status":"closed","template":"","meta":{"inline_featured_image":false,"_joinchat":[]},"product_brand":[],"product_cat":[27],"product_tag":[],"class_list":{"0":"post-2653","1":"product","2":"type-product","3":"status-publish","4":"has-post-thumbnail","6":"product_cat-civil","7":"product_shipping_class-a-convenir","9":"first","10":"instock","11":"shipping-taxable","12":"purchasable","13":"product-type-simple"},"_links":{"self":[{"href":"https:\/\/bibliotecajuridicavirtual.cl\/index.php\/wp-json\/wp\/v2\/product\/2653","targetHints":{"allow":["GET"]}}],"collection":[{"href":"https:\/\/bibliotecajuridicavirtual.cl\/index.php\/wp-json\/wp\/v2\/product"}],"about":[{"href":"https:\/\/bibliotecajuridicavirtual.cl\/index.php\/wp-json\/wp\/v2\/types\/product"}],"replies":[{"embeddable":true,"href":"https:\/\/bibliotecajuridicavirtual.cl\/index.php\/wp-json\/wp\/v2\/comments?post=2653"}],"wp:featuredmedia":[{"embeddable":true,"href":"https:\/\/bibliotecajuridicavirtual.cl\/index.php\/wp-json\/wp\/v2\/media\/2704"}],"wp:attachment":[{"href":"https:\/\/bibliotecajuridicavirtual.cl\/index.php\/wp-json\/wp\/v2\/media?parent=2653"}],"wp:term":[{"taxonomy":"product_brand","embeddable":true,"href":"https:\/\/bibliotecajuridicavirtual.cl\/index.php\/wp-json\/wp\/v2\/product_brand?post=2653"},{"taxonomy":"product_cat","embeddable":true,"href":"https:\/\/bibliotecajuridicavirtual.cl\/index.php\/wp-json\/wp\/v2\/product_cat?post=2653"},{"taxonomy":"product_tag","embeddable":true,"href":"https:\/\/bibliotecajuridicavirtual.cl\/index.php\/wp-json\/wp\/v2\/product_tag?post=2653"}],"curies":[{"name":"wp","href":"https:\/\/api.w.org\/{rel}","templated":true}]}}