{"id":2677,"date":"2026-02-28T01:04:39","date_gmt":"2026-02-28T04:04:39","guid":{"rendered":"https:\/\/bibliotecajuridicavirtual.cl\/?post_type=product&#038;p=2677"},"modified":"2026-02-28T01:04:53","modified_gmt":"2026-02-28T04:04:53","slug":"lecciones-de-derecho-procesal-civil-juicio-ordinario-de-mayor-cuantia-franchesco-carretta-munoz-sophia-romero-rodriguez-oscar-silva-alvarez","status":"publish","type":"product","link":"https:\/\/bibliotecajuridicavirtual.cl\/index.php\/product\/lecciones-de-derecho-procesal-civil-juicio-ordinario-de-mayor-cuantia-franchesco-carretta-munoz-sophia-romero-rodriguez-oscar-silva-alvarez\/","title":{"rendered":"Lecciones de Derecho Procesal Civil &#8211; Juicio Ordinario de Mayor Cuant\u00eda * Franchesco Carretta Mu\u00f1oz * Sophia Romero Rodr\u00edguez &#8211; Oscar Silva \u00c1lvarez"},"content":{"rendered":"<p>Esta segunda edici\u00f3n, actualizada y complementada, presenta un an\u00e1lisis sistem\u00e1tico e integral del procedimiento ordinario de mayor cuant\u00eda, cuya relevancia \u2014dado su car\u00e1cter de mecanismo de aplicaci\u00f3n com\u00fan y general\u2014 resulta indiscutible. Adem\u00e1s, incorpora el estudio del procedimiento sumario, ampliamente utilizado en m\u00faltiples supuestos y que, por esta misma raz\u00f3n, representa otro eje fundamental dentro de los procesos civiles declarativos.<\/p>\n<p>El enfoque de la obra conjuga dos perspectivas: una te\u00f3rica, nutrida por la labor acad\u00e9mica e investigativa de sus autores como docentes de Derecho Procesal Civil; y otra pr\u00e1ctica, basada en su trayectoria como abogados litigantes y experiencia en el ejercicio de la judicatura, enriqueciendo el contenido con un equilibrio entre profundidad conceptual y experiencia profesional.<\/p>\n<p>El resultado es una obra rigurosa y clara, orientada a estudiantes, abogados, jueces y docentes, que incorpora las tendencias m\u00e1s recientes en jurisprudencia y doctrina. Todo ello, mediante un lenguaje accesible y preciso, fiel al esp\u00edritu de lo que Salvatore Satta llam\u00f3 \u201cel misterio del proceso\u201d.<\/p>\n<p><b><strong>PARTE PRELIMINAR<\/strong><\/b><br \/>\n<b><strong>CUESTIONES GENERALES DEL PROCESO DECLARATIVO CIVIL<\/strong><\/b><\/p>\n<ol>\n<li>Generalidades<\/li>\n<li>Bases fundamentales del procedimiento civil2.1. Dualidad de posiciones o dualidad de partes<br \/>\n2.2. Contradicci\u00f3n, audiencia o bilateralidad<br \/>\n2.3. Igualdad procesal<br \/>\n2.4. Buena fe procesal<\/p>\n<p>3. Reglas t\u00e9cnicas aplicables al procedimiento civil<\/p>\n<p>3.1. El principio dispositivo<\/p>\n<p>3.2. R\u00e9gimen de aportaci\u00f3n<br \/>\nA) Los hechos del juicio<br \/>\nB) El Derecho aplicable<br \/>\nC) La prueba<\/p>\n<p>3.3. La escrituraci\u00f3n y sus consecuencias<\/li>\n<\/ol>\n<p><b><strong>CAP\u00cdTULO II<\/strong><\/b><br \/>\n<b><strong>DEL JUICIO ORDINARIO DE MAYOR CUANT\u00cdA<\/strong><\/b><\/p>\n<ol>\n<li>Caracter\u00edsticas1.1. Se trata de un procedimiento escrito<br \/>\n1.2. Es un procedimiento declarativo<br \/>\n1.3. Consiste en un procedimiento de mayor cuant\u00eda<br \/>\n1.4. Buena fe procesal<br \/>\n1.5. Es un procedimiento supletorio<br \/>\n1.6. Es de doble instancia<\/li>\n<li>La etapa preliminar: referencia a las medidas prejudiciales<\/li>\n<\/ol>\n<p><b><strong>CAP\u00cdTULO III<\/strong><\/b><br \/>\n<b><strong>LA FASE DE DISCUSI\u00d3N<\/strong><\/b><\/p>\n<ol>\n<li>La libertad en el ejercicio de la acci\u00f3n y sus excepciones<\/li>\n<li>La demanda2.1. Requisitos de la demanda<br \/>\nA) Requisitos comunes a todo escrito<br \/>\nB) Requisitos espec\u00edficos<\/p>\n<p>2.2. Modificaci\u00f3n de la demanda<\/p>\n<p>2.3. Examen de admisibilidad de la demanda<br \/>\nA) Inadmisibilidad \u201cin limine\u201d<br \/>\nB) Admisi\u00f3n<\/p>\n<p>2.4. Efectos sustantivos de la interposici\u00f3n de una demanda: el problema de la interrupci\u00f3n de la prescripci\u00f3n<\/li>\n<li>El emplazamiento del demandado3.1. Definici\u00f3n e importancia\n<p>3.2. Elementos del emplazamiento<br \/>\nA) La notificaci\u00f3n de la demanda<br \/>\nB) El t\u00e9rmino de emplazamiento<br \/>\na. Extensi\u00f3n del t\u00e9rmino de emplazamiento<br \/>\ni. En caso de tratarse de un solo demandado<br \/>\nii. En caso de ser dos o m\u00e1s los demandados<\/li>\n<li>Actitudes del demandado frente al emplazamiento<br \/>\n4.1. La rebeld\u00eda<br \/>\n4.2. El allanamiento<br \/>\n4.3. La defensa del demandado<br \/>\nA) Las excepciones dilatorias<br \/>\na. An\u00e1lisis del art\u00edculo 303 del C\u00f3digo de Procedimiento Civil<br \/>\ni. La incompetencia del tribunal<br \/>\nii. La falta de capacidad del demandante, o de personer\u00eda o representaci\u00f3n legal del que comparece en su nombre<br \/>\niii. La litispendencia<br \/>\niv. La ineptitud del libelo<br \/>\nv. El beneficio de excusi\u00f3n<br \/>\nvi. Todas aquellas que se refieren a la correcci\u00f3n del procedimiento sin afectar el fondo de la acci\u00f3n deducida<br \/>\nb. La tramitaci\u00f3n de las excepciones dilatorias<br \/>\nc. El fallo de las excepciones dilatorias<br \/>\nd. Recursos contra la resoluci\u00f3n que falla las excepciones dilatorias<br \/>\nB) La contestaci\u00f3n de la demanda<br \/>\na. Las excepciones perentorias fuera del \u00e1mbito de la contestaci\u00f3n<br \/>\ni. Excepciones mixtas<br \/>\nii. Excepciones an\u00f3malas&nbsp;<\/p>\n<p>4.4. La reconvenci\u00f3n<br \/>\nA) Procedencia<br \/>\nB) Requisitos del escrito de reconvenci\u00f3n<br \/>\nC) Tramitaci\u00f3n<\/li>\n<li>La r\u00e9plica y la d\u00faplica<\/li>\n<li>Citaci\u00f3n anticipada a o\u00edr sentencia<\/li>\n<li>La fase de discusi\u00f3n como sede para la fijaci\u00f3n del objeto del juicio. Alcances respecto de los hechos y el derecho<\/li>\n<li>La etapa de conciliaci\u00f3n<br \/>\n8.1. Oportunidad<br \/>\n8.2. Procedencia<br \/>\n8.3. Procedimiento<\/li>\n<\/ol>\n<p><b><strong>CAP\u00cdTULO IV<\/strong><\/b><br \/>\n<b><strong>LA PRUEBA JUDICIAL<\/strong><\/b><\/p>\n<ol>\n<li>Introducci\u00f3n<\/li>\n<li>Derecho a la prueba<\/li>\n<li>Prueba legal y tasada versus libre valoraci\u00f3n de la prueba o sana cr\u00edtica<\/li>\n<li>Las finalidades de la prueba<br \/>\n4.1. Fijaci\u00f3n de los enunciados de hecho para dictar sentencia<br \/>\n4.2. La b\u00fasqueda de la verdad como fin de la prueba<\/li>\n<li>El objeto de la prueba<\/li>\n<\/ol>\n<p>5.1. Enunciados de hecho que no requieren prueba<br \/>\nA) Hechos admitidos, pac\u00edficos o no controvertidos<br \/>\nB) Hechos p\u00fablicos o notorios<br \/>\nC) Enunciados sobre los que se basan las m\u00e1ximas de la experiencia<br \/>\nD) Afirmaciones jur\u00eddicas basadas en normas<\/p>\n<ol start=\"6\">\n<li>Fuentes y medios de prueba<\/li>\n<li>Los est\u00e1ndares de admisibilidad de la prueba<br \/>\n7.1. El est\u00e1ndar l\u00f3gico de la relevancia (prueba impertinente y sobreabundante)<br \/>\nA) Prueba impertinente<br \/>\nB) Prueba sobreabundante&nbsp;<\/p>\n<p>7.2. El est\u00e1ndar jur\u00eddico de la admisibilidad (prueba il\u00edcita)<\/li>\n<li>La carga de la prueba<br \/>\n8.1. Carga subjetiva de la prueba<br \/>\n8.2. Carga objetiva de la prueba<\/li>\n<li>Est\u00e1ndares de prueba<\/li>\n<li>Oportunidad de las actividades probatorias de las partes<br \/>\n10.1. Antes del inicio del juicio. Medidas prejudiciales probatorias<br \/>\n10.2. El per\u00edodo de prueba<br \/>\nA) Recepci\u00f3n de la causa a prueba<br \/>\nB) Incidente de hechos nuevos, de nueva noticia o de \u201campliaci\u00f3n de prueba\u201d<br \/>\nC) T\u00e9rminos probatorios<br \/>\na. T\u00e9rmino ordinario<br \/>\nb. T\u00e9rmino extraordinario<br \/>\nc. T\u00e9rminos especiales de prueba<br \/>\ni. Hip\u00f3tesis general de entorpecimiento<br \/>\nii. T\u00e9rmino especial en caso de ser acogida la apelaci\u00f3n deducida contra la resoluci\u00f3n que recibe la causa a prueba<\/li>\n<li>Los medios de prueba en particular<br \/>\n11.1. Clasificaciones<br \/>\nA) Medios de prueba personales y reales<br \/>\nB) Medios de prueba directos (o de percepci\u00f3n) e indirectos (o de representaci\u00f3n)<br \/>\nC) Medios de prueba preconstituidos y circunstanciales<br \/>\nD) Medios de prueba que producen plena prueba y que producen semiplena prueba&nbsp;<\/p>\n<p>11.2. La prueba instrumental<br \/>\nA) Noci\u00f3n amplia, restringida e intermedia de documento<br \/>\nB) Clasificaci\u00f3n<br \/>\na. P\u00fablicos o privados<br \/>\nb. Documentos emanados de la parte contra la cual se presentan y emanados de terceros<br \/>\nC) Iniciativa en la prueba documental<br \/>\nD) Formas de incorporaci\u00f3n de la prueba documental: agregaci\u00f3n y exhibici\u00f3n<br \/>\nE) Oportunidad procesal para el ofrecimiento y rendici\u00f3n de la prueba documental<br \/>\nF) Particularidades de los instrumentos p\u00fablicos<br \/>\na. Los instrumentos p\u00fablicos en juicio<br \/>\ni. Los documentos originales<br \/>\nii. Copias con los requisitos para hacer fe respecto cualquier persona o, al menos, respecto de aquella contra quien se hace valer<br \/>\niii. Copias simples, no objetadas como inexactas por la parte contraria dentro de los tres d\u00edas siguientes desde que se le dio conocimiento<br \/>\niv. Copias que, habiendo sido objetadas, sean cotejadas y halladas conformes con sus originales o con otras copias, que s\u00ed hagan fe respecto a la parte contraria<br \/>\nv. Los testimonios que el tribunal ordene agregar durante el juicio, autorizados por su secretario u otro funcionario competente, y obtenidos de originales o copias que re\u00fanan los requisitos anteriores<br \/>\nvi. Documentos suscritos mediante firma electr\u00f3nica avanzada<br \/>\nb. Los documentos p\u00fablicos extranjeros<br \/>\nc. Forma de acompa\u00f1ar los documentos p\u00fablicos<br \/>\nd. Valor probatorio de los documentos p\u00fablicos<br \/>\ne. Impugnaci\u00f3n de los documentos p\u00fablicos<br \/>\nG) Particularidades de los documentos privados<br \/>\na. Formas de reconocimiento<br \/>\ni. Reconocimiento como requisito indispensable para someter a valoraci\u00f3n un documento privado<br \/>\nii. Reconocimiento judicial expreso<br \/>\niii. Reconocimiento expreso extrajudicial<br \/>\niv. Reconocimiento t\u00e1cito judicial<br \/>\nv. Reconocimiento judicial propiamente tal<br \/>\nb. Forma de acompa\u00f1ar los documentos privados<br \/>\nc. Valor probatorio de los documentos privados<br \/>\ni. Si emana de la parte contraria a la que lo presenta<br \/>\nii. Si emana de un tercero<br \/>\nd. Impugnaci\u00f3n de los instrumentos privados<br \/>\nH) Los instrumentos electr\u00f3nicos<br \/>\nI) La percepci\u00f3n documental<br \/>\nJ) Prueba por oficios<\/p>\n<p>11.3. Prueba testimonial<br \/>\nA) El testimonio debe versar sobre hechos<br \/>\nB) Procedencia de la prueba de testigos en materia civil<br \/>\nC) Iniciativa y oportunidad en la prueba testimonial<br \/>\nD) Clasificaci\u00f3n de los testigos<br \/>\na. Seg\u00fan c\u00f3mo se impusieron de los hechos<br \/>\nb. Seg\u00fan el contenido de la declaraci\u00f3n<br \/>\nc. Seg\u00fan la idoneidad del testigo<br \/>\nE) Los testigos y su idoneidad: las inhabilidades<br \/>\na. Inhabilidades absolutas<br \/>\nb. Inhabilidades relativas<br \/>\nc. Forma de hacer valer la inhabilidad: las tachas<br \/>\nF) Obligaciones de los testigos<br \/>\na. Comparecer<br \/>\nb. Declarar<br \/>\nc. Decir la verdad<br \/>\nG) Forma de ofrecer y producir la prueba testimonial<br \/>\na. Lista de testigos y minuta de puntos de prueba<br \/>\nb. Tribunal ante el cual se rinde la prueba testimonial<br \/>\nc. La audiencia de prueba testimonial<br \/>\nH) Valor probatorio de la prueba testimonial<br \/>\na. Testigos de o\u00eddas<br \/>\nb. Testigos presenciales<br \/>\ni. Declaraci\u00f3n de un testigo (art. 384 regla primera)<br \/>\nii. Declaraciones de dos o m\u00e1s testigos de una misma parte (art. 384, regla segunda)<br \/>\niii. Declaraciones contradictorias (art. 384, reglas tercera a quinta)<br \/>\niv. Declaraciones de un testigo, que son favorables a la parte contraria de la que lo presenta (art. 384, regla sexta)<\/p>\n<p>11.4. Prueba confesional<br \/>\nA) Iniciativa y oportunidad en la prueba confesional<br \/>\nB) Clasificaci\u00f3n<br \/>\na. Confesi\u00f3n judicial y extrajudicial<br \/>\nb. Confesi\u00f3n espont\u00e1nea o provocada<br \/>\nc. Confesi\u00f3n expresa o t\u00e1citae. Confesi\u00f3n divisible e indivisible<br \/>\nd. Confesi\u00f3n simple, compleja y calificada<br \/>\ne. Confesi\u00f3n divisible e indivisible<br \/>\nC) Procedencia de la prueba confesional<br \/>\nD) Producci\u00f3n de la prueba confesional<br \/>\na. Tribunal competente<br \/>\nb. Personas obligadas a confesar<br \/>\nc. Ofrecimiento y pr\u00e1ctica de la confesi\u00f3n judicial<br \/>\nd. Situaciones anormales<br \/>\ne. Sanci\u00f3n procesal: la confesi\u00f3n ficta<br \/>\nf. Medidas coercitivas: multas o arrestos<br \/>\nE) Valor probatorio de la confesi\u00f3n<br \/>\na. Confesi\u00f3n judicial de hechos personales<br \/>\nb. Confesi\u00f3n judicial de hechos no personales<br \/>\nc. Confesi\u00f3n extrajudicial<br \/>\nd. Divisibilidad de la confesi\u00f3n<br \/>\nF) Revocabilidad de la confesi\u00f3n<\/p>\n<p>11.5. Prueba de peritos<br \/>\nA) Necesidad del peritaje<br \/>\nB) El perito y sus requisitos<br \/>\nC) Iniciativa y oportunidad<br \/>\nD) Procedimiento<br \/>\na. Audiencia de designaci\u00f3n de perito<br \/>\nb. Aceptaci\u00f3n del cargo, juramento, honorarios y audiencia de reconocimiento<br \/>\nc. Plazo para evacuar el informe pericial<br \/>\nE) Valor probatorio<\/p>\n<p>11.6. Inspecci\u00f3n personal del tribunal<br \/>\nA) Procedencia<br \/>\nB) Iniciativa y oportunidad<br \/>\nC) Procedimiento<br \/>\nD) Valor probatorio<\/p>\n<p>11.7. Apreciaci\u00f3n comparativa de los medios de prueba<\/li>\n<\/ol>\n<p><b><strong>CAP\u00cdTULO V<\/strong><\/b><br \/>\n<b><strong>FASE DE SENTENCIA<\/strong><\/b><\/p>\n<ol>\n<li>Introducci\u00f3n<\/li>\n<li>Su marco normativo<\/li>\n<li>Su finalidad<\/li>\n<li>La citaci\u00f3n para o\u00edr sentencia<br \/>\n4.1. Su marco normativo<br \/>\n4.2. Sus efectos<\/li>\n<li>Las medidas para mejor resolver<\/li>\n<\/ol>\n<p>5.1. Generalidades<br \/>\n5.2.\u00a0 Oportunidad para ordenarlas<br \/>\n5.3. Recursos contra una medida para mejor resolver<br \/>\n5.4. An\u00e1lisis de las medidas para mejor resolver en particular<br \/>\n5.5. Plazo para ejecutar las medidas para mejor resolver<br \/>\n5.6. Posibilidad de incorporar hechos nuevos en las medidas para mejor resolver<\/p>\n<ol start=\"6\">\n<li>El t\u00e9rmino del proceso mediante la sentencia definitiva<br \/>\n6.1. Concepto<br \/>\n6.2. Requisitos legales<\/li>\n<li>.3. Requisitos infralegales<\/li>\n<li>6.4. Nociones generales sobre la construcci\u00f3n de la sentencia<\/li>\n<\/ol>\n<p>A) Sobre la motivaci\u00f3n de la decisi\u00f3n<br \/>\nB) Sobre la utilizaci\u00f3n de las presunciones judiciales en la decisi\u00f3n<br \/>\na. Presunciones legales<br \/>\nb. Presunciones judiciales<br \/>\ni. Esquema de la presunci\u00f3n<br \/>\nii. El hecho base de la presunci\u00f3n judicial<br \/>\niii. L\u00edmites legales para el establecimiento de hechos presumidos judicialmente<br \/>\niv. Las presunciones del art\u00edculo 427 del C\u00f3digo de Procedimiento Civil<\/p>\n<p><b><strong>PARTE II<\/strong><\/b><br \/>\n<b><strong>JUICIO SUMARIO<\/strong><\/b><\/p>\n<ol>\n<li>Generalidades<\/li>\n<li>\u00c1mbito de aplicaci\u00f3n y la opci\u00f3n de sustituir el procedimiento<\/li>\n<li>La causal de procedencia general<\/li>\n<li>Las causales espec\u00edficas de procedencia<\/li>\n<li>Tramitaci\u00f3n<\/li>\n<li>5.1. Fase de discusi\u00f3n<\/li>\n<\/ol>\n<p>A) Demanda<br \/>\na. Resoluci\u00f3n reca\u00edda sobre la demanda<br \/>\nB) La audiencia de contestaci\u00f3n y conciliaci\u00f3n<br \/>\nC) Acceso provisional de la demanda y oposici\u00f3n del demandado<br \/>\n5.2. Fase de prueba<br \/>\n5.3. Fase de sentencia<\/p>\n<ol start=\"6\">\n<li>Recursos contra la sentencia definitiva<\/li>\n<li>Incidentes<\/li>\n<\/ol>\n","protected":false},"excerpt":{"rendered":"<p>2\u00b0 edici\u00f3n actualizada a\u00f1o 2025\/ 262 P\u00e1g.<\/p>\n<p>Buscas un libro Jur\u00eddico.? Lo puedes encontrar en nuestra tienda virtual.<br \/>\nContamos con prestigiosos autores y muchas alternativas en sus diferentes materias al igual que grandes descuentos.! Vis\u00edtanos en <a class=\"NpAOenjuLyTkzcGAWovJllDYgHrUgYzuNQo \" tabindex=\"0\" href=\"https:\/\/lnkd.in\/eiAG7jdZ\" target=\"_blank\" rel=\"noopener\" data-test-app-aware-link=\"\">https:\/\/lnkd.in\/eiAG7jdZ<\/a><br \/>\nEscr\u00edbenos al +56930565235 \/ <a class=\"NpAOenjuLyTkzcGAWovJllDYgHrUgYzuNQo \" tabindex=\"0\" href=\"mailto:ventaslegallexglobal@gmail.com\" target=\"_self\" data-test-app-aware-link=\"\">ventaslegallexglobal@gmail.com<\/a><br \/>\nHacemos env\u00edos a todo Chile \u2013 Starken o Correos Chile \/ Te esperamos<\/p>\n","protected":false},"featured_media":2707,"comment_status":"open","ping_status":"closed","template":"","meta":{"inline_featured_image":false,"_joinchat":[]},"product_brand":[],"product_cat":[26,38,39],"product_tag":[],"class_list":{"0":"post-2677","1":"product","2":"type-product","3":"status-publish","4":"has-post-thumbnail","6":"product_cat-derecho","7":"product_cat-editorial-der-ediciones","8":"product_cat-procesal-civil","9":"product_shipping_class-a-convenir","11":"first","12":"instock","13":"shipping-taxable","14":"purchasable","15":"product-type-simple"},"_links":{"self":[{"href":"https:\/\/bibliotecajuridicavirtual.cl\/index.php\/wp-json\/wp\/v2\/product\/2677","targetHints":{"allow":["GET"]}}],"collection":[{"href":"https:\/\/bibliotecajuridicavirtual.cl\/index.php\/wp-json\/wp\/v2\/product"}],"about":[{"href":"https:\/\/bibliotecajuridicavirtual.cl\/index.php\/wp-json\/wp\/v2\/types\/product"}],"replies":[{"embeddable":true,"href":"https:\/\/bibliotecajuridicavirtual.cl\/index.php\/wp-json\/wp\/v2\/comments?post=2677"}],"wp:featuredmedia":[{"embeddable":true,"href":"https:\/\/bibliotecajuridicavirtual.cl\/index.php\/wp-json\/wp\/v2\/media\/2707"}],"wp:attachment":[{"href":"https:\/\/bibliotecajuridicavirtual.cl\/index.php\/wp-json\/wp\/v2\/media?parent=2677"}],"wp:term":[{"taxonomy":"product_brand","embeddable":true,"href":"https:\/\/bibliotecajuridicavirtual.cl\/index.php\/wp-json\/wp\/v2\/product_brand?post=2677"},{"taxonomy":"product_cat","embeddable":true,"href":"https:\/\/bibliotecajuridicavirtual.cl\/index.php\/wp-json\/wp\/v2\/product_cat?post=2677"},{"taxonomy":"product_tag","embeddable":true,"href":"https:\/\/bibliotecajuridicavirtual.cl\/index.php\/wp-json\/wp\/v2\/product_tag?post=2677"}],"curies":[{"name":"wp","href":"https:\/\/api.w.org\/{rel}","templated":true}]}}