{"id":2678,"date":"2026-02-28T01:04:39","date_gmt":"2026-02-28T04:04:39","guid":{"rendered":"https:\/\/bibliotecajuridicavirtual.cl\/?post_type=product&#038;p=2678"},"modified":"2026-02-28T01:04:53","modified_gmt":"2026-02-28T04:04:53","slug":"legislacion-administrativa-chilena-2-da-edicion-ano-abril-2023-945-pag-autor-alejandro-carcamo-r-roberto-navarro-d","status":"publish","type":"product","link":"https:\/\/bibliotecajuridicavirtual.cl\/index.php\/product\/legislacion-administrativa-chilena-2-da-edicion-ano-abril-2023-945-pag-autor-alejandro-carcamo-r-roberto-navarro-d\/","title":{"rendered":"Legislacion Administrativa Chilena 2 da Edicion. A\u00f1o Abril 2023\/945 P\u00e1g. Autor  Alejandro C\u00e1rcamo R. &#8211; Roberto Navarro D."},"content":{"rendered":"<ol>\n<li style=\"font-weight: 400;\"><b><strong> NORMAS CONSTITUCIONALES<\/strong><\/b><\/li>\n<\/ol>\n<p style=\"font-weight: 400;\">Decreto No 100, fija el texto refundido, coordinado y sistematizado de la Constituci\u00f3n Pol\u00edtica de la Rep\u00fablica de Chile<\/p>\n<ol>\n<li style=\"font-weight: 400;\"><b><strong> ORGANIZACI\u00d3N DE LA ADMINISTRACI\u00d3N DEL ESTADO<\/strong><\/b><\/li>\n<\/ol>\n<p style=\"font-weight: 400;\">Ley No 18.575, org\u00e1nica constitucional de bases generales de la Administraci\u00f3n del Estado<br \/>\nLey No 19.175, org\u00e1nica constitucional sobre Gobierno y Administraci\u00f3n regional<br \/>\nLey No 18.695, org\u00e1nica constitucional de municipalidades<br \/>\nDFL No 7.912, que organiza las secretar\u00edas del Estado<br \/>\nDecreto No 19, faculta a los Ministros de Estado para firmar \u201cpor orden del Presidente de la Rep\u00fablica<\/p>\n<p style=\"font-weight: 400;\"><b><strong>III. ADMINISTRACI\u00d3N, BIENES Y FINANZAS<\/strong><\/b><\/p>\n<p style=\"font-weight: 400;\">DL No 1.939, normas sobre adquisici\u00f3n, administraci\u00f3n y disposici\u00f3n de bienes del Estado<br \/>\nDL No 2.186, aprueba ley org\u00e1nica de procedimiento de expropiaciones<br \/>\nDL No 1.263, org\u00e1nico de administraci\u00f3n financiera del Estado<br \/>\nLey No 19.896, introduce modificaciones al Decreto Ley No 1.263, de 1975, org\u00e1nico de administraci\u00f3n financiera del Estado y establece otras normas sobre administraci\u00f3n presupuestaria y de personal<br \/>\nLey No 20.128, sobre responsabilidad fiscal<br \/>\nDL No 3.063, sobre rentas municipales<br \/>\nLey No 19.862, establece registros de las personas jur\u00eddicas receptoras de fondos p\u00fablicos<\/p>\n<ol>\n<li style=\"font-weight: 400;\"><b><strong> ACTIVIDAD ADMINISTRATIVA<\/strong><\/b><\/li>\n<\/ol>\n<p style=\"font-weight: 400;\">Ley No 19.880, establece bases de los procedimientos administrativos que rigen los actos de los \u00f3rganos de la administraci\u00f3n del Estado<br \/>\nLey No 19.886, ley de bases sobre contratos administrativos de suministro y prestaci\u00f3n de servicios<br \/>\nDecreto No 250, aprueba reglamento de la Ley No 19.886 de bases sobre contratos administrativos de suministro y prestaci\u00f3n de servicios<\/p>\n<ol>\n<li style=\"font-weight: 400;\"><b><strong> FUNCI\u00d3N P\u00daBLICA<\/strong><\/b><\/li>\n<\/ol>\n<p style=\"font-weight: 400;\">Ley No 18.834, sobre Estatuto Administrativo<br \/>\nLey No 19.882, regula nueva pol\u00edtica de personal a los funcionarios p\u00fablicos que indica<br \/>\nDecreto No 859, aprueba reglamento del consejo de alta direcci\u00f3n p\u00fablica establecido en la Ley No 19.88<br \/>\nLey No 18.883, aprueba Estatuto Administrativo para funcionarios municipales<br \/>\nLey No 20.880, sobre probidad en la funci\u00f3n p\u00fablica y prevenci\u00f3n de los conflictos de intereses<br \/>\nDecreto No 2, reglamento de la Ley No 20.880 sobre probidad en la funci\u00f3n p\u00fablica y prevenci\u00f3n de los conflictos de intereses<\/p>\n<ol>\n<li style=\"font-weight: 400;\"><b><strong> CONTROL DE LA ADMINISTRACI\u00d3N DEL ESTADO<\/strong><\/b><\/li>\n<\/ol>\n<p style=\"font-weight: 400;\">Ley No 10.336, de organizaci\u00f3n y atribuciones de la Contralor\u00eda General de la Rep\u00fablica<br \/>\nResoluci\u00f3n No 6, de la Contralor\u00eda General de la Rep\u00fablica fija normas sobre exenci\u00f3n del tr\u00e1mite de toma de raz\u00f3n, de las materias de personal que se indican<br \/>\nResoluci\u00f3n No 7, de la Contralor\u00eda General de la Rep\u00fablica fija normas sobre exenci\u00f3n del tr\u00e1mite de toma de raz\u00f3n<br \/>\nResoluci\u00f3n No 8, de la Contralor\u00eda General de la Rep\u00fablica exime temporalmente del tr\u00e1mite de toma de raz\u00f3n los actos administrativos que se indican, y establece controles de reemplazo<br \/>\nResoluci\u00f3n No 16, de la Contralor\u00eda General de la Rep\u00fablica determina los montos en unidades tributarias mensuales a partir de los cuales los actos que se individualizan quedar\u00e1n sujetos a toma de raz\u00f3n y establece controles de reemplazo cuando corresponda<br \/>\nResoluci\u00f3n No 510, de la Contralor\u00eda General de la Rep\u00fablica, aprueba reglamento de sumarios instruidos por la Contralor\u00eda General de la Rep\u00fablica<br \/>\nLey No 18.971, establece recurso especial que indica<br \/>\nAuto Acordado de la Corte Suprema, Acta 94-215, sobre tramitaci\u00f3n y fallo del recurso de protecci\u00f3n de las garant\u00edas constitucionales<br \/>\nLey No 20.285, sobre acceso a la informaci\u00f3n p\u00fablica<br \/>\nDecreto No 13, reglamento de la Ley No 20.285 sobre acceso a la informaci\u00f3n p\u00fablica<br \/>\nLey No 20.730, regula el lobby y las gestiones que representen intereses particulares ante las autoridades y funcionarios<br \/>\nDecreto No 71, reglamento de la Ley No 20.730 regula el lobby y las gestiones que representen intereses particulares ante las autoridades y funcionarios<\/p>\n<p style=\"font-weight: 400;\"><b><strong>VII. OTROS CUERPOS NORMATIVOS<\/strong><\/b><\/p>\n<p style=\"font-weight: 400;\">Ley No 19.628, sobre protecci\u00f3n de la vida privada<br \/>\nDecreto No 890, fija texto actualizado y refundido de la Ley No 12.927, sobre seguridad del Estado<br \/>\nDFL No 1, fija el texto refundido, coordinado y sistematizado de la ley org\u00e1nica del Consejo de Defensa del Estado<br \/>\nAuto Acordado de la Corte Suprema, que reglamenta el procedimiento para obtener la declaraci\u00f3n previa al ejercicio de la acci\u00f3n indemnizatoria que concede la letra i) del No 7 del art\u00edculo 19 de la Constituci\u00f3n Pol\u00edtica de la Rep\u00fablica<\/p>\n","protected":false},"excerpt":{"rendered":"<p>NORMAS CONSTITUCIONALES Decreto No 100, fija el texto refundido, coordinado y sistematizado de la Constituci\u00f3n Pol\u00edtica de la Rep\u00fablica de Chile ORGANIZACI\u00d3N DE LA ADMINISTRACI\u00d3N DEL ESTADO Ley No 18.575, org\u00e1nica constitucional de bases generales de la Administraci\u00f3n del Estado Ley No 19.175, org\u00e1nica constitucional sobre Gobierno y Administraci\u00f3n regional Ley No 18.695, org\u00e1nica constitucional de municipalidades DFL No 7.912, que organiza las secretar\u00edas del Estado Decreto No 19, faculta a los Ministros de Estado para firmar \u201cpor orden del Presidente de la Rep\u00fablica III. ADMINISTRACI\u00d3N, BIENES Y FINANZAS DL No 1.939, normas sobre adquisici\u00f3n, administraci\u00f3n y disposici\u00f3n de bienes del Estado DL No 2.186, aprueba ley org\u00e1nica de procedimiento de expropiaciones DL No 1.263, org\u00e1nico de administraci\u00f3n financiera del Estado Ley No 19.896, introduce modificaciones al Decreto Ley No 1.263, de 1975, org\u00e1nico de administraci\u00f3n financiera del Estado y establece otras normas sobre administraci\u00f3n presupuestaria y de personal Ley No 20.128, sobre responsabilidad fiscal DL No 3.063, sobre rentas municipales Ley No 19.862, establece registros de las personas jur\u00eddicas receptoras de fondos p\u00fablicos ACTIVIDAD ADMINISTRATIVA Ley No 19.880, establece bases de los procedimientos administrativos que rigen los actos de los \u00f3rganos de la administraci\u00f3n del Estado Ley No 19.886, ley de bases sobre contratos administrativos de suministro y prestaci\u00f3n de servicios Decreto No 250, aprueba reglamento de la Ley No 19.886 de bases sobre contratos administrativos de suministro y prestaci\u00f3n de servicios FUNCI\u00d3N P\u00daBLICA Ley No 18.834, sobre Estatuto Administrativo Ley No 19.882, regula nueva pol\u00edtica de personal a los funcionarios p\u00fablicos que indica Decreto No 859, aprueba reglamento del consejo de alta direcci\u00f3n p\u00fablica establecido en la Ley No 19.88 Ley No 18.883, aprueba Estatuto Administrativo para funcionarios municipales Ley No 20.880, sobre probidad en la funci\u00f3n p\u00fablica y prevenci\u00f3n de los conflictos de intereses Decreto No 2, reglamento de la Ley No 20.880 sobre probidad en la funci\u00f3n p\u00fablica y prevenci\u00f3n de los conflictos de intereses CONTROL DE LA ADMINISTRACI\u00d3N DEL ESTADO Ley No 10.336, de organizaci\u00f3n y atribuciones de la Contralor\u00eda General de la Rep\u00fablica Resoluci\u00f3n No 6, de la Contralor\u00eda General de la Rep\u00fablica fija normas sobre exenci\u00f3n del tr\u00e1mite de toma de raz\u00f3n, de las materias de personal que se indican Resoluci\u00f3n No 7, de la Contralor\u00eda General de la Rep\u00fablica fija normas sobre exenci\u00f3n del tr\u00e1mite de toma de raz\u00f3n Resoluci\u00f3n No 8, de la Contralor\u00eda General de la Rep\u00fablica exime temporalmente del tr\u00e1mite de toma de raz\u00f3n los actos administrativos que se indican, y establece controles de reemplazo Resoluci\u00f3n No 16, de la Contralor\u00eda General de la Rep\u00fablica determina los montos en unidades tributarias mensuales a partir de los cuales los actos que se individualizan quedar\u00e1n sujetos a toma de raz\u00f3n y establece controles de reemplazo cuando corresponda Resoluci\u00f3n No 510, de la Contralor\u00eda General de la Rep\u00fablica, aprueba reglamento de sumarios instruidos por la Contralor\u00eda General de la Rep\u00fablica Ley No 18.971, establece recurso especial que indica Auto Acordado de la Corte Suprema, Acta 94-215, sobre tramitaci\u00f3n y fallo del recurso de protecci\u00f3n de las garant\u00edas constitucionales Ley No 20.285, sobre acceso a la informaci\u00f3n p\u00fablica Decreto No 13, reglamento de la Ley No 20.285 sobre acceso a la informaci\u00f3n p\u00fablica Ley No 20.730, regula el lobby y las gestiones que representen intereses particulares ante las autoridades y funcionarios Decreto No 71, reglamento de la Ley No 20.730 regula el lobby y las gestiones que representen intereses particulares ante las autoridades y funcionarios VII. OTROS CUERPOS NORMATIVOS Ley No 19.628, sobre protecci\u00f3n de la vida privada Decreto No 890, fija texto actualizado y refundido de la Ley No 12.927, sobre seguridad del Estado DFL No 1, fija el texto refundido, coordinado y sistematizado de la ley org\u00e1nica del Consejo de Defensa del Estado Auto Acordado de la Corte Suprema, que reglamenta el procedimiento para obtener la declaraci\u00f3n previa al ejercicio de la acci\u00f3n indemnizatoria que concede la letra i) del No 7 del art\u00edculo 19 de la Constituci\u00f3n Pol\u00edtica de la Rep\u00fablica<\/p>\n","protected":false},"featured_media":2708,"comment_status":"open","ping_status":"closed","template":"","meta":{"inline_featured_image":false,"_joinchat":[]},"product_brand":[],"product_cat":[45,40],"product_tag":[],"class_list":{"0":"post-2678","1":"product","2":"type-product","3":"status-publish","4":"has-post-thumbnail","6":"product_cat-administrativo","7":"product_cat-ediciones-juridica-de-santiago","8":"product_shipping_class-a-convenir","10":"first","11":"instock","12":"shipping-taxable","13":"purchasable","14":"product-type-simple"},"_links":{"self":[{"href":"https:\/\/bibliotecajuridicavirtual.cl\/index.php\/wp-json\/wp\/v2\/product\/2678","targetHints":{"allow":["GET"]}}],"collection":[{"href":"https:\/\/bibliotecajuridicavirtual.cl\/index.php\/wp-json\/wp\/v2\/product"}],"about":[{"href":"https:\/\/bibliotecajuridicavirtual.cl\/index.php\/wp-json\/wp\/v2\/types\/product"}],"replies":[{"embeddable":true,"href":"https:\/\/bibliotecajuridicavirtual.cl\/index.php\/wp-json\/wp\/v2\/comments?post=2678"}],"wp:featuredmedia":[{"embeddable":true,"href":"https:\/\/bibliotecajuridicavirtual.cl\/index.php\/wp-json\/wp\/v2\/media\/2708"}],"wp:attachment":[{"href":"https:\/\/bibliotecajuridicavirtual.cl\/index.php\/wp-json\/wp\/v2\/media?parent=2678"}],"wp:term":[{"taxonomy":"product_brand","embeddable":true,"href":"https:\/\/bibliotecajuridicavirtual.cl\/index.php\/wp-json\/wp\/v2\/product_brand?post=2678"},{"taxonomy":"product_cat","embeddable":true,"href":"https:\/\/bibliotecajuridicavirtual.cl\/index.php\/wp-json\/wp\/v2\/product_cat?post=2678"},{"taxonomy":"product_tag","embeddable":true,"href":"https:\/\/bibliotecajuridicavirtual.cl\/index.php\/wp-json\/wp\/v2\/product_tag?post=2678"}],"curies":[{"name":"wp","href":"https:\/\/api.w.org\/{rel}","templated":true}]}}