{"id":2679,"date":"2026-02-28T01:04:39","date_gmt":"2026-02-28T04:04:39","guid":{"rendered":"https:\/\/bibliotecajuridicavirtual.cl\/?post_type=product&#038;p=2679"},"modified":"2026-02-28T01:04:54","modified_gmt":"2026-02-28T04:04:54","slug":"historia-del-derecho-evolucion-de-las-fuentes-de-derecho-privado-occidental-en-sus-textos-y-contextos-ano-2023-581-pag-autor-italo-merello-arecco","status":"publish","type":"product","link":"https:\/\/bibliotecajuridicavirtual.cl\/index.php\/product\/historia-del-derecho-evolucion-de-las-fuentes-de-derecho-privado-occidental-en-sus-textos-y-contextos-ano-2023-581-pag-autor-italo-merello-arecco\/","title":{"rendered":"Historia del Derecho &#8211; Evoluci\u00f3n de las Fuentes de Derecho Privado Occidental en sus textos y contextos. A\u00f1o 2023\/581 P\u00e1g. Autor Italo Merello Arecco"},"content":{"rendered":"<p style=\"font-weight: 400;\">Italo Merello Arecco, es abogado, habiendo obtenido su Licenciatura en Derecho por la Universidad Cat\u00f3lica de Valpara\u00edso el a\u00f1o 1960, al que sigui\u00f3 un curso de postgrado en la Universidad de Salamanca, durante el a\u00f1o lectivo 1964-1965, gracias a una beca otorgada por el Instituto de Cultura Hisp\u00e1nica. De regreso se incorpor\u00f3 a la planta docente de la en que se form\u00f3, desempe\u00f1\u00e1ndose como profesor de Derecho Romano, primero, e Historia del Derecho, despu\u00e9s. El a\u00f1o 1974 fue nombrado profesor titular de Historia del Derecho, oficio que ejerci\u00f3 ininterrumpidamente por m\u00e1s de cuatro d\u00e9cadas. Es autor de un manual de Historia del Derecho, concebido para introducir a los alumnos en el conocimiento hist\u00f3rico-jur\u00eddico, del cual se han realizado numerosas reimpresiones, a lo que a\u00f1ade una larga lista de art\u00edculos publicados en diversas revistas especializadas tanto nacionales como extranjeras.<\/p>\n<p style=\"font-weight: 400;\">INTRODUCCI\u00d3N<\/p>\n<ol>\n<li style=\"font-weight: 400;\">HISTORICIDAD Y CIENCIA DE LA HISTORIA<\/li>\n<li style=\"font-weight: 400;\">CIENCIA DE LA HISTORIA DEL DERECHO<\/li>\n<li style=\"font-weight: 400;\">LOS CAMBIOS DEL DERECHO A TRAV\u00c9S DEL TIEMPO<\/li>\n<li style=\"font-weight: 400;\">FUENTES DEL DERECHO Y FUENTES DE LA HISTORIA DEL DERECHO<\/li>\n<li style=\"font-weight: 400;\">A) La traslaci\u00f3n del t\u00e9rmino \u201cfuente\u201d desde el mundo natural\u00edstico al normativo. Sus probables inicios<br \/>\nB) Tipolog\u00eda de las fuentes del derecho<br \/>\nC) Las fuentes de la historia del derecho<\/li>\n<li style=\"font-weight: 400;\">ESTE LIBRO<\/li>\n<li style=\"font-weight: 400;\">FUNCI\u00d3N PEDAG\u00d3GICA DE LA ASIGNATURA<\/li>\n<li style=\"font-weight: 400;\">PROCEDENCIA DE LOS CRITERIOS JUR\u00cdDICOS QUE SE RECOGEN EN LAS FUENTES DEL DERECHO<\/li>\n<li style=\"font-weight: 400;\">APENAS ALGO SOBRE EL DERECHO ROMANO CL\u00c1SICO. UN CONTRAPUNTO<br \/>\nA) Derecho de juristas<br \/>\nB) Derecho casuista<br \/>\nC) Derecho controversial<br \/>\nD) Derecho sobrio y conciso en su formulaci\u00f3n<br \/>\nE) Derecho adaptable a la realidad<\/li>\n<li style=\"font-weight: 400;\"><b><strong> MIL A\u00d1OS DE HISTORIA DEL DERECHO. DEL C\u00d3DIGO DECENVIRAL AL CORPUS IURIS CIVILIS. UN PANORAMA GENERAL<\/strong><\/b><\/li>\n<li style=\"font-weight: 400;\">LA LEY DE LAS XII TABLAS. SUS CONNOTACIONES. VALORACI\u00d3N Y AGOTAMIENTO<\/li>\n<li style=\"font-weight: 400;\">EL EDICTO DEL PRETOR<br \/>\nA) La pretura urbana y peregrina<br \/>\nB) La ductilidad del edicto pretorio<\/li>\n<\/ol>\n<p style=\"font-weight: 400;\">3.EL ADVENIMIENTO DE AUGUSTO<\/p>\n<p style=\"font-weight: 400;\">4.LA LLEGADA DEL EMPERADOR ADRIANO Y LOS SIGLOS SIGUIENTES INMEDIATOS. SUS INNOVACIONES<br \/>\nA) Respecto de la jurisprudencia<br \/>\nB) Respecto del edicto del pretor<\/p>\n<p style=\"font-weight: 400;\">5.EL DERECHO COMO CREACI\u00d3N EXCLUSIVA DEL EMPERADOR. LAS CONSTITUCIONES IMPERIALES<\/p>\n<p style=\"font-weight: 400;\">6.CONSTANTINO. EL OCASO DE LA LEGISLACI\u00d3N POR RESCRIPTOS. UN VISTAZO A LA \u00c9POCA POSTCL\u00c1SICA<\/p>\n<p style=\"font-weight: 400;\">7.EL DERECHO ROMANO EN ORIENTE. EL CORPUS IURIS CIVILIS. SOLO UN GUION<\/p>\n<ol>\n<li style=\"font-weight: 400;\"><b><strong> LA ROMANIZACI\u00d3N JUR\u00cdDICA PROVINCIAL<\/strong><\/b><\/li>\n<li style=\"font-weight: 400;\">CONCEPTO, PRESUPUESTOS Y ALCANCE DE LA ROMANIZACI\u00d3N JUR\u00cdDICA<\/li>\n<li style=\"font-weight: 400;\">ROMA. UNA CIUDAD. SU FUNDACI\u00d3N<\/li>\n<li style=\"font-weight: 400;\">ROMA. UN IMPERIO. SU PRIMER PASO: LA LUCHA POR SU HEGEMON\u00cdA EN LA PEN\u00cdNSULA IT\u00c1LICA. SU DERECHO<\/li>\n<li style=\"font-weight: 400;\">ROMA. UN IMPERIO. SU SEGUNDO PASO: LA CONQUISTA DE LA GEOGRAF\u00cdA MEDITERR\u00c1NEA Y M\u00c1S ALL\u00c1<\/li>\n<li style=\"font-weight: 400;\">LA NOCI\u00d3N DE PROVINCIA<\/li>\n<li style=\"font-weight: 400;\">EL GOBERNADOR PROVINCIAL<\/li>\n<li style=\"font-weight: 400;\">LOS PEREGRINOS<\/li>\n<li style=\"font-weight: 400;\">ROMA COMO ELEMENTO INTEGRADOR Y UNIFICADOR DE LA DIVERSIDAD PROVINCIAL 106<\/li>\n<li style=\"font-weight: 400;\">LAS VILLAS Y CIUDADES COMO SEDES DE ANCLAJE DE LA ROMANIZACI\u00d3N JUR\u00cdDICA<br \/>\nA) Colonias<br \/>\nB) Municipios<br \/>\nC) La latinidad con referencia a los municipios latinos. Concepto, origen y extensi\u00f3n del derecho latino<br \/>\nD) Ciudades de tipo ind\u00edgenas<\/li>\n<li style=\"font-weight: 400;\">TENDENCIA HACIA LA UNIFORMIDAD JUR\u00cdDICA PROVINCIAL<\/li>\n<li style=\"font-weight: 400;\">EL DERECHO ROMANO EN LAS PROVINCIAS<\/li>\n<li style=\"font-weight: 400;\">LA TRANSFORMACI\u00d3N SOCIO-ECON\u00d3MICA DEL MUNDO ROMANO OCCIDENTAL. SUS EFECTOS EN EL DERECHO<\/li>\n<li style=\"font-weight: 400;\">ROMA. UNA A\u00d1ORANZA<\/li>\n<\/ol>\n<p style=\"font-weight: 400;\"><b><strong>III. EL INFLUJO DEL CRISTIANISMO EN EL DERECHO ROMANO<\/strong><\/b><\/p>\n<ol>\n<li style=\"font-weight: 400;\">SU PRESENCIA INICIAL EN ROMA<br \/>\n2. LIMITACIONES Y ALCANCES DEL INFLUJO DEL CRISTIANISMO EN EL DERECHO ROMANO<\/li>\n<li style=\"font-weight: 400;\"><b><strong> El DERECHO ROMANO VULGAR<\/strong><\/b><\/li>\n<li style=\"font-weight: 400;\">GENERALIDADES DEL FEN\u00d3MENO2. FACTORES QUE CONDUJERON A LA VULGARIZACI\u00d3N DEL DERECHO ROMANO3. EN TORNO A UN CONCEPTO DE DERECHO ROMANO VULGAR4. CARACTER\u00cdSTICAS DEL DERECHO ROMANO VULGAR<br \/>\nA) Confusi\u00f3n conceptual<br \/>\nB) Predominio del inter\u00e9s pr\u00e1ctico, simplista y de inmediatez para actuar en el foro por sobre toda consideraci\u00f3n reflexiva<br \/>\nC) El influjo de consideraciones extrajur\u00eddicas para dar soluci\u00f3n a problemas jur\u00eddicos<br \/>\nD) El car\u00e1cter recopilatorio y epitomador de sus fuentes de conocimiento<\/li>\n<li style=\"font-weight: 400;\">FUENTES DE CONOCIMIENTO DE DERECHO ROMANO VULGAR<\/li>\n<li style=\"font-weight: 400;\">DERECHO ROMANO POSTCL\u00c1SICO Y DERECHO ROMANO VULGAR. ALGUNAS DIFERENCIAS<\/li>\n<li style=\"font-weight: 400;\"><b><strong> LA TORMENTA GERM\u00c1NICA<\/strong><\/b><\/li>\n<li style=\"font-weight: 400;\">LA IRRUPCI\u00d3N DE LOS GERMANOS EN EL IMPERIO. SU ITINERANCIA Y SIGNIFICADO. UN LIGERO ESBOZO<br \/>\n2. GENERALIDADES DEL DERECHO GERM\u00c1NICO<br \/>\n3. ALGUNAS COSTUMBRES Y H\u00c1BITOS DE LOS GERMANOS<br \/>\n4. ALGUNAS CARACTER\u00cdSTICAS DEL DERECHO GERM\u00c1NICO<\/li>\n<li style=\"font-weight: 400;\"><b><strong> EL DERECHO DEL REINO TERRITORIAL GALO-VISIGODO E HISPANO-VISIGODO<\/strong><\/b><\/li>\n<li style=\"font-weight: 400;\">PROCEDENCIA Y ASENTAMIENTO DE LOS VISIGODOS<\/li>\n<li style=\"font-weight: 400;\">EL DERECHO DEL REINO TERRITORIAL VISIGODO. SUS CARACTER\u00cdSTICAS<\/li>\n<li style=\"font-weight: 400;\">CUERPOS LEGISLATIVOS DEL REINO TERRITORIAL VISIGODO<br \/>\nA) El C\u00f3digo de Eurico (Codex Euricianus)<br \/>\nB) El Breviario de Alarico (Lex Romana Visigothorum)<br \/>\nC) El C\u00f3digo de Leovigildo (Codex Revisus)<br \/>\nD) El Libro de los Juicios (Liber Iudiciorum)<\/li>\n<li style=\"font-weight: 400;\">\u00d3RGANOS COLABORADORES DEL REY EN EL GOBIERNO DEL REINO<br \/>\nA) El Aula Regia<br \/>\nB) Los Concilios Nacionales de Toledo. La Iglesia Hispano-visigoda<\/li>\n<li style=\"font-weight: 400;\">SAN ISIDORO DE SEVILLA. UN FARO INTELECTUAL DE OCCIDENTE<\/li>\n<li style=\"font-weight: 400;\">EXCLUSIVISMO LEGISLATIVO POR PARTE DEL REY<\/li>\n<li style=\"font-weight: 400;\">EL REFERIMIENTO AL LEGISLADOR<br \/>\nA) Su denominaci\u00f3n, conceptos y supuestos de procedencia<br \/>\nB) Justiniano y el referimiento. Su establecimiento y posterior derogaci\u00f3n<br \/>\nC) El referimiento en el derecho castellano y bajo medieval y moderno<br \/>\nD) Su tratamiento en la legislaci\u00f3n francesa del antiguo r\u00e9gimen y de la revoluci\u00f3n<br \/>\nE) Chile<br \/>\nF) Guion conclusivo<\/li>\n<\/ol>\n<p style=\"font-weight: 400;\"><b><strong>VII. EL REINO DE CASTILLA Y SU DERECHO. HACIA LOS SIGLOS ALTO MEDIEVALES S. X, XI y XII<\/strong><\/b><\/p>\n<ol>\n<li style=\"font-weight: 400;\">EL APARECIMIENTO DE UNA MISTERIOSA FUERZA DEL DESIERTO<\/li>\n<li style=\"font-weight: 400;\">LA SUPERVIVENCIA DEL LIBER IUDICIORUM<br \/>\nA) En la Espa\u00f1a cristiana<br \/>\nB) En la Espa\u00f1a musulmana<\/li>\n<li style=\"font-weight: 400;\">UN VISTAZO AL DERECHO ISL\u00c1MICO. SU CAR\u00c1CTER INICIAL Y FUENTES<\/li>\n<li style=\"font-weight: 400;\">EL NACIMIENTO DEL REINO DE CASTILLA<\/li>\n<li style=\"font-weight: 400;\">EL VAGIDO DEL DERECHO CASTELLANO<\/li>\n<li style=\"font-weight: 400;\">EL R\u00c9GIMEN SE\u00d1ORIAL<\/li>\n<li style=\"font-weight: 400;\">EL R\u00c9GIMEN FEUDAL. UN POCO SOBRE SU ORIGEN Y ELEMENTOS. ALGUNAS DIFERENCIAS CON EL R\u00c9GIMEN SE\u00d1ORIAL<\/li>\n<li style=\"font-weight: 400;\">DE LA DECADENCIA DEL R\u00c9GIMEN SE\u00d1ORIAL AL NACIMIENTO DEL R\u00c9GIMEN MUNICIPAL. LOS INICIOS DEL PROCESO. EL DERECHO<\/li>\n<\/ol>\n<p style=\"font-weight: 400;\">9.MUNICIPIO Y COMUNA<\/p>\n<ol start=\"10\">\n<li style=\"font-weight: 400;\">EL R\u00c9GIMEN MUNICIPAL CASTELLANO<\/li>\n<li style=\"font-weight: 400;\">LOS FUEROS LOCALES O MUNICIPALES<\/li>\n<li style=\"font-weight: 400;\">LAS FUENTES DEL DERECHO CASTELLANO ALTOMEDIEVAL<br \/>\nA) La costumbre<br \/>\nB) Las decisiones judiciales<br \/>\nC) Los privilegios<br \/>\nD) Las normas del concejo municipal<\/li>\n<li style=\"font-weight: 400;\">CARACTER\u00cdSTICA DEL DERECHO CASTELLANO DE LA \u00c9POCA<br \/>\nA) La variedad jur\u00eddica o dispersi\u00f3n normativa<br \/>\nB) La general lejan\u00eda respecto del derecho romano<br \/>\nC) Un derecho de bajo nivel cient\u00edfico<\/li>\n<\/ol>\n<p style=\"font-weight: 400;\"><b><strong>VIII. LA RECEPCI\u00d3N OCCIDENTAL DEL DERECHO ROMANO-JUSTINIANEO<\/strong><\/b><\/p>\n<ol>\n<li style=\"font-weight: 400;\">CONCEPTO DE RECEPCI\u00d3N<br \/>\nA) La recepci\u00f3n te\u00f3rica<br \/>\nB) La recepci\u00f3n pr\u00e1ctica<\/li>\n<li style=\"font-weight: 400;\">OTRAS RECEPCIONES. GENERALIDAD DEL FEN\u00d3MENO<\/li>\n<li style=\"font-weight: 400;\">LA UNIVERSIDAD DE BOLONIA. ALGO SOBRE SU PROBABLE ORIGEN Y VIDA INICIAL<\/li>\n<li style=\"font-weight: 400;\">ALGUNAS CONNOTACIONES DE SU ESCUELA DE DERECHO<\/li>\n<li style=\"font-weight: 400;\">VALORACI\u00d3N DEL SUCESO<\/li>\n<\/ol>\n<p style=\"font-weight: 400;\">6.CAUSAS DE LA RECEPCI\u00d3N DEL DERECHO ROMANO JUSTINIANEO<br \/>\nA) La invocaci\u00f3n a la leyenda: la pesadilla del milenio<br \/>\nB) La causa pol\u00edtica: el ideario pol\u00edtico de la restauraci\u00f3n del viejo imperio romano (restitutio imperii o translatio imperii)<br \/>\nC) La causa socio econ\u00f3mica: los nuevos intereses resultantes del resurgir del r\u00e9gimen urbano y el progresivo desarrollo de la expansi\u00f3n mercantil y la burgues\u00eda<br \/>\nD) La causa cultural: la mayor sensibilidad espiritual para apreciar las bondades y ventajas del Corpus Iuris Civilis<\/p>\n<ol start=\"7\">\n<li style=\"font-weight: 400;\">VEH\u00cdCULOS DE LA RECEPCI\u00d3N<\/li>\n<li style=\"font-weight: 400;\">ROMANIZACI\u00d3N Y RECEPCI\u00d3N<\/li>\n<\/ol>\n<p style=\"font-weight: 400;\">9.EL CORPUS IURIS CIVILIS COMO DOGMA JUR\u00cdDICO. EL PRINCIPIO DE AUTORIDAD<br \/>\nA) Las Sagradas escrituras como paradigma de la autoridad sapiensial<br \/>\nB) La di\u00e1spora del principio de autoridad<br \/>\nC) La concepci\u00f3n teol\u00f3gico-pol\u00edtica y jur\u00eddica de Justiniano<\/p>\n<p style=\"font-weight: 400;\">10.LOS JURISTAS BOLO\u00d1ESES<br \/>\nA) Los glosadores. Circunstancia y g\u00e9neros literario-jur\u00eddicos que cultivaron<br \/>\nB) Vastedad de los juristas componentes de la escuela. Los manuscritos del Corpus Iuris Civilis<br \/>\nC) Acursio. Un hito genial de inteligencia y paciencia en la historia del derecho de Occidente<\/p>\n<ol start=\"11\">\n<li style=\"font-weight: 400;\">LOS COMENTARISTAS<\/li>\n<li style=\"font-weight: 400;\">GLOSADORES Y COMENTARISTAS. ALGUNAS DIFERENCIAS<\/li>\n<li style=\"font-weight: 400;\">EL DERECHO CAN\u00d3NICO CL\u00c1SICO<br \/>\nA) Generalidades<br \/>\nB) Fuentes del derecho can\u00f3nico<br \/>\nC) Las grandes colecciones del derecho can\u00f3nico de la \u00e9poca<\/li>\n<\/ol>\n<p style=\"font-weight: 400;\">14.LOS ESTATUTOS O DERECHOS PROPIOS<br \/>\nA) Concepto y generalidades<br \/>\nB) Las fuentes confluyentes en los estatutos 280<br \/>\nC) Legitimidad de los estatutos. Fundamento del poder de instituirlos (potestas statuendi)<\/p>\n<ol start=\"15\">\n<li style=\"font-weight: 400;\">PROCEDENCIA DE LAS LOCUCIONES \u201cDERECHO PROPIO\u201d Y \u201cDERECHO COM\u00daN\u201d<\/li>\n<li style=\"font-weight: 400;\">EL DERECHO COM\u00daN<br \/>\nA) Ideas previas<br \/>\nB) Diferentes tipos de relaciones entre ambos derechos: derecho romanojustinianeo y derechos estatutarios o propios<br \/>\nC) En torno al concepto del derecho com\u00fan como sistema: un asunto asociado a la recepci\u00f3n pr\u00e1ctica o forense<\/li>\n<li style=\"font-weight: 400;\">CARACTER\u00cdSTICAS DEL DERECHO COM\u00daN O SISTEMA DE DERECHO COM\u00daN<\/li>\n<li style=\"font-weight: 400;\">ALGUNAS PREVENCIONES CONCLUSIVAS<\/li>\n<li style=\"font-weight: 400;\">LA OPINI\u00d3N COM\u00daN DE LOS DOCTORES (OPINIO COMMUNIS DOCTORUM)<\/li>\n<li style=\"font-weight: 400;\">PARTICULARIDADES DE LA RECEPCI\u00d3N EN FRANCIA<\/li>\n<li style=\"font-weight: 400;\">\u00bfRECEPCI\u00d3N EN INGLATERRA?<br \/>\nA) Origen y caracter\u00edsticas del derecho hist\u00f3rico ingl\u00e9s<br \/>\nB) La jurisdicci\u00f3n del common law<br \/>\nC) La jurisdicci\u00f3n de la equidad<br \/>\nD) Analog\u00eda entre el derecho romano y el ingl\u00e9s. Su car\u00e1cter y alcance<\/li>\n<li style=\"font-weight: 400;\">EL DERECHO ROMANO-JUSTINIANEO EN INGLATERRA<br \/>\nA) Vetas de conocimiento y difusi\u00f3n<br \/>\nB) Obst\u00e1culos que pusieron cerco al pleno desarrollo del derecho romano en Inglaterra<\/li>\n<li style=\"font-weight: 400;\">ALGUNAS REFORMAS EN LA \u00c9POCA MODERNA<\/li>\n<\/ol>\n<p style=\"font-weight: 400;\">24.RECEPCI\u00d3N EN ALEMANIA<br \/>\nA) El Sacro Imperio Romano Germ\u00e1nico y su identificaci\u00f3n con la Corona alemana<br \/>\nB) Obst\u00e1culos a la recepci\u00f3n<br \/>\nC) El cambio de giro frente al derecho romano. Motivos y alcances<br \/>\nD) El Uso moderno de las pandectas (Usus modernus pandectarum)<\/p>\n<ol>\n<li style=\"font-weight: 400;\"><b><strong> EL HUMANISMO<\/strong><\/b><\/li>\n<li style=\"font-weight: 400;\">EL HUMANISMO COMO IDEARIO INTELECTUAL GENERAL. ALGO SOBRE SU MARCO HIST\u00d3RICO<\/li>\n<li style=\"font-weight: 400;\">HUMANISMO Y REVALORIZACI\u00d3N ANTROPOC\u00c9NTRICA. EPIFAN\u00cdADEL HOMBRE COMO CENTRO DEL UNIVERSO MORAL<\/li>\n<li style=\"font-weight: 400;\">HUMANISMO Y CULTURA CL\u00c1SICA. SU REBELD\u00cdA HACIA LA CULTURA MEDIEVAL<\/li>\n<li style=\"font-weight: 400;\">LOS T\u00c9RMINOS \u201cHUMANISTA\u201d Y \u201cCL\u00c1SICO\u201d. ALGO SOBRE SU ACEPCI\u00d3N ORIGINAL<\/li>\n<li style=\"font-weight: 400;\">HUMANISMO JUR\u00cdDICO. GENERALIDADES<\/li>\n<li style=\"font-weight: 400;\">EL CORPUS IURIS CIVILIS. LAS INTERPOLACIONES<\/li>\n<li style=\"font-weight: 400;\">DIFERENCIAS ENTRE EL MOS ITALICUS Y EL MOS GALLICUS<\/li>\n<li style=\"font-weight: 400;\">LA VETA HIST\u00d3RICO-FILOL\u00d3GICA DEL HUMANISMO JUR\u00cdDICO. LA PESQUISA DE LAS INTERPOLACIONES<\/li>\n<li style=\"font-weight: 400;\">GLOSAS E INTERPOLACIONES. ALGUNAS DIFERENCIAS<\/li>\n<li style=\"font-weight: 400;\">LA ACTITUD CR\u00cdTICA DEL HUMANISMO JUR\u00cdDICO<br \/>\nA) Contra el derecho romano-justinianeo<br \/>\nB) Contra el derecho com\u00fan<\/li>\n<li style=\"font-weight: 400;\">LA VETA SISTEM\u00c1TICA DEL HUMANISMO JUR\u00cdDICO<br \/>\nA) Sistema, dial\u00e9ctica y sistem\u00e1tica dial\u00e9ctica. Una aproximaci\u00f3n conceptual<br \/>\nB) La sistem\u00e1tica dial\u00e9ctica aplicada al derecho. Su historia y alcance<\/li>\n<\/ol>\n<p style=\"font-weight: 400;\">12.APORTES DEL HUMANISMO JUR\u00cdDICO AL PROCESO DE CODIFICACI\u00d3N DEL DERECHO<\/p>\n<ol>\n<li style=\"font-weight: 400;\"><b><strong> EL DERECHO CASTELLANO DE LA BAJA EDAD MEDIA Y \u00c9POCA MODERNA<\/strong><\/b><\/li>\n<li style=\"font-weight: 400;\">CARACTER\u00cdSTICAS GENERALES<\/li>\n<li style=\"font-weight: 400;\">CUERPOS LEGISLATIVOS CASTELLANOS DE LA \u00c9POCA<br \/>\nA) El Fuero Juzgo<br \/>\nB) El Fuero Real-Leyes del Estilo<br \/>\nC) Las Siete Partidas<br \/>\nD) El Ordenamiento de Alcal\u00e1 y las Leyes de Toro<br \/>\nE) Las Recopilaciones castellanas<\/li>\n<li style=\"font-weight: 400;\">LA RECEPCI\u00d3N DEL DERECHO ROMANO-JUSTINIANEO EN CASTILLA<\/li>\n<li style=\"font-weight: 400;\"><b><strong> EL DERECHO INDIANO<\/strong><\/b><\/li>\n<li style=\"font-weight: 400;\">ANEXI\u00d3N DEL NUEVO MUNDO A LA CORONA CASTELLANA<\/li>\n<li style=\"font-weight: 400;\">DERECHOS VIGENTES EN AM\u00c9RICA INDIANA<br \/>\nA) Derecho castellano<br \/>\nB) Derecho indiano en sentido restringido<br \/>\nC) Caracter\u00edsticas del derecho indiano<\/li>\n<li style=\"font-weight: 400;\">EL DERECHO COM\u00daN EN INDIAS<\/li>\n<li style=\"font-weight: 400;\">LA DOCTRINA INDIANA<\/li>\n<li style=\"font-weight: 400;\">LA C\u00c1TEDRA UNIVERSITARIA<\/li>\n<li style=\"font-weight: 400;\">EL PATRONATO INDIANO<br \/>\nA) Concepto y generalidades<br \/>\nB) Los abusos del patronato<br \/>\nC) Su persistencia durante la emancipaci\u00f3n de la monarqu\u00eda. Solo una idea<\/li>\n<li style=\"font-weight: 400;\">DERECHO CAN\u00d3NICO INDIANO<\/li>\n<li style=\"font-weight: 400;\">LA LEY SE OBEDECE PERO NO SE CUMPLE<\/li>\n<li style=\"font-weight: 400;\">EL ORDEN DE APLICACI\u00d3N DE LAS FUENTES DE DERECHO INDIANO<\/li>\n<\/ol>\n<p style=\"font-weight: 400;\"><b><strong>XII. LA CODIFICACI\u00d3N DEL DERECHO<\/strong><\/b><\/p>\n<ol>\n<li style=\"font-weight: 400;\">CONCEPTO DE CODIFICACI\u00d3N Y GENERALIDADES DEL PROCESO<\/li>\n<li style=\"font-weight: 400;\">SIGNIFICADOS HIST\u00d3RICOS DE LA PALABRA \u201cC\u00d3DIGO\u201d<\/li>\n<li style=\"font-weight: 400;\">ACTITUD CR\u00cdTICA FRENTE AL DERECHO COM\u00daN. APENAS UN ASOMO<br \/>\nA) Cr\u00edticas de forma<br \/>\nB) Cr\u00edticas de fondo<\/li>\n<li style=\"font-weight: 400;\">LA ACTITUD REFORMISTA<\/li>\n<li style=\"font-weight: 400;\">FACTORES EX\u00d3GENOS QUE LLEVARON A LA CRISIS DEL DERECHO COM\u00daN<\/li>\n<li style=\"font-weight: 400;\">ELEMENTOS DE LA CODIFICACI\u00d3N<br \/>\nA) Primer elemento. Una filosof\u00eda jur\u00eddica: el iusracionalismo<br \/>\nB) Segundo elemento de la codificaci\u00f3n. El material de derecho al cual se aplican las premisas del iusracionalismo: el derecho romano<br \/>\nC) Tercer elemento de la codificaci\u00f3n. Una manera de presentar los resultados de la s\u00edntesis de los elementos anteriores (una filosof\u00eda jur\u00eddica: el iusracionalismo, y una materia a la cual dicha filosof\u00eda se aplica: el derecho romano), a saber: la sistem\u00e1tica axiom\u00e1tica<\/li>\n<li style=\"font-weight: 400;\">LOS PRIMEROS C\u00d3DIGOS DE LA CODIFICACI\u00d3N<br \/>\nA) El C\u00f3digo prusiano<br \/>\nB) El C\u00f3digo Napole\u00f3n<br \/>\nC) El C\u00f3digo austriaco<\/li>\n<\/ol>\n<p style=\"font-weight: 400;\">8.OTROS C\u00d3DIGOS POSTERIORES<br \/>\nA) La codificaci\u00f3n alemana<br \/>\nB) La codificaci\u00f3n can\u00f3nica<br \/>\nC) La codificaci\u00f3n civil chilena<\/p>\n","protected":false},"excerpt":{"rendered":"<p>Vis\u00edtanos en www.bibliotecajuridicavirtual.cl<br \/>\nEscr\u00edbenos al +56930565235 \/ <a class=\"afaFOTlZPsCzjvRLucMiKLrwEMAMHRDLkDjhg \" href=\"mailto:ventaslegallexglobal@gmail.com\" target=\"_self\" rel=\"noopener\" data-test-app-aware-link=\"\">ventaslegallexglobal@gmail.com<\/a><br \/>\nHacemos env\u00edos a todo Chile &#8211; Starken o Correos Chile \/ Te esperamos<\/p>\n","protected":false},"featured_media":2709,"comment_status":"open","ping_status":"closed","template":"","meta":{"inline_featured_image":false,"_joinchat":[]},"product_brand":[],"product_cat":[44],"product_tag":[],"class_list":{"0":"post-2679","1":"product","2":"type-product","3":"status-publish","4":"has-post-thumbnail","6":"product_cat-filosofia-del-derecho-y-introduccion","7":"product_shipping_class-a-convenir","9":"first","10":"instock","11":"shipping-taxable","12":"purchasable","13":"product-type-simple"},"_links":{"self":[{"href":"https:\/\/bibliotecajuridicavirtual.cl\/index.php\/wp-json\/wp\/v2\/product\/2679","targetHints":{"allow":["GET"]}}],"collection":[{"href":"https:\/\/bibliotecajuridicavirtual.cl\/index.php\/wp-json\/wp\/v2\/product"}],"about":[{"href":"https:\/\/bibliotecajuridicavirtual.cl\/index.php\/wp-json\/wp\/v2\/types\/product"}],"replies":[{"embeddable":true,"href":"https:\/\/bibliotecajuridicavirtual.cl\/index.php\/wp-json\/wp\/v2\/comments?post=2679"}],"wp:featuredmedia":[{"embeddable":true,"href":"https:\/\/bibliotecajuridicavirtual.cl\/index.php\/wp-json\/wp\/v2\/media\/2709"}],"wp:attachment":[{"href":"https:\/\/bibliotecajuridicavirtual.cl\/index.php\/wp-json\/wp\/v2\/media?parent=2679"}],"wp:term":[{"taxonomy":"product_brand","embeddable":true,"href":"https:\/\/bibliotecajuridicavirtual.cl\/index.php\/wp-json\/wp\/v2\/product_brand?post=2679"},{"taxonomy":"product_cat","embeddable":true,"href":"https:\/\/bibliotecajuridicavirtual.cl\/index.php\/wp-json\/wp\/v2\/product_cat?post=2679"},{"taxonomy":"product_tag","embeddable":true,"href":"https:\/\/bibliotecajuridicavirtual.cl\/index.php\/wp-json\/wp\/v2\/product_tag?post=2679"}],"curies":[{"name":"wp","href":"https:\/\/api.w.org\/{rel}","templated":true}]}}