{"id":2680,"date":"2026-02-28T01:04:39","date_gmt":"2026-02-28T04:04:39","guid":{"rendered":"https:\/\/bibliotecajuridicavirtual.cl\/?post_type=product&#038;p=2680"},"modified":"2026-02-28T01:04:55","modified_gmt":"2026-02-28T04:04:55","slug":"de-los-contratos-ano-agosto-2004-224-pag-autor-arturo-alessandri-rodriguez","status":"publish","type":"product","link":"https:\/\/bibliotecajuridicavirtual.cl\/index.php\/product\/de-los-contratos-ano-agosto-2004-224-pag-autor-arturo-alessandri-rodriguez\/","title":{"rendered":"De los Contratos. A\u00f1o Agosto 2004\/ 224 P\u00e1g.  Autor Arturo Alessandri Rodr\u00edguez"},"content":{"rendered":"<p style=\"font-weight: 400;\">Esta obra cl\u00e1sica en materia de contratos corresponde a la versi\u00f3n original e in\u00e9dita del profesor Alessandri. El volumen contiene tres cap\u00edtulos referentes a nociones generales, clasificaci\u00f3n y elementos constitutivos de los contratos.<\/p>\n<p style=\"font-weight: 400;\"><b><strong>CAP\u00cdTULO I<\/strong><\/b><br \/>\n<b><strong>LOS CONTRATOS. NOCIONES GENERALES<\/strong><\/b><\/p>\n<p>A. Generalidades<\/p>\n<ol>\n<li style=\"font-weight: 400;\">Noci\u00f3n del acto jur\u00eddico.<br \/>\n2. Actos unilaterales y bilaterales.<br \/>\n3. Concepto de la convenci\u00f3n.<br \/>\n4. Definici\u00f3n del contrato.<br \/>\n5. Diferencias entre el contrato y la convenci\u00f3n.<br \/>\n6. Diferencias entre el contrato y la obligaci\u00f3n.<br \/>\n7. Caracter\u00edstica esencial del contrato.<br \/>\n8. Importancia del consentimiento en los contratos.<br \/>\n9. Contratos colectivos.<br \/>\n10. Dominio del contrato.<br \/>\n11. Cosas que se distinguen en un contrato.<\/li>\n<li style=\"font-weight: 400;\">La autonom\u00eda de la voluntad<\/li>\n<li style=\"font-weight: 400;\">Concepto.<br \/>\n13. CONSECUENCIAS DE ESTE PRINCIPIO.<br \/>\n14. Limitaciones de este principio.<br \/>\n15. Fundamento de este principio.<br \/>\n16. Cr\u00edticas a este principio.<br \/>\n17. Defensa de la libertad contractual.<br \/>\n18. EL CONTRATO DIRIGIDO.<br \/>\n19. DERECHO COMPARADO.<br \/>\n20. Legislaci\u00f3n chilena.<br \/>\n21. Resultado y apreciaci\u00f3n de esta tendencia.<br \/>\n22. Enumeraci\u00f3n.<\/li>\n<\/ol>\n<p style=\"font-weight: 400;\"><b><strong>CAP\u00cdTULO II<\/strong><\/b><br \/>\n<b><strong>CLASIFICACI\u00d3N DE LOS CONTRATOS<\/strong><\/b><\/p>\n<p>A. Contratos unilaterales y bilaterales<\/p>\n<ol start=\"23\">\n<li style=\"font-weight: 400;\">Definici\u00f3n.<br \/>\n24. Diferencia entre contrato unilateral y acto jur\u00eddico unilateral.<br \/>\n25. Naturaleza de esta clasificaci\u00f3n.<br \/>\n26. Contratos bilaterales imperfectos.<br \/>\n27. Inter\u00e9s de esta clasificaci\u00f3n.B. Contratos gratuitos y onerosos<\/li>\n<li style=\"font-weight: 400;\">Definici\u00f3n.<br \/>\n29. Subdivisiones de los contratos gratuitos y onerosos.<br \/>\n30. Dificultades pr\u00e1cticas.<br \/>\n31. Inter\u00e9s de esta clasificaci\u00f3n.C. Contratos conmutativos y aleatorios<\/li>\n<li style=\"font-weight: 400;\">Definici\u00f3n.<br \/>\n33. Formas en que puede obrar el acontecimiento incierto.<br \/>\n34. Reciprocidad de la contingencia de ganancia o p\u00e9rdida.<br \/>\n35. Car\u00e1cter excepcional de los contratos aleatorios.<br \/>\n36. Inter\u00e9s de esta clasificaci\u00f3n.<\/li>\n<li style=\"font-weight: 400;\">Contratos principales y accesorios<\/li>\n<li style=\"font-weight: 400;\">Definici\u00f3n.<br \/>\n38. Inter\u00e9s de esta clasificaci\u00f3n.<br \/>\n39. Contratos dependientes.<\/li>\n<li style=\"font-weight: 400;\">Contratos consensuales, reales y solemnes<\/li>\n<li style=\"font-weight: 400;\">Definici\u00f3n.<br \/>\n41. Contratos consensuales.<br \/>\n42. Contratos solemnes.<br \/>\n43. Contratos reales.<br \/>\n44. Contratos que participan de un doble car\u00e1cter.<br \/>\n45. Cr\u00edtica de la noci\u00f3n de contrato real.<br \/>\n46. Derecho comparado.<\/li>\n<li style=\"font-weight: 400;\">Otras clasificaciones<\/li>\n<li style=\"font-weight: 400;\">Contratos nominados e innominados.<br \/>\n48. Contratos complejos o mixtos.<br \/>\n49. Renovaci\u00f3n o pr\u00f3rroga de un contrato.<br \/>\n51. Contratos individuales y colectivos.<br \/>\n52. Contratos de ejecuci\u00f3n instant\u00e1nea y de tracto sucesivo.<br \/>\n53. Inter\u00e9s de esta clasificaci\u00f3n.<br \/>\n54. Enumeraci\u00f3n.<b><strong>CAP\u00cdTULO III<\/strong><\/b><br \/>\n<b><strong>ELEMENTOS CONSTITUTIVOS DEL CONTRATO<\/strong><\/b>A. Capacidad<\/li>\n<li style=\"font-weight: 400;\">Definici\u00f3n.<br \/>\n56. Sus clases.<br \/>\n57. Regla general.<br \/>\n58. Capacidad de goce.<br \/>\n59. Capacidad de ejercicio.<br \/>\n60. Diferencias entre capacidad y poder.<br \/>\n61. Diversas clases de incapacidades de ejercicio.<br \/>\n62. A) Incapacidad absoluta.<br \/>\n63. 1\u00ba Dementes.<br \/>\n64. Personas privadas de raz\u00f3n por ebriedad u otra causa.<br \/>\n65. 2\u00ba Imp\u00faberes.<br \/>\n66. 3\u00ba Sordomudos que no pueden darse a entender por escrito.<br \/>\n67. B) Incapacidad relativa.<br \/>\n68. 1\u00ba Menores adultos que no han obtenido habilitaci\u00f3n de edad.<br \/>\n69. 2\u00ba Disipadores que se hallan bajo interdicci\u00f3n de administrar lo suyo.<br \/>\n70. 3\u00ba Mujeres casadas.<br \/>\n71. 4\u00ba Religiosos.<br \/>\n72. 5\u00ba Personas jur\u00eddicas.<br \/>\n73. C. Incapacidad particular o especial<br \/>\n74. Incapacidad que afecta a los ind\u00edgenas.<br \/>\n75. Car\u00e1cter limitativo de las incapacidades.<br \/>\n76. Momento en que los contratantes deben ser capaces.<br \/>\n77. Prueba de incapacidad.<br \/>\n78. Concurrencia de incapacidades.<br \/>\n79. Autorizaci\u00f3n y representaci\u00f3n.<br \/>\n80. Ineficacia de las convenciones sobre la capacidad.<br \/>\n81. Derecho comparado.<\/li>\n<li style=\"font-weight: 400;\">Consentimiento<\/li>\n<li style=\"font-weight: 400;\">Definici\u00f3n.<br \/>\n83. Requisitos de la voluntad.<br \/>\n84. Voluntad seria.<br \/>\n85. Declaraci\u00f3n de la voluntad.<br \/>\n86. Conflicto entre la voluntad real y la declarada; teor\u00edas al respecto.<br \/>\n87. Teor\u00eda de la voluntad.<br \/>\n88. Teor\u00eda de la declaraci\u00f3n de voluntad.<br \/>\n89. Sistema de nuestro c\u00f3digo.<br \/>\n90. Consecuencias.<br \/>\n91. Formas de manifestaci\u00f3n de la voluntad.<br \/>\n92. Voluntad expresa y voluntad t\u00e1cita.<br \/>\n93. Casos en que no se admite la voluntad t\u00e1cita.<br \/>\n94. Conflicto entre la voluntad t\u00e1cita y la expresa.<br \/>\n95. Valor jur\u00eddico del silencio.<br \/>\n96. El silencio en materia contractual; su carencia de eficacia.<br \/>\n97. Casos en que el silencio importa voluntad de contratar o es fuente de obligaci\u00f3n.<br \/>\n98. El silencio en derecho comparado.<br \/>\n99. Principio.<br \/>\n100. Puntos sobre que debe recaer el consentimiento.<br \/>\n101. Distinci\u00f3n entre la formaci\u00f3n y la vigencia del contrato.<br \/>\n102. Etapas que deben distinguirse en la formaci\u00f3n del consentimiento.<br \/>\n103. Negociaciones preliminares.<br \/>\n104. Carencia de valor obligatorio de las negociaciones preliminares.<br \/>\n105. Dificultades pr\u00e1cticas; valor de la r\u00e9clame comercial.<br \/>\n106. Elementos constitutivos del consentimiento.<br \/>\n107. Reglas aplicables a la formaci\u00f3n del consentimiento.<br \/>\n108. La oferta; sus clases.<br \/>\n109. Oferta con reservas.<br \/>\n110. De qui\u00e9n puede emanar la oferta.<br \/>\n111. La aceptaci\u00f3n; sus clases.<br \/>\n112. Aceptaci\u00f3n pura y simple y aceptaci\u00f3n condicional.<br \/>\n113. Rechazo de la oferta; muerte o incapacidad de su destinatario.<br \/>\n114. Requisitos de la aceptaci\u00f3n.<br \/>\n115. 1\u00ba Persistencia de la oferta.<br \/>\n116. Causales de extinci\u00f3n de la oferta.<br \/>\n117. Retractaci\u00f3n de la oferta.<br \/>\n118. Indemnizaci\u00f3n de perjuicios.<br \/>\n119. Oferta con plazo.<br \/>\n120. Caducidad de la oferta.<br \/>\n121. Destrucci\u00f3n o modificaci\u00f3n jur\u00eddica del objeto de la oferta.<br \/>\n122. Derecho comparado.<br \/>\n123. 2\u00ba. Oportunidad de la aceptaci\u00f3n<br \/>\n124. Aceptaci\u00f3n extempor\u00e1nea.<br \/>\n125. 3\u00ba. Car\u00e1cter de la aceptaci\u00f3n<br \/>\n126. Aceptaci\u00f3n condicional.<br \/>\n127. Inter\u00e9s en determinar el momento y el lugar de la formaci\u00f3n del contrato.<br \/>\n128. Distinci\u00f3n.<br \/>\n129. Contratos entre presentes.<br \/>\n130. Contratos entre ausentes.<br \/>\n131. Sistemas al respecto.<br \/>\n132. Sistema chileno.<br \/>\n133. Consecuencias.<br \/>\n134. LUgar de la formaci\u00f3n del contrato entre ausentes.<br \/>\n135. Excepciones.<br \/>\n136. Derecho comparado.<br \/>\n137. Cartas o telegramas que se cruzan.<br \/>\n138. Contratos por tel\u00e9fono.<br \/>\n139. Contratos por intermediarios.<br \/>\n140. Ofertas a personas indeterminadas o al p\u00fablico.<br \/>\n141. Ofertas contenidas en circulares, cat\u00e1logos, notas de precios corrientes, prospectos u otra especie de anuncios impresos.<br \/>\n142. Ofertas permanentes.<br \/>\n143. Promesas de recompensa.<br \/>\n144. Contratos de tipo especial.<br \/>\n145. Contratos de adhesi\u00f3n.<br \/>\n146. Naturaleza jur\u00eddica de los contratos de adhesi\u00f3n.<br \/>\n147. Inconvenientes de estos contratos; medios de obviarlos.<br \/>\n148. Contratos al mejor postor o en p\u00fablica subasta.<br \/>\n149. Contratos por concurso.<br \/>\n150. Contratos por elecci\u00f3n.<br \/>\n151. Concepto.<br \/>\n152. Utilidad.<br \/>\n153. Extensi\u00f3n.<br \/>\n154. Qui\u00e9nes pueden ser representantes.<br \/>\n155. Qui\u00e9nes pueden ser representados.<br \/>\n156. Fuentes de la representaci\u00f3n.<br \/>\n157. Naturaleza jur\u00eddica de la representaci\u00f3n.<br \/>\n158. Distinci\u00f3n entre la representaci\u00f3n y el mandato.<br \/>\n159. Requisitos para que haya representaci\u00f3n.<br \/>\n160. 1\u00ba Voluntad propia del representante.<br \/>\n161. Capacidad del representante.<br \/>\n162. Vicios del consentimiento; buena y mala fe.<br \/>\n163. Responsabilidad extracontractual.<br \/>\n164. 2\u00ba Intenci\u00f3n de representar.<br \/>\n165. 3\u00ba Facultad de representar.<br \/>\n166. Representante que obra sin poder o fuera de \u00e9l.<br \/>\n167. Casos en que el acto del representante que obra sin poder o fuera de \u00e9l afecta al representado.<br \/>\n168. Ratificaci\u00f3n.<br \/>\n169. Diferencias con la ratificaci\u00f3n o confirmaci\u00f3n de un acto anulable o rescindible.<br \/>\n170. Diferencias con la aceptaci\u00f3n de un acto ejecutado por un tercero en su propio nombre.<br \/>\n171. Caracteres de la ratificaci\u00f3n.<br \/>\n172. Formas de la ratificaci\u00f3n.<br \/>\n173. Efectos de la ratificaci\u00f3n.<br \/>\n174. Efectos de la representaci\u00f3n.<br \/>\n175. Derecho comparado.<br \/>\n176. Concepto.<br \/>\n177. Casos en que puede presentarse.<br \/>\n178. Utilidad.<br \/>\n179. Naturaleza jur\u00eddica.<br \/>\n180. Diferencias con el acto unilateral ordinario.<br \/>\n181. Posibilidad y licitud del autocontrato.<br \/>\n182. Casos en que el acto consigo mismo es inadmisible.<br \/>\n183. Sanci\u00f3n.<br \/>\n184. Casos que deben distinguirse.<br \/>\n185. Autocontrato del representante legal de una persona natural.<br \/>\n186. Autocontrato del tutor o curador.<br \/>\n187. Autocontrato del padre o madre de familia.<br \/>\n188. Autocontrato del marido.<br \/>\n189. Autocontrato del mandatario de una persona natural.<br \/>\n190. Autocontrato del representante de las personas jur\u00eddicas.<br \/>\n191. Acto jur\u00eddico consigo mismo del titular de dos patrimonios.<br \/>\n192. Requisitos para que el autocontrato surta efectos.<br \/>\n193. Actos que no constituyen autocontratos.<br \/>\n194. Derecho comparado.<br \/>\n195. Noci\u00f3n.<br \/>\n197. Fundamento de esta responsabilidad.<br \/>\n198. Casos que pueden presentarse.<br \/>\n199. Responsabilidad por ruptura de las negociaciones preliminares.<br \/>\n200. Responsabilidad en caso de nulidad de un contrato.<br \/>\n201. Derecho comparado.<br \/>\n202. Negativa de contratar.<br \/>\n203. Principio.<br \/>\n204. Diferencias entre consentimiento viciado y ausencia de consentimiento.<br \/>\n205. Diferencias entre desacuerdo y consentimiento viciado.<br \/>\n206. Enumeraci\u00f3n.<\/li>\n<li style=\"font-weight: 400;\">Error<\/li>\n<li style=\"font-weight: 400;\">Definici\u00f3n.<br \/>\n208. Clasificaci\u00f3n.<br \/>\n209. Error de derecho.<br \/>\n210. Excepci\u00f3n.<br \/>\n211. Derecho comparado.<br \/>\n212. Error de hecho; criterio al respecto.<br \/>\n213. Sus clases.<br \/>\n214. 1\u00ba Error obstativo o error obst\u00e1culo.<br \/>\n215. Casos en que lo hay.<br \/>\n216. Error sobre la causa.<br \/>\n217. No es necesario que el error sea excusable.<br \/>\n218. 2\u00ba Error substancial.<br \/>\n219. Casos en que lo hay.<br \/>\n220. Elemento com\u00fan a todo error esencial.<br \/>\n221. Error en la substancia.<br \/>\n222. Diferencia con el error sobre la identidad de la cosa espec\u00edfica.<br \/>\n223. Error sobre una calidad secundaria elevada a la categor\u00eda de esencial.<br \/>\n224. Error sobre la persona.<br \/>\n225. Criterio para determinar cu\u00e1ndo el contrato es intuitus personae.<br \/>\n226. Indemnizaci\u00f3n de perjuicios.<br \/>\n227. 3\u00ba Error indiferente.<br \/>\n228. El error puede ser unilateral.<br \/>\n229. Prueba del error.<br \/>\n230. Pactos excluyentes del error.<br \/>\n231. Ambito de las reglas que rigen el error.<br \/>\n232. Derecho comparado.<br \/>\n233. Error de expresi\u00f3n.<br \/>\n234. Error de transmisi\u00f3n.<br \/>\n235. El error com\u00fan.<\/li>\n<li style=\"font-weight: 400;\">Fuerza<\/li>\n<li style=\"font-weight: 400;\">Actos constitutivos de fuerza.<br \/>\n238. Requisitos.<br \/>\n239. 1\u00ba La fuerza debe ser grave.<br \/>\n240. Personas en quienes puede recaer el mal.<br \/>\n241. Relatividad de la gravedad de la fuerza.<br \/>\n242. Jurisprudencia.<br \/>\n243. 2\u00ba La fuerza debe ser injusta.<br \/>\n244. Ejercicio de acciones y derechos.<br \/>\n245. Temor reverencial.<br \/>\n246. 3\u00ba La fuerza debe ser determinante.<br \/>\n247. Consentimiento prestado en estado de necesidad.<br \/>\n248. De qui\u00e9n puede emanar la fuerza.<br \/>\n249. Prueba.<br \/>\n250. Efectos.<br \/>\n251. \u00c1mbito de los preceptos que rigen la fuerza.<br \/>\n252. Derecho comparado.<\/li>\n<li style=\"font-weight: 400;\">Dolo<\/li>\n<li style=\"font-weight: 400;\">Circunstancias en que puede presentarse.<br \/>\n254. Definici\u00f3n.<br \/>\n255. Diferencias con el error.<br \/>\n256. Hechos y abstenciones constitutivos de dolo.<br \/>\n257. Clasificaci\u00f3n.<br \/>\n258. Dolo principal.<br \/>\n259. 1\u00ba El dolo debe ser obra de una de las partes.<br \/>\n260. Cu\u00e1ndo el dolo es obra de una de las partes.<br \/>\n261. Caso en que el dolo sea obra de ambas partes.<br \/>\n262. 2\u00ba El dolo debe ser tal que sin \u00e9l no se hubiera contratado.<br \/>\n263. Efectos del dolo principal.<br \/>\n264. Dolo incidente.<br \/>\n265. Requisitos para la procedencia de la responsabilidad del que se aprovecha del dolo ajeno.<br \/>\n266. Prueba del dolo.<br \/>\n267. Pactos sobre el dolo.<br \/>\n268. Ambito de las reglas que rigen el dolo.<br \/>\n269. Derecho comparado.<\/li>\n<li style=\"font-weight: 400;\">Lesi\u00f3n<\/li>\n<li style=\"font-weight: 400;\">Definici\u00f3n.<br \/>\n271. Su verdadero car\u00e1cter y fundamento.<br \/>\n272. Evoluci\u00f3n en materia de lesi\u00f3n.<br \/>\n273. La lesi\u00f3n en nuestro derecho.<br \/>\n274. Casos en que se admite.<br \/>\n275. Sanci\u00f3n.<br \/>\n276. Renuncia del derecho de invocar la lesion.<br \/>\n277. Derecho comparado.<b><strong>OBRAS CONSULTADAS<\/strong><\/b>Nacionales<br \/>\nExtranjeras<\/li>\n<\/ol>\n","protected":false},"excerpt":{"rendered":"<p>Buscas un libro Jur\u00eddico.? Lo puedes encontrar en nuestra tienda virtual.<br \/>\nContamos con prestigiosos autores y muchas alternativas en sus diferentes materias al igual que grandes descuentos.! Vis\u00edtanos en <a class=\"tykvYtnSECpeoMKlqvoreUufywOfzdchUlzs \" href=\"https:\/\/lnkd.in\/eiAG7jdZ\" target=\"_blank\" rel=\"noopener\" data-test-app-aware-link=\"\">https:\/\/lnkd.in\/eiAG7jdZ<\/a><br \/>\nEscr\u00edbenos al +56930565235 \/ <a class=\"tykvYtnSECpeoMKlqvoreUufywOfzdchUlzs \" href=\"mailto:ventaslegallexglobal@gmail.com\" target=\"_self\" data-test-app-aware-link=\"\">ventaslegallexglobal@gmail.com<\/a><br \/>\nHacemos env\u00edos a todo Chile \u2013 Starken o Correos Chile \/ Te esperamos<\/p>\n","protected":false},"featured_media":2710,"comment_status":"open","ping_status":"closed","template":"","meta":{"inline_featured_image":false,"_joinchat":[]},"product_brand":[],"product_cat":[27,57],"product_tag":[],"class_list":{"0":"post-2680","1":"product","2":"type-product","3":"status-publish","4":"has-post-thumbnail","6":"product_cat-civil","7":"product_cat-editorial-juridica-de-chile","8":"product_shipping_class-a-convenir","10":"first","11":"instock","12":"shipping-taxable","13":"purchasable","14":"product-type-simple"},"_links":{"self":[{"href":"https:\/\/bibliotecajuridicavirtual.cl\/index.php\/wp-json\/wp\/v2\/product\/2680","targetHints":{"allow":["GET"]}}],"collection":[{"href":"https:\/\/bibliotecajuridicavirtual.cl\/index.php\/wp-json\/wp\/v2\/product"}],"about":[{"href":"https:\/\/bibliotecajuridicavirtual.cl\/index.php\/wp-json\/wp\/v2\/types\/product"}],"replies":[{"embeddable":true,"href":"https:\/\/bibliotecajuridicavirtual.cl\/index.php\/wp-json\/wp\/v2\/comments?post=2680"}],"wp:featuredmedia":[{"embeddable":true,"href":"https:\/\/bibliotecajuridicavirtual.cl\/index.php\/wp-json\/wp\/v2\/media\/2710"}],"wp:attachment":[{"href":"https:\/\/bibliotecajuridicavirtual.cl\/index.php\/wp-json\/wp\/v2\/media?parent=2680"}],"wp:term":[{"taxonomy":"product_brand","embeddable":true,"href":"https:\/\/bibliotecajuridicavirtual.cl\/index.php\/wp-json\/wp\/v2\/product_brand?post=2680"},{"taxonomy":"product_cat","embeddable":true,"href":"https:\/\/bibliotecajuridicavirtual.cl\/index.php\/wp-json\/wp\/v2\/product_cat?post=2680"},{"taxonomy":"product_tag","embeddable":true,"href":"https:\/\/bibliotecajuridicavirtual.cl\/index.php\/wp-json\/wp\/v2\/product_tag?post=2680"}],"curies":[{"name":"wp","href":"https:\/\/api.w.org\/{rel}","templated":true}]}}