{"id":2681,"date":"2026-02-28T01:04:39","date_gmt":"2026-02-28T04:04:39","guid":{"rendered":"https:\/\/bibliotecajuridicavirtual.cl\/?post_type=product&#038;p=2681"},"modified":"2026-02-28T01:04:56","modified_gmt":"2026-02-28T04:04:56","slug":"la-prescripcion-extintiva-doctrina-y-jurisprudencia-ano-2020-491-pag-autor-ramon-dominguez-aguila","status":"publish","type":"product","link":"https:\/\/bibliotecajuridicavirtual.cl\/index.php\/product\/la-prescripcion-extintiva-doctrina-y-jurisprudencia-ano-2020-491-pag-autor-ramon-dominguez-aguila\/","title":{"rendered":"La Prescripci\u00f3n Extintiva &#8211;  Doctrina y Jurisprudencia. A\u00f1o 2020\/ 491 P\u00e1g. Autor Ram\u00f3n Dom\u00ednguez \u00c1guila"},"content":{"rendered":"<p style=\"font-weight: 400;\">Esta obra sobre la prescripci\u00f3n extintiva fue publicada en su primera edici\u00f3n por la Editorial Jur\u00eddica el a\u00f1o 2004 y ha sido frecuentemente citada por autores y la jurisprudencia, lo que revela una buena acogida. Pero desde esa fecha ha transcurrido ya un lapso de quince a\u00f1os, lo que implica la necesidad de recoger la jurisprudencia dictada desde entonces, as\u00ed como los aportes doctrinarios nacionales y extranjeros.<\/p>\n<p>Al autor se le hab\u00eda sugerido por varios colegas la redacci\u00f3n de una nueva edici\u00f3n, desde que la primera ha sido agotada hace ya tiempo, aunque el editor hab\u00eda efectuado reimpresiones. Del mismo modo, las reformas ocurridas en el derecho comparado, como por ejemplo la ocurrida en el derecho franc\u00e9s con la ley de 2008 o en Argentina con la dictaci\u00f3n del nuevo C\u00f3digo Civil y Comercial de la Naci\u00f3n, han significado aportes doctrinarios nuevos que era necesario recoger. Hay numerosos aspectos en que era necesario renovar lo que se expon\u00eda en la primera edici\u00f3n. Bastar\u00e1 se\u00f1alar, por ejemplo, la controversia sobre la interrupci\u00f3n de la prescripci\u00f3n por la sola interposici\u00f3n de la demanda, en la que algunas sentencias han obligado a volver sobre la materia, o aquella otra cuesti\u00f3n sobre el inicio de la prescripci\u00f3n en caso de delitos o cuasidelitos, por no se\u00f1alar sino dos ejemplos notorios.<\/p>\n<p>Se ha mantenido la numeraci\u00f3n de los p\u00e1rrafos y se ha aumentado notoriamente las citas de jurisprudencia y de doctrina.<\/p>\n<p><b><strong>PRIMERA PARTE<\/strong><\/b><br \/>\n<b><strong>DOCTRINA GENERAL DE LA PRESCRIPCI\u00d3N EXTINTIVA<\/strong><\/b><\/p>\n<p style=\"font-weight: 400;\"><b><strong>CAP\u00cdTULO I<br \/>\nCONCEPTO Y FUNDAMENTO<\/strong><\/b><\/p>\n<p style=\"font-weight: 400;\"><b><strong>CAP\u00cdTULO II<br \/>\nEFECTO Y ALCANCE DE LA PRESCRIPCI\u00d3N<\/strong><\/b><\/p>\n<p style=\"font-weight: 400;\"><b><strong>CAP\u00cdTULO III<\/strong><\/b><br \/>\n<b><strong>DE LAS REGLAS COMUNES A LA PRESCRIPCI\u00d3N<\/strong><\/b><\/p>\n<p style=\"font-weight: 400;\">Secci\u00f3n I. La Alegaci\u00f3n de la Prescripci\u00f3n<br \/>\nSecci\u00f3n II. Renuncia de la Prescripci\u00f3n<br \/>\nSecci\u00f3n III. La Prescripci\u00f3n Corre por Igual a Favor y en Contra de Toda Clase de Personas<\/p>\n<p style=\"font-weight: 400;\"><b><strong>CAP\u00cdTULO IV<br \/>\nPRESCRIPCI\u00d3N Y CADUCIDAD<\/strong><\/b><\/p>\n<p style=\"font-weight: 400;\"><b><strong>CAP\u00cdTULO V<\/strong><\/b><br \/>\n<b><strong>REQUISITOS DE LA PRESCRIPCI\u00d3N EXTINTIVA<\/strong><\/b><\/p>\n<p style=\"font-weight: 400;\">Secci\u00f3n I. Prescriptibilidad de las Acciones y Derechos<br \/>\nSecci\u00f3n II. Transcurso del Tiempo Se\u00f1alado por la Ley<br \/>\nSecci\u00f3n III. La Inactividad del Acreedor y del Deudor<br \/>\nSecci\u00f3n IV. Prueba de la Prescripci\u00f3n<\/p>\n<p style=\"font-weight: 400;\"><b><strong>SEGUNDA PARTE<br \/>\nPRESCRIPCIONES DE LARGO TIEMPO<\/strong><\/b><\/p>\n<p style=\"font-weight: 400;\"><b><strong>CAP\u00cdTULO I<br \/>\nPARTE GENERAL<\/strong><\/b><\/p>\n<p style=\"font-weight: 400;\"><b><strong>CAP\u00cdTULO II<\/strong><\/b><br \/>\n<b><strong>DE LA INTERRUPCI\u00d3N Y SUSPENSI\u00d3N DE LA PRESCRIPCI\u00d3N EXTINTIVA DE LARGO TIEMPO<\/strong><\/b><\/p>\n<p style=\"font-weight: 400;\">Secci\u00f3n I. La Interrupci\u00f3n de la Prescripci\u00f3n<br \/>\nSecci\u00f3n II. De la Suspensi\u00f3n de la Prescripci\u00f3n<\/p>\n<p style=\"font-weight: 400;\"><b><strong>TERCERA PARTE<br \/>\nPRESCRIPCIONES DE CORTO TIEMPO<\/strong><\/b><\/p>\n<p style=\"font-weight: 400;\"><b><strong>CAP\u00cdTULO I<br \/>\nPARTE GENERAL<\/strong><\/b><\/p>\n<p style=\"font-weight: 400;\"><b><strong>CAP\u00cdTULO II<\/strong><\/b><br \/>\n<b><strong>PRESCRIPCIONES ESPECIALES DE CORTO TIEMPO<\/strong><\/b><\/p>\n","protected":false},"excerpt":{"rendered":"<p>Esta obra sobre la prescripci\u00f3n extintiva fue publicada en su primera edici\u00f3n por la Editorial Jur\u00eddica el a\u00f1o 2004 y ha sido frecuentemente citada por autores y la jurisprudencia, lo que revela una buena acogida. Pero desde esa fecha ha transcurrido ya un lapso de quince a\u00f1os, lo que implica la necesidad de recoger la jurisprudencia dictada desde entonces, as\u00ed como los aportes doctrinarios nacionales y extranjeros. Al autor se le hab\u00eda sugerido por varios colegas la redacci\u00f3n de una nueva edici\u00f3n, desde que la primera ha sido agotada hace ya tiempo, aunque el editor hab\u00eda efectuado reimpresiones. Del mismo modo, las reformas ocurridas en el derecho comparado, como por ejemplo la ocurrida en el derecho franc\u00e9s con la ley de 2008 o en Argentina con la dictaci\u00f3n del nuevo C\u00f3digo Civil y Comercial de la Naci\u00f3n, han significado aportes doctrinarios nuevos que era necesario recoger. Hay numerosos aspectos en que era necesario renovar lo que se expon\u00eda en la primera edici\u00f3n. Bastar\u00e1 se\u00f1alar, por ejemplo, la controversia sobre la interrupci\u00f3n de la prescripci\u00f3n por la sola interposici\u00f3n de la demanda, en la que algunas sentencias han obligado a volver sobre la materia, o aquella otra cuesti\u00f3n sobre el inicio de la prescripci\u00f3n en caso de delitos o cuasidelitos, por no se\u00f1alar sino dos ejemplos notorios. Se ha mantenido la numeraci\u00f3n de los p\u00e1rrafos y se ha aumentado notoriamente las citas de jurisprudencia y de doctrina. PRIMERA PARTE DOCTRINA GENERAL DE LA PRESCRIPCI\u00d3N EXTINTIVA CAP\u00cdTULO I CONCEPTO Y FUNDAMENTO CAP\u00cdTULO II EFECTO Y ALCANCE DE LA PRESCRIPCI\u00d3N CAP\u00cdTULO III DE LAS REGLAS COMUNES A LA PRESCRIPCI\u00d3N Secci\u00f3n I. La Alegaci\u00f3n de la Prescripci\u00f3n Secci\u00f3n II. Renuncia de la Prescripci\u00f3n Secci\u00f3n III. La Prescripci\u00f3n Corre por Igual a Favor y en Contra de Toda Clase de Personas CAP\u00cdTULO IV PRESCRIPCI\u00d3N Y CADUCIDAD CAP\u00cdTULO V REQUISITOS DE LA PRESCRIPCI\u00d3N EXTINTIVA Secci\u00f3n I. Prescriptibilidad de las Acciones y Derechos Secci\u00f3n II. Transcurso del Tiempo Se\u00f1alado por la Ley Secci\u00f3n III. La Inactividad del Acreedor y del Deudor Secci\u00f3n IV. Prueba de la Prescripci\u00f3n SEGUNDA PARTE PRESCRIPCIONES DE LARGO TIEMPO CAP\u00cdTULO I PARTE GENERAL CAP\u00cdTULO II DE LA INTERRUPCI\u00d3N Y SUSPENSI\u00d3N DE LA PRESCRIPCI\u00d3N EXTINTIVA DE LARGO TIEMPO Secci\u00f3n I. La Interrupci\u00f3n de la Prescripci\u00f3n Secci\u00f3n II. De la Suspensi\u00f3n de la Prescripci\u00f3n TERCERA PARTE PRESCRIPCIONES DE CORTO TIEMPO CAP\u00cdTULO I PARTE GENERAL CAP\u00cdTULO II PRESCRIPCIONES ESPECIALES DE CORTO TIEMPO<\/p>\n","protected":false},"featured_media":2711,"comment_status":"open","ping_status":"closed","template":"","meta":{"inline_featured_image":false,"_joinchat":[]},"product_brand":[],"product_cat":[27],"product_tag":[],"class_list":{"0":"post-2681","1":"product","2":"type-product","3":"status-publish","4":"has-post-thumbnail","6":"product_cat-civil","7":"product_shipping_class-a-convenir","9":"first","10":"instock","11":"shipping-taxable","12":"purchasable","13":"product-type-simple"},"_links":{"self":[{"href":"https:\/\/bibliotecajuridicavirtual.cl\/index.php\/wp-json\/wp\/v2\/product\/2681","targetHints":{"allow":["GET"]}}],"collection":[{"href":"https:\/\/bibliotecajuridicavirtual.cl\/index.php\/wp-json\/wp\/v2\/product"}],"about":[{"href":"https:\/\/bibliotecajuridicavirtual.cl\/index.php\/wp-json\/wp\/v2\/types\/product"}],"replies":[{"embeddable":true,"href":"https:\/\/bibliotecajuridicavirtual.cl\/index.php\/wp-json\/wp\/v2\/comments?post=2681"}],"wp:featuredmedia":[{"embeddable":true,"href":"https:\/\/bibliotecajuridicavirtual.cl\/index.php\/wp-json\/wp\/v2\/media\/2711"}],"wp:attachment":[{"href":"https:\/\/bibliotecajuridicavirtual.cl\/index.php\/wp-json\/wp\/v2\/media?parent=2681"}],"wp:term":[{"taxonomy":"product_brand","embeddable":true,"href":"https:\/\/bibliotecajuridicavirtual.cl\/index.php\/wp-json\/wp\/v2\/product_brand?post=2681"},{"taxonomy":"product_cat","embeddable":true,"href":"https:\/\/bibliotecajuridicavirtual.cl\/index.php\/wp-json\/wp\/v2\/product_cat?post=2681"},{"taxonomy":"product_tag","embeddable":true,"href":"https:\/\/bibliotecajuridicavirtual.cl\/index.php\/wp-json\/wp\/v2\/product_tag?post=2681"}],"curies":[{"name":"wp","href":"https:\/\/api.w.org\/{rel}","templated":true}]}}