{"id":2682,"date":"2026-02-28T01:04:39","date_gmt":"2026-02-28T04:04:39","guid":{"rendered":"https:\/\/bibliotecajuridicavirtual.cl\/?post_type=product&#038;p=2682"},"modified":"2026-02-28T01:04:57","modified_gmt":"2026-02-28T04:04:57","slug":"compendio-de-normas-laborales-comentadas-ano-2023-350-pag-autor-equipo-editorial-thomson-reuters","status":"publish","type":"product","link":"https:\/\/bibliotecajuridicavirtual.cl\/index.php\/product\/compendio-de-normas-laborales-comentadas-ano-2023-350-pag-autor-equipo-editorial-thomson-reuters\/","title":{"rendered":"Compendio de Normas Laborales Comentadas. A\u00f1o 2023\/350 P\u00e1g. Autor Equipo Editorial Thomson Reuters"},"content":{"rendered":"<p>El objetivo de este libro es otorgar al lector una experiencia pr\u00e1ctica de aplicaci\u00f3n de la normativa laboral contenida en el C\u00f3digo del Trabajo, a trav\u00e9s de comentarios, an\u00e1lisis y ejercicios que facilitan su comprensi\u00f3n y permite aterrizarlo a su uso cotidiano. Incluye las siguientes normas:<\/p>\n<p>\u2013 Decreto con Fuerza de Ley N\u00ba 2. Dispone la reestructuraci\u00f3n y fija las funciones de la Direcci\u00f3n del Trabajo.<br \/>\n\u2013 Ley N\u00ba 21.327. Modernizaci\u00f3n de la Direcci\u00f3n del Trabajo.<br \/>\n\u2013 Ley N\u00ba 17.322. Normas para la cobranza judicial de cotizaciones, aportes y multas de las instituciones de seguridad social.<br \/>\n\u2013 Ley N\u00ba 16.744. Seguro social contra riesgos de accidentes del trabajo y enfermedades profesionales.<br \/>\n\u2013 Decreto con Fuerza de Ley N\u00ba 44. Establece normas comunes para subsidios por incapacidad laboral de los trabajadores dependientes del sector privado.<br \/>\n\u2013 Decreto N\u00ba 64. Aprueba Reglamento del Cap\u00edtulo II de la Inclusi\u00f3n Laboral de Personas con Discapacidad, del T\u00edtulo III del Libro I del C\u00f3digo del Trabajo.<br \/>\n\u2013 Decreto N\u00ba 18. Aprueba Reglamento del art\u00edculo 152 qu\u00e1ter M del C\u00f3digo del Trabajo.<br \/>\n\u2013 Decreto N\u00ba 16. Aprueba Reglamento de Arbitraje Laboral.<br \/>\n\u2013 Ley N\u00ba 19.728. Establece un seguro de desempleo.<\/p>\n","protected":false},"excerpt":{"rendered":"<p>El objetivo de este libro es otorgar al lector una experiencia pr\u00e1ctica de aplicaci\u00f3n de la normativa laboral contenida en el C\u00f3digo del Trabajo, a trav\u00e9s de comentarios, an\u00e1lisis y ejercicios que facilitan su comprensi\u00f3n y permite aterrizarlo a su uso cotidiano. Incluye las siguientes normas: \u2013 Decreto con Fuerza de Ley N\u00ba 2. Dispone la reestructuraci\u00f3n y fija las funciones de la Direcci\u00f3n del Trabajo. \u2013 Ley N\u00ba 21.327. Modernizaci\u00f3n de la Direcci\u00f3n del Trabajo. \u2013 Ley N\u00ba 17.322. Normas para la cobranza judicial de cotizaciones, aportes y multas de las instituciones de seguridad social. \u2013 Ley N\u00ba 16.744. Seguro social contra riesgos de accidentes del trabajo y enfermedades profesionales. \u2013 Decreto con Fuerza de Ley N\u00ba 44. Establece normas comunes para subsidios por incapacidad laboral de los trabajadores dependientes del sector privado. \u2013 Decreto N\u00ba 64. Aprueba Reglamento del Cap\u00edtulo II de la Inclusi\u00f3n Laboral de Personas con Discapacidad, del T\u00edtulo III del Libro I del C\u00f3digo del Trabajo. \u2013 Decreto N\u00ba 18. Aprueba Reglamento del art\u00edculo 152 qu\u00e1ter M del C\u00f3digo del Trabajo. \u2013 Decreto N\u00ba 16. Aprueba Reglamento de Arbitraje Laboral. \u2013 Ley N\u00ba 19.728. Establece un seguro de desempleo.<\/p>\n","protected":false},"featured_media":2712,"comment_status":"open","ping_status":"closed","template":"","meta":{"inline_featured_image":false,"_joinchat":[]},"product_brand":[],"product_cat":[41,42],"product_tag":[],"class_list":{"0":"post-2682","1":"product","2":"type-product","3":"status-publish","4":"has-post-thumbnail","6":"product_cat-laboral","7":"product_cat-thomson-reuters","8":"product_shipping_class-a-convenir","10":"first","11":"instock","12":"shipping-taxable","13":"purchasable","14":"product-type-simple"},"_links":{"self":[{"href":"https:\/\/bibliotecajuridicavirtual.cl\/index.php\/wp-json\/wp\/v2\/product\/2682","targetHints":{"allow":["GET"]}}],"collection":[{"href":"https:\/\/bibliotecajuridicavirtual.cl\/index.php\/wp-json\/wp\/v2\/product"}],"about":[{"href":"https:\/\/bibliotecajuridicavirtual.cl\/index.php\/wp-json\/wp\/v2\/types\/product"}],"replies":[{"embeddable":true,"href":"https:\/\/bibliotecajuridicavirtual.cl\/index.php\/wp-json\/wp\/v2\/comments?post=2682"}],"wp:featuredmedia":[{"embeddable":true,"href":"https:\/\/bibliotecajuridicavirtual.cl\/index.php\/wp-json\/wp\/v2\/media\/2712"}],"wp:attachment":[{"href":"https:\/\/bibliotecajuridicavirtual.cl\/index.php\/wp-json\/wp\/v2\/media?parent=2682"}],"wp:term":[{"taxonomy":"product_brand","embeddable":true,"href":"https:\/\/bibliotecajuridicavirtual.cl\/index.php\/wp-json\/wp\/v2\/product_brand?post=2682"},{"taxonomy":"product_cat","embeddable":true,"href":"https:\/\/bibliotecajuridicavirtual.cl\/index.php\/wp-json\/wp\/v2\/product_cat?post=2682"},{"taxonomy":"product_tag","embeddable":true,"href":"https:\/\/bibliotecajuridicavirtual.cl\/index.php\/wp-json\/wp\/v2\/product_tag?post=2682"}],"curies":[{"name":"wp","href":"https:\/\/api.w.org\/{rel}","templated":true}]}}