{"id":2683,"date":"2026-02-28T01:04:39","date_gmt":"2026-02-28T04:04:39","guid":{"rendered":"https:\/\/bibliotecajuridicavirtual.cl\/?post_type=product&#038;p=2683"},"modified":"2026-02-28T01:04:58","modified_gmt":"2026-02-28T04:04:58","slug":"compliance-vision-general-desde-una-perspectiva-penal-y-comercial-ano-2019-286-pag-autor-gustavo-balmaceda-hoyos-maria-fernanda-juppet-ewing-y-rodrigo-guerra-espinosa","status":"publish","type":"product","link":"https:\/\/bibliotecajuridicavirtual.cl\/index.php\/product\/compliance-vision-general-desde-una-perspectiva-penal-y-comercial-ano-2019-286-pag-autor-gustavo-balmaceda-hoyos-maria-fernanda-juppet-ewing-y-rodrigo-guerra-espinosa\/","title":{"rendered":"Compliance  Visi\u00f3n General desde una Perspectiva Penal y Comercial. A\u00f1o 2019\/ 286 P\u00e1g. Autor Gustavo Balmaceda Hoyos ,Maria Fernanda Juppet Ewing y Rodrigo Guerra Espinosa"},"content":{"rendered":"<p>Esta obra proporciona una gu\u00eda pr\u00e1ctica y bien fundamentada de c\u00f3mo abordar el tratamiento del riesgo penal empresarial. Propone una implantaci\u00f3n de una pol\u00edtica empresarial que busca beneficios \u2013en sentido amplio\u2013 para las personas jur\u00eddicas. Sin duda, las empresas se muestran reacias a invertir los recursos necesarios para adecuar sus departamentos a las exigencias de la responsabilidad penal de las personas jur\u00eddicas. En el libro se demuestra por qu\u00e9 una decisi\u00f3n de ahorro de recursos a corto plazo puede tener consecuencias devastadoras a mediano y largo plazo.<\/p>\n<p>Adem\u00e1s, se explican los nuevos deberes de compliance impuestos a las empresas si no se tiene en cuenta el impacto que ha tenido la autorregulaci\u00f3n empresarial en la sociedad moderna, puesto que no puede desconocerse que, con el modelo chileno de autorresponsabilidad penal empresarial, se transfiere a la empresa una parte importante del enforcement penal: son ellas las que tienen que prevenir la comisi\u00f3n de delitos, detectarlos cuando se han producido, investigarlos una vez detectados y reportarlos a las autoridades en caso de que as\u00ed lo consideren procedente.<\/p>\n<p>Para el cumplimiento de la meta referida, los autores se hacen cargo del tratamiento de las diferentes instituciones, a la luz tanto del Derecho Comercial como del Derecho Penal, con un adecuado y moderno tratamiento de la literatura jur\u00eddica y de la escasa jurisprudencia que existe en Chile sobre el tema.&#8221;<\/p>\n","protected":false},"excerpt":{"rendered":"<p>Esta obra proporciona una gu\u00eda pr\u00e1ctica y bien fundamentada de c\u00f3mo abordar el tratamiento del riesgo penal empresarial. Propone una implantaci\u00f3n de una pol\u00edtica empresarial que busca beneficios \u2013en sentido amplio\u2013 para las personas jur\u00eddicas. Sin duda, las empresas se muestran reacias a invertir los recursos necesarios para adecuar sus departamentos a las exigencias de la responsabilidad penal de las personas jur\u00eddicas. En el libro se demuestra por qu\u00e9 una decisi\u00f3n de ahorro de recursos a corto plazo puede tener consecuencias devastadoras a mediano y largo plazo. Adem\u00e1s, se explican los nuevos deberes de compliance impuestos a las empresas si no se tiene en cuenta el impacto que ha tenido la autorregulaci\u00f3n empresarial en la sociedad moderna, puesto que no puede desconocerse que, con el modelo chileno de autorresponsabilidad penal empresarial, se transfiere a la empresa una parte importante del enforcement penal: son ellas las que tienen que prevenir la comisi\u00f3n de delitos, detectarlos cuando se han producido, investigarlos una vez detectados y reportarlos a las autoridades en caso de que as\u00ed lo consideren procedente. Para el cumplimiento de la meta referida, los autores se hacen cargo del tratamiento de las diferentes instituciones, a la luz tanto del Derecho Comercial como del Derecho Penal, con un adecuado y moderno tratamiento de la literatura jur\u00eddica y de la escasa jurisprudencia que existe en Chile sobre el tema.&#8221;<\/p>\n","protected":false},"featured_media":2713,"comment_status":"open","ping_status":"closed","template":"","meta":{"inline_featured_image":false,"_joinchat":[]},"product_brand":[],"product_cat":[48,30,42],"product_tag":[],"class_list":{"0":"post-2683","1":"product","2":"type-product","3":"status-publish","4":"has-post-thumbnail","6":"product_cat-comercial","7":"product_cat-penal","8":"product_cat-thomson-reuters","9":"product_shipping_class-a-convenir","11":"first","12":"instock","13":"shipping-taxable","14":"purchasable","15":"product-type-simple"},"_links":{"self":[{"href":"https:\/\/bibliotecajuridicavirtual.cl\/index.php\/wp-json\/wp\/v2\/product\/2683","targetHints":{"allow":["GET"]}}],"collection":[{"href":"https:\/\/bibliotecajuridicavirtual.cl\/index.php\/wp-json\/wp\/v2\/product"}],"about":[{"href":"https:\/\/bibliotecajuridicavirtual.cl\/index.php\/wp-json\/wp\/v2\/types\/product"}],"replies":[{"embeddable":true,"href":"https:\/\/bibliotecajuridicavirtual.cl\/index.php\/wp-json\/wp\/v2\/comments?post=2683"}],"wp:featuredmedia":[{"embeddable":true,"href":"https:\/\/bibliotecajuridicavirtual.cl\/index.php\/wp-json\/wp\/v2\/media\/2713"}],"wp:attachment":[{"href":"https:\/\/bibliotecajuridicavirtual.cl\/index.php\/wp-json\/wp\/v2\/media?parent=2683"}],"wp:term":[{"taxonomy":"product_brand","embeddable":true,"href":"https:\/\/bibliotecajuridicavirtual.cl\/index.php\/wp-json\/wp\/v2\/product_brand?post=2683"},{"taxonomy":"product_cat","embeddable":true,"href":"https:\/\/bibliotecajuridicavirtual.cl\/index.php\/wp-json\/wp\/v2\/product_cat?post=2683"},{"taxonomy":"product_tag","embeddable":true,"href":"https:\/\/bibliotecajuridicavirtual.cl\/index.php\/wp-json\/wp\/v2\/product_tag?post=2683"}],"curies":[{"name":"wp","href":"https:\/\/api.w.org\/{rel}","templated":true}]}}