{"id":2684,"date":"2026-02-28T01:04:39","date_gmt":"2026-02-28T04:04:39","guid":{"rendered":"https:\/\/bibliotecajuridicavirtual.cl\/?post_type=product&#038;p=2684"},"modified":"2026-02-28T01:05:00","modified_gmt":"2026-02-28T04:05:00","slug":"sociedades-comerciantes-empresas-grupo-de-empresas-joint-venture-y-otros-sujetos-del-derecho-comercial-3-era-edicion-ano-2019-965-pag-autor-maria-fernanda-vasquez-palma","status":"publish","type":"product","link":"https:\/\/bibliotecajuridicavirtual.cl\/index.php\/product\/sociedades-comerciantes-empresas-grupo-de-empresas-joint-venture-y-otros-sujetos-del-derecho-comercial-3-era-edicion-ano-2019-965-pag-autor-maria-fernanda-vasquez-palma\/","title":{"rendered":"Sociedades &#8211;  Comerciantes, Empresas, Grupo de Empresas Joint Venture y otros sujetos del derecho comercial &#8211; 3 era edici\u00f3n. A\u00f1o 2019\/ 965 P\u00e1g. Autor Mar\u00eda Fernanda V\u00e1squez Palma"},"content":{"rendered":"<p>&#8220;Esta obra tiene por objeto poner a disposici\u00f3n del p\u00fablico general una revisi\u00f3n completa del amplio abanico de sujetos del derecho comercial, abarcando no solo a las sociedades, a las que por su importancia y complejidad se brinda una mayor atenci\u00f3n, sino tambi\u00e9n a los comerciantes, empresas individuales de responsabilidad limitada, cooperativas, asociaciones o cuentas en participaci\u00f3n, grupos empresariales, joint venture.<br \/>\nEl libro se divide en tres partes. La primera se dedica al estudio de los sujetos individuales del derecho comercial; la segunda, a los sujetos colectivos sin personalidad jur\u00eddica, y la tercera, a los sujetos colectivos con personalidad jur\u00eddica. El estudio comprensivo y anal\u00edtico desplegado en esta obra resulta vital para comprender la configuraci\u00f3n de los diversos sujetos del derecho e instituciones jur\u00eddicas que participan en el tr\u00e1fico comercial.<br \/>\nSu aporte se evidencia fundamentalmente en cuatro aspectos: 1. La revisi\u00f3n de estas materias desde un enfoque claro y sistem\u00e1tico, que no deja por ello de problematizar y buscar respuestas sobre algunos aspectos relevantes no siempre abordados doctrinalmente, incentivando con ello un estudio reflexivo de estas instituciones; 2. El an\u00e1lisis jurisprudencial que se efect\u00faa sobre diversas materias, al integrar las opiniones de nuestros m\u00e1ximos tribunales de justicia, brindando una mirada pr\u00e1ctica a las distintas tem\u00e1ticas que recorremos en las siguientes p\u00e1ginas; 3. Las bases legales se encuentran completamente actualizadas, incorporando las \u00faltimas reformas introducidas en materia societaria; 4. Finalmente, el texto provee diversos materiales que ayudan en la comprensi\u00f3n del saber hacer, tales como formatos de escrituras, cuadros comparativos, entre otros.<br \/>\nLa presente edici\u00f3n se ha actualizado en legislaci\u00f3n, doctrina y jurisprudencia hasta mayo de 2019.<br \/>\nEsperamos que este texto se convierta en una herramienta de estudio fundamental para los abogados, acad\u00e9micos y estudiantes.&#8221;<\/p>\n","protected":false},"excerpt":{"rendered":"<p>&#8220;Esta obra tiene por objeto poner a disposici\u00f3n del p\u00fablico general una revisi\u00f3n completa del amplio abanico de sujetos del derecho comercial, abarcando no solo a las sociedades, a las que por su importancia y complejidad se brinda una mayor atenci\u00f3n, sino tambi\u00e9n a los comerciantes, empresas individuales de responsabilidad limitada, cooperativas, asociaciones o cuentas en participaci\u00f3n, grupos empresariales, joint venture. El libro se divide en tres partes. La primera se dedica al estudio de los sujetos individuales del derecho comercial; la segunda, a los sujetos colectivos sin personalidad jur\u00eddica, y la tercera, a los sujetos colectivos con personalidad jur\u00eddica. El estudio comprensivo y anal\u00edtico desplegado en esta obra resulta vital para comprender la configuraci\u00f3n de los diversos sujetos del derecho e instituciones jur\u00eddicas que participan en el tr\u00e1fico comercial. Su aporte se evidencia fundamentalmente en cuatro aspectos: 1. La revisi\u00f3n de estas materias desde un enfoque claro y sistem\u00e1tico, que no deja por ello de problematizar y buscar respuestas sobre algunos aspectos relevantes no siempre abordados doctrinalmente, incentivando con ello un estudio reflexivo de estas instituciones; 2. El an\u00e1lisis jurisprudencial que se efect\u00faa sobre diversas materias, al integrar las opiniones de nuestros m\u00e1ximos tribunales de justicia, brindando una mirada pr\u00e1ctica a las distintas tem\u00e1ticas que recorremos en las siguientes p\u00e1ginas; 3. Las bases legales se encuentran completamente actualizadas, incorporando las \u00faltimas reformas introducidas en materia societaria; 4. Finalmente, el texto provee diversos materiales que ayudan en la comprensi\u00f3n del saber hacer, tales como formatos de escrituras, cuadros comparativos, entre otros. La presente edici\u00f3n se ha actualizado en legislaci\u00f3n, doctrina y jurisprudencia hasta mayo de 2019. Esperamos que este texto se convierta en una herramienta de estudio fundamental para los abogados, acad\u00e9micos y estudiantes.&#8221;<\/p>\n","protected":false},"featured_media":2714,"comment_status":"open","ping_status":"closed","template":"","meta":{"inline_featured_image":false,"_joinchat":[]},"product_brand":[],"product_cat":[48,42],"product_tag":[],"class_list":{"0":"post-2684","1":"product","2":"type-product","3":"status-publish","4":"has-post-thumbnail","6":"product_cat-comercial","7":"product_cat-thomson-reuters","8":"product_shipping_class-a-convenir","10":"first","11":"instock","12":"shipping-taxable","13":"purchasable","14":"product-type-simple"},"_links":{"self":[{"href":"https:\/\/bibliotecajuridicavirtual.cl\/index.php\/wp-json\/wp\/v2\/product\/2684","targetHints":{"allow":["GET"]}}],"collection":[{"href":"https:\/\/bibliotecajuridicavirtual.cl\/index.php\/wp-json\/wp\/v2\/product"}],"about":[{"href":"https:\/\/bibliotecajuridicavirtual.cl\/index.php\/wp-json\/wp\/v2\/types\/product"}],"replies":[{"embeddable":true,"href":"https:\/\/bibliotecajuridicavirtual.cl\/index.php\/wp-json\/wp\/v2\/comments?post=2684"}],"wp:featuredmedia":[{"embeddable":true,"href":"https:\/\/bibliotecajuridicavirtual.cl\/index.php\/wp-json\/wp\/v2\/media\/2714"}],"wp:attachment":[{"href":"https:\/\/bibliotecajuridicavirtual.cl\/index.php\/wp-json\/wp\/v2\/media?parent=2684"}],"wp:term":[{"taxonomy":"product_brand","embeddable":true,"href":"https:\/\/bibliotecajuridicavirtual.cl\/index.php\/wp-json\/wp\/v2\/product_brand?post=2684"},{"taxonomy":"product_cat","embeddable":true,"href":"https:\/\/bibliotecajuridicavirtual.cl\/index.php\/wp-json\/wp\/v2\/product_cat?post=2684"},{"taxonomy":"product_tag","embeddable":true,"href":"https:\/\/bibliotecajuridicavirtual.cl\/index.php\/wp-json\/wp\/v2\/product_tag?post=2684"}],"curies":[{"name":"wp","href":"https:\/\/api.w.org\/{rel}","templated":true}]}}