{"id":2685,"date":"2026-02-28T01:04:39","date_gmt":"2026-02-28T04:04:39","guid":{"rendered":"https:\/\/bibliotecajuridicavirtual.cl\/?post_type=product&#038;p=2685"},"modified":"2026-02-28T01:05:05","modified_gmt":"2026-02-28T04:05:05","slug":"caso-fortuito-o-fuerza-mayor-3-era-edicion-ano-2020-450-pag-autor-mauricio-tapia-r","status":"publish","type":"product","link":"https:\/\/bibliotecajuridicavirtual.cl\/index.php\/product\/caso-fortuito-o-fuerza-mayor-3-era-edicion-ano-2020-450-pag-autor-mauricio-tapia-r\/","title":{"rendered":"Caso Fortuito o Fuerza Mayor &#8211; 3 era edici\u00f3n. A\u00f1o 2020\/450 P\u00e1g. Autor   Mauricio Tapia R."},"content":{"rendered":"<p>Chile es un pa\u00eds expuesto a pr\u00e1cticamente todos los desastres y los sufrimos con una frecuencia escalofriante. Terremotos, maremotos, erupciones volc\u00e1nicas, sequ\u00edas, aluviones, temporales, trombas marinas, revueltas o insurrecciones civiles, inundaciones, pandemias como el Covid-19, son algunas de las cat\u00e1strofes que afectan regularmente a secciones de nuestro territorio.<\/p>\n<p>En ese contexto, siempre me ha parecido extra\u00f1o el poco desarrollo doctrinal y jurisprudencial de la excusa del caso fortuito o fuerza mayor en el Derecho chileno. Con excepci\u00f3n de algunos notables estudios, existen pocas obras que aborden esta noci\u00f3n y que, en particular, examinen el contenido de sus requisitos esenciales. De ah\u00ed que me pareciera oportuno efectuar una revisi\u00f3n del caso fortuito, analizando su noci\u00f3n, sus funciones, sus requisitos, sus efectos y su prueba, a manera de contribuci\u00f3n al estudio de esta figura jur\u00eddica.<\/p>\n<p>En esta tercera edici\u00f3n, revisada, ampliada y actualizada, la obra incorpora el an\u00e1lisis de un importante n\u00famero de fallos recientes de la Corte Suprema que abordan la noci\u00f3n de caso fortuito a prop\u00f3sito de las tr\u00e1gicas consecuencias del terremoto de 27 de febrero de 2010 y el posterior maremoto, los que dieron origen a varios juicios de indemnizaci\u00f3n de perjuicios de las v\u00edctimas indirectas contra el Fisco de Chile. Asimismo, se abordan, entre otros, fallos recientes de la Corte Suprema que examinan esta noci\u00f3n a prop\u00f3sito de cortes de suministro el\u00e9ctrico por fen\u00f3menos clim\u00e1ticos, lamentablemente cada vez m\u00e1s usuales. Estos nuevos precedentes jurisprudenciales representan una contribuci\u00f3n sustantiva a la precisi\u00f3n de los elementos del caso fortuito, y por ello he considerado pertinente incluir en esta edici\u00f3n fichas de an\u00e1lisis de cada uno de ellos.<\/p>\n<p>Por otra parte, considerando los impactos del estallido social de 18 de octubre de 2019, tambi\u00e9n se incluyen algunos comentarios y reflexiones sobre su car\u00e1cter imprevisible e irresistible respecto de contratos en curso de cumplimiento. Asimismo, en esta tercera edici\u00f3n se incorpora un nuevo cap\u00edtulo que examina las consecuencias de la pandemia del Covid-19, y de las decisiones de la autoridad p\u00fablica restrictivas de la libertad de movimiento, toques de queda, cuarentenas, barreras sanitarias y cierres de empresas, comercio y establecimientos educacionales, que han afectado a un inmenso n\u00famero de contratos. Se analiza si el Covid-19 re\u00fane los requisitos para ser considerado una hip\u00f3tesis de caso fortuito, as\u00ed como sus eventuales efectos en los principales grupos de contratos (consumo, arrendamientos, trabajo, construcci\u00f3n, educacionales, etc\u00e9tera). Asimismo, se lo compara con otras figuras jur\u00eddicas relacionadas, como la imprevisi\u00f3n y la frustraci\u00f3n del fin del contrato, y su eventual aplicaci\u00f3n en algunos tipos contractuales frente a las graves consecuencias econ\u00f3micas derivadas del Covid-19 y de las decisiones de la autoridad.<\/p>\n","protected":false},"excerpt":{"rendered":"<p>Chile es un pa\u00eds expuesto a pr\u00e1cticamente todos los desastres y los sufrimos con una frecuencia escalofriante. Terremotos, maremotos, erupciones volc\u00e1nicas, sequ\u00edas, aluviones, temporales, trombas marinas, revueltas o insurrecciones civiles, inundaciones, pandemias como el Covid-19, son algunas de las cat\u00e1strofes que afectan regularmente a secciones de nuestro territorio. En ese contexto, siempre me ha parecido extra\u00f1o el poco desarrollo doctrinal y jurisprudencial de la excusa del caso fortuito o fuerza mayor en el Derecho chileno. Con excepci\u00f3n de algunos notables estudios, existen pocas obras que aborden esta noci\u00f3n y que, en particular, examinen el contenido de sus requisitos esenciales. De ah\u00ed que me pareciera oportuno efectuar una revisi\u00f3n del caso fortuito, analizando su noci\u00f3n, sus funciones, sus requisitos, sus efectos y su prueba, a manera de contribuci\u00f3n al estudio de esta figura jur\u00eddica. En esta tercera edici\u00f3n, revisada, ampliada y actualizada, la obra incorpora el an\u00e1lisis de un importante n\u00famero de fallos recientes de la Corte Suprema que abordan la noci\u00f3n de caso fortuito a prop\u00f3sito de las tr\u00e1gicas consecuencias del terremoto de 27 de febrero de 2010 y el posterior maremoto, los que dieron origen a varios juicios de indemnizaci\u00f3n de perjuicios de las v\u00edctimas indirectas contra el Fisco de Chile. Asimismo, se abordan, entre otros, fallos recientes de la Corte Suprema que examinan esta noci\u00f3n a prop\u00f3sito de cortes de suministro el\u00e9ctrico por fen\u00f3menos clim\u00e1ticos, lamentablemente cada vez m\u00e1s usuales. Estos nuevos precedentes jurisprudenciales representan una contribuci\u00f3n sustantiva a la precisi\u00f3n de los elementos del caso fortuito, y por ello he considerado pertinente incluir en esta edici\u00f3n fichas de an\u00e1lisis de cada uno de ellos. Por otra parte, considerando los impactos del estallido social de 18 de octubre de 2019, tambi\u00e9n se incluyen algunos comentarios y reflexiones sobre su car\u00e1cter imprevisible e irresistible respecto de contratos en curso de cumplimiento. Asimismo, en esta tercera edici\u00f3n se incorpora un nuevo cap\u00edtulo que examina las consecuencias de la pandemia del Covid-19, y de las decisiones de la autoridad p\u00fablica restrictivas de la libertad de movimiento, toques de queda, cuarentenas, barreras sanitarias y cierres de empresas, comercio y establecimientos educacionales, que han afectado a un inmenso n\u00famero de contratos. Se analiza si el Covid-19 re\u00fane los requisitos para ser considerado una hip\u00f3tesis de caso fortuito, as\u00ed como sus eventuales efectos en los principales grupos de contratos (consumo, arrendamientos, trabajo, construcci\u00f3n, educacionales, etc\u00e9tera). Asimismo, se lo compara con otras figuras jur\u00eddicas relacionadas, como la imprevisi\u00f3n y la frustraci\u00f3n del fin del contrato, y su eventual aplicaci\u00f3n en algunos tipos contractuales frente a las graves consecuencias econ\u00f3micas derivadas del Covid-19 y de las decisiones de la autoridad.<\/p>\n","protected":false},"featured_media":2733,"comment_status":"open","ping_status":"closed","template":"","meta":{"inline_featured_image":false,"_joinchat":[]},"product_brand":[],"product_cat":[27,42],"product_tag":[],"class_list":{"0":"post-2685","1":"product","2":"type-product","3":"status-publish","4":"has-post-thumbnail","6":"product_cat-civil","7":"product_cat-thomson-reuters","8":"product_shipping_class-a-convenir","10":"first","11":"instock","12":"shipping-taxable","13":"purchasable","14":"product-type-simple"},"_links":{"self":[{"href":"https:\/\/bibliotecajuridicavirtual.cl\/index.php\/wp-json\/wp\/v2\/product\/2685","targetHints":{"allow":["GET"]}}],"collection":[{"href":"https:\/\/bibliotecajuridicavirtual.cl\/index.php\/wp-json\/wp\/v2\/product"}],"about":[{"href":"https:\/\/bibliotecajuridicavirtual.cl\/index.php\/wp-json\/wp\/v2\/types\/product"}],"replies":[{"embeddable":true,"href":"https:\/\/bibliotecajuridicavirtual.cl\/index.php\/wp-json\/wp\/v2\/comments?post=2685"}],"wp:featuredmedia":[{"embeddable":true,"href":"https:\/\/bibliotecajuridicavirtual.cl\/index.php\/wp-json\/wp\/v2\/media\/2733"}],"wp:attachment":[{"href":"https:\/\/bibliotecajuridicavirtual.cl\/index.php\/wp-json\/wp\/v2\/media?parent=2685"}],"wp:term":[{"taxonomy":"product_brand","embeddable":true,"href":"https:\/\/bibliotecajuridicavirtual.cl\/index.php\/wp-json\/wp\/v2\/product_brand?post=2685"},{"taxonomy":"product_cat","embeddable":true,"href":"https:\/\/bibliotecajuridicavirtual.cl\/index.php\/wp-json\/wp\/v2\/product_cat?post=2685"},{"taxonomy":"product_tag","embeddable":true,"href":"https:\/\/bibliotecajuridicavirtual.cl\/index.php\/wp-json\/wp\/v2\/product_tag?post=2685"}],"curies":[{"name":"wp","href":"https:\/\/api.w.org\/{rel}","templated":true}]}}