{"id":2689,"date":"2026-02-28T01:04:39","date_gmt":"2026-02-28T04:04:39","guid":{"rendered":"https:\/\/bibliotecajuridicavirtual.cl\/?post_type=product&#038;p=2689"},"modified":"2026-02-28T01:05:09","modified_gmt":"2026-02-28T04:05:09","slug":"interes-superior-del-nino-principio-general-del-derecho-ano-2018-343-pag-autor-paulina-escobar-gallardo-y-m-victoria-hernandez-cadiz","status":"publish","type":"product","link":"https:\/\/bibliotecajuridicavirtual.cl\/index.php\/product\/interes-superior-del-nino-principio-general-del-derecho-ano-2018-343-pag-autor-paulina-escobar-gallardo-y-m-victoria-hernandez-cadiz\/","title":{"rendered":"Interes Superior del Ni\u00f1o Principio General del Derecho. A\u00f1o 2018\/343 P\u00e1g. Autor Paulina Escobar Gallardo y M. Victoria Hern\u00e1ndez C\u00e1diz"},"content":{"rendered":"<p>En este trabajo se analiza el principio del inter\u00e9s superior del ni\u00f1o, su recepci\u00f3n por parte de los tribunales de justicia chilenos y su aplicaci\u00f3n como principio general del derecho. Para ello, nos centraremos en el estudio de la jurisprudencia nacional en diversas \u00e1reas del derecho de familia como cuidado personal, relaci\u00f3n directa y regular, alimentos y adopci\u00f3n, adem\u00e1s en materia que, si bien escapan del \u00e1mbito tradicional de aplicaci\u00f3n de este principio, tambi\u00e9n encuentran cabida como educaci\u00f3n, salud, responsabilidad penal adolescente y derecho migratorio, manifestando de ese modo su car\u00e1cter de principio general.<\/p>\n<p>Se estudian los principales instrumentos internacionales que regulan la materia y como se han incorporado en nuestro derecho interno a trav\u00e9s de las distintas reformas legislativas, especialmente en el derecho de familia. Analizaremos, de manera particular, la convenci\u00f3n de los derechos del ni\u00f1o y observaci\u00f3n N\u00b014 sobre el derecho del ni\u00f1o a que su inter\u00e9s superior sea su inter\u00e9s superior sea una consideraci\u00f3n primordial, que han influenciado reformas legislativas que se han influenciado reformas legislativas que se han expresado en las leyes N\u00b019.685 sobre filiaci\u00f3n, N\u00b020.084 de responsabilidad penal adolescente y N\u00b0 20.680 que modifica el C\u00f3digo Civil, entre otras materias, en cuidado personal y relaci\u00f3n directa y regular.<\/p>\n<p>Se realiza una breve rese\u00f1a de la recepci\u00f3n de este principio por parte de la doctrina y el legislador en cada tem\u00e1tica abortada, para finalmente analizar cr\u00edticamente como los tribunales de justicia han dado concreci\u00f3n a este principio expresado en su definici\u00f3n, funciones, criterios de determinaci\u00f3n y alcances al momento de fallar.<\/p>\n<p><strong>CAP\u00cdTULO I<br \/>\nPRINCIPIOS DEL DERECHO DE FAMILIA<\/strong><\/p>\n<p>1. Concepto de familia<br \/>\n2. Principios en el derecho de familia<br \/>\n3. Nuevos principios del derecho de familia<\/p>\n<p><strong>CAP\u00cdTULO II<br \/>\nPRINCIPIOS DEL INTER\u00c9S SUPERIOR DEL NI\u00d1O<\/strong><\/p>\n<p>1. Evoluci\u00f3ninter\u00e9s superior del ni\u00f1o<br \/>\n2. Convenci\u00f3n de los derechos del ni\u00f1o de 1989<br \/>\n3. Contenido del art\u00edculo 3, p\u00e1rrafo primero, de la convenci\u00f3n sobre los derechos del ni\u00f1o<br \/>\n4. Observaci\u00f3n general N\u00b014 del comit\u00e9 de derechos del ni\u00f1o de 2013<br \/>\n5. Concepto de inter\u00e9s superior del ni\u00f1o<br \/>\n6. Funciones de inter\u00e9s superior del ni\u00f1o<\/p>\n<p><strong>CAP\u00cdTULO III<br \/>\nAN\u00c1LISIS JURISPRUDENCIAL DEL INTER\u00c9S SUPERIOR DEL NI\u00d1O<\/strong><\/p>\n<p>1. Cuidado personal<br \/>\n2.Alimentos<br \/>\n3. Relaci\u00f3n directa y regular<br \/>\n4. Adopci\u00f3n<br \/>\n5. Responsabilidad penal adolescente<br \/>\n6. Derecho de salud<br \/>\n7. Derecho a la educaci\u00f3n<br \/>\n8. Derecho migratorio<\/p>\n<p>Bibliograf\u00eda citada<br \/>\n1. Libros<br \/>\n2. Art\u00edculos de revista<br \/>\n3. Normas<br \/>\n4. Recursos en l\u00ednea<br \/>\n5. Tesis<br \/>\n6. Historia de ley<br \/>\n7. Sentencias<br \/>\nAnexo de fichas<\/p>\n","protected":false},"excerpt":{"rendered":"<p>En este trabajo se analiza el principio del inter\u00e9s superior del ni\u00f1o, su recepci\u00f3n por parte de los tribunales de justicia chilenos y su aplicaci\u00f3n como principio general del derecho. Para ello, nos centraremos en el estudio de la jurisprudencia nacional en diversas \u00e1reas del derecho de familia como cuidado personal, relaci\u00f3n directa y regular, alimentos y adopci\u00f3n, adem\u00e1s en materia que, si bien escapan del \u00e1mbito tradicional de aplicaci\u00f3n de este principio, tambi\u00e9n encuentran cabida como educaci\u00f3n, salud, responsabilidad penal adolescente y derecho migratorio, manifestando de ese modo su car\u00e1cter de principio general. Se estudian los principales instrumentos internacionales que regulan la materia y como se han incorporado en nuestro derecho interno a trav\u00e9s de las distintas reformas legislativas, especialmente en el derecho de familia. Analizaremos, de manera particular, la convenci\u00f3n de los derechos del ni\u00f1o y observaci\u00f3n N\u00b014 sobre el derecho del ni\u00f1o a que su inter\u00e9s superior sea su inter\u00e9s superior sea una consideraci\u00f3n primordial, que han influenciado reformas legislativas que se han influenciado reformas legislativas que se han expresado en las leyes N\u00b019.685 sobre filiaci\u00f3n, N\u00b020.084 de responsabilidad penal adolescente y N\u00b0 20.680 que modifica el C\u00f3digo Civil, entre otras materias, en cuidado personal y relaci\u00f3n directa y regular. Se realiza una breve rese\u00f1a de la recepci\u00f3n de este principio por parte de la doctrina y el legislador en cada tem\u00e1tica abortada, para finalmente analizar cr\u00edticamente como los tribunales de justicia han dado concreci\u00f3n a este principio expresado en su definici\u00f3n, funciones, criterios de determinaci\u00f3n y alcances al momento de fallar. CAP\u00cdTULO I PRINCIPIOS DEL DERECHO DE FAMILIA 1. Concepto de familia 2. Principios en el derecho de familia 3. Nuevos principios del derecho de familia CAP\u00cdTULO II PRINCIPIOS DEL INTER\u00c9S SUPERIOR DEL NI\u00d1O 1. Evoluci\u00f3ninter\u00e9s superior del ni\u00f1o 2. Convenci\u00f3n de los derechos del ni\u00f1o de 1989 3. Contenido del art\u00edculo 3, p\u00e1rrafo primero, de la convenci\u00f3n sobre los derechos del ni\u00f1o 4. Observaci\u00f3n general N\u00b014 del comit\u00e9 de derechos del ni\u00f1o de 2013 5. Concepto de inter\u00e9s superior del ni\u00f1o 6. Funciones de inter\u00e9s superior del ni\u00f1o CAP\u00cdTULO III AN\u00c1LISIS JURISPRUDENCIAL DEL INTER\u00c9S SUPERIOR DEL NI\u00d1O 1. Cuidado personal 2.Alimentos 3. Relaci\u00f3n directa y regular 4. Adopci\u00f3n 5. Responsabilidad penal adolescente 6. Derecho de salud 7. Derecho a la educaci\u00f3n 8. Derecho migratorio Bibliograf\u00eda citada 1. Libros 2. Art\u00edculos de revista 3. Normas 4. Recursos en l\u00ednea 5. Tesis 6. Historia de ley 7. Sentencias Anexo de fichas<\/p>\n","protected":false},"featured_media":2737,"comment_status":"open","ping_status":"closed","template":"","meta":{"inline_featured_image":false,"_joinchat":[]},"product_brand":[],"product_cat":[29],"product_tag":[],"class_list":{"0":"post-2689","1":"product","2":"type-product","3":"status-publish","4":"has-post-thumbnail","6":"product_cat-familia-y-del-menor","7":"product_shipping_class-a-convenir","9":"first","10":"instock","11":"shipping-taxable","12":"purchasable","13":"product-type-simple"},"_links":{"self":[{"href":"https:\/\/bibliotecajuridicavirtual.cl\/index.php\/wp-json\/wp\/v2\/product\/2689","targetHints":{"allow":["GET"]}}],"collection":[{"href":"https:\/\/bibliotecajuridicavirtual.cl\/index.php\/wp-json\/wp\/v2\/product"}],"about":[{"href":"https:\/\/bibliotecajuridicavirtual.cl\/index.php\/wp-json\/wp\/v2\/types\/product"}],"replies":[{"embeddable":true,"href":"https:\/\/bibliotecajuridicavirtual.cl\/index.php\/wp-json\/wp\/v2\/comments?post=2689"}],"wp:featuredmedia":[{"embeddable":true,"href":"https:\/\/bibliotecajuridicavirtual.cl\/index.php\/wp-json\/wp\/v2\/media\/2737"}],"wp:attachment":[{"href":"https:\/\/bibliotecajuridicavirtual.cl\/index.php\/wp-json\/wp\/v2\/media?parent=2689"}],"wp:term":[{"taxonomy":"product_brand","embeddable":true,"href":"https:\/\/bibliotecajuridicavirtual.cl\/index.php\/wp-json\/wp\/v2\/product_brand?post=2689"},{"taxonomy":"product_cat","embeddable":true,"href":"https:\/\/bibliotecajuridicavirtual.cl\/index.php\/wp-json\/wp\/v2\/product_cat?post=2689"},{"taxonomy":"product_tag","embeddable":true,"href":"https:\/\/bibliotecajuridicavirtual.cl\/index.php\/wp-json\/wp\/v2\/product_tag?post=2689"}],"curies":[{"name":"wp","href":"https:\/\/api.w.org\/{rel}","templated":true}]}}